{"id":9111,"date":"2024-08-21T10:48:05","date_gmt":"2024-08-21T10:48:05","guid":{"rendered":"https:\/\/aiviouvapes.com\/?page_id=9111"},"modified":"2024-11-30T20:28:47","modified_gmt":"2024-11-30T12:28:47","slug":"shipping-policy","status":"publish","type":"page","link":"https:\/\/aiviouvapes.com\/de\/shipping-policy\/","title":{"rendered":"Versandpolitik"},"content":{"rendered":"<div id=\"text-3729937515\" class=\"text\">\n\t\t\n<header class=\"entry-header text-center\"><\/header>\n<p><strong>Versandpolitik<\/strong><\/p>\n<p>1. Die Bestellungen werden innerhalb von 1-3 Werktagen bearbeitet und versandt. Die Lieferzeit betr\u00e4gt in der Regel zwischen 7 und 15 Werktagen. Bitte beachten Sie, dass wir an Wochenenden keine Bestellungen versenden.<\/p>\n<p>2. Sobald Ihre Bestellung versandt wurde, senden wir Ihnen die Informationen zur Sendungsverfolgung per E-Mail zu. Sie k\u00f6nnen Ihre Sendung mit der angegebenen Tracking-Nummer auf der folgenden Website verfolgen:<\/p>\n<p><a href=\"https:\/\/www.17track.net\/en\" target=\"_blank\" rel=\"nofollow noopener\">https:\/\/www.17track.net\/en<\/a><\/p>\n<p>Bitte warten Sie 1-2 Tage nach dem Versand, bis die Sendungsverfolgung auf der Website angezeigt wird.<\/p>\n<p>3. Sie haben die M\u00f6glichkeit, eine Bestellung zu stornieren oder die Lieferadresse zu \u00e4ndern, bevor die Produkte versandt werden. Sobald die Bestellung jedoch versandt wurde, k\u00f6nnen wir keine Erstattungen oder Adress\u00e4nderungen mehr vornehmen.<\/p>\n<p>4. welche L\u00e4nder wir beliefern k\u00f6nnen\u00a0<strong>DDP<\/strong>\u00a0(<strong>Lieferung verzollt<\/strong>) Methode, sie verlangt keine Zollabfertigung und keine Abgaben f\u00fcr Sie.<\/p>\n<ul>\n<li>USA - UPS Express (au\u00dfer Alaska und Hawaii)<\/li>\n<li>UK - Lokaler DPD Express<\/li>\n<li>Europa - UPS Express\/ DPD Express\/ DHL Express<\/li>\n<\/ul>\n<p>L\u00e4nderlisten der DDP-Methode f\u00fcr Europa: Deutschland, Belgien, Luxemburg, Niederlande, Tschechische Republik, Polen, Kroatien, Slowakei, Slowenien, Finnland, D\u00e4nemark, Schweden, \u00d6sterreich, Frankreich, Italien, Ungarn, Bulgarien, Litauen, Estland, Lettland, Griechenland, Irland, Portugal, Spanien.<\/p>\n<p><strong>Versandzeiten f\u00fcr bestimmte L\u00e4nder:<\/strong><\/p>\n<table style=\"height: 810px;\" width=\"518\">\n<thead>\n<tr>\n<th>LAND<\/th>\n<th>VERSANDART<\/th>\n<th>VERSANDZEIT<\/th>\n<\/tr>\n<\/thead>\n<tbody>\n<tr>\n<td>USA<\/td>\n<td>UPS Ground (Lokal)<\/td>\n<td>10-15 Tage<\/td>\n<\/tr>\n<tr>\n<td>UK<\/td>\n<td>Lokaler DPD-Express<\/td>\n<td>7-12 Tage<\/td>\n<\/tr>\n<tr>\n<td>Deutschland<\/td>\n<td>UPS\/DPD\/DHL Deutschland<\/td>\n<td>8-13 Tage<\/td>\n<\/tr>\n<tr>\n<td>Frankreich<\/td>\n<td>UPS\/DPD\/DHL Deutschland<\/td>\n<td>8-13 Tage<\/td>\n<\/tr>\n<tr>\n<td>Belgien<\/td>\n<td>UPS\/DPD\/DHL Deutschland<\/td>\n<td>8-13 Tage<\/td>\n<\/tr>\n<tr>\n<td>Luxemburg<\/td>\n<td>UPS\/DPD\/DHL Deutschland<\/td>\n<td>8-13 Tage<\/td>\n<\/tr>\n<tr>\n<td>Niederlande<\/td>\n<td>UPS\/DPD\/DHL Deutschland<\/td>\n<td>8-13 Tage<\/td>\n<\/tr>\n<tr>\n<td>Tschechische Republik<\/td>\n<td>UPS\/DPD\/DHL Deutschland<\/td>\n<td>8-13 Tage<\/td>\n<\/tr>\n<tr>\n<td>Polen<\/td>\n<td>UPS\/DPD\/DHL Deutschland<\/td>\n<td>8-13 Tage<\/td>\n<\/tr>\n<tr>\n<td>Kroatien<\/td>\n<td>UPS\/DPD\/DHL Deutschland<\/td>\n<td>8-13 Tage<\/td>\n<\/tr>\n<tr>\n<td>Slowakei<\/td>\n<td>UPS\/DPD\/DHL Deutschland<\/td>\n<td>8-13 Tage<\/td>\n<\/tr>\n<tr>\n<td>Slowenien<\/td>\n<td>UPS\/DPD\/DHL Deutschland<\/td>\n<td>8-13 Tage<\/td>\n<\/tr>\n<tr>\n<td>Finnland<\/td>\n<td>UPS\/DPD\/DHL Deutschland<\/td>\n<td>8-13 Tage<\/td>\n<\/tr>\n<tr>\n<td>D\u00e4nemark<\/td>\n<td>UPS\/DPD\/DHL Deutschland<\/td>\n<td>8-13 Tage<\/td>\n<\/tr>\n<tr>\n<td>Schweden<\/td>\n<td>UPS\/DPD\/DHL Deutschland<\/td>\n<td>8-13 Tage<\/td>\n<\/tr>\n<tr>\n<td>\u00d6sterreich<\/td>\n<td>UPS\/DPD\/DHL Deutschland<\/td>\n<td>8-13 Tage<\/td>\n<\/tr>\n<tr>\n<td>Italien<\/td>\n<td>UPS\/DPD\/DHL Deutschland<\/td>\n<td>8-13 Tage<\/td>\n<\/tr>\n<tr>\n<td>Ungarn<\/td>\n<td>UPS\/DPD\/DHL Deutschland<\/td>\n<td>8-13 Tage<\/td>\n<\/tr>\n<tr>\n<td>Litauen<\/td>\n<td>UPS\/DPD\/DHL Deutschland<\/td>\n<td>8-13 Tage<\/td>\n<\/tr>\n<tr>\n<td>Estland<\/td>\n<td>UPS\/DPD\/DHL Deutschland<\/td>\n<td>8-13 Tage<\/td>\n<\/tr>\n<tr>\n<td>Lettland<\/td>\n<td>UPS\/DPD\/DHL Deutschland<\/td>\n<td>8-13 Tage<\/td>\n<\/tr>\n<tr>\n<td>Griechenland<\/td>\n<td>UPS\/DPD\/DHL Deutschland<\/td>\n<td>8-13 Tage<\/td>\n<\/tr>\n<tr>\n<td>Irland<\/td>\n<td>UPS\/DPD\/DHL Deutschland<\/td>\n<td>8-13 Tage<\/td>\n<\/tr>\n<tr>\n<td>Portugal<\/td>\n<td>UPS\/DPD\/DHL Deutschland<\/td>\n<td>8-13 Tage<\/td>\n<\/tr>\n<tr>\n<td>Spanien<\/td>\n<td>UPS\/DPD\/DHL Deutschland<\/td>\n<td>8-13 Tage<\/td>\n<\/tr>\n<tr>\n<td>UAE (Dubai)<\/td>\n<td>Standleitung Dubai<\/td>\n<td>12-18 Tage<\/td>\n<\/tr>\n<tr>\n<td>S\u00fcdafrika<\/td>\n<td>S\u00fcdafrika Standleitung<\/td>\n<td>15-25 Tage<\/td>\n<\/tr>\n<tr>\n<td>Vietnam<\/td>\n<td>Standleitung Vietnam<\/td>\n<td>3-5 Tage<\/td>\n<\/tr>\n<tr>\n<td>Westmalaysia<\/td>\n<td>Standleitung Malaysia<\/td>\n<td>4-8 Tage<\/td>\n<\/tr>\n<\/tbody>\n<\/table>\n<\/div>\n<\/div>\n<\/div>\n<\/div>\n<div id=\"col-429512057\" class=\"col medium-6 small-12 large-6\"><\/div>\n<\/div>\n<\/div>\n\t\t\n<style>\n#text-3729937515 {\n  text-align: left;\n}\n<\/style>\n\t<\/div>\n\t\n<div class=\"row align-middle\"  id=\"row-30631771\">\n\n\t<div id=\"col-828412376\" class=\"col small-12 large-12\"  >\n\t\t\t\t<div class=\"col-inner text-center\"  >\n\t\t\t\n\t\t\t\n<a href=\"https:\/\/aiviouvapes.com\/de\/shop\/\" class=\"button primary is-shade is-larger box-shadow-4 box-shadow-5-hover\" style=\"border-radius:10px;\">\n\t\t<span>Jetzt shoppen<\/span>\n\t<\/a>\n\n\t\t<\/div>\n\t\t\t\t\n<style>\n#col-828412376 > .col-inner {\n  padding: 20px 0px 0px 0px;\n}\n<\/style>\n\t<\/div>\n\n\t\n<\/div>","protected":false},"excerpt":{"rendered":"","protected":false},"author":1,"featured_media":0,"parent":0,"menu_order":0,"comment_status":"closed","ping_status":"closed","template":"page-blank-title-center.php","meta":{"footnotes":""},"class_list":["post-9111","page","type-page","status-publish","hentry"],"jetpack_sharing_enabled":true,"_links":{"self":[{"href":"https:\/\/aiviouvapes.com\/de\/wp-json\/wp\/v2\/pages\/9111","targetHints":{"allow":["GET"]}}],"collection":[{"href":"https:\/\/aiviouvapes.com\/de\/wp-json\/wp\/v2\/pages"}],"about":[{"href":"https:\/\/aiviouvapes.com\/de\/wp-json\/wp\/v2\/types\/page"}],"author":[{"embeddable":true,"href":"https:\/\/aiviouvapes.com\/de\/wp-json\/wp\/v2\/users\/1"}],"replies":[{"embeddable":true,"href":"https:\/\/aiviouvapes.com\/de\/wp-json\/wp\/v2\/comments?post=9111"}],"version-history":[{"count":0,"href":"https:\/\/aiviouvapes.com\/de\/wp-json\/wp\/v2\/pages\/9111\/revisions"}],"wp:attachment":[{"href":"https:\/\/aiviouvapes.com\/de\/wp-json\/wp\/v2\/media?parent=9111"}],"curies":[{"name":"wp","href":"https:\/\/api.w.org\/{rel}","templated":true}]}}