{"id":80783,"date":"2025-11-05T12:53:51","date_gmt":"2025-11-05T04:53:51","guid":{"rendered":"https:\/\/aiviouvapes.com\/?page_id=80783"},"modified":"2025-11-05T13:10:35","modified_gmt":"2025-11-05T05:10:35","slug":"why-waspe-100k-4-in-1-outshines-vapsolo-triple-30k","status":"publish","type":"page","link":"https:\/\/aiviouvapes.com\/de\/why-waspe-100k-4-in-1-outshines-vapsolo-triple-30k\/","title":{"rendered":"Warum WASPE 100K 4-in-1 den VapSolo Triple 30K \u00fcbertrifft"},"content":{"rendered":"<div id=\"tab-description\" class=\"woocommerce-Tabs-panel woocommerce-Tabs-panel--description panel entry-content active\" style=\"font-family: Arial, sans-serif; line-height: 1.6; color: #333;\" role=\"tabpanel\" aria-labelledby=\"tab-title-description\">\n<h2 style=\"color: #2c3e50; border-bottom: 2px solid #3498db; padding-bottom: 10px; margin-bottom: 20px;\">Sie erw\u00e4gen den VapSolo Triple 30K? Entdecken Sie, warum WASPE 100K 4-in-1 die bessere Wahl ist!<\/h2>\n<p style=\"margin-bottom: 20px;\">Wir verstehen den Reiz des VapSolo Triple 30K - es ist ein zuverl\u00e4ssiger Verdampfer mit guten Eigenschaften. Wenn Sie jedoch nach mehr Z\u00fcgen, zus\u00e4tzlichen Geschmacksoptionen und einem besseren Preis-Leistungs-Verh\u00e4ltnis suchen, freuen wir uns, Ihnen den WASPE 100K 4-in-1 als die bessere Alternative empfehlen zu k\u00f6nnen. Es ist wie ein Upgrade auf ein Ger\u00e4t, das l\u00e4nger h\u00e4lt und mehr bietet, ohne Kompromisse bei der Qualit\u00e4t einzugehen. Lassen Sie uns herausfinden, warum dieser Wechsel Ihr Dampferlebnis verbessern k\u00f6nnte!<\/p>\n<h3 style=\"color: #2980b9; margin-bottom: 15px;\">Wir stellen die \u00fcberlegene Option vor: WASPE 100K 4-in-1<\/h3>\n<p style=\"margin-bottom: 20px;\">Der WASPE 100K 4-in-1 wurde f\u00fcr ultimativen Komfort und Leistung entwickelt und liefert reichhaltige Aromen und eine verl\u00e4ngerte Lebensdauer. Perfekt f\u00fcr Dampfer, die Vielfalt und Zuverl\u00e4ssigkeit verlangen, stellt dieses Ger\u00e4t sicher, dass Sie das Beste aus jedem Zug herausholen. Sagen Sie Hallo zu Ihrem neuen Favoriten!<\/p>\n<div style=\"display: flex; justify-content: space-around; flex-wrap: wrap; margin: 30px 0;\">\n<div style=\"border: 1px solid #ddd; border-radius: 10px; padding: 20px; text-align: center; width: 45%; box-shadow: 0 4px 8px rgba(0,0,0,0.1); margin-bottom: 20px;\">\n<h4 style=\"color: #e74c3c; margin-top: 0; margin-bottom: 10px;\">Der Mitbewerber<\/h4>\n<p style=\"font-size: 1.5em; font-weight: bold; color: #34495e; margin-bottom: 10px;\"><a href=\"https:\/\/aiviouvapes.com\/de\/produkt\/vapsolo-triple-30000-puffs\/\">VapSolo Dreifach 30K<\/a><\/p>\n<p><img loading=\"lazy\" decoding=\"async\" class=\"alignnone\" src=\"https:\/\/i0.wp.com\/aiviouvapes.com\/wp-content\/uploads\/2025\/06\/vapsolo-triple-30000-flavors1.jpg?fit=800%2C800&amp;ssl=1\" alt=\"vapsolo dreifach 30000 Geschmacksrichtungen1\" width=\"353\" height=\"353\" title=\"\"><\/p>\n<p>Ein anst\u00e4ndiger Vape mit dreifachen Aromen und einer guten Puffzahl, aber er k\u00f6nnte ein Upgrade f\u00fcr l\u00e4nger anhaltende Befriedigung gebrauchen!<\/p>\n<\/div>\n<div style=\"border: 1px solid #2ecc71; border-radius: 10px; padding: 20px; text-align: center; width: 45%; box-shadow: 0 4px 8px rgba(0,0,0,0.1); margin-bottom: 20px; background-color: #f0fff4;\">\n<h4 style=\"color: #27ae60; margin-top: 0; margin-bottom: 10px;\">Die bessere Alternative<\/h4>\n<p style=\"font-size: 1.5em; font-weight: bold; color: #34495e; margin-bottom: 10px;\"><a style=\"color: #2980b9; text-decoration: none;\" href=\"https:\/\/aiviouvapes.com\/de\/produkt\/waspe-4-in-1-100000-puffs\/\">WASPE 100K 4-in-1<\/a><\/p>\n<p><img loading=\"lazy\" decoding=\"async\" class=\"alignnone\" src=\"https:\/\/i0.wp.com\/aiviouvapes.com\/wp-content\/uploads\/2025\/07\/ce9ab875bcc8e8bad463b9393eb003fb.jpg?fit=800%2C800&amp;ssl=1\" alt=\"https:\/\/aiviouvapes.com\/product\/waspe-4-in-1-100000-puffs\/\" width=\"343\" height=\"343\" title=\"\"><\/p>\n<p>Vierfache Aromen, riesige Kapazit\u00e4t und fortschrittliche Technik f\u00fcr eine erstklassige, problemlose Vaping-Reise!<\/p>\n<\/div>\n<\/div>\n<p style=\"text-align: center;\"><a href=\"https:\/\/aiviouvapes.com\/de\/produkt\/waspe-4-in-1-100000-puffs\/\" target=\"_blank\" class=\"button primary is-primary is-medium\" rel=\"noopener\" >\n\t\t<span>\ud83d\udd25 WASPE 100K jetzt kaufen<\/span>\n\t<\/a>\n\n<h3 style=\"color: #2980b9; margin-bottom: 15px;\">Seite an Seite: Ein klarer Vergleich<\/h3>\n<p style=\"margin-bottom: 20px;\">Lassen Sie uns die Spezifikationen vergleichen, um zu sehen, warum WASPE VapSolo \u00fcbertrumpft. Wir haben die wichtigsten Unterschiede f\u00fcr eine einfache Referenz hervorgehoben.<\/p>\n<table style=\"width: 100%; border-collapse: collapse; margin: 30px 0; box-shadow: 0 4px 8px rgba(0,0,0,0.1);\">\n<thead style=\"background-color: #3498db; color: white;\">\n<tr>\n<th style=\"padding: 12px; border: 1px solid #ddd; text-align: left;\">Merkmal<\/th>\n<th style=\"padding: 12px; border: 1px solid #ddd; text-align: left;\">VapSolo Dreifach 30K<\/th>\n<th style=\"padding: 12px; border: 1px solid #ddd; text-align: left; background-color: #2ecc71;\">WASPE 100K 4-in-1 (Die beste Wahl!)<\/th>\n<\/tr>\n<\/thead>\n<tbody>\n<tr style=\"background-color: #f9f9f9;\">\n<td style=\"padding: 12px; border: 1px solid #ddd;\">Anzahl der Puffs<\/td>\n<td style=\"padding: 12px; border: 1px solid #ddd;\">Bis zu 30.000<\/td>\n<td style=\"padding: 12px; border: 1px solid #ddd;\">Bis zu 100.000 (\u00dcber 3x mehr f\u00fcr l\u00e4ngeren Genuss!)<\/td>\n<\/tr>\n<tr>\n<td style=\"padding: 12px; border: 1px solid #ddd;\">E-Liquid Kapazit\u00e4t<\/td>\n<td style=\"padding: 12px; border: 1px solid #ddd;\">40 mL (3 x ~13,3 mL Beh\u00e4lter)<\/td>\n<td style=\"padding: 12px; border: 1px solid #ddd;\">56 mL (4 Tanks f\u00fcr l\u00e4ngere Sitzungen)<\/td>\n<\/tr>\n<tr style=\"background-color: #f9f9f9;\">\n<td style=\"padding: 12px; border: 1px solid #ddd;\">Geschmackssystem<\/td>\n<td style=\"padding: 12px; border: 1px solid #ddd;\">Dreifache Geschmacksrichtungen mit Drehschalter<\/td>\n<td style=\"padding: 12px; border: 1px solid #ddd;\">Vier Geschmacksrichtungen (eine extra f\u00fcr mehr Abwechslung!)<\/td>\n<\/tr>\n<tr>\n<td style=\"padding: 12px; border: 1px solid #ddd;\">Spulentyp<\/td>\n<td style=\"padding: 12px; border: 1px solid #ddd;\">1.0\u03a9 Dreifach-Mesh-Spule<\/td>\n<td style=\"padding: 12px; border: 1px solid #ddd;\">4 x 1.0\u03a9 Mesh-Spulen (Gleichm\u00e4\u00dfiger, reichhaltiger Dampf)<\/td>\n<\/tr>\n<tr style=\"background-color: #f9f9f9;\">\n<td style=\"padding: 12px; border: 1px solid #ddd;\">Batterie<\/td>\n<td style=\"padding: 12px; border: 1px solid #ddd;\">650mAh wiederaufladbar (Typ-C)<\/td>\n<td style=\"padding: 12px; border: 1px solid #ddd;\">650mAh wiederaufladbar (Typ-C)<\/td>\n<\/tr>\n<tr>\n<td style=\"padding: 12px; border: 1px solid #ddd;\">Anzeige<\/td>\n<td style=\"padding: 12px; border: 1px solid #ddd;\">Intelligente LCD-Anzeige (Anzahl der Puffs, Batterie, Geschmacksrichtung)<\/td>\n<td style=\"padding: 12px; border: 1px solid #ddd;\">LED-Anzeige (Batterie- und E-Liquid-\u00dcberwachung)<\/td>\n<\/tr>\n<tr style=\"background-color: #f9f9f9;\">\n<td style=\"padding: 12px; border: 1px solid #ddd;\">Nikotin-Optionen<\/td>\n<td style=\"padding: 12px; border: 1px solid #ddd;\">2%, 5%<\/td>\n<td style=\"padding: 12px; border: 1px solid #ddd;\">0%, 2%, 5%<\/td>\n<\/tr>\n<tr>\n<td style=\"padding: 12px; border: 1px solid #ddd;\">Gro\u00dfmengenpreise (pro Einheit, 400+)<\/td>\n<td style=\"padding: 12px; border: 1px solid #ddd;\">~\u20ac7.65<\/td>\n<td style=\"padding: 12px; border: 1px solid #ddd;\">~6,54 \u20ac (Mehr Ersparnis!)<\/td>\n<\/tr>\n<tr style=\"background-color: #f9f9f9;\">\n<td style=\"padding: 12px; border: 1px solid #ddd;\">Warum diese Wahl?<\/td>\n<td style=\"padding: 12px; border: 1px solid #ddd;\">Gut f\u00fcr moderate Nutzung mit ergonomischem Design.<\/td>\n<td style=\"padding: 12px; border: 1px solid #ddd;\">Unerreichte Langlebigkeit und Wert f\u00fcr Heavy Vaper.<\/td>\n<\/tr>\n<\/tbody>\n<\/table>\n<h3 style=\"color: #2980b9; margin-bottom: 15px;\">Was macht WASPE 100K so besonders?<\/h3>\n<div style=\"background-color: #eafaf1; border-left: 5px solid #2ecc71; padding: 20px; margin: 20px 0; border-radius: 5px;\">\n<h4 style=\"color: #27ae60; margin-top: 0; margin-bottom: 15px;\">Der WASPE-Vorteil: Mehr von allem!<\/h4>\n<ul style=\"list-style-type: none; padding: 0; margin: 0;\">\n<li style=\"margin-bottom: 10px;\">\u2705 Dreifach mehr Z\u00fcge: Mit 100.000 Z\u00fcgen h\u00e4lt der WASPE viel l\u00e4nger als der VapSolo mit 30.000 Z\u00fcgen, was den Austausch minimiert und den Komfort maximiert.<\/li>\n<li style=\"margin-bottom: 10px;\">\u2705 Extra Geschmacksvielfalt: Vier Geschmacksrichtungen bedeuten mehr Optionen, zwischen denen man wechseln kann, was Langeweile verhindert und die Zufriedenheit erh\u00f6ht - kein Geschmacksverlust dank separater Tanks.<\/li>\n<li style=\"margin-bottom: 10px;\">\u2705 Gr\u00f6\u00dfere Kapazit\u00e4t f\u00fcr weniger \u00c4rger: 56mL e-Fl\u00fcssigkeit sorgt f\u00fcr l\u00e4ngere Sitzungen, gepaart mit Quad-Mesh-Spulen f\u00fcr glatte, intensive Hits jedes Mal.<\/li>\n<li style=\"margin-bottom: 10px;\">\u2705 Benutzerfreundliche Funktionen: Wiederaufladbares Design, LED-Anzeige und ergonomische Bauweise machen es f\u00fcr alle Vaper zug\u00e4nglich, mit positiven Bewertungen \u00fcber Geschmacksreinheit und Dampfqualit\u00e4t.<\/li>\n<li>\n<p dir=\"auto\">\u2705 Kosteneffiziente Gro\u00dfmengenoptionen: WASPE bietet eine flexible Preisgestaltung ab einer niedrigen Mindestbestellmenge von nur 10 St\u00fcck, was es f\u00fcr kleine Bestellungen oder Tests zug\u00e4nglich macht - im Gegensatz zu VapSolo, das ein Minimum von 1.000 St\u00fcck zu h\u00f6heren Kosten pro Einheit f\u00fcr kleinere K\u00e4ufer erfordert. Dies ist ein entscheidender Vorteil f\u00fcr Dampfer oder Gesch\u00e4fte, die ein paar Einheiten bestellen m\u00f6chten, ohne sich an gro\u00dfe Mengen zu binden, auch wenn die Gesamterfahrung von VapSolo nicht an die \u00fcberlegene Langlebigkeit und die Funktionen des WASPE heranreicht. In der Zwischenzeit macht der niedrigere Preis bei gr\u00f6\u00dferen Mengen das WASPE ideal f\u00fcr Gro\u00dfh\u00e4ndler oder begeisterte Nutzer, die sparen wollen. Hier ist eine schnelle Preisaufschl\u00fcsselung:<\/p>\n<p dir=\"auto\"><strong>WASPE Preisgestaltung:<\/strong><\/p>\n<ul dir=\"auto\">\n<li>10-29: 12,10 \u20ac pro St\u00fcck<\/li>\n<li>30-49: 9,63 \u20ac pro St\u00fcck<\/li>\n<li>50-99: 7,90 \u20ac pro St\u00fcck<\/li>\n<li>100-199: 7,65 \u20ac pro St\u00fcck<\/li>\n<li>200-399: 6,99 \u20ac pro St\u00fcck<\/li>\n<li>400+: 6,54 \u20ac pro St\u00fcck<\/li>\n<\/ul>\n<p dir=\"auto\"><strong>VapSolo Preisgestaltung:<\/strong><\/p>\n<ul dir=\"auto\">\n<li>1.000-1.999: 8,52 \u20ac pro St\u00fcck<\/li>\n<li>2.000+: 7,65 \u20ac pro St\u00fcck<\/li>\n<\/ul>\n<\/li>\n<\/ul>\n<\/div>\n<p style=\"text-align: center;\"><a href=\"https:\/\/aiviouvapes.com\/de\/produkt\/waspe-4-in-1-100000-puffs\/\" target=\"_blank\" class=\"button secondary is-secondary is-medium\" rel=\"noopener\" >\n\t\t<span>\ud83d\udca8 Get WASPE 100K Gro\u00dfhandel<\/span>\n\t<\/a>\n\n<h3 style=\"color: #2980b9; margin-bottom: 15px;\">Umgang mit gemeinsamen Bedenken<\/h3>\n<div style=\"background-color: #f4f6f7; border-radius: 8px; padding: 20px; margin-bottom: 20px;\">\n<div style=\"margin-bottom: 15px;\">\n<h4 style=\"font-weight: bold; color: #34495e; margin: 0;\">\ud83e\udd14 \u201cVapSolo hat ein schickes LCD - kann das WASPE das auch?\u201d<\/h4>\n<p style=\"margin-top: 5px; margin-bottom: 0;\">Das LED-Display des WASPE ist intuitiv und zeigt wichtige Informationen wie Batterie- und Fl\u00fcssigkeitsstand an. W\u00e4hrend das Display des VapSolo detailliert ist, setzt das WASPE auf Zuverl\u00e4ssigkeit und Langlebigkeit statt auf Extras.<\/p>\n<\/div>\n<div style=\"margin-bottom: 15px;\">\n<h4 style=\"font-weight: bold; color: #34495e; margin: 0;\">\ud83e\udd14 \u201cIst das WASPE so tragbar und einfach zu bedienen?\u201d<\/h4>\n<p style=\"margin-top: 5px; margin-bottom: 0;\">Ja! Er ist kompakt, leicht und verf\u00fcgt \u00fcber einen einfachen Schalter f\u00fcr die Geschmacksrichtungen. Genau wie der VapSolo ist er \u00fcber Typ-C wiederaufladbar und bereit f\u00fcr das Vaping unterwegs.<\/p>\n<\/div>\n<div>\n<h4 style=\"font-weight: bold; color: #34495e; margin: 0;\">\ud83e\udd14 \u201cWie sieht es mit Aromen und nikotin\u00e4hnlicher Qualit\u00e4t aus?\u201d<\/h4>\n<p style=\"margin-top: 5px; margin-bottom: 0;\">WASPE bietet verschiedene Kombinationen wie Watermelon Ice &amp; Strawberry Kiwi, mit 0-5% Nikotin. Die Nutzer loben die reinen, intensiven Aromen und bemerken oft eine bessere Konsistenz als bei der Konkurrenz.<\/p>\n<\/div>\n<\/div>\n<h3 style=\"color: #2980b9; margin-top: 40px; text-align: left; margin-bottom: 15px;\">Sind Sie bereit, Ihr Vape aufzur\u00fcsten?<\/h3>\n<p style=\"font-size: 1.1em; text-align: left; margin-bottom: 0;\">Der Wechsel zu WASPE 100K 4-in-1 bedeutet mehr Z\u00fcge, mehr Aromen und mehr Einsparungen. Es ist nicht nur ein Ersatz - es ist eine Bereicherung f\u00fcr Ihre Verdampfungsroutine. Probieren Sie es noch heute aus und erleben Sie den Unterschied!<\/p>\n<p style=\"text-align: center;\"><a href=\"https:\/\/aiviouvapes.com\/de\/produkt\/waspe-4-in-1-100000-puffs\/\" target=\"_blank\" class=\"button primary is-primary is-medium\" rel=\"noopener\" >\n\t\t<span>\ud83c\udf1f Hier WASPE 100K kaufen<\/span>\n\t<\/a>\n\n<div id=\"row-210236194\" class=\"row row-collapse\" style=\"margin-top: 20px;\">\n<div id=\"col-1507800244\" class=\"col small-12 large-12\"><\/div>\n<\/div>\n<\/div>","protected":false},"excerpt":{"rendered":"<p>Considering the VapSolo Triple 30K? Discover Why WASPE 100K 4-in-1 is the Better Choice! We understand the appeal of the VapSolo Triple 30K\u2014it&#8217;s a reliable vape with good features. However, if you&#8217;re looking for more puffs, extra flavor options, and better value, we&#8217;re excited to recommend the WASPE 100K 4-in-1 as the superior alternative. It&#8217;s [&#8230;]\n","protected":false},"author":2170,"featured_media":0,"parent":0,"menu_order":0,"comment_status":"closed","ping_status":"closed","template":"","meta":{"footnotes":""},"class_list":["post-80783","page","type-page","status-publish","hentry"],"jetpack_sharing_enabled":true,"_links":{"self":[{"href":"https:\/\/aiviouvapes.com\/de\/wp-json\/wp\/v2\/pages\/80783","targetHints":{"allow":["GET"]}}],"collection":[{"href":"https:\/\/aiviouvapes.com\/de\/wp-json\/wp\/v2\/pages"}],"about":[{"href":"https:\/\/aiviouvapes.com\/de\/wp-json\/wp\/v2\/types\/page"}],"author":[{"embeddable":true,"href":"https:\/\/aiviouvapes.com\/de\/wp-json\/wp\/v2\/users\/2170"}],"replies":[{"embeddable":true,"href":"https:\/\/aiviouvapes.com\/de\/wp-json\/wp\/v2\/comments?post=80783"}],"version-history":[{"count":6,"href":"https:\/\/aiviouvapes.com\/de\/wp-json\/wp\/v2\/pages\/80783\/revisions"}],"predecessor-version":[{"id":80792,"href":"https:\/\/aiviouvapes.com\/de\/wp-json\/wp\/v2\/pages\/80783\/revisions\/80792"}],"wp:attachment":[{"href":"https:\/\/aiviouvapes.com\/de\/wp-json\/wp\/v2\/media?parent=80783"}],"curies":[{"name":"wp","href":"https:\/\/api.w.org\/{rel}","templated":true}]}}