{"id":70,"date":"2024-08-12T12:55:00","date_gmt":"2024-08-12T12:55:00","guid":{"rendered":"https:\/\/aiviouvapes.com\/?page_id=70"},"modified":"2026-03-12T10:34:37","modified_gmt":"2026-03-12T02:34:37","slug":"about","status":"publish","type":"page","link":"https:\/\/aiviouvapes.com\/de\/about\/","title":{"rendered":"\u00dcber"},"content":{"rendered":"<div class=\"row\"  id=\"row-2115208437\">\n\n\t<div id=\"col-1203708664\" class=\"col medium-6 small-12 large-6\"  >\n\t\t\t\t<div class=\"col-inner\"  >\n\t\t\t\n\t\t\t\n\t<div class=\"img has-hover x md-x lg-x y md-y lg-y\" id=\"image_1292269095\">\n\t\t\t\t\t\t\t\t<div class=\"img-inner dark\" >\n\t\t\t<img data-recalc-dims=\"1\" loading=\"lazy\" decoding=\"async\" width=\"1020\" height=\"1360\" src=\"https:\/\/i0.wp.com\/aiviouvapes.com\/wp-content\/uploads\/2025\/04\/waspe-60k4.jpg?resize=1020%2C1360&#038;ssl=1\" class=\"attachment-original size-original\" alt=\"waspe 60k\" srcset=\"https:\/\/i0.wp.com\/aiviouvapes.com\/wp-content\/uploads\/2025\/04\/waspe-60k4.jpg?w=1440&amp;ssl=1 1440w, https:\/\/i0.wp.com\/aiviouvapes.com\/wp-content\/uploads\/2025\/04\/waspe-60k4.jpg?resize=225%2C300&amp;ssl=1 225w, https:\/\/i0.wp.com\/aiviouvapes.com\/wp-content\/uploads\/2025\/04\/waspe-60k4.jpg?resize=768%2C1024&amp;ssl=1 768w, https:\/\/i0.wp.com\/aiviouvapes.com\/wp-content\/uploads\/2025\/04\/waspe-60k4.jpg?resize=1152%2C1536&amp;ssl=1 1152w, https:\/\/i0.wp.com\/aiviouvapes.com\/wp-content\/uploads\/2025\/04\/waspe-60k4.jpg?resize=9%2C12&amp;ssl=1 9w, https:\/\/i0.wp.com\/aiviouvapes.com\/wp-content\/uploads\/2025\/04\/waspe-60k4.jpg?resize=1320%2C1760&amp;ssl=1 1320w, https:\/\/i0.wp.com\/aiviouvapes.com\/wp-content\/uploads\/2025\/04\/waspe-60k4.jpg?resize=800%2C1067&amp;ssl=1 800w\" sizes=\"auto, (max-width: 1020px) 100vw, 1020px\" title=\"\">\t\t\t\t\t\t\n\t\t\t\t\t<\/div>\n\t\t\t\t\t\t\t\t\n<style>\n#image_1292269095 {\n  width: 100%;\n}\n<\/style>\n\t<\/div>\n\t\n<p>CC Toyar Trade Co., Limited<br \/>Adresse: EINHEIT D18, 3\/F WONG KING IND<br \/>BLDG NO.2-4 TAI YAU ST SAN PO KONG<br \/>HONGKONG<\/p>\n\t\t<\/div>\n\t\t\t\t\t<\/div>\n\n\t\n\n\t<div id=\"col-493416558\" class=\"col medium-6 small-12 large-6\"  >\n\t\t\t\t<div class=\"col-inner\"  >\n\t\t\t\n\t\t\t\n<div class=\"container section-title-container\" ><h3 class=\"section-title section-title-normal\"><b aria-hidden=\"true\"><\/b><span class=\"section-title-main\" >Kaufen Sie Einweg-Vapes in gro\u00dfen Mengen online bei AIVIOU VAPES<\/span><b aria-hidden=\"true\"><\/b><\/h3><\/div>\n<p dir=\"auto\">Willkommen bei\u00a0<a href=\"https:\/\/aiviouvapes.com\/de\/\">Aiviouvapes<\/a>, Ihre erste Online-Adresse f\u00fcr\u00a0<a href=\"https:\/\/aiviouvapes.com\/de\/\">Einweg-Vapes<\/a>. Mit einer reichen Geschichte, die sich \u00fcber 5 Jahre in der Branche erstreckt, sind wir stolz darauf, ein vielf\u00e4ltiges Angebot an erstklassigen Marken wie Bang King, Al Fakher Vape, Vapeme, Waspe, RandM Tornado, Bang Box und mehr anzubieten.<\/p>\n<p dir=\"auto\">Wir von Aiviouvapes sind ein Leuchtturm der Exzellenz in der Welt des elektronischen Dampfens. Unsere Produkte haben zahlreiche L\u00e4nder weltweit erreicht, ein Beweis f\u00fcr unser Engagement f\u00fcr Qualit\u00e4t und Kundenzufriedenheit. Als erfahrene Fachleute im Bereich des E-Zigarettenvertriebs bedienen wir sowohl die Bed\u00fcrfnisse des Einzel- als auch des Gro\u00dfhandels und stellen sicher, dass unsere Kunden die besten Produkte und Dienstleistungen auf dem Markt erhalten.<\/p>\n<p dir=\"auto\">Unsere Website, aiviouvapes.com, dient als Drehscheibe f\u00fcr Enthusiasten und Neulinge gleicherma\u00dfen und bietet ein nahtloses Einkaufserlebnis und eine gro\u00dfe Auswahl an\u00a0<a href=\"https:\/\/aiviouvapes.com\/de\/produkt-kategorie\/waspe\/\">Einweg-E-Zigarette<\/a>\u00a0Optionen. Egal, ob Sie die neuesten Innovationen oder zeitlose Klassiker suchen, Aiviouvapes ist Ihr zuverl\u00e4ssiger Partner in der Welt des Dampfens.<\/p>\n<p dir=\"auto\">Begleiten Sie uns auf dieser Reise, w\u00e4hrend wir die Standards f\u00fcr Spitzenleistungen in der Branche neu definieren.\u00a0<a href=\"https:\/\/aiviouvapes.com\/de\/shop\/\">Einweg-Vape<\/a>\u00a0Industrie. Erleben Sie den Unterschied mit Aiviouvapes - wo Qualit\u00e4t, Vielfalt und Kundenzufriedenheit nahtlos zusammenlaufen.<\/p>\n<p><strong>E-Mail:<\/strong>\u00a0<a href=\"mailto:support@aiviouvapes.com\">support@aiviouvapes.com<\/a><\/p>\n<p style=\"display: none;\"><strong>WhatsApp:<\/strong>\u00a0<a href=\"https:\/\/api.whatsapp.com\/send?phone=8618241953968\" rel=\"noopener\">+8618241953968<\/a><\/p>\n<p><strong>Aiviou Vape Technology Co., Ltd. (Aivio Vapes Technology Co., Ltd., Aiviou Vapes Technology Co., Ltd.)<\/strong><\/p>\n\t<div class=\"img has-hover x md-x lg-x y md-y lg-y\" id=\"image_872450790\">\n\t\t\t\t\t\t\t\t<div class=\"img-inner dark\" >\n\t\t\t<img data-recalc-dims=\"1\" loading=\"lazy\" decoding=\"async\" width=\"1020\" height=\"765\" src=\"https:\/\/i0.wp.com\/aiviouvapes.com\/wp-content\/uploads\/2026\/03\/aiviouvapes-warehouse.jpg?resize=1020%2C765&#038;ssl=1\" class=\"attachment-original size-original\" alt=\"aiviouvapes Lager\" srcset=\"https:\/\/i0.wp.com\/aiviouvapes.com\/wp-content\/uploads\/2026\/03\/aiviouvapes-warehouse.jpg?w=1706&amp;ssl=1 1706w, https:\/\/i0.wp.com\/aiviouvapes.com\/wp-content\/uploads\/2026\/03\/aiviouvapes-warehouse.jpg?resize=300%2C225&amp;ssl=1 300w, https:\/\/i0.wp.com\/aiviouvapes.com\/wp-content\/uploads\/2026\/03\/aiviouvapes-warehouse.jpg?resize=1024%2C768&amp;ssl=1 1024w, https:\/\/i0.wp.com\/aiviouvapes.com\/wp-content\/uploads\/2026\/03\/aiviouvapes-warehouse.jpg?resize=768%2C576&amp;ssl=1 768w, https:\/\/i0.wp.com\/aiviouvapes.com\/wp-content\/uploads\/2026\/03\/aiviouvapes-warehouse.jpg?resize=1536%2C1152&amp;ssl=1 1536w, https:\/\/i0.wp.com\/aiviouvapes.com\/wp-content\/uploads\/2026\/03\/aiviouvapes-warehouse.jpg?resize=16%2C12&amp;ssl=1 16w, https:\/\/i0.wp.com\/aiviouvapes.com\/wp-content\/uploads\/2026\/03\/aiviouvapes-warehouse.jpg?resize=800%2C600&amp;ssl=1 800w\" sizes=\"auto, (max-width: 1020px) 100vw, 1020px\" title=\"\">\t\t\t\t\t\t\n\t\t\t\t\t<\/div>\n\t\t\t\t\t\t\t\t\n<style>\n#image_872450790 {\n  width: 100%;\n}\n<\/style>\n\t<\/div>\n\t\n<a href=\"https:\/\/aiviouvapes.com\/de\/shop\/\" class=\"button primary is-outline is-larger\">\n\t\t<span>Shop besuchen!<\/span>\n\t<\/a>\n\n\t\t<\/div>\n\t\t\t\t\t<\/div>\n\n\t\n<\/div>","protected":false},"excerpt":{"rendered":"","protected":false},"author":1,"featured_media":0,"parent":0,"menu_order":0,"comment_status":"closed","ping_status":"closed","template":"","meta":{"footnotes":""},"class_list":["post-70","page","type-page","status-publish","hentry"],"jetpack_sharing_enabled":true,"_links":{"self":[{"href":"https:\/\/aiviouvapes.com\/de\/wp-json\/wp\/v2\/pages\/70","targetHints":{"allow":["GET"]}}],"collection":[{"href":"https:\/\/aiviouvapes.com\/de\/wp-json\/wp\/v2\/pages"}],"about":[{"href":"https:\/\/aiviouvapes.com\/de\/wp-json\/wp\/v2\/types\/page"}],"author":[{"embeddable":true,"href":"https:\/\/aiviouvapes.com\/de\/wp-json\/wp\/v2\/users\/1"}],"replies":[{"embeddable":true,"href":"https:\/\/aiviouvapes.com\/de\/wp-json\/wp\/v2\/comments?post=70"}],"version-history":[{"count":8,"href":"https:\/\/aiviouvapes.com\/de\/wp-json\/wp\/v2\/pages\/70\/revisions"}],"predecessor-version":[{"id":114619,"href":"https:\/\/aiviouvapes.com\/de\/wp-json\/wp\/v2\/pages\/70\/revisions\/114619"}],"wp:attachment":[{"href":"https:\/\/aiviouvapes.com\/de\/wp-json\/wp\/v2\/media?parent=70"}],"curies":[{"name":"wp","href":"https:\/\/api.w.org\/{rel}","templated":true}]}}