{"id":5173,"date":"2024-08-21T10:42:43","date_gmt":"2024-08-21T10:42:43","guid":{"rendered":"https:\/\/aiviouvapes.com\/?page_id=5173"},"modified":"2026-02-02T10:25:50","modified_gmt":"2026-02-02T02:25:50","slug":"coupons-offer","status":"publish","type":"page","link":"https:\/\/aiviouvapes.com\/de\/coupons-offer\/","title":{"rendered":"Coupons &amp; Angebot"},"content":{"rendered":"<div class=\"row\"  id=\"row-1962528679\">\n\n\t<div id=\"col-1631073612\" class=\"col medium-6 small-12 large-6\"  >\n\t\t\t\t<div class=\"col-inner text-center\"  >\n\t\t\t\n\t\t\t\n\t<div id=\"text-4136361214\" class=\"text\">\n\t\t\n<h2>2026 Exklusiver Coupon Code verf\u00fcgbar!<\/h2>\n<p>Loggen Sie sich in Ihr Konto ein und gehen Sie auf die Seite mit den Gutscheincodes, um Ihren pers\u00f6nlichen Rabatt freizuschalten und noch heute zu sparen.<\/p>\n\t\t\n<style>\n#text-4136361214 {\n  text-align: center;\n}\n<\/style>\n\t<\/div>\n\t\n<a href=\"https:\/\/aiviouvapes.com\/de\/my-account\/smart-coupons\/\" class=\"button primary box-shadow-3 box-shadow-1-hover\" >\n\t\t<span>Gutscheine ansehen<\/span>\n\t<\/a>\n\n\t\t<\/div>\n\t\t\t\t\t<\/div>\n\n\t\n\n\t<div id=\"col-1876333866\" class=\"col medium-6 small-12 large-6\"  >\n\t\t\t\t<div class=\"col-inner text-center\"  >\n\t\t\t\n\t\t\t\n<div id=\"text-3360396666\" class=\"text\">\n<h2 style=\"text-align: left;\">Einweg-Vape-Gutscheine &amp; Angebote von AIVIOU VAPES<\/h2>\n<\/div>\n<p style=\"text-align: left;\">Willkommen bei aiviouvapes.com, Deinem ultimativen Online-Ziel f\u00fcr hochwertige Einweg-Vape-Produkte. Entdecken Sie unsere umfangreiche Sammlung von renommierten Marken, einschlie\u00dflich Doloda, Elf Box, Bang King, Al Fakher Vape, Vapeme, Waspe, RandM Tornado, Bang Box, und mehr. Schauen Sie regelm\u00e4\u00dfig auf unserer Website nach exklusiven Angeboten und Sonderaktionen, damit unsere au\u00dfergew\u00f6hnlichen Vape-Produkte f\u00fcr alle zug\u00e4nglich bleiben.<\/p>\n<p style=\"text-align: left;\">Wir sind professionelle Gro\u00dfh\u00e4ndler f\u00fcr Einwegdampfer. Unsere Gewinnspannen sind minimal, und wir erweitern unsere aufrichtigen Bem\u00fchungen, indem wir Rabatt-Coupons anbieten, mit dem Ziel, eine langfristige und stabile Partnerschaft mit unseren Kunden.<\/p>\n<a href=\"https:\/\/aiviouvapes.com\/de\/shop\/\" class=\"button primary box-shadow-3 box-shadow-1-hover\" >\n\t\t<span>Jetzt bestellen<\/span>\n\t<\/a>\n\n\t\t<\/div>\n\t\t\t\t\t<\/div>\n\n\t\n<\/div>\n\t<div id=\"gap-239219395\" class=\"gap-element clearfix\" style=\"display:block; height:auto;\">\n\t\t\n<style>\n#gap-239219395 {\n  padding-top: 30px;\n}\n<\/style>\n\t<\/div>\n\t\n<div class=\"container section-title-container\" ><h3 class=\"section-title section-title-normal\"><b aria-hidden=\"true\"><\/b><span class=\"section-title-main\" >Partner-Coupon-Bibliothek (\u00f6ffentliche Nutzung)<\/span><b aria-hidden=\"true\"><\/b><\/h3><\/div>\n<table style=\"width:100%; border-collapse:collapse; font-family:Arial, sans-serif; text-align:left; border:1px solid #ddd;\">\n<thead style=\"background:#f7f7f7;\">\n<tr>\n<th style=\"padding:10px; border:1px solid #ddd;\">\ud83c\udf9f\ufe0f Gutschein-Code<\/th>\n<th style=\"padding:10px; border:1px solid #ddd;\">\ud83d\udcb0 Rabatt<\/th>\n<th style=\"padding:10px; border:1px solid #ddd;\">\ud83d\uded2 Mindestbestellwert<\/th>\n<th style=\"padding:10px; border:1px solid #ddd;\">\ud83d\udcc5 G\u00fcltig bis<\/th>\n<th style=\"padding:10px; border:1px solid #ddd;\">\ud83e\udded Beschreibung<\/th>\n<th style=\"padding:10px; border:1px solid #ddd;\">\ud83d\udce2 Vorgeschlagene Anzeigenzeile<\/th>\n<\/tr>\n<\/thead>\n<tbody>\n<tr>\n<td style=\"padding:10px; border:1px solid #ddd;\"><b>BULKSAVE300<\/b><\/td>\n<td style=\"padding:10px; border:1px solid #ddd;\">2% AUS<\/td>\n<td style=\"padding:10px; border:1px solid #ddd;\">\u20ac300+<\/td>\n<td style=\"padding:10px; border:1px solid #ddd;\">31. Dezember 2026<\/td>\n<td style=\"padding:10px; border:1px solid #ddd;\">Sparen Sie bei einer Bestellung \u00fcber 300 \u20ac!<\/td>\n<td style=\"padding:10px; border:1px solid #ddd;\">\ud83d\udcb8 Intelligent ausgeben, mehr sparen! Holen Sie sich <b>2% AUS<\/b> Bestellungen \u00fcber 300 \u20ac.<\/td>\n<\/tr>\n<tr>\n<td style=\"padding:10px; border:1px solid #ddd;\"><b>BULKSAVE<\/b><\/td>\n<td style=\"padding:10px; border:1px solid #ddd;\">3% AUS<\/td>\n<td style=\"padding:10px; border:1px solid #ddd;\">\u20ac500+<\/td>\n<td style=\"padding:10px; border:1px solid #ddd;\">31. Dezember 2026<\/td>\n<td style=\"padding:10px; border:1px solid #ddd;\">Genie\u00dfen Sie gr\u00f6\u00dfere Ersparnisse bei Bestellungen \u00fcber 500 \u20ac!<\/td>\n<td style=\"padding:10px; border:1px solid #ddd;\">\ud83d\ude9b Gro\u00dfe Auftr\u00e4ge = gro\u00dfe Belohnungen! <b>3% AUS<\/b> \u00fcber 500 \u20ac.<\/td>\n<\/tr>\n<tr>\n<td style=\"padding:10px; border:1px solid #ddd;\"><b>BULKSAVE1500<\/b><\/td>\n<td style=\"padding:10px; border:1px solid #ddd;\">3.01% AUS<\/td>\n<td style=\"padding:10px; border:1px solid #ddd;\">\u20ac1500+<\/td>\n<td style=\"padding:10px; border:1px solid #ddd;\">31. Dezember 2026<\/td>\n<td style=\"padding:10px; border:1px solid #ddd;\">Sonderrabatt f\u00fcr Gro\u00dfabnehmer.<\/td>\n<td style=\"padding:10px; border:1px solid #ddd;\">\ud83c\udff7\ufe0f Mega-Sparer! Geben Sie \u20ac1500+ aus und erhalten Sie <b>3.01% AUS<\/b>.<\/td>\n<\/tr>\n<tr>\n<td style=\"padding:10px; border:1px solid #ddd;\"><b>NOV2026<\/b><\/td>\n<td style=\"padding:10px; border:1px solid #ddd;\">5 \u20ac RABATT<\/td>\n<td style=\"padding:10px; border:1px solid #ddd;\">\u20ac90+<\/td>\n<td style=\"padding:10px; border:1px solid #ddd;\">30. November 2026<\/td>\n<td style=\"padding:10px; border:1px solid #ddd;\">\ud83c\udf41 November-Special - 5 \u20ac Rabatt auf Ihren Warenkorb!<\/td>\n<td style=\"padding:10px; border:1px solid #ddd;\">\ud83c\udf42 Sparen Sie sofort 5 \u20ac mit <b>NOV2026<\/b> den ganzen November lang!<\/td>\n<\/tr>\n<tr>\n<td style=\"padding:10px; border:1px solid #ddd;\"><b>BlackFriday<\/b><\/td>\n<td style=\"padding:10px; border:1px solid #ddd;\">10 \u20ac RABATT<\/td>\n<td style=\"padding:10px; border:1px solid #ddd;\">\u20ac90+<\/td>\n<td style=\"padding:10px; border:1px solid #ddd;\">27. November 2026<\/td>\n<td style=\"padding:10px; border:1px solid #ddd;\">Black Friday-Sonderangebote f\u00fcr qualifizierte Bestellungen.<\/td>\n<td style=\"padding:10px; border:1px solid #ddd;\">\ud83d\udda4 Black Friday Steal: Holen Sie sich <b>10 \u20ac RABATT<\/b> wenn Sie mehr als 90 \u20ac ausgeben!<\/td>\n<\/tr>\n<tr>\n<td style=\"padding:10px; border:1px solid #ddd;\"><b>CyberMonday<\/b><\/td>\n<td style=\"padding:10px; border:1px solid #ddd;\">10 \u20ac RABATT<\/td>\n<td style=\"padding:10px; border:1px solid #ddd;\">\u20ac90+<\/td>\n<td style=\"padding:10px; border:1px solid #ddd;\">30. November 2026<\/td>\n<td style=\"padding:10px; border:1px solid #ddd;\">Verl\u00e4ngerung des Cyber Monday - zus\u00e4tzliche Zeit zum Sparen!<\/td>\n<td style=\"padding:10px; border:1px solid #ddd;\">\ud83d\udcbb Klicken, Warenkorb, Speichern: <b>10 \u20ac RABATT<\/b> Bestellungen ab 90 \u20ac!<\/td>\n<\/tr>\n<tr>\n<td style=\"padding:10px; border:1px solid #ddd;\"><b>ChristmasDay<\/b><\/td>\n<td style=\"padding:10px; border:1px solid #ddd;\">10 \u20ac RABATT<\/td>\n<td style=\"padding:10px; border:1px solid #ddd;\">\u20ac90+<\/td>\n<td style=\"padding:10px; border:1px solid #ddd;\">26. Dezember 2026<\/td>\n<td style=\"padding:10px; border:1px solid #ddd;\">Festliche Ersparnisse f\u00fcr Weihnachtseink\u00e4ufer.<\/td>\n<td style=\"padding:10px; border:1px solid #ddd;\">\ud83c\udf84 Auspacken <b>10 \u20ac RABATT<\/b> f\u00fcr 90 \u20ac+ dieses Weihnachten!<\/td>\n<\/tr>\n<tr>\n<td style=\"padding:10px; border:1px solid #ddd;\"><b>BoxingDay<\/b><\/td>\n<td style=\"padding:10px; border:1px solid #ddd;\">10 \u20ac RABATT<\/td>\n<td style=\"padding:10px; border:1px solid #ddd;\">\u20ac90+<\/td>\n<td style=\"padding:10px; border:1px solid #ddd;\">27. Dezember 2026<\/td>\n<td style=\"padding:10px; border:1px solid #ddd;\">Boxing Day-Angebot f\u00fcr qualifizierte Warenk\u00f6rbe.<\/td>\n<td style=\"padding:10px; border:1px solid #ddd;\">\ud83c\udf81 Day-After Deal: <b>10 \u20ac RABATT<\/b> wenn Sie mehr als 90 \u20ac ausgeben.<\/td>\n<\/tr>\n<tr>\n<td style=\"padding:10px; border:1px solid #ddd;\"><b>NewYearDay<\/b><\/td>\n<td style=\"padding:10px; border:1px solid #ddd;\">10 \u20ac RABATT<\/td>\n<td style=\"padding:10px; border:1px solid #ddd;\">\u20ac90+<\/td>\n<td style=\"padding:10px; border:1px solid #ddd;\">2. Januar 2027<\/td>\n<td style=\"padding:10px; border:1px solid #ddd;\">L\u00e4uten Sie das neue Jahr mit sofortigen Einsparungen ein.<\/td>\n<td style=\"padding:10px; border:1px solid #ddd;\">\ud83c\udf86 Neues Jahr, neue Einsparungen: <b>10 \u20ac RABATT<\/b> \u20ac90+!<\/td>\n<\/tr>\n<p><!-- 2026 Monthly Coupons --><\/p>\n<tr>\n<td style=\"padding:10px; border:1px solid #ddd;\"><b>FEB2026<\/b><\/td>\n<td style=\"padding:10px; border:1px solid #ddd;\">5 \u20ac RABATT<\/td>\n<td style=\"padding:10px; border:1px solid #ddd;\">\u20ac90+<\/td>\n<td style=\"padding:10px; border:1px solid #ddd;\">28. Februar 2026<\/td>\n<td style=\"padding:10px; border:1px solid #ddd;\">Februar-Angebot - einfach sparen.<\/td>\n<td style=\"padding:10px; border:1px solid #ddd;\">\u2764\ufe0f Ich liebe den Preis! <b>5 \u20ac RABATT<\/b> mit FEB2026.<\/td>\n<\/tr>\n<tr>\n<td style=\"padding:10px; border:1px solid #ddd;\"><b>MAR2026<\/b><\/td>\n<td style=\"padding:10px; border:1px solid #ddd;\">5 \u20ac RABATT<\/td>\n<td style=\"padding:10px; border:1px solid #ddd;\">\u20ac90+<\/td>\n<td style=\"padding:10px; border:1px solid #ddd;\">31. M\u00e4rz 2026<\/td>\n<td style=\"padding:10px; border:1px solid #ddd;\">Sparen im M\u00e4rz leicht gemacht.<\/td>\n<td style=\"padding:10px; border:1px solid #ddd;\">\ud83c\udf31 Fr\u00fchlingsanfang: <b>5 \u20ac RABATT<\/b> mit MAR2026.<\/td>\n<\/tr>\n<tr>\n<td style=\"padding:10px; border:1px solid #ddd;\"><b>APR2026<\/b><\/td>\n<td style=\"padding:10px; border:1px solid #ddd;\">5 \u20ac RABATT<\/td>\n<td style=\"padding:10px; border:1px solid #ddd;\">\u20ac90+<\/td>\n<td style=\"padding:10px; border:1px solid #ddd;\">30. April 2026<\/td>\n<td style=\"padding:10px; border:1px solid #ddd;\">April-Wagen-Bonus.<\/td>\n<td style=\"padding:10px; border:1px solid #ddd;\">\ud83c\udf38 Frische Angebote: <b>5 \u20ac RABATT<\/b> APR2026.<\/td>\n<\/tr>\n<tr>\n<td style=\"padding:10px; border:1px solid #ddd;\"><b>MAY2026<\/b><\/td>\n<td style=\"padding:10px; border:1px solid #ddd;\">5 \u20ac RABATT<\/td>\n<td style=\"padding:10px; border:1px solid #ddd;\">\u20ac90+<\/td>\n<td style=\"padding:10px; border:1px solid #ddd;\">31. Mai 2026<\/td>\n<td style=\"padding:10px; border:1px solid #ddd;\">Mai besondere Ersparnisse.<\/td>\n<td style=\"padding:10px; border:1px solid #ddd;\">\ud83c\udf3c Helles Sparen mit <b>MAY2026<\/b>.<\/td>\n<\/tr>\n<tr>\n<td style=\"padding:10px; border:1px solid #ddd;\"><b>JUN2026<\/b><\/td>\n<td style=\"padding:10px; border:1px solid #ddd;\">5 \u20ac RABATT<\/td>\n<td style=\"padding:10px; border:1px solid #ddd;\">\u20ac90+<\/td>\n<td style=\"padding:10px; border:1px solid #ddd;\">30. Juni 2026<\/td>\n<td style=\"padding:10px; border:1px solid #ddd;\">Juni-Kassenbonus.<\/td>\n<td style=\"padding:10px; border:1px solid #ddd;\">\u2600\ufe0f Sommer sparen: <b>5 \u20ac RABATT<\/b> JUN2026.<\/td>\n<\/tr>\n<tr>\n<td style=\"padding:10px; border:1px solid #ddd;\"><b>JUL2026<\/b><\/td>\n<td style=\"padding:10px; border:1px solid #ddd;\">5 \u20ac RABATT<\/td>\n<td style=\"padding:10px; border:1px solid #ddd;\">\u20ac90+<\/td>\n<td style=\"padding:10px; border:1px solid #ddd;\">31. Juli 2026<\/td>\n<td style=\"padding:10px; border:1px solid #ddd;\">Hei\u00dfes Angebot im Juli.<\/td>\n<td style=\"padding:10px; border:1px solid #ddd;\">\ud83d\udd25 Erhitzen Sie die Ersparnisse mit JUL2026.<\/td>\n<\/tr>\n<tr>\n<td style=\"padding:10px; border:1px solid #ddd;\"><b>AUG2026<\/b><\/td>\n<td style=\"padding:10px; border:1px solid #ddd;\">5 \u20ac RABATT<\/td>\n<td style=\"padding:10px; border:1px solid #ddd;\">\u20ac90+<\/td>\n<td style=\"padding:10px; border:1px solid #ddd;\">31. August 2026<\/td>\n<td style=\"padding:10px; border:1px solid #ddd;\">August einfacher Rabatt.<\/td>\n<td style=\"padding:10px; border:1px solid #ddd;\">\ud83c\udf1e Mit einem Klick speichern: AUG2026.<\/td>\n<\/tr>\n<tr>\n<td style=\"padding:10px; border:1px solid #ddd;\"><b>SEP2026<\/b><\/td>\n<td style=\"padding:10px; border:1px solid #ddd;\">5 \u20ac RABATT<\/td>\n<td style=\"padding:10px; border:1px solid #ddd;\">\u20ac90+<\/td>\n<td style=\"padding:10px; border:1px solid #ddd;\">30. September 2026<\/td>\n<td style=\"padding:10px; border:1px solid #ddd;\">September-Bonus.<\/td>\n<td style=\"padding:10px; border:1px solid #ddd;\">\ud83c\udf41 Herbstsparen mit SEP2026.<\/td>\n<\/tr>\n<tr>\n<td style=\"padding:10px; border:1px solid #ddd;\"><b>OCT2026<\/b><\/td>\n<td style=\"padding:10px; border:1px solid #ddd;\">5 \u20ac RABATT<\/td>\n<td style=\"padding:10px; border:1px solid #ddd;\">\u20ac90+<\/td>\n<td style=\"padding:10px; border:1px solid #ddd;\">31. Oktober 2026<\/td>\n<td style=\"padding:10px; border:1px solid #ddd;\">Leckerbissen im Oktober.<\/td>\n<td style=\"padding:10px; border:1px solid #ddd;\">\ud83c\udf83 Gespenstisches Schn\u00e4ppchen: OCT2026.<\/td>\n<\/tr>\n<tr>\n<td style=\"padding:10px; border:1px solid #ddd;\"><b>DEC2026<\/b><\/td>\n<td style=\"padding:10px; border:1px solid #ddd;\">5 \u20ac RABATT<\/td>\n<td style=\"padding:10px; border:1px solid #ddd;\">\u20ac90+<\/td>\n<td style=\"padding:10px; border:1px solid #ddd;\">31. Dezember 2026<\/td>\n<td style=\"padding:10px; border:1px solid #ddd;\">Bonus zum Jahresende im Dezember.<\/td>\n<td style=\"padding:10px; border:1px solid #ddd;\">\ud83c\udf84 Starkes Ende: <b>5 \u20ac RABATT<\/b> DEC2026.<\/td>\n<\/tr>\n<\/tbody>\n<\/table>\n\t<div id=\"gap-959293011\" class=\"gap-element clearfix\" style=\"display:block; height:auto;\">\n\t\t\n<style>\n#gap-959293011 {\n  padding-top: 30px;\n}\n<\/style>\n\t<\/div>\n\t\n<div class=\"container section-title-container\" ><h3 class=\"section-title section-title-normal\"><b aria-hidden=\"true\"><\/b><span class=\"section-title-main\" >Verdienen Sie mit AIVIOU Vapes<\/span><b aria-hidden=\"true\"><\/b><\/h3><\/div>\n<p>Werden Sie Teil einer der am schnellsten wachsenden Vape-Marken und beginnen Sie zu verdienen <strong>15%<\/strong> Provision auf jeden Verkauf! AIVIOU Vapes bietet ein Premium-Sortiment an meistverkauften Einwegdampfern, E-Liquids und Zubeh\u00f6r, das von den Kunden geliebt wird - was es f\u00fcr Affiliates super einfach macht, Provisionen zu gewinnen. Mit den meistverkauften Produkten, den hohen Konversionsraten und den monatlich neuen Werbeaktionen bedeutet eine Partnerschaft mit AIVIOU Vapes, dass Ihr Verdienst schnell in die H\u00f6he schnellen kann. \ud83d\udca8<\/p>\n<p><strong>\ud83d\udc49 Melden Sie sich noch heute an und beginnen Sie mit AIVIOU Vapes zu verdienen - wo Geschmack auf Profit trifft!<\/strong><\/p>\n<a href=\"https:\/\/ui.awin.com\/express-signup\/us\/awin\/121568\/d01af3da-9031-45f4-bc25-92d66ffdc756?t=VVP9UbjOfvjddyNyvkNBB71Pni2G_dqZqpIZPRdRWII\" target=\"_blank\" class=\"button primary\" rel=\"noopener\">\n\t\t<span>Aiviou Vapes Partner werden<\/span>\n\t<\/a>","protected":false},"excerpt":{"rendered":"<p>\ud83c\udf9f\ufe0f Coupon Code \ud83d\udcb0 Discount \ud83d\uded2 Minimum Order \ud83d\udcc5 Valid Until \ud83e\udded Description \ud83d\udce2 Suggested Ad Line BULKSAVE300 2% OFF \u20ac300+ Dec 31, 2026 Save big when you order over \u20ac300! \ud83d\udcb8 Spend Smart, Save More! Get 2% OFF orders above \u20ac300. BULKSAVE 3% OFF \u20ac500+ Dec 31, 2026 Enjoy bigger savings for orders over [&#8230;]\n","protected":false},"author":1,"featured_media":0,"parent":0,"menu_order":0,"comment_status":"closed","ping_status":"closed","template":"page-blank-title-center.php","meta":{"footnotes":""},"class_list":["post-5173","page","type-page","status-publish","hentry"],"jetpack_sharing_enabled":true,"_links":{"self":[{"href":"https:\/\/aiviouvapes.com\/de\/wp-json\/wp\/v2\/pages\/5173","targetHints":{"allow":["GET"]}}],"collection":[{"href":"https:\/\/aiviouvapes.com\/de\/wp-json\/wp\/v2\/pages"}],"about":[{"href":"https:\/\/aiviouvapes.com\/de\/wp-json\/wp\/v2\/types\/page"}],"author":[{"embeddable":true,"href":"https:\/\/aiviouvapes.com\/de\/wp-json\/wp\/v2\/users\/1"}],"replies":[{"embeddable":true,"href":"https:\/\/aiviouvapes.com\/de\/wp-json\/wp\/v2\/comments?post=5173"}],"version-history":[{"count":8,"href":"https:\/\/aiviouvapes.com\/de\/wp-json\/wp\/v2\/pages\/5173\/revisions"}],"predecessor-version":[{"id":105685,"href":"https:\/\/aiviouvapes.com\/de\/wp-json\/wp\/v2\/pages\/5173\/revisions\/105685"}],"wp:attachment":[{"href":"https:\/\/aiviouvapes.com\/de\/wp-json\/wp\/v2\/media?parent=5173"}],"curies":[{"name":"wp","href":"https:\/\/api.w.org\/{rel}","templated":true}]}}