{"id":4558,"date":"2024-08-21T10:35:58","date_gmt":"2024-08-21T10:35:58","guid":{"rendered":"https:\/\/aiviouvapes.com\/?page_id=4558"},"modified":"2024-11-29T02:58:48","modified_gmt":"2024-11-28T18:58:48","slug":"payment-method","status":"publish","type":"page","link":"https:\/\/aiviouvapes.com\/de\/payment-method\/","title":{"rendered":"Zahlungsmethode"},"content":{"rendered":"<div class=\"row\"  id=\"row-769331510\">\n\n\t<div id=\"col-2099589059\" class=\"col medium-6 small-12 large-6\"  >\n\t\t\t\t<div class=\"col-inner\"  >\n\t\t\t\n\t\t\t\n<p>Willkommen bei <strong>AiviouVape<\/strong> \u2013 Ihr vertrauensw\u00fcrdiges globales Ziel f\u00fcr hochwertige Einweg-Vape-Produkte. Mit weltweitem Versand sind wir bestrebt, Kunden auf der ganzen Welt zu bedienen.<\/p>\n<p><strong>Bei AiviouVape legen wir Wert auf Komfort und Sicherheit, um Ihr Einkaufserlebnis zu verbessern. Wir bieten eine Vielzahl von Zahlungsoptionen, um Ihren Anforderungen gerecht zu werden:<\/strong><\/p>\n<p>1. **PayPal**: Genie\u00dfen Sie sichere und einfache Zahlungen mit PayPal auf unserer Plattform. <strong>(20% MWST.)<\/strong><\/p>\n<p>2. **Kreditkarte**: Wir akzeptieren alle g\u00e4ngigen Kreditkarten und gew\u00e4hrleisten so ein unkompliziertes und zuverl\u00e4ssiges Zahlungserlebnis. <strong>(20% MWST.)<\/strong><\/p>\n<p>3. **Bank\u00fcberweisung**: F\u00fcr diejenigen, die traditionelle Methoden bevorzugen, unterst\u00fctzen wir Bank\u00fcberweisungen als sichere Option. <strong>(OHNE MWST.)<\/strong><\/p>\n<p>4. **Kryptow\u00e4hrung**: Nutzen Sie die moderne Finanzwelt mit unserer Kryptow\u00e4hrungs-Zahlungsoption. <strong>(OHNE MWST.)<\/strong><\/p>\n<p>5. **Wise Transfer**: Profitieren Sie von kosteng\u00fcnstigen und effizienten Zahlungen mit Wise Transfer. <strong>(OHNE MWST.)<\/strong><\/p>\n<p>Wenn Sie Fragen oder spezielle Zahlungsw\u00fcnsche haben, wenden Sie sich bitte an unser Kundenserviceteam. Wir sind hier, um Ihre Erfahrung mit <strong>AiviouVape<\/strong> ist reibungslos, sicher und zufriedenstellend.<\/p>\n<p><strong>Vielen Dank f\u00fcr Ihr Vertrauen in AiviouVape als Ihre Quelle f\u00fcr hochwertige Einweg-Vaping-Produkte.<\/strong><\/p>\n\t\t<\/div>\n\t\t\t\t\t<\/div>\n\n\t\n\n\t<div id=\"col-857479258\" class=\"col medium-6 small-12 large-6\"  >\n\t\t\t\t<div class=\"col-inner\"  >\n\t\t\t\n\t\t\t\n\t<div class=\"img has-hover x md-x lg-x y md-y lg-y\" id=\"image_846198155\">\n\t\t\t\t\t\t\t\t<div class=\"img-inner dark\" >\n\t\t\t<img loading=\"lazy\" decoding=\"async\" width=\"1020\" height=\"797\" src=\"https:\/\/i0.wp.com\/aiviouvapes.com\/wp-content\/uploads\/2024\/08\/%E5%AE%A3%E4%BC%A0%E5%9B%BE2-2.jpg?fit=1020%2C797&amp;ssl=1\" class=\"attachment-large size-large\" alt=\"Zahlungsmethode\" title=\"\">\t\t\t\t\t\t\n\t\t\t\t\t<\/div>\n\t\t\t\t\t\t\t\t\n<style>\n#image_846198155 {\n  width: 100%;\n}\n<\/style>\n\t<\/div>\n\t\n\t\t<\/div>\n\t\t\t\t\t<\/div>\n\n\t\n<\/div>\n<div class=\"row align-middle\"  id=\"row-1662172412\">\n\n\t<div id=\"col-1814189258\" class=\"col small-12 large-12\"  >\n\t\t\t\t<div class=\"col-inner text-center\"  >\n\t\t\t\n\t\t\t\n<a href=\"https:\/\/aiviouvapes.com\/de\/shop\/\" class=\"button primary is-shade is-larger box-shadow-4 box-shadow-5-hover\" style=\"border-radius:10px;\">\n\t\t<span>Jetzt shoppen<\/span>\n\t<\/a>\n\n\t\t<\/div>\n\t\t\t\t\n<style>\n#col-1814189258 > .col-inner {\n  padding: 20px 0px 0px 0px;\n}\n<\/style>\n\t<\/div>\n\n\t\n<\/div>","protected":false},"excerpt":{"rendered":"","protected":false},"author":1,"featured_media":0,"parent":0,"menu_order":0,"comment_status":"closed","ping_status":"closed","template":"page-blank-title-center.php","meta":{"footnotes":""},"class_list":["post-4558","page","type-page","status-publish","hentry"],"jetpack_sharing_enabled":true,"_links":{"self":[{"href":"https:\/\/aiviouvapes.com\/de\/wp-json\/wp\/v2\/pages\/4558","targetHints":{"allow":["GET"]}}],"collection":[{"href":"https:\/\/aiviouvapes.com\/de\/wp-json\/wp\/v2\/pages"}],"about":[{"href":"https:\/\/aiviouvapes.com\/de\/wp-json\/wp\/v2\/types\/page"}],"author":[{"embeddable":true,"href":"https:\/\/aiviouvapes.com\/de\/wp-json\/wp\/v2\/users\/1"}],"replies":[{"embeddable":true,"href":"https:\/\/aiviouvapes.com\/de\/wp-json\/wp\/v2\/comments?post=4558"}],"version-history":[{"count":0,"href":"https:\/\/aiviouvapes.com\/de\/wp-json\/wp\/v2\/pages\/4558\/revisions"}],"wp:attachment":[{"href":"https:\/\/aiviouvapes.com\/de\/wp-json\/wp\/v2\/media?parent=4558"}],"curies":[{"name":"wp","href":"https:\/\/api.w.org\/{rel}","templated":true}]}}