{"id":3,"date":"2024-08-08T04:38:08","date_gmt":"2024-08-08T04:38:08","guid":{"rendered":"https:\/\/aiviouvapes.com\/?page_id=3"},"modified":"2024-11-19T21:37:05","modified_gmt":"2024-11-19T13:37:05","slug":"privacy-policy","status":"publish","type":"page","link":"https:\/\/aiviouvapes.com\/de\/privacy-policy\/","title":{"rendered":"Datenschutzbestimmungen"},"content":{"rendered":"<p>Bei AiviouVape legen wir gro\u00dfen Wert auf den Schutz und die Vertraulichkeit Ihrer pers\u00f6nlichen Daten. Diese Datenschutzrichtlinie beschreibt, wie wir die Informationen, die Sie uns bei der Nutzung unserer Website zur Verf\u00fcgung stellen, sammeln, verwenden und sch\u00fctzen.<\/p>\n<p><strong>Sammlung von Informationen<\/strong><\/p>\n<p>Wenn Sie unsere Website besuchen, erfassen wir m\u00f6glicherweise die folgenden Arten von Informationen: \u2013 Personenbezogene Daten wie Ihren Namen, Ihre E-Mail-Adresse und Ihre Kontaktdaten, die Sie bei einem Kauf oder bei der Kontaktaufnahme mit uns angeben. \u2013 Informationen zu Ihrem Surfverhalten und Ihrem Ger\u00e4t, die durch Cookies und \u00e4hnliche Technologien erfasst werden. \u2013 Alle anderen Informationen, die Sie uns mitteilen m\u00f6chten.<\/p>\n<p><strong>Verwendung von Informationen<\/strong><\/p>\n<p>Wir nutzen die von uns gesammelten Informationen f\u00fcr die folgenden Zwecke: \u2013 Bearbeitung und Erf\u00fcllung von Bestellungen, die Sie auf unserer Website aufgeben. \u2013 Kommunikation mit Ihnen bez\u00fcglich Ihrer Bestellungen, Anfragen und Werbeaktionen. \u2013 Verbesserung unserer Website und Dienste auf der Grundlage Ihrer Interaktionen und Ihres Feedbacks. \u2013 Sicherung unserer Website und Verhinderung betr\u00fcgerischer Aktivit\u00e4ten.<\/p>\n<p><strong>Gemeinsame Nutzung von Informationen<\/strong><\/p>\n<p>Wir verkaufen Ihre pers\u00f6nlichen Daten nicht und geben sie nicht ohne Ihre Zustimmung an Dritte weiter, es sei denn, dies ist notwendig, um Ihre Anfragen zu erf\u00fcllen, wie z. B. bei Versandpartnern oder aufgrund gesetzlicher Bestimmungen.<\/p>\n<p><strong>Datensicherheit<\/strong><\/p>\n<p>Wir setzen verschiedene Sicherheitsma\u00dfnahmen ein, um Ihre Daten zu sch\u00fctzen, darunter Verschl\u00fcsselung, Secure-Socket-Layer-Technologie (SSL) und regelm\u00e4\u00dfige Sicherheits\u00fcberpr\u00fcfungen.<\/p>\n<p><strong>Ihre Rechte<\/strong><\/p>\n<p>Sie haben das Recht, Ihre pers\u00f6nlichen Daten jederzeit einzusehen, zu aktualisieren oder zu l\u00f6schen. Sie k\u00f6nnen sich auch gegen den Erhalt von Marketing-Mitteilungen von uns entscheiden.<\/p>\n<p><strong>Politische Aktualisierungen<\/strong><\/p>\n<p>Wir k\u00f6nnen diese Datenschutzrichtlinie regelm\u00e4\u00dfig \u00fcberarbeiten, um \u00c4nderungen unserer Praktiken oder gesetzlichen Anforderungen Rechnung zu tragen. Wir empfehlen, diese Richtlinie regelm\u00e4\u00dfig zu \u00fcberpr\u00fcfen. Durch die Nutzung unserer Website stimmen Sie den in dieser Datenschutzrichtlinie dargelegten Bedingungen zu. Wenn Sie Fragen oder Bedenken zu unseren Datenschutzpraktiken haben, kontaktieren Sie uns bitte unter support@aiviouvape.com. Vielen Dank, dass Sie sich f\u00fcr AiviouVape entschieden haben, wenn es um Ihre Anforderungen an elektronische Einwegzigaretten (Vape) geht.<\/p>\n<div class=\"row align-middle\"  id=\"row-261836241\"> \n\t<div id=\"col-1070044910\" class=\"col small-12 large-12\"  >\n\t\t\t\t<div class=\"col-inner text-center\"  >\n\t\t\t\n\t\t\t <a href=\"https:\/\/aiviouvapes.com\/de\/shop\/\" class=\"button primary is-shade is-larger box-shadow-4 box-shadow-5-hover\" style=\"border-radius:10px;\">\n\t\t<span>Jetzt shoppen<\/span>\n\t<\/a>\n \t\t<\/div>\n\t\t\t\t\n<style>\n#col-1070044910 > .col-inner {\n  padding: 20px 0px 0px 0px;\n}\n<\/style>\n\t<\/div>\n\n\t <\/div>","protected":false},"excerpt":{"rendered":"<p>At\u00a0AiviouVape, we prioritize the protection and confidentiality of your personal information. This Privacy Policy describes how we collect, use, and safeguard the information you provide while using our website. Information Collection When you visit our website, we may collect the following types of information: \u2013 Personal information such as your name, email address, and contact [&#8230;]\n","protected":false},"author":1,"featured_media":0,"parent":0,"menu_order":0,"comment_status":"closed","ping_status":"closed","template":"page-blank-title-center.php","meta":{"footnotes":""},"class_list":["post-3","page","type-page","status-publish","hentry"],"jetpack_sharing_enabled":true,"_links":{"self":[{"href":"https:\/\/aiviouvapes.com\/de\/wp-json\/wp\/v2\/pages\/3","targetHints":{"allow":["GET"]}}],"collection":[{"href":"https:\/\/aiviouvapes.com\/de\/wp-json\/wp\/v2\/pages"}],"about":[{"href":"https:\/\/aiviouvapes.com\/de\/wp-json\/wp\/v2\/types\/page"}],"author":[{"embeddable":true,"href":"https:\/\/aiviouvapes.com\/de\/wp-json\/wp\/v2\/users\/1"}],"replies":[{"embeddable":true,"href":"https:\/\/aiviouvapes.com\/de\/wp-json\/wp\/v2\/comments?post=3"}],"version-history":[{"count":0,"href":"https:\/\/aiviouvapes.com\/de\/wp-json\/wp\/v2\/pages\/3\/revisions"}],"wp:attachment":[{"href":"https:\/\/aiviouvapes.com\/de\/wp-json\/wp\/v2\/media?parent=3"}],"curies":[{"name":"wp","href":"https:\/\/api.w.org\/{rel}","templated":true}]}}