{"id":10,"date":"2024-08-12T12:49:21","date_gmt":"2024-08-12T12:49:21","guid":{"rendered":"https:\/\/aiviouvapes.com\/?page_id=10"},"modified":"2024-12-26T09:53:11","modified_gmt":"2024-12-26T01:53:11","slug":"refund_returns","status":"publish","type":"page","link":"https:\/\/aiviouvapes.com\/de\/refund_returns\/","title":{"rendered":"Erstattungs- und R\u00fcckgabebestimmungen"},"content":{"rendered":"<h2 class=\"wp-block-heading\">AiviouVape Erstattungsrichtlinie<\/h2>\r\n<p><strong>7-t\u00e4giges R\u00fcckgaberecht<\/strong><\/p>\r\n<p>Wir bei AiviouVape freuen uns, ein 7-t\u00e4giges R\u00fcckgaberecht anbieten zu k\u00f6nnen. Das bedeutet, dass Sie ab dem Tag, an dem Sie Ihren Artikel erhalten, sieben Tage Zeit haben, eine R\u00fcckgabeanforderung einzuleiten, wenn Sie mit Ihrem Kauf unzufrieden sind.<\/p>\r\n<p><strong>R\u00fcckgabeberechtigung<\/strong><\/p>\r\n<p>Um f\u00fcr eine R\u00fcckgabe in Frage zu kommen, muss Ihr Artikel in dem Zustand sein, in dem Sie ihn erhalten haben \u2013 unbenutzt, mit Etiketten und in der Originalverpackung. Bitte stellen Sie sicher, dass Sie den Beleg oder Kaufbeleg haben, um den R\u00fcckgabeprozess zu erleichtern.<\/p>\r\n<p><strong>So leiten Sie eine R\u00fccksendung ein<\/strong><\/p>\r\n<p>Wenn Sie eine R\u00fccksendung veranlassen m\u00f6chten, kontaktieren Sie uns unter support@aiviouvape.com. Sobald Ihre R\u00fccksendung genehmigt wurde, stellen wir Ihnen ein vorausbezahltes R\u00fccksendeetikett und Anweisungen zum Versenden Ihres Pakets zur Verf\u00fcgung. R\u00fccksendungen ohne vorherige Genehmigung werden nicht akzeptiert. Kontaktieren Sie uns daher bitte zuerst.<\/p>\r\n<p><strong>Meldung von Sch\u00e4den und Problemen<\/strong><\/p>\r\n<p>Wir empfehlen Ihnen, Ihre Bestellung zu \u00fcberpr\u00fcfen, sobald sie eintrifft. Wenn Sie feststellen, dass Ihr Artikel besch\u00e4digt, defekt oder falsch ist, setzen Sie sich bitte umgehend mit uns in Verbindung, damit wir das Problem umgehend l\u00f6sen k\u00f6nnen.<\/p>\r\n<p><strong>Artikel, die nicht zur R\u00fcckgabe berechtigt sind<\/strong><\/p>\r\n<p>Bestimmte Produkte k\u00f6nnen nicht zur\u00fcckgegeben werden, darunter verderbliche Waren, Sonderanfertigungen, K\u00f6rperpflegeprodukte, Gefahrenstoffe und entz\u00fcndbare Fl\u00fcssigkeiten oder Gase. Wenn Sie sich \u00fcber die R\u00fcckgabeberechtigung eines bestimmten Artikels nicht sicher sind, wenden Sie sich bitte zur Kl\u00e4rung an uns.<\/p>\r\n<p><strong>Austauschprozess<\/strong><\/p>\r\n<p>Bei Umtausch empfehlen wir, zun\u00e4chst den Originalartikel zur\u00fcckzusenden. Sobald die R\u00fccksendung genehmigt wurde, k\u00f6nnen Sie eine separate Bestellung f\u00fcr den neuen Artikel aufgeben, um eine schnelle Bearbeitung zu gew\u00e4hrleisten.<\/p>\r\n<p><strong>14-t\u00e4giges Widerrufsrecht f\u00fcr EU-Kunden<\/strong><\/p>\r\n<p>F\u00fcr Kunden in der Europ\u00e4ischen Union gew\u00e4hren wir eine 14-t\u00e4gige Widerrufsfrist. Das bedeutet, dass Sie Ihre Bestellung innerhalb von 14 Tagen nach Erhalt ohne Angabe von Gr\u00fcnden stornieren oder zur\u00fcckgeben k\u00f6nnen. Die Artikel m\u00fcssen in ihrem Originalzustand, unbenutzt, mit angebrachten Etiketten und in der Originalverpackung sein. Au\u00dferdem ist eine Quittung oder ein Kaufbeleg erforderlich.<\/p>\r\n<p><strong>R\u00fcckerstattungsprozess<\/strong><\/p>\r\n<p>Nachdem wir Ihre R\u00fccksendung erhalten und gepr\u00fcft haben, informieren wir Sie \u00fcber den Status der R\u00fcckerstattungsgenehmigung. Im Falle einer Genehmigung veranlassen wir die R\u00fcckerstattung innerhalb von 10 Werktagen auf Ihre urspr\u00fcngliche Zahlungsmethode. Bitte beachten Sie, dass Ihre Bank oder Ihr Kreditkartenanbieter m\u00f6glicherweise zus\u00e4tzliche Zeit ben\u00f6tigt, um die R\u00fcckerstattung abzuschlie\u00dfen. Wenn Sie Ihre R\u00fcckerstattung nicht innerhalb von 15 Werktagen nach der Genehmigung erhalten haben, kontaktieren Sie uns bitte unter support@aiviouvape.com.<\/p>\r\n<p><strong>Vielen Dank, dass Sie sich f\u00fcr AiviouVape entschieden haben. Ihre Zufriedenheit bleibt unsere oberste Priorit\u00e4t.<\/strong><\/p>\r\n\r\n<div class=\"row align-middle\"  id=\"row-908877879\"> \n\t<div id=\"col-1667814318\" class=\"col small-12 large-12\"  >\n\t\t\t\t<div class=\"col-inner text-center\"  >\n\t\t\t\n\t\t\t <a href=\"https:\/\/aiviouvapes.com\/de\/shop\/\" class=\"button primary is-shade is-larger box-shadow-4 box-shadow-5-hover\" style=\"border-radius:10px;\">\n\t\t<span>Jetzt shoppen<\/span>\n\t<\/a>\n \t\t<\/div>\n\t\t\t\t\n<style>\n#col-1667814318 > .col-inner {\n  padding: 20px 0px 0px 0px;\n}\n<\/style>\n\t<\/div>\n\n\t <\/div>","protected":false},"excerpt":{"rendered":"<p>AiviouVape Refund Policy 7-Day Return Policy We at AiviouVape are pleased to offer a 7-day return policy. This means that from the day you receive your item, you have seven days to initiate a return request if you are unsatisfied with your purchase. Return Eligibility To qualify for a return, your item must remain in [&#8230;]\n","protected":false},"author":1,"featured_media":0,"parent":0,"menu_order":0,"comment_status":"closed","ping_status":"closed","template":"page-blank-title-center.php","meta":{"footnotes":""},"class_list":["post-10","page","type-page","status-publish","hentry"],"jetpack_sharing_enabled":true,"_links":{"self":[{"href":"https:\/\/aiviouvapes.com\/de\/wp-json\/wp\/v2\/pages\/10","targetHints":{"allow":["GET"]}}],"collection":[{"href":"https:\/\/aiviouvapes.com\/de\/wp-json\/wp\/v2\/pages"}],"about":[{"href":"https:\/\/aiviouvapes.com\/de\/wp-json\/wp\/v2\/types\/page"}],"author":[{"embeddable":true,"href":"https:\/\/aiviouvapes.com\/de\/wp-json\/wp\/v2\/users\/1"}],"replies":[{"embeddable":true,"href":"https:\/\/aiviouvapes.com\/de\/wp-json\/wp\/v2\/comments?post=10"}],"version-history":[{"count":0,"href":"https:\/\/aiviouvapes.com\/de\/wp-json\/wp\/v2\/pages\/10\/revisions"}],"wp:attachment":[{"href":"https:\/\/aiviouvapes.com\/de\/wp-json\/wp\/v2\/media?parent=10"}],"curies":[{"name":"wp","href":"https:\/\/api.w.org\/{rel}","templated":true}]}}