{"id":91142,"date":"2025-12-08T22:21:08","date_gmt":"2025-12-08T14:21:08","guid":{"rendered":"https:\/\/aiviouvapes.com\/?post_type=product&#038;p=91142"},"modified":"2026-04-04T04:04:14","modified_gmt":"2026-04-03T20:04:14","slug":"bang-leader-120k","status":"publish","type":"product","link":"https:\/\/aiviouvapes.com\/da\/product\/bang-leader-120k\/","title":{"rendered":"Bang Leader 120K | 2-i-1 120000 pust, 60 ml, magnetisk, dobbelt smag, engangs vape, engros"},"content":{"rendered":"<h2>Hvorfor v\u00e6lge Bang Leader 120K? \ud83e\udd29<\/h2>\n<ul>\n<li>\ud83d\udd04 <strong>2-i-1 magnetisk dobbelt smagsomskifter<\/strong> \u2014 Skub for at skifte smag med det samme uden forsinkelse.<\/li>\n<li>\ud83d\udca8 <strong>120.000 pust<\/strong> \u2014 Stor kapacitet designet til langvarig daglig brug.<\/li>\n<li>\ud83d\udd25 <strong>N\u00e6ste generations mesh-spole<\/strong> \u2014 T\u00e6t damp, rigere smag, bl\u00f8dere hits.<\/li>\n<li>\ud83d\udd0b <strong>H\u00f8jeffektivt batteri<\/strong> \u2014 Stabil effekt for ensartet smag.<\/li>\n<li>\ud83e\uddca <strong>L\u00e6kagesikker oliekammer<\/strong> \u2014 Ren, sikker og rejsevenlig.<\/li>\n<li>\u26a1 <strong>Type-C genopladelig<\/strong> \u2014 Hurtig opladning for minimal nedetid.<\/li>\n<li>\ud83d\udc4c <strong>Brugervenligt design<\/strong> \u2014 Perfekt greb, lys sk\u00e6rm og enkel betjening.<\/li>\n<\/ul>\n<h2>Bang Leader 120K Specifikationer \ud83d\udcca<\/h2>\n<table>\n<tbody>\n<tr>\n<td>Antal pust<\/td>\n<td>120.000 pust<\/td>\n<\/tr>\n<tr>\n<td>Batterikapacitet<\/td>\n<td>650 mAh (h\u00f8jeffektiv)<\/td>\n<\/tr>\n<tr>\n<td>Varmeflade<\/td>\n<td>Mesh-spole, 1,0 \u03a9<\/td>\n<\/tr>\n<tr>\n<td>Smagssystem<\/td>\n<td>2-i-1 magnetisk skydeafbryder<\/td>\n<\/tr>\n<tr>\n<td>Opladningsport<\/td>\n<td>Type-C hurtig opladning<\/td>\n<\/tr>\n<tr>\n<td>Nikotinstyrke<\/td>\n<td>0% \/ 2% \/ 3% \/ 5%<\/td>\n<\/tr>\n<\/tbody>\n<\/table>\n<h2>Bang Leader 120K Smagsguide \ud83d\ude0b<\/h2>\n<p data-start=\"120\" data-end=\"246\"><strong data-start=\"120\" data-end=\"145\">1. Blue Razz &amp; Love66<\/strong><br data-start=\"145\" data-end=\"148\" \/>\ud83c\udf6c <strong data-start=\"151\" data-end=\"165\">Blue Razz:<\/strong> S\u00f8d og syrlig slikb\u00e6r<br data-start=\"195\" data-end=\"198\" \/>\ud83c\udf34 <strong data-start=\"201\" data-end=\"212\">Love66:<\/strong> Tropisk, forfriskende, let iskold<\/p>\n<p data-start=\"248\" data-end=\"394\"><strong data-start=\"248\" data-end=\"299\">2. Jordb\u00e6r, kirseb\u00e6r, kiwi, passionsfrugt og guava<\/strong><br data-start=\"299\" data-end=\"302\" \/>\ud83c\udf53\ud83c\udf52 <strong data-start=\"307\" data-end=\"329\">Jordb\u00e6r og kirseb\u00e6r:<\/strong> Saftig blanding af r\u00f8de frugter<br data-start=\"349\" data-end=\"352\" \/>\ud83e\udd5d\ud83e\udd6d <strong data-start=\"357\" data-end=\"365\">KPG:<\/strong> Syrlig, tropisk, cremet trio<\/p>\n<p data-start=\"396\" data-end=\"542\"><strong data-start=\"396\" data-end=\"438\">3. Vandmelon-tyggegummi og blandede frugter<\/strong><br data-start=\"438\" data-end=\"441\" \/>\ud83c\udf49\ud83c\udf6c <strong data-start=\"446\" data-end=\"472\">Vandmelon Bubble Gum:<\/strong> S\u00f8d tyggegummi + melon<br data-start=\"490\" data-end=\"493\" \/>\ud83c\udf47\ud83c\udf51 <strong data-start=\"498\" data-end=\"514\">Blandet frugt:<\/strong> Farverig, saftig frugtblanding<\/p>\n<p data-start=\"544\" data-end=\"697\"><strong data-start=\"544\" data-end=\"584\">4. Jordb\u00e6r-banan og kirseb\u00e6r Piesta<\/strong><br data-start=\"584\" data-end=\"587\" \/>\ud83c\udf53\ud83c\udf4c <strong data-start=\"592\" data-end=\"614\">Strawberry Banana:<\/strong> Glatt, cremet dessertstemning<br data-start=\"642\" data-end=\"645\" \/>\ud83c\udf52\u2728 <strong data-start=\"649\" data-end=\"667\">Cherry Piesta:<\/strong> S\u00f8d kirseb\u00e6r med sprudlende twist<\/p>\n<p data-start=\"699\" data-end=\"830\"><strong data-start=\"699\" data-end=\"734\">5. Vandmelon-is og fersken-mango<\/strong><br data-start=\"734\" data-end=\"737\" \/>\u2744\ufe0f\ud83c\udf49 <strong data-start=\"742\" data-end=\"761\">Watermelon Ice:<\/strong> Spr\u00f8d, k\u00f8lig melon<br data-start=\"779\" data-end=\"782\" \/>\ud83c\udf51\ud83e\udd6d <strong data-start=\"787\" data-end=\"803\">Fersken og mango:<\/strong> Tropisk, bl\u00f8d, aromatisk<\/p>\n<p data-start=\"832\" data-end=\"978\"><strong data-start=\"832\" data-end=\"870\">6. Bl\u00e5b\u00e6ris og hindb\u00e6r-citron<\/strong><br data-start=\"870\" data-end=\"873\" \/>\ud83e\uded0\u2744\ufe0f <strong data-start=\"878\" data-end=\"896\">Bl\u00e5b\u00e6r-is:<\/strong> S\u00f8de b\u00e6r med iskold finish<br data-start=\"926\" data-end=\"929\" \/>\ud83c\udf4b\ud83c\udf53 <strong data-start=\"934\" data-end=\"954\">Hindb\u00e6r-citron:<\/strong> Spr\u00f8d, syrlig, frugtagtig pop<\/p>\n<p data-start=\"980\" data-end=\"1111\"><strong data-start=\"980\" data-end=\"1013\">7. R\u00f8d energi-is og drue-is<\/strong><br data-start=\"1013\" data-end=\"1016\" \/>\u26a1\u2744\ufe0f <strong data-start=\"1020\" data-end=\"1035\">R\u00f8d energi:<\/strong> S\u00f8d, sprudlende energi<br data-start=\"1061\" data-end=\"1064\" \/>\ud83c\udf47\u2744\ufe0f <strong data-start=\"1069\" data-end=\"1083\">Grape Ice:<\/strong> Kraftig drue med k\u00f8lig eftersmag<\/p>\n<p data-start=\"1113\" data-end=\"1254\"><strong data-start=\"1113\" data-end=\"1155\">8. Jordb\u00e6r-vandmelon og appelsin-sodavand<\/strong><br data-start=\"1155\" data-end=\"1158\" \/>\ud83c\udf53\ud83c\udf49 <strong data-start=\"1163\" data-end=\"1189\">Strawberry Watermelon:<\/strong> Bl\u00f8d, saftig klassiker<br data-start=\"1209\" data-end=\"1212\" \/>\ud83c\udf4a\ud83e\udd64 <strong data-start=\"1217\" data-end=\"1233\">Appelsinsodavand:<\/strong> Fizzy citrusglimmer<\/p>\n<p data-start=\"1256\" data-end=\"1383\"><strong data-start=\"1256\" data-end=\"1290\">9. Cola Ice &amp; Kirseb\u00e6r-Traneb\u00e6r<\/strong><br data-start=\"1290\" data-end=\"1293\" \/>\ud83e\udd64\u2744\ufe0f <strong data-start=\"1298\" data-end=\"1311\">Cola Ice:<\/strong> Kold, forfriskende cola<br data-start=\"1333\" data-end=\"1336\" \/>\ud83c\udf52\ud83e\uded0 <strong data-start=\"1341\" data-end=\"1362\">Kirseb\u00e6r-traneb\u00e6r:<\/strong> S\u00f8d-sur b\u00e6rblanding<\/p>\n<p data-start=\"1385\" data-end=\"1524\"><strong data-start=\"1385\" data-end=\"1422\">10. Bl\u00e5b\u00e6ris og solb\u00e6r<\/strong><br data-start=\"1422\" data-end=\"1425\" \/>\ud83e\uded0\u2744\ufe0f <strong data-start=\"1430\" data-end=\"1448\">Bl\u00e5b\u00e6r-is:<\/strong> S\u00f8d, k\u00f8let bl\u00e5b\u00e6r<br data-start=\"1472\" data-end=\"1475\" \/>\ud83c\udf47\ud83c\udf11 <strong data-start=\"1480\" data-end=\"1498\">Solb\u00e6r:<\/strong> Dyb, fyldig, let syrlig<\/p>\n<p data-start=\"1526\" data-end=\"1693\"><strong data-start=\"1526\" data-end=\"1574\">11. Hindb\u00e6r Mojito Ferskenis &amp; Lady Killer<\/strong><br data-start=\"1574\" data-end=\"1577\" \/>\ud83c\udf51\ud83c\udf43 <strong data-start=\"1582\" data-end=\"1613\">Hindb\u00e6r Mojito Ferskenis:<\/strong> Mintagtig, frugtagtig, k\u00f8lig<br data-start=\"1636\" data-end=\"1639\" \/>\ud83d\udc9b\ud83c\udf38 <strong data-start=\"1644\" data-end=\"1660\">Lady Killer:<\/strong> Glat, premium blanding i shisha-stil<\/p>\n<p data-start=\"1695\" data-end=\"1844\"><strong data-start=\"1695\" data-end=\"1736\">12. Vandmelon-is og jordb\u00e6r-mamba<\/strong><br data-start=\"1736\" data-end=\"1739\" \/>\ud83c\udf49\u2744\ufe0f <strong data-start=\"1744\" data-end=\"1763\">Watermelon Ice:<\/strong> Frisk, iskold melon<br data-start=\"1780\" data-end=\"1783\" \/>\ud83c\udf53\ud83d\udc0d <strong data-start=\"1788\" data-end=\"1809\">Jordb\u00e6r Mamba:<\/strong> S\u00f8d, kraftig, slikagtig jordb\u00e6r<\/p>\n<h2>FAQ \u2753<\/h2>\n<h3>1. Hvordan fungerer skiftet mellem de to smagsvarianter?<\/h3>\n<p>Enheden bruger en magnetisk glidemekanisme. Tryk og tr\u00e6k for at skifte smag med det samme \u2013 ingen knapper, ingen forsinkelse.<\/p>\n<h3>2. Hvor l\u00e6nge holder 120.000 pust?<\/h3>\n<p>Det varierer fra bruger til bruger, men de fleste, der bruger e-cigaretter meget, kan bruge en enhed i flere uger.<\/p>\n<h3>3. Beskadiger skift af smagsvarianter spolen?<\/h3>\n<p>Nr. Bang Leader 120K har uafh\u00e6ngige oliekanaler for stabil spoleydelse.<\/p>\n<h3>4. Er den genopladelig?<\/h3>\n<p>Ja, den bruger en Type-C-hurtigopladningsport til hurtig genopladning.<\/p>\n<h3>5. Hvilke nikotinniveauer er tilg\u00e6ngelige?<\/h3>\n<p>Du kan v\u00e6lge 0%, 2%, 3% eller 5% afh\u00e6ngigt af din region og pr\u00e6ference.<\/p>\n<h3>6. Er dette egnet til begyndere?<\/h3>\n<p>Ja! Den er tr\u00e6kaktiveret, nem at bruge og vedligeholdelsesfri.<\/p>\n<h3>7. Hvordan kontrollerer jeg batteri og e-v\u00e6ske?<\/h3>\n<p>Den indbyggede sk\u00e6rm viser batteriniveau, e-v\u00e6ske, antal sug og aktiv smagskanal.<\/p>\n<h3>8. Hvad skal jeg g\u00f8re, hvis det smager br\u00e6ndt?<\/h3>\n<p>Lad enheden hvile i et par sekunder, eller juster luftstr\u00f8mmen. Hvis problemet forts\u00e6tter, skal du kontakte kundesupport.<\/p>\n<h2>Perfekt til\u2026 \ud83d\udcbc<\/h2>\n<p>Bang Leader 120K er ideel til tunge brugere, smagsj\u00e6gere, rejsende vapers, vape-butikshylder og engrosdistribution i store m\u00e6ngder. Med et enormt antal pust, dobbelte smagsvarianter og premium-konstruktion er det et f\u00f8rsteklasses produkt for B2B-k\u00f8bere, der s\u00f8ger lagerbeholdning med h\u00f8j eftersp\u00f8rgsel.<\/p>\n<p>Uanset om du fylder din butik eller leder efter en langtidsholdbar personlig vape, er denne 120K-kraftpakke klar til at imponere. \ud83d\ude80<\/p>","protected":false},"excerpt":{"rendered":"<p>Bang Leader 120K 2-i-1 engangs-vape med 120.000 pust, j\u00e6vn skift mellem to smagsvarianter og fyldige skyer. Ideel til B2B-distribut\u00f8rer, vape-butikker og store ordrer.<\/p>","protected":false},"featured_media":91143,"comment_status":"open","ping_status":"closed","template":"","meta":[],"product_brand":[239],"product_cat":[336,37],"product_tag":[328,431,434,432,433],"class_list":{"0":"post-91142","1":"product","2":"type-product","3":"status-publish","4":"has-post-thumbnail","6":"product_brand-bang","7":"product_cat-100k-puffs-disposable-vape","8":"product_cat-bang","9":"product_tag-120000-puffs-vape","10":"product_tag-bang-leader-120k","11":"product_tag-bang-vape","12":"product_tag-dual-flavor-disposable","13":"product_tag-rechargeable-vape","15":"first","16":"instock","17":"shipping-taxable","18":"purchasable","19":"product-type-variable","20":"has-default-attributes"},"jetpack_sharing_enabled":true,"tiered_pricing_type":"fixed","tiered_pricing_fixed_rules":{"30":8.8100000000000004973799150320701301097869873046875,"50":7,"100":6.480000000000000426325641456060111522674560546875,"200":5.9900000000000002131628207280300557613372802734375,"400":5.769999999999999573674358543939888477325439453125},"tiered_pricing_product_settings":{"layout":"default","base_unit_name":{"singular":null,"plural":null},"default_variation":null},"tiered_pricing_minimum_quantity":10,"tiered_pricing_roles_data":[],"tiered_pricing_percentage_rules":[],"tiered_pricing_maximum_quantity":null,"tiered_pricing_quantity_step":"10","_links":{"self":[{"href":"https:\/\/aiviouvapes.com\/da\/wp-json\/wp\/v2\/product\/91142","targetHints":{"allow":["GET"]}}],"collection":[{"href":"https:\/\/aiviouvapes.com\/da\/wp-json\/wp\/v2\/product"}],"about":[{"href":"https:\/\/aiviouvapes.com\/da\/wp-json\/wp\/v2\/types\/product"}],"replies":[{"embeddable":true,"href":"https:\/\/aiviouvapes.com\/da\/wp-json\/wp\/v2\/comments?post=91142"}],"wp:featuredmedia":[{"embeddable":true,"href":"https:\/\/aiviouvapes.com\/da\/wp-json\/wp\/v2\/media\/91143"}],"wp:attachment":[{"href":"https:\/\/aiviouvapes.com\/da\/wp-json\/wp\/v2\/media?parent=91142"}],"wp:term":[{"taxonomy":"product_brand","embeddable":true,"href":"https:\/\/aiviouvapes.com\/da\/wp-json\/wp\/v2\/product_brand?post=91142"},{"taxonomy":"product_cat","embeddable":true,"href":"https:\/\/aiviouvapes.com\/da\/wp-json\/wp\/v2\/product_cat?post=91142"},{"taxonomy":"product_tag","embeddable":true,"href":"https:\/\/aiviouvapes.com\/da\/wp-json\/wp\/v2\/product_tag?post=91142"}],"curies":[{"name":"wp","href":"https:\/\/api.w.org\/{rel}","templated":true}]}}