{"id":91105,"date":"2025-12-08T23:17:17","date_gmt":"2025-12-08T15:17:17","guid":{"rendered":"https:\/\/aiviouvapes.com\/?post_type=product&#038;p=91105"},"modified":"2026-03-17T11:24:22","modified_gmt":"2026-03-17T03:24:22","slug":"bang-leader-85k","status":"publish","type":"product","link":"https:\/\/aiviouvapes.com\/da\/product\/bang-leader-85k\/","title":{"rendered":"Bang Leader 85K | 3-i-1 tredobbelt smag, 85000 pust, 70 ml, bulk engangs vape"},"content":{"rendered":"<p>Introduktion af <strong>Bang Leader 85000 pust<\/strong>, en banebrydende engangs-vape designet til dem, der kr\u00e6ver mere. Dette er ikke bare en standard-vape; det er et kraftcenter med h\u00f8j kapacitet, der er bygget til lang levetid og tilfredshed. Med en svimlende <strong>70 ml e-v\u00e6skebeholder<\/strong> og en robust <strong>850 mAh genopladeligt batteri<\/strong>, Denne enhed sikrer, at du bruger mere tid p\u00e5 at dampe og mindre tid p\u00e5 at bekymre dig om, at batteriet l\u00f8ber t\u00f8r. \ud83d\udd0b\u2728<\/p>\n<p>Det mest fremtr\u00e6dende tr\u00e6k er den innovative <strong>3-i-1 smagssystem<\/strong>. Tr\u00e6t af den samme smag? Skift blot indstillingerne for at nyde tre forskellige premium-smagsvarianter i \u00e9n og samme enhed! Udviklet med en <strong>1,0\u03a9 mesh spole<\/strong>, leverer den ensartet, j\u00e6vn og fyldig damp fra f\u00f8rste til sidste sug. Perfekt til <strong>ejere af vape-butikker<\/strong> p\u00e5 udkig efter et popul\u00e6rt produkt eller ivrige dampere, der s\u00f8ger v\u00e6rdi for pengene. \ud83c\udfc6\ud83d\udce6<\/p>\n<h3>\ud83c\udf1f Hvorfor v\u00e6lge Bang Leader 85000?<\/h3>\n<ul>\n<li><strong>\ud83d\udd04 3-i-1 smagsteknologi:<\/strong> Nyd tre forskellige smagsvarianter i \u00e9n kompakt enhed. Skift \u00f8jeblikkeligt efter dit hum\u00f8r!<\/li>\n<li><strong>\ud83d\udca7 Massiv kapacitet p\u00e5 70 ml:<\/strong> En af markedets st\u00f8rste kapaciteter, der underst\u00f8tter utrolige 85.000 pust.<\/li>\n<li><strong>\u26a1 Type-C genopladelig:<\/strong> Hurtig opladning via Type-C-porten sikrer, at dit 850 mAh-batteri altid er klar til brug.<\/li>\n<li><strong>\u2601\ufe0f Avanceret mesh-spole:<\/strong> 1,0 \u03a9 modstandsmesh-spolen garanterer forbedret smagsrenhed og tyk dampproduktion.<\/li>\n<li><strong>\ud83c\udf9a\ufe0f Fleksible nikotinmuligheder:<\/strong> F\u00e5s i 0%, 2%, 3% og 5% for at im\u00f8dekomme alle kunders pr\u00e6ferencer.<\/li>\n<\/ul>\n<h3>\ud83d\udcca Bang Leader 85K Specifikationer<\/h3>\n<table>\n<thead>\n<tr>\n<th align=\"left\">Funktion<\/th>\n<th align=\"left\">Detaljer<\/th>\n<\/tr>\n<\/thead>\n<tbody>\n<tr>\n<td><strong>Antal pust<\/strong><\/td>\n<td>Op til 85.000 pust<\/td>\n<\/tr>\n<tr>\n<td><strong>E-v\u00e6ske-kapacitet<\/strong><\/td>\n<td>70 ml<\/td>\n<\/tr>\n<tr>\n<td><strong>Smagssystem<\/strong><\/td>\n<td>3-i-1 tredobbelt smagsskifter<\/td>\n<\/tr>\n<tr>\n<td><strong>Batteri<\/strong><\/td>\n<td>850 mAh (genopladelig)<\/td>\n<\/tr>\n<tr>\n<td><strong>Opladning<\/strong><\/td>\n<td>Type-C-port<\/td>\n<\/tr>\n<tr>\n<td><strong>Spole<\/strong><\/td>\n<td>1,0\u03a9 mesh spole<\/td>\n<\/tr>\n<tr>\n<td><strong>Nikotinstyrke<\/strong><\/td>\n<td>0% (0 mg), 2% (20 mg), 3% (30 mg), 5% (50 mg)<\/td>\n<\/tr>\n<\/tbody>\n<\/table>\n<h3>\ud83c\udf6d Bang Leader 85K smagskombinationer (3 smagsvarianter pr. enhed)<\/h3>\n<p>Hver Bang Leader-enhed er fyldt med tre l\u00e6kre smagsvarianter. V\u00e6lg din favoritblanding:<\/p>\n<ul>\n<li>\ud83c\udf4c <strong>Blanding 1:<\/strong> Bananis \/ Jordb\u00e6r-vandmelon \/ Bj\u00f8rnegummi<\/li>\n<li>\ud83d\udc09 <strong>Blanding 2:<\/strong> Sort drageis \/ skumfidus \/ sommerdr\u00f8m<\/li>\n<li>\ud83e\uded0 <strong>Blanding 3:<\/strong> Bl\u00e5b\u00e6ris \/ Bl\u00e5 Raz \/ Duftende p\u00e6re<\/li>\n<li>\ud83c\udf4d <strong>Blanding 4:<\/strong> Kirseb\u00e6r-traneb\u00e6r \/ Fersken-mango \/ Ananas<\/li>\n<li>\ud83e\udd64 <strong>Blanding 5:<\/strong> Coke Ice \/ \u00c6ble-fersken \/ Pink Lemonade<\/li>\n<li>\ud83e\udd5d <strong>Blanding 6:<\/strong> Drueis \/ Jordb\u00e6r-kiwi \/ Passionsfrugt-guava<\/li>\n<li>\ud83d\udc9c <strong>Blanding 7:<\/strong> Love 666 \/ Bl\u00e5b\u00e6r-hindb\u00e6r \/ Vimto<\/li>\n<li>\ud83c\udf79 <strong>Bland 8:<\/strong> Blandet frugt \/ Mojito Fersken \/ Bl\u00e5b\u00e6r Hindb\u00e6r<\/li>\n<li>\ud83c\udf53 <strong>Blanding 9:<\/strong> Ananas-is \/ Jordb\u00e6r-Red Bull \/ Blandede b\u00e6r<\/li>\n<li>\ud83c\udf4e <strong>Bland 10:<\/strong> R\u00f8d \u00e6bleis \/ Hindb\u00e6r-vandmelon \/ Aloe-drue<\/li>\n<li>\ud83c\udf66 <strong>Bland 11:<\/strong> Red Bull \/ Bl\u00e5b\u00e6r-vandmelon \/ Jordb\u00e6ris<\/li>\n<li>\ud83c\udf4a <strong>Bland 12:<\/strong> Jordb\u00e6r-is \/ Citron-appelsin \/ Vandmelon-tyggegummi<\/li>\n<li>\ud83c\udf4c <strong>Bland 13:<\/strong> Jordb\u00e6r Hindb\u00e6r \/ Solb\u00e6r \/ Jordb\u00e6r Banan<\/li>\n<li>\ud83c\udf52 <strong>Bland 14:<\/strong> Jordb\u00e6r-vandmelon \/ Kirseb\u00e6r-cola \/ Jordb\u00e6rcreme<\/li>\n<li>\ud83e\udd6d <strong>Bland 15:<\/strong> Vandmelon-is \/ Mango-fersken \/ Appelsin-sodavand<\/li>\n<\/ul>\n<p><strong>Bang Leader 85000 pust<\/strong> s\u00e6tter en ny standard for engangs-vapes. Den er perfekt egnet til <strong>storforbrugere<\/strong> der \u00f8nsker bekvemmelighed uden kompromiser, og <strong>smagsj\u00e6gere<\/strong> der elsker variation. For <strong>detailhandlere og grossister<\/strong>, Denne h\u00f8jtydende enhed med flere smagsvarianter er et must-have, der tiltr\u00e6kker kunder, der s\u00f8ger den bedste v\u00e6rdi og den nyeste teknologi. Opgrader dit lager i dag! \ud83d\ude80\ud83d\uded2<\/p>\n<h3>\u2753 Ofte stillede sp\u00f8rgsm\u00e5l (FAQ)<\/h3>\n<p><strong>Sp\u00f8rgsm\u00e5l: Hvordan skifter jeg smag p\u00e5 Bang Leader 85K?<\/strong><br \/>\nA: Enheden har en enkel omskiftermekanisme, der giver dig mulighed for at skifte mellem de tre separate v\u00e6sketanke indeni. \ud83d\udd00<\/p>\n<p><strong>Sp\u00f8rgsm\u00e5l: Er batteriet genopladeligt?<\/strong><br \/>\nA: Ja! Den leveres med et 850 mAh batteri, der nemt kan genoplades ved hj\u00e6lp af et standard Type-C-opladerkabel. \ud83d\udd0c<\/p>\n<p><strong>Sp\u00f8rgsm\u00e5l: Er dette produkt velegnet til engrosdistribution?<\/strong><br \/>\nA: Absolut. Det unikke 3-i-1-salgsargument og det h\u00f8je antal pust g\u00f8r det til et meget attraktivt produkt for B2B-k\u00f8bere og vape-butikker. \ud83c\udfed<\/p>\n<p><strong>Sp\u00f8rgsm\u00e5l: Hvor l\u00e6nge holder 85.000 sug?<\/strong><br \/>\nA: Med 70 ml v\u00e6ske kan denne enhed holde i flere uger afh\u00e6ngigt af dine brugsvaner, hvilket g\u00f8r den ekstremt omkostningseffektiv. \ud83d\uddd3\ufe0f<\/p>","protected":false},"excerpt":{"rendered":"<p>Massive 85.000 pust, 3-i-1 smagsveksling og 70 ml kapacitet! Bang Leader 85K er den ultimative langtidsholdbare genopladelige vape til grossister og smagsj\u00e6gere. \ud83c\udf2c\ufe0f\ud83d\udca8<\/p>","protected":false},"featured_media":91116,"comment_status":"open","ping_status":"closed","template":"","meta":[],"product_brand":[239],"product_cat":[336,242,37],"product_tag":[443,444,442,445,433],"class_list":{"0":"post-91105","1":"product","2":"type-product","3":"status-publish","4":"has-post-thumbnail","6":"product_brand-bang","7":"product_cat-100k-puffs-disposable-vape","8":"product_cat-60000-puffs-disposable-vape","9":"product_cat-bang","10":"product_tag-3-in-1-flavor-vape","11":"product_tag-85000-puffs-disposable","12":"product_tag-bang-leader-85000-puffs","13":"product_tag-bang-vape-wholesale","14":"product_tag-rechargeable-vape","16":"first","17":"instock","18":"shipping-taxable","19":"purchasable","20":"product-type-variable","21":"has-default-attributes"},"jetpack_sharing_enabled":true,"tiered_pricing_type":"fixed","tiered_pricing_fixed_rules":{"30":9.07000000000000028421709430404007434844970703125,"50":7.519999999999999573674358543939888477325439453125,"100":7,"200":6.61000000000000031974423109204508364200592041015625,"400":5.8300000000000000710542735760100185871124267578125},"tiered_pricing_product_settings":{"layout":"default","base_unit_name":{"singular":null,"plural":null},"default_variation":null},"tiered_pricing_minimum_quantity":10,"tiered_pricing_roles_data":[],"tiered_pricing_percentage_rules":[],"tiered_pricing_maximum_quantity":null,"tiered_pricing_quantity_step":"10","_links":{"self":[{"href":"https:\/\/aiviouvapes.com\/da\/wp-json\/wp\/v2\/product\/91105","targetHints":{"allow":["GET"]}}],"collection":[{"href":"https:\/\/aiviouvapes.com\/da\/wp-json\/wp\/v2\/product"}],"about":[{"href":"https:\/\/aiviouvapes.com\/da\/wp-json\/wp\/v2\/types\/product"}],"replies":[{"embeddable":true,"href":"https:\/\/aiviouvapes.com\/da\/wp-json\/wp\/v2\/comments?post=91105"}],"wp:featuredmedia":[{"embeddable":true,"href":"https:\/\/aiviouvapes.com\/da\/wp-json\/wp\/v2\/media\/91116"}],"wp:attachment":[{"href":"https:\/\/aiviouvapes.com\/da\/wp-json\/wp\/v2\/media?parent=91105"}],"wp:term":[{"taxonomy":"product_brand","embeddable":true,"href":"https:\/\/aiviouvapes.com\/da\/wp-json\/wp\/v2\/product_brand?post=91105"},{"taxonomy":"product_cat","embeddable":true,"href":"https:\/\/aiviouvapes.com\/da\/wp-json\/wp\/v2\/product_cat?post=91105"},{"taxonomy":"product_tag","embeddable":true,"href":"https:\/\/aiviouvapes.com\/da\/wp-json\/wp\/v2\/product_tag?post=91105"}],"curies":[{"name":"wp","href":"https:\/\/api.w.org\/{rel}","templated":true}]}}