{"id":87834,"date":"2025-11-27T15:01:42","date_gmt":"2025-11-27T07:01:42","guid":{"rendered":"https:\/\/aiviouvapes.com\/?post_type=product&#038;p=87834"},"modified":"2026-03-17T12:27:33","modified_gmt":"2026-03-17T04:27:33","slug":"uzy-tornado-30k","status":"publish","type":"product","link":"https:\/\/aiviouvapes.com\/da\/product\/uzy-tornado-30k\/","title":{"rendered":"UZY Tornado 30K | dual-flavor RGB display 30000 puffs 40ml mega tank bulk engangs vape"},"content":{"rendered":"<p><strong>UZY Tornado 30000 pust<\/strong> giver dig massive skyer, kraftig ydeevne og to smagsvarianter i \u00e9n enhed. Med en <strong>Olietank med to rum<\/strong>, <strong>justerbar effekt<\/strong>, <strong>1,0\u03a9 mesh-spole<\/strong>, og en fantastisk <strong>RGD-sk\u00e6rm<\/strong>, Denne enhed kombinerer stil, teknologi og langvarig tilfredshed. Ideel til b\u00e5de detailkunder og stork\u00f8bere. \ud83d\udd25<\/p>\n<h2>Hvorfor v\u00e6lge UZY Tornado 30000? \ud83c\udf2a\ufe0f<\/h2>\n<ul>\n<li>\ud83c\udf6d <strong>Dual-Flavor System<\/strong> - Skift mellem to smagsvarianter med det samme ved hj\u00e6lp af tanken med to rum.<\/li>\n<li>\ud83d\udcfa <strong>Dynamisk RGD-sk\u00e6rm<\/strong> - Viser tydeligt separate oliestande + batteriindikator.<\/li>\n<li>\ud83d\udca8 <strong>Op til 30.000 pust<\/strong> - Langtidsholdbart design til dampning hele dagen.<\/li>\n<li>\u26a1 <strong>Justerbare str\u00f8mindstillinger<\/strong> - Tilpas intensiteten af hvert tr\u00e6k.<\/li>\n<li>\ud83d\udd0c <strong>Hurtig Type-C-opladning<\/strong> - Drevet af et genopladeligt batteri p\u00e5 850 mAh.<\/li>\n<li>\ud83c\udf2c\ufe0f <strong>Enkelt og dobbelt tr\u00e6kfunktion<\/strong> - V\u00e6lg smooth eller boosted dampoutput.<\/li>\n<li>\ud83e\uddca <strong>1,0\u03a9 mesh spole<\/strong> - Fyldigere damp, glattere smag og st\u00e6rkere smagsafgivelse.<\/li>\n<li>\ud83e\uddc3 <strong>40 ml e-v\u00e6ske-kapacitet<\/strong> - L\u00e6ngere sessioner med f\u00e6rre genopfyldninger.<\/li>\n<li>\ud83d\udc8e <strong>Premium-kvalitet<\/strong> - H\u00f8jteknologisk udseende og ergonomisk greb.<\/li>\n<li>\ud83c\udf0d <strong>Nikotinindstillinger: 2%, 3%, 5%<\/strong> - Passer til forskellige markedsbehov.<\/li>\n<\/ul>\n<h3>UZY Tornado 30K Specifikationer \ud83d\udcd8<\/h3>\n<table>\n<tbody>\n<tr>\n<td><strong>Antal pust<\/strong><\/td>\n<td>Op til 30000 pust<\/td>\n<\/tr>\n<tr>\n<td><strong>E-v\u00e6ske-kapacitet<\/strong><\/td>\n<td>40 ml (dobbelt rum)<\/td>\n<\/tr>\n<tr>\n<td><strong>Batteri<\/strong><\/td>\n<td>850 mAh genopladelig<\/td>\n<\/tr>\n<tr>\n<td><strong>Opladningsport<\/strong><\/td>\n<td>Type-C hurtig opladning<\/td>\n<\/tr>\n<tr>\n<td><strong>Spoletype<\/strong><\/td>\n<td>1,0\u03a9 mesh spole<\/td>\n<\/tr>\n<tr>\n<td><strong>Str\u00f8mindstillinger<\/strong><\/td>\n<td>Justerbar udgangseffekt<\/td>\n<\/tr>\n<tr>\n<td><strong>Tilstande<\/strong><\/td>\n<td>Enkelt og dobbelt tr\u00e6kfunktion<\/td>\n<\/tr>\n<tr>\n<td><strong>Nikotinstyrke<\/strong><\/td>\n<td>2%, 3%, 5%<\/td>\n<\/tr>\n<tr>\n<td><strong>Sk\u00e6rmvisning<\/strong><\/td>\n<td>Dynamisk RGD-display (olie- og batteriniveauer)<\/td>\n<\/tr>\n<tr>\n<td><strong>Smagsmuligheder<\/strong><\/td>\n<td>10 kombinationer af to smage<\/td>\n<\/tr>\n<\/tbody>\n<\/table>\n<h3>UZY Tornado 30K tilg\u00e6ngelige smagsvarianter \ud83c\udf6c\ud83c\udf49\u2744\ufe0f<\/h3>\n<p>Hvert smagspar giver en frisk, lagdelt smagsoplevelse:<\/p>\n<ul>\n<li>\ud83c\udf49\u2744\ufe0f <strong>Vandmelon-is &amp; citron-lime<\/strong> - K\u00f8lig melon med et strejf af citrus.<\/li>\n<li>\ud83c\udf52\u2728 <strong>Fizzy Cherry Ice &amp; Blueberry Cotton Candy<\/strong> - S\u00f8d candy twist med iskold kirseb\u00e6rbrus.<\/li>\n<li>\ud83c\udf53\ud83d\udc99 <strong>Jordb\u00e6r vandmelon &amp; bl\u00e5b\u00e6r hindb\u00e6r<\/strong> - Frugtagtig dobbelt gl\u00e6de.<\/li>\n<li>\u26a1\ud83e\udd6d <strong>Red Bull Is &amp; Jordb\u00e6r Mango<\/strong> - Energisk, iskold blanding m\u00f8der tropisk mango.<\/li>\n<li>\ud83c\udf51\ud83c\udf4d <strong>Fersken-is &amp; ananas-mango-fersken<\/strong> - Bl\u00f8d fersken m\u00f8der tropisk s\u00f8dme.<\/li>\n<li>\ud83c\udf47\u2744\ufe0f <strong>Grape Ice &amp; Strawberry Kiwi<\/strong> - Iskold grape med et syrligt twist.<\/li>\n<li>\ud83c\udf53\ud83c\udf4f <strong>Blandede b\u00e6r &amp; dobbelt \u00e6bleis<\/strong> - B\u00e6r med forfriskende \u00e6bleis.<\/li>\n<li>\ud83d\udc99\ud83c\udf4b <strong>Blue Razz Lemonade &amp; Watermelon Bubblegum<\/strong> - S\u00f8dt, surt og sjovt.<\/li>\n<li>\ud83c\udf51\ud83c\udf49 <strong>Fersken, b\u00e6r og vandmelon Mango Fersken<\/strong> - Lagdelt frugtagtig eksplosion.<\/li>\n<li>\ud83e\uded0\ud83d\udc09 <strong>Bl\u00e5b\u00e6r-is &amp; sort drage-is<\/strong> - Dyb, iskold intensitet.<\/li>\n<\/ul>\n<h3>Perfekt til \u2714\ufe0f<\/h3>\n<p>Heavy vapers, smagsj\u00e6gere, ejere af vape-butikker, onlineforhandlere og engrosdistribut\u00f8rer, der har brug for en p\u00e5lidelig, h\u00f8jtydende engangsenhed med dobbelt smag og massivt antal puf og st\u00e6rk kundeappel.<\/p>\n<p>Overordnet set, <strong>UZY Tornado 30000<\/strong> er en f\u00f8rsteklasses engangsdamper med dobbelt smag designet til brugere, der kr\u00e6ver langvarig ydeevne, justerbar kraft og fed smag. Med sit avancerede RGD-display, store kapacitet p\u00e5 40 ml, netspole og enorme levetid p\u00e5 30.000 pust er det et perfekt valg for storforbrugere, dampbutikker og engrosdistribut\u00f8rer, der er p\u00e5 udkig efter en tops\u00e6lgende enhed.<\/p>\n<h3>FAQ \u2753<\/h3>\n<p><strong>Q: Hvor l\u00e6nge holder UZY Tornado 30000?<\/strong><br \/>\nA: Afh\u00e6ngigt af brugsstil, op til 30000 pust - nok til mange dages regelm\u00e6ssig dampning.<\/p>\n<p><strong>Q: Kan jeg skifte mellem de to smagsvarianter?<\/strong><br \/>\nA: Ja! Tanken med to rum giver dig mulighed for at nyde to smagsvarianter i \u00e9n enhed.<\/p>\n<p><strong>Q: Er den genopladelig?<\/strong><br \/>\nA: Ja, den bruger Type-C-hurtigopladning til stabil str\u00f8mydelse.<\/p>\n<p><strong>Q: Er sk\u00e6rmen i realtid?<\/strong><br \/>\nSvar: Det dynamiske RGD-display viser olieniveauer i realtid for begge tanke samt batteristatus.<\/p>\n<p><strong>Q: Er den egnet til engroshandel?<\/strong><br \/>\nA: Absolut - det h\u00f8je antal pust, det f\u00f8rsteklasses design og den store eftersp\u00f8rgsel p\u00e5 markedet g\u00f8r den perfekt til massebestillinger.<\/p>\n<p><strong>Q: Hvilke nikotinstyrker er tilg\u00e6ngelige?<\/strong><br \/>\nA: 2%, 3% og 5% for at passe til forskellige markeder og regler.<\/p>","protected":false},"excerpt":{"rendered":"<p>Oplev en engangsdamper med dobbelt smag og 30000 pust med en dynamisk RGD-sk\u00e6rm, en stor 40 ml tank, justerbar str\u00f8m og hurtig Type-C-opladning - bygget til langvarig ydeevne og rig smag. Perfekt til vape-elskere og engrosdistribut\u00f8rer. \ud83d\ude80<\/p>","protected":false},"featured_media":87835,"comment_status":"open","ping_status":"closed","template":"","meta":[],"product_brand":[254],"product_cat":[253,131,137,146,138,141,143],"product_tag":[395,397,394,393,396],"class_list":{"0":"post-87834","1":"product","2":"type-product","3":"status-publish","4":"has-post-thumbnail","6":"product_brand-uzy","7":"product_cat-uzy","8":"product_cat-30000-puffs-disposable-vape","9":"product_cat-disposable-vapes-in-germany","10":"product_cat-disposable-vapes-in-hungary","11":"product_cat-disposable-vapes-in-ltaly","12":"product_cat-disposable-vapes-in-poland","13":"product_cat-disposable-vapes-in-spain","14":"product_tag-30000-puffs-rgd-screen-vape","15":"product_tag-bulk-vape-supplier","16":"product_tag-dual-flavor-disposable-vape","17":"product_tag-uzy-tornado-30000-vape","18":"product_tag-wholesale-disposable-vape","20":"first","21":"instock","22":"shipping-taxable","23":"purchasable","24":"product-type-variable","25":"has-default-attributes"},"jetpack_sharing_enabled":true,"tiered_pricing_type":"fixed","tiered_pricing_fixed_rules":{"1000":5.37000000000000010658141036401502788066864013671875},"tiered_pricing_product_settings":{"layout":"default","base_unit_name":{"singular":null,"plural":null},"default_variation":null},"tiered_pricing_minimum_quantity":1000,"tiered_pricing_roles_data":[],"tiered_pricing_percentage_rules":[],"tiered_pricing_maximum_quantity":null,"tiered_pricing_quantity_step":"10","_links":{"self":[{"href":"https:\/\/aiviouvapes.com\/da\/wp-json\/wp\/v2\/product\/87834","targetHints":{"allow":["GET"]}}],"collection":[{"href":"https:\/\/aiviouvapes.com\/da\/wp-json\/wp\/v2\/product"}],"about":[{"href":"https:\/\/aiviouvapes.com\/da\/wp-json\/wp\/v2\/types\/product"}],"replies":[{"embeddable":true,"href":"https:\/\/aiviouvapes.com\/da\/wp-json\/wp\/v2\/comments?post=87834"}],"wp:featuredmedia":[{"embeddable":true,"href":"https:\/\/aiviouvapes.com\/da\/wp-json\/wp\/v2\/media\/87835"}],"wp:attachment":[{"href":"https:\/\/aiviouvapes.com\/da\/wp-json\/wp\/v2\/media?parent=87834"}],"wp:term":[{"taxonomy":"product_brand","embeddable":true,"href":"https:\/\/aiviouvapes.com\/da\/wp-json\/wp\/v2\/product_brand?post=87834"},{"taxonomy":"product_cat","embeddable":true,"href":"https:\/\/aiviouvapes.com\/da\/wp-json\/wp\/v2\/product_cat?post=87834"},{"taxonomy":"product_tag","embeddable":true,"href":"https:\/\/aiviouvapes.com\/da\/wp-json\/wp\/v2\/product_tag?post=87834"}],"curies":[{"name":"wp","href":"https:\/\/api.w.org\/{rel}","templated":true}]}}