{"id":8675,"date":"2024-08-19T16:12:48","date_gmt":"2024-08-19T16:12:48","guid":{"rendered":"https:\/\/aiviouvapes.com\/?post_type=product&#038;p=8675"},"modified":"2026-04-17T13:01:27","modified_gmt":"2026-04-17T05:01:27","slug":"vapsolo-viking-12000-puffs-2-5-2-2","status":"publish","type":"product","link":"https:\/\/aiviouvapes.com\/da\/product\/vapsolo-viking-12000-puffs-2-5-2-2\/","title":{"rendered":"Vapsolo Viking 12000 Puffs | 22mL, 650mAh, luftstr\u00f8mskontrol, LCD display, bulk vape"},"content":{"rendered":"<p><iframe title=\"VideoPress Videoafspiller\" aria-label='VideoPress Videoafspiller' width='1020' height='574' src='https:\/\/videopress.com\/embed\/ngfVq1VJ?hd=0&amp;cover=1' frameborder='0' allowfullscreen allow='clipboard-write'><\/iframe><script src='https:\/\/v0.wordpress.com\/js\/next\/videopress-iframe.js?m=1739540970'><\/script><\/p>\n<h2>Vapsolo Viking 12000 pust | 22ml e-v\u00e6ske, 650mAh batteri, mesh-spole, justerbar luftstr\u00f8m, LCD-sk\u00e6rm, type-C genopladelig, k\u00f8b engangsvape engros<\/h2>\n<h3>VapSolo Viking 12000 Puffs Oversigt og funktioner<\/h3>\n<p>VapSolo Viking 12000 Puffs er omhyggeligt udformet til at levere en f\u00f8rsteklasses dampoplevelse med op til 12.000 pust. Dens 22 ml e-v\u00e6ske reservoir minimerer genopfyldning, hvilket giver langvarig nydelse, mens det robuste 650mAh genopladelige batteri og Type-C opladningsport sikrer ensartet, langvarig str\u00f8m og hurtige opladninger. Vikings avancerede mesh coil-teknologi med 1,0\u03a9 modstand skaber j\u00e6vn, smagfuld damp med hvert pust. Denne enhed kan tilpasses med et justerbart luftstr\u00f8mssystem i fire niveauer og et LCD-display til nem overv\u00e5gning og kombinerer ydeevne med bekvemmelighed i et kompakt letv\u00e6gtsdesign.<\/p>\n<ul>\n<li><strong>12.000 Puffs<\/strong>: Giver langvarig brug og l\u00e6ngerevarende tilfredshed.<\/li>\n<li><strong>22 ml e-v\u00e6ske-kapacitet<\/strong>: Reducerer behovet for hyppige genopfyldninger, hvilket \u00f8ger bekvemmeligheden.<\/li>\n<li><strong>650 mAh batteri<\/strong>: Giver p\u00e5lidelig, genopladelig str\u00f8m til konstant ydelse.<\/li>\n<li><strong>Mesh-spole med 1,0\u03a9 modstand<\/strong>: Sikrer en j\u00e6vn og fyldig dampproduktion.<\/li>\n<li><strong>Justerbar luftstr\u00f8m i fire niveauer<\/strong>: Tilpas hvert pust for at opn\u00e5 dit foretrukne tr\u00e6k.<\/li>\n<li><strong>LCD Display<\/strong>: Overv\u00e5ger nemt batteriets levetid og vape-status.<\/li>\n<\/ul>\n<h3>VapSolo Viking 12000 Puffs Smagsudvalg<\/h3>\n<p>Blueberry Raspberry, Blueberry, Cherry, Watermelon Ice, Strawberry Kiwi, Strawberry Watermelon, Summer Dream, Blueberry Cherry Cranberry, Lemon Lime, Gummy Bear, Strawberry Banana, Fresh Mint, Strawberry Raspberry Ice, Lemon Peach, Red Apple Ice.<\/p>\n<h3>Hvorfor v\u00e6lge VapSolo Viking 12000 Puffs?<\/h3>\n<p>VapSolo Viking 12000 Puffs tilbyder en unik kombination af h\u00f8j kapacitet, luftstr\u00f8m, der kan tilpasses, og et varieret smagsudvalg, hvilket g\u00f8r den ideel til dampere, der s\u00f8ger bekvemmelighed, ydeevne og smag. Denne enhed f\u00e5s til engrosdistribution og er perfekt til detailhandlere, der \u00f8nsker at levere et produkt i topkvalitet. Med funktioner som LCD-display og hurtig Type-C-opladning er VapSolo Viking 12000 designet til at im\u00f8dekomme behovene hos b\u00e5de afslappede og erfarne dampere og levere en enest\u00e5ende og tilfredsstillende dampoplevelse hver gang.<\/p>\n<p><img data-recalc-dims=\"1\" loading=\"lazy\" decoding=\"async\" class=\"alignnone wp-image-8990 size-full\" title=\"VapSolo Viking 12000 Puffs 2% 5% Low Nicotine Bulk Buy Rechargeable Disposable Vapes Pen Wholesale\" src=\"https:\/\/i0.wp.com\/aiviouvapes.com\/wp-content\/uploads\/2024\/08\/Vapsolo-2-5-Available-Disposable-Vape-EU-Warehouse-Viking-12000-12K-Puff-Vaper-Electronic-Cigarette-Germany-Vaporizer.webp?resize=800%2C800&#038;ssl=1\" alt=\"VapSolo Viking 12000 Puffs 2% 5% Low Nicotine Bulk Buy Rechargeable Disposable Vapes Pen Wholesale\" width=\"800\" height=\"800\" srcset=\"https:\/\/i0.wp.com\/aiviouvapes.com\/wp-content\/uploads\/2024\/08\/Vapsolo-2-5-Available-Disposable-Vape-EU-Warehouse-Viking-12000-12K-Puff-Vaper-Electronic-Cigarette-Germany-Vaporizer.webp?w=800&amp;ssl=1 800w, https:\/\/i0.wp.com\/aiviouvapes.com\/wp-content\/uploads\/2024\/08\/Vapsolo-2-5-Available-Disposable-Vape-EU-Warehouse-Viking-12000-12K-Puff-Vaper-Electronic-Cigarette-Germany-Vaporizer.webp?resize=300%2C300&amp;ssl=1 300w, https:\/\/i0.wp.com\/aiviouvapes.com\/wp-content\/uploads\/2024\/08\/Vapsolo-2-5-Available-Disposable-Vape-EU-Warehouse-Viking-12000-12K-Puff-Vaper-Electronic-Cigarette-Germany-Vaporizer.webp?resize=150%2C150&amp;ssl=1 150w, https:\/\/i0.wp.com\/aiviouvapes.com\/wp-content\/uploads\/2024\/08\/Vapsolo-2-5-Available-Disposable-Vape-EU-Warehouse-Viking-12000-12K-Puff-Vaper-Electronic-Cigarette-Germany-Vaporizer.webp?resize=768%2C768&amp;ssl=1 768w, https:\/\/i0.wp.com\/aiviouvapes.com\/wp-content\/uploads\/2024\/08\/Vapsolo-2-5-Available-Disposable-Vape-EU-Warehouse-Viking-12000-12K-Puff-Vaper-Electronic-Cigarette-Germany-Vaporizer.webp?resize=12%2C12&amp;ssl=1 12w, https:\/\/i0.wp.com\/aiviouvapes.com\/wp-content\/uploads\/2024\/08\/Vapsolo-2-5-Available-Disposable-Vape-EU-Warehouse-Viking-12000-12K-Puff-Vaper-Electronic-Cigarette-Germany-Vaporizer.webp?resize=100%2C100&amp;ssl=1 100w\" sizes=\"auto, (max-width: 800px) 100vw, 800px\" \/><\/p>\n<h3>Hvorfor v\u00e6lge AiviouVapes<\/h3>\n<p>Velkommen til <a href=\"https:\/\/aiviouvapes.com\/da\/\">AiviouVapes<\/a> - din p\u00e5lidelige kilde til f\u00f8rsteklasses, overkommelige <a href=\"https:\/\/aiviouvapes.com\/da\/shop\/\">engros engangs-vapes<\/a> til virkelig lave priser. Med over fem \u00e5rs ekspertise i vape-industrien tilbyder vi stolt et h\u00e5ndplukket udvalg af f\u00f8rende m\u00e6rker, herunder <a href=\"https:\/\/aiviouvapes.com\/da\/vare-kategori\/waspe\/\">WASPE<\/a>, <a href=\"https:\/\/aiviouvapes.com\/da\/vare-kategori\/bang\/\">Bang Vape<\/a>, <a href=\"https:\/\/aiviouvapes.com\/da\/vare-kategori\/vapme-vapes\/\">Vapme<\/a>og <a href=\"https:\/\/aiviouvapes.com\/da\/vare-kategori\/mrvi\/\">MRVI<\/a>.<\/p>\n<p>Fra high-puff-enheder som <a href=\"https:\/\/aiviouvapes.com\/da\/vare\/waspe-4-in-1-100000-puffs\/\">WASPE 100K 4-i-1-smag<\/a> til dristige favoritter som f.eks. <a href=\"https:\/\/aiviouvapes.com\/da\/vare\/bang-king-triple-flavors-85000\/\">Bang 85.000 Triple Puff<\/a>og endda den sp\u00e6ndende <a class=\"woocommerce-LoopProduct-link woocommerce-loop-product__link\" href=\"https:\/\/aiviouvapes.com\/da\/vare\/mystery-vape-blind-box\/\">Mystisk engangs-dampboks<\/a>Hvert produkt er udvalgt efter topkvalitet og uovertruffen v\u00e6rdi. Hos AiviouVapes f\u00e5r du god service, engrosbesparelser og en kollektion, der er designet til at passe til dine dampbehov.<\/p>\n<div class=\"row row-large row-full-width align-middle\"  id=\"row-1281640240\">\n\n\n\t<div id=\"col-603928844\" class=\"col medium-3 small-6 large-3\"  >\n\t\t\t\t<div class=\"col-inner text-center\"  >\n\t\t\t\n\t\t\t\n\n\n\t\t<div class=\"icon-box featured-box icon-box-top text-left\"  >\n\t\t\t\t\t<div class=\"icon-box-img\" style=\"width: 90px\">\n\t\t\t\t<div class=\"icon\">\n\t\t\t\t\t<div class=\"icon-inner\" >\n\t\t\t\t\t\t<img loading=\"lazy\" decoding=\"async\" width=\"200\" height=\"200\" src=\"https:\/\/i0.wp.com\/aiviouvapes.com\/wp-content\/uploads\/2024\/08\/vape-1-1.png?fit=200%2C200&amp;ssl=1\" class=\"attachment-medium size-medium\" alt=\"Hvorfor v\u00e6lge AIVIOUVAPES\" srcset=\"https:\/\/i0.wp.com\/aiviouvapes.com\/wp-content\/uploads\/2024\/08\/vape-1-1.png?w=200&amp;ssl=1 200w, https:\/\/i0.wp.com\/aiviouvapes.com\/wp-content\/uploads\/2024\/08\/vape-1-1.png?resize=150%2C150&amp;ssl=1 150w, https:\/\/i0.wp.com\/aiviouvapes.com\/wp-content\/uploads\/2024\/08\/vape-1-1.png?resize=12%2C12&amp;ssl=1 12w, https:\/\/i0.wp.com\/aiviouvapes.com\/wp-content\/uploads\/2024\/08\/vape-1-1.png?resize=100%2C100&amp;ssl=1 100w\" sizes=\"auto, (max-width: 200px) 100vw, 200px\" title=\"\">\t\t\t\t\t<\/div>\n\t\t\t\t<\/div>\n\t\t\t<\/div>\n\t\t\t\t<div class=\"icon-box-text last-reset\">\n\t\t\t\t\t\t\t\t\t\n\n\t<div id=\"text-1132660040\" class=\"text\">\n\t\t\n\n<h3 style=\"text-align: center;\">Omfattende Vape Variety<\/h3>\n<p style=\"text-align: center;\">Oplev vores brede udvalg af produkter, lavet til at passe til enhver pr\u00e6ference.<\/p>\n\t\t\n<style>\n#text-1132660040 {\n  font-size: 0.9rem;\n}\n<\/style>\n\t<\/div>\n\t\n\n\t\t<\/div>\n\t<\/div>\n\t\n\t\n\n\t\t<\/div>\n\t\t\t\t\t<\/div>\n\n\t\n\n\t<div id=\"col-1962530750\" class=\"col medium-3 small-6 large-3\"  >\n\t\t\t\t<div class=\"col-inner text-center\"  >\n\t\t\t\n\t\t\t\n\n\n\t\t<div class=\"icon-box featured-box icon-box-top text-left\"  >\n\t\t\t\t\t<div class=\"icon-box-img\" style=\"width: 90px\">\n\t\t\t\t<div class=\"icon\">\n\t\t\t\t\t<div class=\"icon-inner\" >\n\t\t\t\t\t\t<img loading=\"lazy\" decoding=\"async\" width=\"200\" height=\"200\" src=\"https:\/\/i0.wp.com\/aiviouvapes.com\/wp-content\/uploads\/2024\/08\/save-money-1-1-1.png?fit=200%2C200&amp;ssl=1\" class=\"attachment-medium size-medium\" alt=\"Hvorfor v\u00e6lge AIVIOUVAPES\" srcset=\"https:\/\/i0.wp.com\/aiviouvapes.com\/wp-content\/uploads\/2024\/08\/save-money-1-1-1.png?w=200&amp;ssl=1 200w, https:\/\/i0.wp.com\/aiviouvapes.com\/wp-content\/uploads\/2024\/08\/save-money-1-1-1.png?resize=150%2C150&amp;ssl=1 150w, https:\/\/i0.wp.com\/aiviouvapes.com\/wp-content\/uploads\/2024\/08\/save-money-1-1-1.png?resize=12%2C12&amp;ssl=1 12w, https:\/\/i0.wp.com\/aiviouvapes.com\/wp-content\/uploads\/2024\/08\/save-money-1-1-1.png?resize=100%2C100&amp;ssl=1 100w\" sizes=\"auto, (max-width: 200px) 100vw, 200px\" title=\"\">\t\t\t\t\t<\/div>\n\t\t\t\t<\/div>\n\t\t\t<\/div>\n\t\t\t\t<div class=\"icon-box-text last-reset\">\n\t\t\t\t\t\t\t\t\t\n\n\t<div id=\"text-1345465181\" class=\"text\">\n\t\t\n\n<h3 style=\"text-align: center;\">Uovertruffen v\u00e6rdi<\/h3>\n<p style=\"text-align: center;\">Nyd produkter i topkvalitet til priser, der passer til dit budget.<\/p>\n\t\t\n<style>\n#text-1345465181 {\n  font-size: 0.9rem;\n}\n<\/style>\n\t<\/div>\n\t\n\n\t\t<\/div>\n\t<\/div>\n\t\n\t\n\n\t\t<\/div>\n\t\t\t\t\t<\/div>\n\n\t\n\n\t<div id=\"col-770649380\" class=\"col medium-3 small-6 large-3\"  >\n\t\t\t\t<div class=\"col-inner text-center\"  >\n\t\t\t\n\t\t\t\n\n\n\t\t<div class=\"icon-box featured-box icon-box-top text-left\"  >\n\t\t\t\t\t<div class=\"icon-box-img\" style=\"width: 90px\">\n\t\t\t\t<div class=\"icon\">\n\t\t\t\t\t<div class=\"icon-inner\" >\n\t\t\t\t\t\t<img loading=\"lazy\" decoding=\"async\" width=\"200\" height=\"200\" src=\"https:\/\/i0.wp.com\/aiviouvapes.com\/wp-content\/uploads\/2024\/08\/delivery-truck-1-1.png?fit=200%2C200&amp;ssl=1\" class=\"attachment-medium size-medium\" alt=\"Hvorfor v\u00e6lge AIVIOUVAPES\" srcset=\"https:\/\/i0.wp.com\/aiviouvapes.com\/wp-content\/uploads\/2024\/08\/delivery-truck-1-1.png?w=200&amp;ssl=1 200w, https:\/\/i0.wp.com\/aiviouvapes.com\/wp-content\/uploads\/2024\/08\/delivery-truck-1-1.png?resize=150%2C150&amp;ssl=1 150w, https:\/\/i0.wp.com\/aiviouvapes.com\/wp-content\/uploads\/2024\/08\/delivery-truck-1-1.png?resize=12%2C12&amp;ssl=1 12w, https:\/\/i0.wp.com\/aiviouvapes.com\/wp-content\/uploads\/2024\/08\/delivery-truck-1-1.png?resize=100%2C100&amp;ssl=1 100w\" sizes=\"auto, (max-width: 200px) 100vw, 200px\" title=\"\">\t\t\t\t\t<\/div>\n\t\t\t\t<\/div>\n\t\t\t<\/div>\n\t\t\t\t<div class=\"icon-box-text last-reset\">\n\t\t\t\t\t\t\t\t\t\n\n\t<div id=\"text-1353259696\" class=\"text\">\n\t\t\n\n<h3 style=\"text-align: center;\">Hurtig Global Forsendelse<\/h3>\n<p style=\"text-align: center;\">Vi leverer til hele verden med garanteret toldbehandling for en problemfri oplevelse.<\/p>\n\t\t\n<style>\n#text-1353259696 {\n  font-size: 0.9rem;\n}\n<\/style>\n\t<\/div>\n\t\n\n\t\t<\/div>\n\t<\/div>\n\t\n\t\n\n\t\t<\/div>\n\t\t\t\t\t<\/div>\n\n\t\n\n\t<div id=\"col-1959125941\" class=\"col medium-3 small-6 large-3\"  >\n\t\t\t\t<div class=\"col-inner text-center\"  >\n\t\t\t\n\t\t\t\n\n\n\t\t<div class=\"icon-box featured-box icon-box-top text-left\"  >\n\t\t\t\t\t<div class=\"icon-box-img\" style=\"width: 90px\">\n\t\t\t\t<div class=\"icon\">\n\t\t\t\t\t<div class=\"icon-inner\" >\n\t\t\t\t\t\t<img loading=\"lazy\" decoding=\"async\" width=\"200\" height=\"200\" src=\"https:\/\/i0.wp.com\/aiviouvapes.com\/wp-content\/uploads\/2024\/08\/support-1-1.png?fit=200%2C200&amp;ssl=1\" class=\"attachment-medium size-medium\" alt=\"Hvorfor v\u00e6lge AIVIOUVAPES\" srcset=\"https:\/\/i0.wp.com\/aiviouvapes.com\/wp-content\/uploads\/2024\/08\/support-1-1.png?w=200&amp;ssl=1 200w, https:\/\/i0.wp.com\/aiviouvapes.com\/wp-content\/uploads\/2024\/08\/support-1-1.png?resize=150%2C150&amp;ssl=1 150w, https:\/\/i0.wp.com\/aiviouvapes.com\/wp-content\/uploads\/2024\/08\/support-1-1.png?resize=12%2C12&amp;ssl=1 12w, https:\/\/i0.wp.com\/aiviouvapes.com\/wp-content\/uploads\/2024\/08\/support-1-1.png?resize=100%2C100&amp;ssl=1 100w\" sizes=\"auto, (max-width: 200px) 100vw, 200px\" title=\"\">\t\t\t\t\t<\/div>\n\t\t\t\t<\/div>\n\t\t\t<\/div>\n\t\t\t\t<div class=\"icon-box-text last-reset\">\n\t\t\t\t\t\t\t\t\t\n\n\t<div id=\"text-4262755493\" class=\"text\">\n\t\t\n\n<h3 style=\"text-align: center;\">Assistance d\u00f8gnet rundt<\/h3>\n<p style=\"text-align: center;\">N\u00e5 vores supportteam n\u00e5r som helst, 24\/7, via WhatsApp eller e-mail.<\/p>\n\t\t\n<style>\n#text-4262755493 {\n  font-size: 0.9rem;\n}\n<\/style>\n\t<\/div>\n\t\n\n\t\t<\/div>\n\t<\/div>\n\t\n\t\n\n\t\t<\/div>\n\t\t\t\t\t<\/div>\n\n\t\n\n<\/div>\n<div class=\"row row-full-width align-middle\"  id=\"row-1108514364\">\n\n\n\t<div id=\"col-1264595347\" class=\"col medium-6 small-12 large-6\"  >\n\t\t\t\t<div class=\"col-inner\"  >\n\t\t\t\n\t\t\t\n\n\t<div class=\"img has-hover x md-x lg-x y md-y lg-y\" id=\"image_994741735\">\n\t\t\t\t\t\t\t\t<div class=\"img-inner dark\" >\n\t\t\t<img loading=\"lazy\" decoding=\"async\" width=\"930\" height=\"1024\" src=\"https:\/\/i0.wp.com\/aiviouvapes.com\/wp-content\/uploads\/2024\/08\/%E6%8B%BC%E5%9B%BE.jpg?fit=930%2C1024&amp;ssl=1\" class=\"attachment-large size-large\" alt=\"Hvorfor v\u00e6lge AIVIOUVAPES\" title=\"\">\t\t\t\t\t\t\n\t\t\t\t\t<\/div>\n\t\t\t\t\t\t\t\t\n<style>\n#image_994741735 {\n  width: 100%;\n}\n<\/style>\n\t<\/div>\n\t\n\n\n\t\t<\/div>\n\t\t\t\t\t<\/div>\n\n\t\n\n\t<div id=\"col-2138357579\" class=\"col medium-6 small-12 large-6\"  >\n\t\t\t\t<div class=\"col-inner\"  >\n\t\t\t\n\t\t\t\n\n<div class=\"container section-title-container\" ><h4 class=\"section-title section-title-normal\"><b aria-hidden=\"true\"><\/b><span class=\"section-title-main\" style=\"font-size:91%;\">Vores fordele<\/span><b aria-hidden=\"true\"><\/b><\/h4><\/div>\n\n<div class=\"accordion\">\n\n\t<div id=\"accordion-1514598945\" class=\"accordion-item\">\n\t\t<a id=\"accordion-1514598945-label\" class=\"accordion-title plain\" href=\"#accordion-item-commitment-to-quality\" aria-expanded=\"false\" aria-controls=\"accordion-1514598945-content\">\n\t\t\t<button class=\"toggle\" aria-label=\"Sl\u00e5 til\/fra\"><i class=\"icon-angle-down\" aria-hidden=\"true\"><\/i><\/button>\n\t\t\t<span>Forpligtelse til kvalitet<\/span>\n\t\t<\/a>\n\t\t<div id=\"accordion-1514598945-content\" class=\"accordion-inner\" aria-labelledby=\"accordion-1514598945-label\">\n\t\t\t\n\n<p>P\u00e5 <a href=\"https:\/\/aiviouvapes.com\/da\/\">AiviouVape<\/a>, kvalitet driver alt, hvad vi g\u00f8r. Vores engangsdampe er omhyggeligt udformet og grundigt testet for at opfylde de h\u00f8jeste standarder, hvilket sikrer en j\u00e6vn, p\u00e5lidelig vapingoplevelse hver gang. Med vores forpligtelse til nul defekter og nul klager, kan du stole p\u00e5, at du f\u00e5r det bedste.<\/p>\n\n\t\t<\/div>\n\t<\/div>\n\t\n\t<div id=\"accordion-1640149004\" class=\"accordion-item\">\n\t\t<a id=\"accordion-1640149004-label\" class=\"accordion-title plain\" href=\"#accordion-item-diverse-range-of-products\" aria-expanded=\"false\" aria-controls=\"accordion-1640149004-content\">\n\t\t\t<button class=\"toggle\" aria-label=\"Sl\u00e5 til\/fra\"><i class=\"icon-angle-down\" aria-hidden=\"true\"><\/i><\/button>\n\t\t\t<span>Mangfoldigt udvalg af produkter<\/span>\n\t\t<\/a>\n\t\t<div id=\"accordion-1640149004-content\" class=\"accordion-inner\" aria-labelledby=\"accordion-1640149004-label\">\n\t\t\t\n\n<p>Vi er stolte af at kunne tilbyde en bred vifte af f\u00f8rsteklasses engangs-dampere, der passer til alle pr\u00e6ferencer. Fra de nyeste innovationer til mange\u00e5rige fanfavoritter indeholder vores udvalg p\u00e5lidelige m\u00e6rker som Waspe, Vapme, RandM Tornado, Bang Box, ELF Box og Bang King. Uanset om du er p\u00e5 udkig efter den dristige smag fra Vapme eller det slanke design fra RandM Tornado, er vores kollektion skabt til at hj\u00e6lpe dig med at finde den perfekte vape, der matcher din smag og livsstil.<\/p>\n\n\n\t\t<\/div>\n\t<\/div>\n\t\n\t<div id=\"accordion-3557919769\" class=\"accordion-item\">\n\t\t<a id=\"accordion-3557919769-label\" class=\"accordion-title plain\" href=\"#accordion-item-wholesale-and-retail-solutions\" aria-expanded=\"false\" aria-controls=\"accordion-3557919769-content\">\n\t\t\t<button class=\"toggle\" aria-label=\"Sl\u00e5 til\/fra\"><i class=\"icon-angle-down\" aria-hidden=\"true\"><\/i><\/button>\n\t\t\t<span>L\u00f8sninger til engros- og detailhandel<\/span>\n\t\t<\/a>\n\t\t<div id=\"accordion-3557919769-content\" class=\"accordion-inner\" aria-labelledby=\"accordion-3557919769-label\">\n\t\t\t\n\n<p>AiviouVape opfylder kravene fra b\u00e5de detail- og engroskunder og leverer exceptionelle produkter og service hver gang. Hvis du er ny hos os, anbefaler vi at starte med et lille parti for at opleve vores kvalitet p\u00e5 egen h\u00e5nd. Med konkurrencedygtige priser og f\u00f8rsteklasses standarder er vi det betroede valg i engangsdampindustrien.\u00a0<\/p>\n\n\t\t<\/div>\n\t<\/div>\n\t\n\t<div id=\"accordion-3666426539\" class=\"accordion-item\">\n\t\t<a id=\"accordion-3666426539-label\" class=\"accordion-title plain\" href=\"#accordion-item-continuous-improvement\" aria-expanded=\"false\" aria-controls=\"accordion-3666426539-content\">\n\t\t\t<button class=\"toggle\" aria-label=\"Sl\u00e5 til\/fra\"><i class=\"icon-angle-down\" aria-hidden=\"true\"><\/i><\/button>\n\t\t\t<span>Kontinuerlig forbedring<\/span>\n\t\t<\/a>\n\t\t<div id=\"accordion-3666426539-content\" class=\"accordion-inner\" aria-labelledby=\"accordion-3666426539-label\">\n\t\t\t\n\n<p>Det, der adskiller AiviouVape, er vores dedikation til enest\u00e5ende kundeservice. Uanset om du har brug for r\u00e5dgivning f\u00f8r k\u00f8b eller assistance med en ordre, er vores team altid tilg\u00e6ngeligt via WhatsApp eller e-mail. Vi str\u00e6ber efter at opbygge varige relationer med vores kunder, hvilket sikrer din tilfredshed hvert trin p\u00e5 vejen.<\/p>\n\n\t\t<\/div>\n\t<\/div>\n\t\n\t<div id=\"accordion-352812038\" class=\"accordion-item\">\n\t\t<a id=\"accordion-352812038-label\" class=\"accordion-title plain\" href=\"#accordion-item-quality-assurance\" aria-expanded=\"false\" aria-controls=\"accordion-352812038-content\">\n\t\t\t<button class=\"toggle\" aria-label=\"Sl\u00e5 til\/fra\"><i class=\"icon-angle-down\" aria-hidden=\"true\"><\/i><\/button>\n\t\t\t<span>Kvalitetssikring<\/span>\n\t\t<\/a>\n\t\t<div id=\"accordion-352812038-content\" class=\"accordion-inner\" aria-labelledby=\"accordion-352812038-label\">\n\t\t\t\n\n<p>P\u00e5 alle stadier \u2013 produktudvikling, produktion, markedsf\u00f8ring og distribution \u2013 vakler vores forpligtelse til kvalitet aldrig. Vores engangsdampe gennemg\u00e5r strenge tests for at sikre, at de er ikke-giftige, rene og leverer enest\u00e5ende smag. Denne dedikation til ekspertise udg\u00f8r rygraden i vores virksomhedskultur.<\/p>\n\n\t\t<\/div>\n\t<\/div>\n\t\n\t<div id=\"accordion-2594108373\" class=\"accordion-item\">\n\t\t<a id=\"accordion-2594108373-label\" class=\"accordion-title plain\" href=\"#accordion-item-efficient-logistics-and-delivery\" aria-expanded=\"false\" aria-controls=\"accordion-2594108373-content\">\n\t\t\t<button class=\"toggle\" aria-label=\"Sl\u00e5 til\/fra\"><i class=\"icon-angle-down\" aria-hidden=\"true\"><\/i><\/button>\n\t\t\t<span>Effektiv logistik og levering<\/span>\n\t\t<\/a>\n\t\t<div id=\"accordion-2594108373-content\" class=\"accordion-inner\" aria-labelledby=\"accordion-2594108373-label\">\n\t\t\t\n\n<p>AiviouVape leverer effektiv logistik og levering, herunder DDP (Delivered Duty Paid)-tjenester, der sikrer problemfri toldbehandling uden gebyrer eller afgifter. Med hurtig levering og enest\u00e5ende kundesupport tilbyder vi en j\u00e6vn og p\u00e5lidelig oplevelse, hvilket g\u00f8r os til en betroet partner i branchen.<\/p>\n\n\t\t<\/div>\n\t<\/div>\n\t\n\t<div id=\"accordion-1576573602\" class=\"accordion-item\">\n\t\t<a id=\"accordion-1576573602-label\" class=\"accordion-title plain\" href=\"#accordion-item-odm-and-oem-services\" aria-expanded=\"false\" aria-controls=\"accordion-1576573602-content\">\n\t\t\t<button class=\"toggle\" aria-label=\"Sl\u00e5 til\/fra\"><i class=\"icon-angle-down\" aria-hidden=\"true\"><\/i><\/button>\n\t\t\t<span>ODM- og OEM-tjenester<\/span>\n\t\t<\/a>\n\t\t<div id=\"accordion-1576573602-content\" class=\"accordion-inner\" aria-labelledby=\"accordion-1576573602-label\">\n\t\t\t\n\n<p>AiviouVapes tilbyder fuld ODM (Original Design Manufacturing) og OEM (Original Equipment Manufacturing) tjenester. Med to store faciliteter hj\u00e6lper vi kunder med at designe unikke produkter og i\u00f8jnefaldende logoer til emballage. Vi tilbyder ogs\u00e5 gratis vejledning i emballagedesign og st\u00f8tter kunder, der pakker deres egne produkter, og sikrer, at deres brand skinner p\u00e5 markedet.<\/p>\n\n\t\t<\/div>\n\t<\/div>\n\t\n\n<\/div>\n\n\t\t<\/div>\n\t\t\t\t\t<\/div>\n\n\t\n\n<\/div>","protected":false},"excerpt":{"rendered":"<p>VapSolo Viking 12000 Puffs Disposable Vape leverer op til 12.000 pust med en 22 ml e-v\u00e6skekapacitet, tilpasselig luftstr\u00f8m og en mesh-spiral for glat, fyldig damp. Genopladelig og udstyret med en LCD-sk\u00e6rm er den ideel til dampere, der s\u00f8ger ydeevne, smag og bekvemmelighed.<\/p>\n<a href=\"https:\/\/aiviouvapes.com\/da\/why-waspe-40k-beats-vapsolo-viking-12000-puffs\/\" target=\"_blank\" class=\"button secondary is-secondary is-medium hide-this-btn1\" rel=\"noopener\" >\n\t\t<span>\ud83d\udc51 Opdag, hvorfor smarte dampere v\u00e6lger WASPE 40K frem for VapSolo Viking 12000 \u2705<\/span>\n\t<\/a>","protected":false},"featured_media":8677,"comment_status":"open","ping_status":"closed","template":"","meta":[],"product_brand":[228],"product_cat":[48,124,90,117,81,76,134,135,133,136,137,146,138,139,140,141,142,143,144,145,573,572,132,82],"product_tag":[],"class_list":{"0":"post-8675","1":"product","2":"type-product","3":"status-publish","4":"has-post-thumbnail","6":"product_brand-vapsolo","7":"product_cat-vapsolo","8":"product_cat-12000-puffs-disposable-vape","9":"product_cat-big-puffs-vapes","10":"product_cat-different-puffs-of-diposable-vapes","11":"product_cat-digital-box-vapes","12":"product_cat-disposable-vape-types","13":"product_cat-disposable-vapes-in-austria","14":"product_cat-disposable-vapes-in-belgium","15":"product_cat-disposable-vapes-in-europe","16":"product_cat-disposable-vapes-in-france","17":"product_cat-disposable-vapes-in-germany","18":"product_cat-disposable-vapes-in-hungary","19":"product_cat-disposable-vapes-in-ltaly","20":"product_cat-disposable-vapes-in-netherlands","21":"product_cat-disposable-vapes-in-norway","22":"product_cat-disposable-vapes-in-poland","23":"product_cat-disposable-vapes-in-portugal","24":"product_cat-disposable-vapes-in-spain","25":"product_cat-disposable-vapes-in-sweden","26":"product_cat-disposable-vapes-in-switzerland","27":"product_cat-new-3","28":"product_cat-new-2","29":"product_cat-rechargeable-vapes","30":"product_cat-smart-screen-vapes","32":"first","33":"instock","34":"shipping-taxable","35":"purchasable","36":"product-type-variable","37":"has-default-attributes"},"jetpack_sharing_enabled":true,"tiered_pricing_type":"fixed","tiered_pricing_fixed_rules":{"2000":5.6500000000000003552713678800500929355621337890625},"tiered_pricing_product_settings":{"layout":"default","base_unit_name":{"singular":null,"plural":null},"default_variation":null},"tiered_pricing_minimum_quantity":1000,"tiered_pricing_roles_data":[],"tiered_pricing_percentage_rules":[],"tiered_pricing_maximum_quantity":null,"tiered_pricing_quantity_step":"10","_links":{"self":[{"href":"https:\/\/aiviouvapes.com\/da\/wp-json\/wp\/v2\/product\/8675","targetHints":{"allow":["GET"]}}],"collection":[{"href":"https:\/\/aiviouvapes.com\/da\/wp-json\/wp\/v2\/product"}],"about":[{"href":"https:\/\/aiviouvapes.com\/da\/wp-json\/wp\/v2\/types\/product"}],"replies":[{"embeddable":true,"href":"https:\/\/aiviouvapes.com\/da\/wp-json\/wp\/v2\/comments?post=8675"}],"wp:featuredmedia":[{"embeddable":true,"href":"https:\/\/aiviouvapes.com\/da\/wp-json\/wp\/v2\/media\/8677"}],"wp:attachment":[{"href":"https:\/\/aiviouvapes.com\/da\/wp-json\/wp\/v2\/media?parent=8675"}],"wp:term":[{"taxonomy":"product_brand","embeddable":true,"href":"https:\/\/aiviouvapes.com\/da\/wp-json\/wp\/v2\/product_brand?post=8675"},{"taxonomy":"product_cat","embeddable":true,"href":"https:\/\/aiviouvapes.com\/da\/wp-json\/wp\/v2\/product_cat?post=8675"},{"taxonomy":"product_tag","embeddable":true,"href":"https:\/\/aiviouvapes.com\/da\/wp-json\/wp\/v2\/product_tag?post=8675"}],"curies":[{"name":"wp","href":"https:\/\/api.w.org\/{rel}","templated":true}]}}