{"id":5353,"date":"2024-08-19T03:51:49","date_gmt":"2024-08-18T19:51:49","guid":{"rendered":"https:\/\/aiviouvapes.com\/?post_type=product&#038;p=5353"},"modified":"2026-04-17T13:01:41","modified_gmt":"2026-04-17T05:01:41","slug":"aivono-winner-6000-puffs-disposable-wholesale","status":"publish","type":"product","link":"https:\/\/aiviouvapes.com\/da\/product\/aivono-winner-6000-puffs-disposable-wholesale\/","title":{"rendered":"AIVONO Winner 6000 Puffs | 0%-5% nikotin, 26 ml, dobbelt mesh, LCD display, bulk vape"},"content":{"rendered":"<h2>AIVONO Winner 6000 pust | 0% 2% 3% 5% nikotin, 26ml e-v\u00e6ske, dual mesh-spoler, LCD-sk\u00e6rm, type-C genopladelig, k\u00f8b engangsvape engros<\/h2>\n<h3>AIVONO WINNER 6000 Puffs Oversigt og funktioner<\/h3>\n<p>AIVONO WINNER 6000 puffs er designet til at levere udvidet tilfredshed og tilbyder op til 6000 puffs med en gener\u00f8s 15 ml e-juice kapacitet, der reducerer behovet for hyppige genopfyldninger. Drevet af et genopladeligt batteri p\u00e5 600 mAh underst\u00f8tter denne enhed langvarige vaping-sessioner, og Type-C-opladningsporten sikrer hurtig og effektiv genopladning. Tilg\u00e6ngelig i nikotinniveauer p\u00e5 0%, 2% og 5%, det henvender sig til forskellige pr\u00e6ferencer. 1,2\u03a9 mesh-spolen forbedrer smag og dampkonsistens, hvilket g\u00f8r hver pust glat og behagelig.<\/p>\n<ul>\n<li><strong>Op til 6000 pust<\/strong>: Giver omfattende brug, maksimerer v\u00e6rdi og bekvemmelighed.<\/li>\n<li><strong>15ml E-v\u00e6ske Kapacitet<\/strong>: Reducerer genopfyldningsfrekvensen for uafbrudt nydelse.<\/li>\n<li><strong>600 mAh batteri<\/strong>: Sikrer p\u00e5lidelig ydeevne med hurtig Type-C-opladning.<\/li>\n<li><strong>Muligheder for nikotin<\/strong>: Tilg\u00e6ngelig i 0%, 2% og 5% for en skr\u00e6ddersyet oplevelse.<\/li>\n<li><strong>1,2\u03a9 mesh spole<\/strong>: Leverer rig, glat smag og ensartet dampproduktion.<\/li>\n<\/ul>\n<h3>AIVONO WINNER 6000 Puffs Flavors p\u00e5 lager:<\/h3>\n<p>Vandmelon is, k\u00f8lig mynte, bananis, bl\u00e5b\u00e6r p\u00e5 is, ferskenis, drueis, grapefrugtappelsin, mangoguava, jordb\u00e6rpassionsfrugt, appelsinsodavand.<\/p>\n<h3>Hvorfor v\u00e6lge AIVONO WINNER 6000 pust?<\/h3>\n<p>AIVONO WINNER 6000 Puffs kombinerer h\u00f8j sugkapacitet, en bred vifte af smagsvarianter og avanceret mesh coil-teknologi, hvilket g\u00f8r den til et topvalg for dem, der s\u00f8ger kvalitet og bekvemmelighed. Dens lette, b\u00e6rbare design og genopladelige batteri g\u00f8r den ideel til brug p\u00e5 farten, mens engangsformatet betyder, at der ikke kr\u00e6ves genopfyldning eller vedligeholdelse. Perfekt til engros, denne enhed er en fremragende mulighed for detailhandlere, der sigter efter at tilbyde en engangsvape af h\u00f8j kvalitet. AIVONO WINNER 6000 Puffs giver en f\u00f8rsteklasses, tilfredsstillende vapingoplevelse med hvert pust.<img data-recalc-dims=\"1\" loading=\"lazy\" decoding=\"async\" class=\"alignnone wp-image-8224 size-full\" title=\"AIVONO WINNER 6000 Puffs 0% 2% 5% Nikotin Genopladelig Bulk Buy Engangs Vape Engros\" src=\"https:\/\/i0.wp.com\/aiviouvapes.com\/wp-content\/uploads\/2024\/08\/%E9%9B%86%E5%90%88%E5%9B%BE3.jpg?resize=1020%2C599&#038;ssl=1\" alt=\"AIVONO WINNER 6000 Puffs 0% 2% 5% Nikotin Genopladelig Bulk Buy Engangs Vape Engros\" width=\"1020\" height=\"599\" srcset=\"https:\/\/i0.wp.com\/aiviouvapes.com\/wp-content\/uploads\/2024\/08\/%E9%9B%86%E5%90%88%E5%9B%BE3.jpg?w=1920&amp;ssl=1 1920w, https:\/\/i0.wp.com\/aiviouvapes.com\/wp-content\/uploads\/2024\/08\/%E9%9B%86%E5%90%88%E5%9B%BE3.jpg?resize=300%2C176&amp;ssl=1 300w, https:\/\/i0.wp.com\/aiviouvapes.com\/wp-content\/uploads\/2024\/08\/%E9%9B%86%E5%90%88%E5%9B%BE3.jpg?resize=1024%2C602&amp;ssl=1 1024w, https:\/\/i0.wp.com\/aiviouvapes.com\/wp-content\/uploads\/2024\/08\/%E9%9B%86%E5%90%88%E5%9B%BE3.jpg?resize=768%2C451&amp;ssl=1 768w, https:\/\/i0.wp.com\/aiviouvapes.com\/wp-content\/uploads\/2024\/08\/%E9%9B%86%E5%90%88%E5%9B%BE3.jpg?resize=1536%2C902&amp;ssl=1 1536w, https:\/\/i0.wp.com\/aiviouvapes.com\/wp-content\/uploads\/2024\/08\/%E9%9B%86%E5%90%88%E5%9B%BE3.jpg?resize=18%2C12&amp;ssl=1 18w, https:\/\/i0.wp.com\/aiviouvapes.com\/wp-content\/uploads\/2024\/08\/%E9%9B%86%E5%90%88%E5%9B%BE3.jpg?resize=800%2C470&amp;ssl=1 800w\" sizes=\"auto, (max-width: 1020px) 100vw, 1020px\" \/><\/p>","protected":false},"excerpt":{"rendered":"<p>AIVONO WINNER 6000 pust tilbyder op til 6000 pust med en 15 ml e-v\u00e6skekapacitet, glat 1,2 \u03a9 mesh spole og et genopladeligt 600 mAh batteri. Tilg\u00e6ngelig i 0%, 2% og 5% nikotin, leverer den ensartet smag og tilfredshed i et b\u00e6rbart, vedligeholdelsesfrit design.<\/p>","protected":false},"featured_media":5354,"comment_status":"open","ping_status":"closed","template":"","meta":[],"product_brand":[],"product_cat":[41,119,117,76,134,135,133,136,137,146,138,139,140,141,142,143,144,145,116,573,572,132],"product_tag":[],"class_list":{"0":"post-5353","1":"product","2":"type-product","3":"status-publish","4":"has-post-thumbnail","6":"product_cat-aivono-vapes","7":"product_cat-5000-puffs-disposable-vape","8":"product_cat-different-puffs-of-diposable-vapes","9":"product_cat-disposable-vape-types","10":"product_cat-disposable-vapes-in-austria","11":"product_cat-disposable-vapes-in-belgium","12":"product_cat-disposable-vapes-in-europe","13":"product_cat-disposable-vapes-in-france","14":"product_cat-disposable-vapes-in-germany","15":"product_cat-disposable-vapes-in-hungary","16":"product_cat-disposable-vapes-in-ltaly","17":"product_cat-disposable-vapes-in-netherlands","18":"product_cat-disposable-vapes-in-norway","19":"product_cat-disposable-vapes-in-poland","20":"product_cat-disposable-vapes-in-portugal","21":"product_cat-disposable-vapes-in-spain","22":"product_cat-disposable-vapes-in-sweden","23":"product_cat-disposable-vapes-in-switzerland","24":"product_cat-mini-puffs-vapes","25":"product_cat-new-3","26":"product_cat-new-2","27":"product_cat-rechargeable-vapes","29":"first","30":"instock","31":"shipping-taxable","32":"purchasable","33":"product-type-variable","34":"has-default-attributes"},"jetpack_sharing_enabled":true,"tiered_pricing_type":"fixed","tiered_pricing_fixed_rules":{"2000":5.12999999999999989341858963598497211933135986328125},"tiered_pricing_product_settings":{"layout":"default","base_unit_name":{"singular":null,"plural":null},"default_variation":null},"tiered_pricing_minimum_quantity":1000,"tiered_pricing_roles_data":[],"tiered_pricing_percentage_rules":[],"tiered_pricing_maximum_quantity":null,"tiered_pricing_quantity_step":"10","_links":{"self":[{"href":"https:\/\/aiviouvapes.com\/da\/wp-json\/wp\/v2\/product\/5353","targetHints":{"allow":["GET"]}}],"collection":[{"href":"https:\/\/aiviouvapes.com\/da\/wp-json\/wp\/v2\/product"}],"about":[{"href":"https:\/\/aiviouvapes.com\/da\/wp-json\/wp\/v2\/types\/product"}],"replies":[{"embeddable":true,"href":"https:\/\/aiviouvapes.com\/da\/wp-json\/wp\/v2\/comments?post=5353"}],"wp:featuredmedia":[{"embeddable":true,"href":"https:\/\/aiviouvapes.com\/da\/wp-json\/wp\/v2\/media\/5354"}],"wp:attachment":[{"href":"https:\/\/aiviouvapes.com\/da\/wp-json\/wp\/v2\/media?parent=5353"}],"wp:term":[{"taxonomy":"product_brand","embeddable":true,"href":"https:\/\/aiviouvapes.com\/da\/wp-json\/wp\/v2\/product_brand?post=5353"},{"taxonomy":"product_cat","embeddable":true,"href":"https:\/\/aiviouvapes.com\/da\/wp-json\/wp\/v2\/product_cat?post=5353"},{"taxonomy":"product_tag","embeddable":true,"href":"https:\/\/aiviouvapes.com\/da\/wp-json\/wp\/v2\/product_tag?post=5353"}],"curies":[{"name":"wp","href":"https:\/\/api.w.org\/{rel}","templated":true}]}}