{"id":5272,"date":"2024-08-19T03:33:10","date_gmt":"2024-08-18T19:33:10","guid":{"rendered":"https:\/\/aiviouvapes.com\/?post_type=product&#038;p=5272"},"modified":"2026-04-17T13:01:43","modified_gmt":"2026-04-17T05:01:43","slug":"aivono-aim-puff-star-6500-puffs-disposable-wholesale","status":"publish","type":"product","link":"https:\/\/aiviouvapes.com\/da\/product\/aivono-aim-puff-star-6500-puffs-disposable-wholesale\/","title":{"rendered":"AIVONO Aim Puff Star 6500 Puffs | 0%-5% nikotin, 13mL, bulk engangs vape"},"content":{"rendered":"<h2>AIVONO Aim Puff Star 6500 pust | 0% 2% 5% nikotin, 13ml e-v\u00e6ske, 1,2\u03a9 mesh spole, type-c genopladelig, k\u00f8b engangsvape engros<\/h2>\n<h3>AIVONO AIM PUFF STAR 6500 Puffs Oversigt og funktioner<\/h3>\n<p>AIVONO AIM PUFF STAR 6500 puffs er lavet til l\u00e6ngerevarende nydelse og tilbyder op til 6500 puffs med et 13 ml e-juice reservoir for at reducere behovet for hyppige genopfyldninger. Drevet af et 400mAh genopladeligt batteri underst\u00f8tter denne enhed l\u00e6ngerevarende vaping-sessioner, mens Type-C-opladningsporten sikrer hurtig og effektiv genopladning. Tilg\u00e6ngelig i nikotinstyrkerne 0%, 2% og 5%, det henvender sig til forskellige pr\u00e6ferencer. 1,2 \u03a9 mesh-spolen forbedrer smag og dampkonsistens og leverer en glat og forn\u00f8jelig vape med hvert sug.<\/p>\n<ul>\n<li><strong>Op til 6500 pust<\/strong>: Giver langvarig brug, maksimerer bekvemmelighed og tilfredshed.<\/li>\n<li><strong>13ml E-v\u00e6ske Kapacitet<\/strong>: Reducerer behovet for genopfyldning, ideel til uafbrudt nydelse.<\/li>\n<li><strong>400mAh batteri<\/strong>: Sikrer p\u00e5lidelig ydeevne med hurtig Type-C-opladning.<\/li>\n<li><strong>Muligheder for nikotin<\/strong>: Tilg\u00e6ngelig i 0%, 2% og 5% for en skr\u00e6ddersyet oplevelse.<\/li>\n<li><strong>1,2\u03a9 mesh spole<\/strong>: Leverer rig, glat smag og ensartet dampproduktion.<\/li>\n<\/ul>\n<h3>AIVONO AIM PUFF STAR 6500 Puffs smag p\u00e5 lager:<\/h3>\n<p>Blandede b\u00e6r, Menthol Candy, Jordb\u00e6r Kiwi, Blandet Mango, Vandmelon, Jordb\u00e6ris, Energidrik, Blue Razz Berry, Coco Melon, Ferskenjuice.<\/p>\n<h3>Hvorfor v\u00e6lge AIVONO AIM PUFF STAR 6500 puffs?<\/h3>\n<p>AIVONO AIM PUFF STAR 6500 Puffs kombinerer h\u00f8j pustkapacitet, forskellige smagsvarianter og avanceret mesh coil-teknologi, hvilket g\u00f8r den ideel til vapers, der s\u00f8ger kvalitet og bekvemmelighed. Dets kompakte, b\u00e6rbare design og genopladelige batteri er perfekte til brug p\u00e5 farten, mens engangsformatet eliminerer vedligeholdelse. Ideel til engros, denne enhed er en fremragende mulighed for detailhandlere, der \u00f8nsker at tilbyde en premium engangsvape. Uanset om du er en erfaren vaper eller ny p\u00e5 scenen, lover AIVONO AIM PUFF STAR 6500 Puffs en tilfredsstillende og smagfuld oplevelse med hvert pust.<\/p>\n<p><img data-recalc-dims=\"1\" loading=\"lazy\" decoding=\"async\" class=\"alignnone wp-image-8222 size-full\" title=\"AIVONO AIM PUFF STAR 6500 Puffs 0% 2% 5% Nikotin Genopladelig Bulk Buy Engangs Vape Engros\" src=\"https:\/\/i0.wp.com\/aiviouvapes.com\/wp-content\/uploads\/2024\/08\/1-21.jpg?resize=1020%2C816&#038;ssl=1\" alt=\"AIVONO AIM PUFF STAR 6500 Puffs 0% 2% 5% Nikotin Genopladelig Bulk Buy Engangs Vape Engros\" width=\"1020\" height=\"816\" srcset=\"https:\/\/i0.wp.com\/aiviouvapes.com\/wp-content\/uploads\/2024\/08\/1-21.jpg?w=1876&amp;ssl=1 1876w, https:\/\/i0.wp.com\/aiviouvapes.com\/wp-content\/uploads\/2024\/08\/1-21.jpg?resize=300%2C240&amp;ssl=1 300w, https:\/\/i0.wp.com\/aiviouvapes.com\/wp-content\/uploads\/2024\/08\/1-21.jpg?resize=1024%2C819&amp;ssl=1 1024w, https:\/\/i0.wp.com\/aiviouvapes.com\/wp-content\/uploads\/2024\/08\/1-21.jpg?resize=768%2C614&amp;ssl=1 768w, https:\/\/i0.wp.com\/aiviouvapes.com\/wp-content\/uploads\/2024\/08\/1-21.jpg?resize=1536%2C1228&amp;ssl=1 1536w, https:\/\/i0.wp.com\/aiviouvapes.com\/wp-content\/uploads\/2024\/08\/1-21.jpg?resize=15%2C12&amp;ssl=1 15w, https:\/\/i0.wp.com\/aiviouvapes.com\/wp-content\/uploads\/2024\/08\/1-21.jpg?resize=800%2C640&amp;ssl=1 800w\" sizes=\"auto, (max-width: 1020px) 100vw, 1020px\" \/><\/p>","protected":false},"excerpt":{"rendered":"<p>\u2764\ufe0f\ud83d\udca8AIVONO AIM PUFF STAR 6500 Puffs tilbyder op til 6500 pust, en 13 ml e-v\u00e6skekapacitet og et 400mAh genopladeligt batteri til l\u00e6ngerevarende, problemfri vaping. Tilg\u00e6ngelig i flere nikotinstyrker, den har en 1,2\u03a9 mesh spole for glat, smagfuld damp. Perfekt til b\u00e5de personlig brug og engros.<\/p>","protected":false},"featured_media":5290,"comment_status":"open","ping_status":"closed","template":"","meta":[],"product_brand":[],"product_cat":[41,119,120,90,117,76,134,135,133,136,137,146,138,139,140,141,142,143,144,145,132],"product_tag":[],"class_list":{"0":"post-5272","1":"product","2":"type-product","3":"status-publish","4":"has-post-thumbnail","6":"product_cat-aivono-vapes","7":"product_cat-5000-puffs-disposable-vape","8":"product_cat-8000-puffs-disposable-vape","9":"product_cat-big-puffs-vapes","10":"product_cat-different-puffs-of-diposable-vapes","11":"product_cat-disposable-vape-types","12":"product_cat-disposable-vapes-in-austria","13":"product_cat-disposable-vapes-in-belgium","14":"product_cat-disposable-vapes-in-europe","15":"product_cat-disposable-vapes-in-france","16":"product_cat-disposable-vapes-in-germany","17":"product_cat-disposable-vapes-in-hungary","18":"product_cat-disposable-vapes-in-ltaly","19":"product_cat-disposable-vapes-in-netherlands","20":"product_cat-disposable-vapes-in-norway","21":"product_cat-disposable-vapes-in-poland","22":"product_cat-disposable-vapes-in-portugal","23":"product_cat-disposable-vapes-in-spain","24":"product_cat-disposable-vapes-in-sweden","25":"product_cat-disposable-vapes-in-switzerland","26":"product_cat-rechargeable-vapes","28":"first","29":"instock","30":"shipping-taxable","31":"purchasable","32":"product-type-variable","33":"has-default-attributes"},"jetpack_sharing_enabled":true,"tiered_pricing_type":"fixed","tiered_pricing_fixed_rules":{"2000":5.589999999999999857891452847979962825775146484375},"tiered_pricing_product_settings":{"layout":"default","base_unit_name":{"singular":null,"plural":null},"default_variation":null},"tiered_pricing_minimum_quantity":1000,"tiered_pricing_roles_data":[],"tiered_pricing_percentage_rules":[],"tiered_pricing_maximum_quantity":null,"tiered_pricing_quantity_step":"10","_links":{"self":[{"href":"https:\/\/aiviouvapes.com\/da\/wp-json\/wp\/v2\/product\/5272","targetHints":{"allow":["GET"]}}],"collection":[{"href":"https:\/\/aiviouvapes.com\/da\/wp-json\/wp\/v2\/product"}],"about":[{"href":"https:\/\/aiviouvapes.com\/da\/wp-json\/wp\/v2\/types\/product"}],"replies":[{"embeddable":true,"href":"https:\/\/aiviouvapes.com\/da\/wp-json\/wp\/v2\/comments?post=5272"}],"wp:featuredmedia":[{"embeddable":true,"href":"https:\/\/aiviouvapes.com\/da\/wp-json\/wp\/v2\/media\/5290"}],"wp:attachment":[{"href":"https:\/\/aiviouvapes.com\/da\/wp-json\/wp\/v2\/media?parent=5272"}],"wp:term":[{"taxonomy":"product_brand","embeddable":true,"href":"https:\/\/aiviouvapes.com\/da\/wp-json\/wp\/v2\/product_brand?post=5272"},{"taxonomy":"product_cat","embeddable":true,"href":"https:\/\/aiviouvapes.com\/da\/wp-json\/wp\/v2\/product_cat?post=5272"},{"taxonomy":"product_tag","embeddable":true,"href":"https:\/\/aiviouvapes.com\/da\/wp-json\/wp\/v2\/product_tag?post=5272"}],"curies":[{"name":"wp","href":"https:\/\/api.w.org\/{rel}","templated":true}]}}