{"id":46917,"date":"2025-07-29T21:23:27","date_gmt":"2025-07-29T13:23:27","guid":{"rendered":"https:\/\/aiviouvapes.com\/?post_type=product&#038;p=46917"},"modified":"2026-04-17T13:00:42","modified_gmt":"2026-04-17T05:00:42","slug":"mr-goodie-adjust-flavor-king-60000","status":"publish","type":"product","link":"https:\/\/aiviouvapes.com\/da\/product\/mr-goodie-adjust-flavor-king-60000\/","title":{"rendered":"Mr.Goodie Adjust Flavor King 60000 Puffs | triple flavor bulk engangs vape"},"content":{"rendered":"<p>\ud83d\ude80 G\u00f8r dig klar til at revolutionere din dampoplevelse med den NYE <b>Mr.Goodie Juster Flavor King 60000 Puffs<\/b>! \ud83d\udc51 Dette er ikke bare en vape; det er et smagsimperium i din lomme. Flavor King er designet til ultimativ tilfredshed og uovertruffen lang levetid og kan prale af utrolige 60.000 pust og et banebrydende tredobbelt smagssystem. Sig farvel til dagligdags dampning og goddag til en symfoni af smag! \u2728 Uanset om du er en erfaren vaper eller en butik, der \u00f8nsker at have det n\u00e6ste store p\u00e5 lager, er Mr.Goodie Adjust Flavor King din kronen p\u00e5 v\u00e6rket. \ud83d\udca8<\/p>\n<h2>Mr.Goodie Adjust Flavor King 60000 puffs produktoversigt og funktioner<\/h2>\n<p>Den <b>Mr.Goodie Juster Flavor King 60000<\/b> er et monumentalt spring i engangs vape-teknologi, der tilbyder et forbl\u00f8ffende antal pust og en innovativ smagsskiftemekanisme. Denne enhed er udviklet til b\u00e5de individuelle entusiaster og B2B-k\u00f8bere og omdefinerer bekvemmelighed og alsidighed. \ud83d\ude80<\/p>\n<ul>\n<li><b>Et hidtil uset antal pust:<\/b> Nyd op til <b>60.000 pust<\/b> i enkelt-smagstilstand eller 30.000 pust i blandet smagstilstand, hvilket sikrer langvarig brug. \ud83e\udd2f\ud83d\udca8<\/li>\n<li><b>Dobbelt e-v\u00e6ske-kapacitet:<\/b> Med et enormt <b>20ML + 20ML (40ML i alt)<\/b> e-juice-kapacitet, der giver langvarig nydelse uden hyppige udskiftninger. \ud83c\udf0a\ud83d\udd0b<\/li>\n<li><b>Justerbar nikotinstyrke:<\/b> Tilg\u00e6ngelig i <b>2% og 5% nikotinmuligheder<\/b> for at im\u00f8dekomme forskellige pr\u00e6ferencer. \u2705 nikotin<\/li>\n<li><b>Kraftfuld og genopladelig:<\/b> Udstyret med en robust <b>Genopladeligt batteri p\u00e5 950 mAh<\/b> og en praktisk <b>Type-C opladningsport<\/b> for uafbrudt dampning. \ud83d\udcaa\ud83d\udd0c<\/li>\n<li><b>Avanceret spoleteknologi:<\/b> <b>Dobbelte netspoler<\/b> kombineret med banebrydende <b>iDuomesh-teknologi<\/b> leverer ensartet, rig smag og massiv dampproduktion. \ud83d\ude80\ud83c\udf2c\ufe0f<\/li>\n<li><b>Intuitivt 3 LCD-display:<\/b> Overv\u00e5g nemt batterilevetid, e-v\u00e6skeniveauer og aktuel tilstand for en problemfri dampoplevelse. \ud83d\udcca\ud83d\udc40<\/li>\n<li><b>Tredobbelt smagssystem:<\/b> G\u00e5 p\u00e5 opdagelse <b>10 unikke tredobbelte smagskombinationer<\/b>Det giver dig mulighed for at skifte mellem to forskellige smage eller kombinere dem til en unik tredje oplevelse. \ud83c\udf53\ud83c\udf49\ud83c\udf4d\ud83c\udf4a<\/li>\n<\/ul>\n<h3>Specifikationer<\/h3>\n<table>\n<thead>\n<tr>\n<th>Funktion<\/th>\n<th>Detaljer<\/th>\n<\/tr>\n<\/thead>\n<tbody>\n<tr>\n<td>Muligheder for nikotin<\/td>\n<td>2%, 5%<\/td>\n<\/tr>\n<tr>\n<td>Puffs (enkelt smag)<\/td>\n<td>60.000 Puffs<\/td>\n<\/tr>\n<tr>\n<td>Puffs (blandede smagsvarianter)<\/td>\n<td>30.000 Puffs (Mix A + B)<\/td>\n<\/tr>\n<tr>\n<td>E-v\u00e6ske-kapacitet<\/td>\n<td>20ML + 20ML (40ML i alt)<\/td>\n<\/tr>\n<tr>\n<td>Batterikapacitet<\/td>\n<td>950 mAh (genopladelig)<\/td>\n<\/tr>\n<tr>\n<td>Opladningsport<\/td>\n<td>Type-C<\/td>\n<\/tr>\n<tr>\n<td>Spoletype<\/td>\n<td>Dobbelte netspoler, iDuomesh-teknologi<\/td>\n<\/tr>\n<tr>\n<td>Sk\u00e6rm<\/td>\n<td>3 LCD-sk\u00e6rme<\/td>\n<\/tr>\n<tr>\n<td>Smagstilstande<\/td>\n<td>Enkelt smag, blandede smage<\/td>\n<\/tr>\n<tr>\n<td>Total Triple Flavors<\/td>\n<td>10 unikke kombinationer<\/td>\n<\/tr>\n<\/tbody>\n<\/table>\n<p><span style=\"font-size: 20.16px;\">Smagskombinationer<\/span><\/p>\n<p>Oplev et sp\u00e6ndende udvalg af smagsmuligheder med Mr.Goodie Adjust Flavor King 60000. Hver enhed tilbyder tre forskellige dampoplevelser:<\/p>\n<table>\n<thead>\n<tr>\n<th>En smag<\/th>\n<th>B Smag<\/th>\n<th>Kombineret (A+B) smag<\/th>\n<\/tr>\n<\/thead>\n<tbody>\n<tr>\n<td>Vandmelon-is<\/td>\n<td>Tyggegummi<\/td>\n<td>Vandmelon tyggegummi<\/td>\n<\/tr>\n<tr>\n<td>Saftig fersken-is<\/td>\n<td>Cola Is<\/td>\n<td>Fersken-cola-is<\/td>\n<\/tr>\n<tr>\n<td>Bl\u00e5 hindb\u00e6r<\/td>\n<td>Kirseb\u00e6r og citron<\/td>\n<td>Bl\u00e5 hindb\u00e6r kirseb\u00e6r citron<\/td>\n<\/tr>\n<tr>\n<td>Jordb\u00e6r<\/td>\n<td>Vandmelon<\/td>\n<td>Jordb\u00e6r og vandmelon<\/td>\n<\/tr>\n<tr>\n<td>Gr\u00f8nt \u00e6ble<\/td>\n<td>Drue<\/td>\n<td>Gr\u00f8nt \u00e6ble drue<\/td>\n<\/tr>\n<tr>\n<td>Citron<\/td>\n<td>Regnbue-slik<\/td>\n<td>Citron-regnbue-slik<\/td>\n<\/tr>\n<tr>\n<td>Miami Mint<\/td>\n<td>Citron<\/td>\n<td>Citronmynte<\/td>\n<\/tr>\n<tr>\n<td>Ananas-kokosn\u00f8d<\/td>\n<td>Energi Is<\/td>\n<td>Energidrik med kokosn\u00f8d<\/td>\n<\/tr>\n<tr>\n<td>Drue<\/td>\n<td>Hindb\u00e6r<\/td>\n<td>Drue Hindb\u00e6r<\/td>\n<\/tr>\n<tr>\n<td>Appelsin Mango Guava<\/td>\n<td>Vingummibamse<\/td>\n<td>OMG Blow-Pop<\/td>\n<\/tr>\n<\/tbody>\n<\/table>\n<p>Hvorfor v\u00e6lge Mr.Goodie Adjust Flavor King 60000 Puffs?<\/p>\n<ul>\n<li>\ud83d\udc51 <b>Kongen af Puffs:<\/b> Med op til 60.000 pust er denne enhed i en liga for sig selv og tilbyder en levetid, som traditionelle engangsbrugere kun kan dr\u00f8mme om.<\/li>\n<li>\ud83c\udf08 <b>Tredobbelt smagsinnovation:<\/b> Dyk ned i 10 unikke tredobbelte smagskombinationer, der giver uovertruffen variation og forhindrer vaperens tunge. Skift efter behov!<\/li>\n<li>\ud83d\udd0b <b>Uovertruffen p\u00e5lidelighed:<\/b> Det genopladelige batteri p\u00e5 950 mAh og Type-C-opladning sikrer, at du altid er klar til dit n\u00e6ste sug og minimerer nedetiden.<\/li>\n<li>\ud83c\udf2c\ufe0f <b>Overlegen damp og smag:<\/b> Dual Mesh Coils og iDuomesh-teknologi garanterer en konstant j\u00e6vn, fyldig og tilfredsstillende dampoplevelse ved hvert eneste tr\u00e6k.<\/li>\n<li>\ud83d\udcca <b>Smart og brugervenlig:<\/b> Det 3 LCD-display holder dig informeret og g\u00f8r det nemt at styre dine dampsessioner.<\/li>\n<li>\ud83d\udcb0 <b>Enest\u00e5ende v\u00e6rdi:<\/b> For storforbrugere giver denne enhed en utrolig omkostningseffektivitet pr. pust. For B2B-k\u00f8bere er det et meget efterspurgt produkt, som vil flyve v\u00e6k fra hylderne.<\/li>\n<li>\ud83c\udf3f <b>Kvalitetssikret:<\/b> Fremstillet med f\u00f8rsteklasses ingredienser og avancerede fremstillingsprocesser, der sikrer sikkerhed og tilfredshed.<\/li>\n<\/ul>\n<p>Den <b>Mr.Goodie Juster Flavor King 60000 Puffs<\/b> er det ultimative valg for storforbrugere og smagsj\u00e6gere, der \u00f8nsker l\u00e6ngere tids nydelse og forskellige smagsmuligheder. Dens robuste design og innovative funktioner g\u00f8r den ogs\u00e5 til et uimodst\u00e5eligt tilbud til <b>Vape-butikker<\/b> der \u00f8nsker at udvide deres premium engangs vape udvalg og for <b>engros distribution<\/b> der s\u00f8ger et produkt med stort volumen og h\u00f8j margen. Fyld op med fremtidens vaping i dag! \ud83d\udcaa<\/p>\n<h3>OFTE STILLEDE SP\u00d8RGSM\u00c5L<\/h3>\n<p>Q: Hvor mange pust giver Mr.Goodie Adjust Flavor King 60000?<br \/>\nA: Den giver op til 60.000 pust i single-flavor-tilstand og 30.000 pust, n\u00e5r man blander smagsvarianter (kammer A + kammer B).<\/p>\n<p>Q: Hvad er kapaciteten for e-v\u00e6ske?<br \/>\nA: Den har en samlet e-v\u00e6ske-kapacitet p\u00e5 40ML, fordelt p\u00e5 to 20ML-kamre (20ML + 20ML).<\/p>\n<p>Q: Er Mr.Goodie Adjust Flavor King genopladelig?<br \/>\nA: Ja, den har et genopladeligt batteri p\u00e5 950 mAh med en Type-C-opladningsport.<\/p>\n<p>Q: Hvordan fungerer det tredobbelte smagssystem?<br \/>\nA: Apparatet har to forskellige e-v\u00e6skekamre (A og B). Du kan fordampe enten smag A, smag B eller kombinere dem for at skabe en unik tredje blandet smag.<\/p>\n<p>Q: Hvilke nikotinstyrker er tilg\u00e6ngelige?<br \/>\nA: Mr.Goodie Adjust Flavor King 60000 f\u00e5s i nikotinstyrkerne 2% og 5%.<\/p>\n<p>Q: Hvordan kan jeg se batteriets levetid eller niveauet af e-v\u00e6ske?<br \/>\nA: Enheden er udstyret med et 3 LCD-display, der viser batteritid, e-v\u00e6ske-niveauer og den aktuelle tilstand.<\/p>\n<p>Q: Er dette produkt egnet til engroshandel?<br \/>\nA: Helt sikkert! Mr.Goodie Adjust Flavor King 60000 Puffs er et fremragende produkt til engrosdistribution og til vape-butikker p\u00e5 grund af den h\u00f8je eftersp\u00f8rgsel, de unikke funktioner og den enest\u00e5ende v\u00e6rdi.<\/p>","protected":false},"excerpt":{"rendered":"<p>Oplev den ultimative vape med Mr.Goodie Adjust Flavor King 60000 Puffs. Dobbelt 20ML e-v\u00e6ske-kapacitet, 60.000 pust, 10 tredobbelte smagsvarianter. Perfekt til vape-butikker og stork\u00f8bere!<\/p>","protected":false},"featured_media":46924,"comment_status":"open","ping_status":"closed","template":"","meta":[],"product_brand":[258],"product_cat":[257,137,146,138,141,143],"product_tag":[],"class_list":{"0":"post-46917","1":"product","2":"type-product","3":"status-publish","4":"has-post-thumbnail","6":"product_brand-mr-goodie","7":"product_cat-mr-goodie","8":"product_cat-disposable-vapes-in-germany","9":"product_cat-disposable-vapes-in-hungary","10":"product_cat-disposable-vapes-in-ltaly","11":"product_cat-disposable-vapes-in-poland","12":"product_cat-disposable-vapes-in-spain","14":"first","15":"instock","16":"shipping-taxable","17":"purchasable","18":"product-type-variable","19":"has-default-attributes"},"jetpack_sharing_enabled":true,"tiered_pricing_type":"fixed","tiered_pricing_fixed_rules":[],"tiered_pricing_product_settings":{"layout":"default","base_unit_name":{"singular":null,"plural":null},"default_variation":null},"tiered_pricing_minimum_quantity":1000,"tiered_pricing_roles_data":[],"tiered_pricing_percentage_rules":[],"tiered_pricing_maximum_quantity":null,"tiered_pricing_quantity_step":"10","_links":{"self":[{"href":"https:\/\/aiviouvapes.com\/da\/wp-json\/wp\/v2\/product\/46917","targetHints":{"allow":["GET"]}}],"collection":[{"href":"https:\/\/aiviouvapes.com\/da\/wp-json\/wp\/v2\/product"}],"about":[{"href":"https:\/\/aiviouvapes.com\/da\/wp-json\/wp\/v2\/types\/product"}],"replies":[{"embeddable":true,"href":"https:\/\/aiviouvapes.com\/da\/wp-json\/wp\/v2\/comments?post=46917"}],"wp:featuredmedia":[{"embeddable":true,"href":"https:\/\/aiviouvapes.com\/da\/wp-json\/wp\/v2\/media\/46924"}],"wp:attachment":[{"href":"https:\/\/aiviouvapes.com\/da\/wp-json\/wp\/v2\/media?parent=46917"}],"wp:term":[{"taxonomy":"product_brand","embeddable":true,"href":"https:\/\/aiviouvapes.com\/da\/wp-json\/wp\/v2\/product_brand?post=46917"},{"taxonomy":"product_cat","embeddable":true,"href":"https:\/\/aiviouvapes.com\/da\/wp-json\/wp\/v2\/product_cat?post=46917"},{"taxonomy":"product_tag","embeddable":true,"href":"https:\/\/aiviouvapes.com\/da\/wp-json\/wp\/v2\/product_tag?post=46917"}],"curies":[{"name":"wp","href":"https:\/\/api.w.org\/{rel}","templated":true}]}}