{"id":41846,"date":"2025-07-04T09:51:19","date_gmt":"2025-07-04T01:51:19","guid":{"rendered":"https:\/\/aiviouvapes.com\/?post_type=product&#038;p=41846"},"modified":"2026-03-24T11:26:56","modified_gmt":"2026-03-24T03:26:56","slug":"bang-blaze-60k-shisha","status":"publish","type":"product","link":"https:\/\/aiviouvapes.com\/da\/product\/bang-blaze-60k-shisha\/","title":{"rendered":"Bang Blaze 60K Shisha 60000 Puffs | langtidsholdbar bulk engangs vape"},"content":{"rendered":"<h3>Hvorfor v\u00e6lge Bang Blaze 60K Shisha?<\/h3>\n<ul>\n<li>\ud83d\ude80 Massiv kapacitet p\u00e5 60.000 pust til langvarig brug<\/li>\n<li>\ud83c\udf53 Friske smagsvarianter til endel\u00f8se smagskombinationer<\/li>\n<li>\u26a1 Genopladeligt 1000 mAh-batteri med hurtig Type-C-opladning<\/li>\n<li>\ud83d\udd0d LED-smartsk\u00e6rm til nem overv\u00e5gning af batteri- og saftniveauer<\/li>\n<li>\ud83d\udc8e Krystalklar krop for et stilfuldt, f\u00f8rsteklasses look<\/li>\n<li>\ud83c\udf2c\ufe0f Glatte, tilfredsstillende DTL (Direct-To-Lung) hits med en 0,6\u03a9 mesh-spole<\/li>\n<li>\ud83d\udce6 Engrosvenlig emballage til nem distribution<\/li>\n<\/ul>\n<p>Den <strong>Bang Blaze 60K Shisha<\/strong> er bygget til storforbrugere, smagsj\u00e6gere og vape-virksomheder, der har brug for en kraftig, alsidig engangs vape, der aldrig skuffer. Uanset om du fylder op til din butik eller s\u00f8ger en massevenlig enhed med utrolige funktioner, leverer dette shisha-inspirerede mesterv\u00e6rk ensartet ydeevne og uovertruffen smagstilfredshed hver eneste gang.<\/p>\n<h2>\ud83d\udd25 Vi pr\u00e6senterer Bang Blaze 60K Shisha! \ud83d\udd25<\/h2>\n<p>\ud83d\udca8 Er du klar til at tage din shisha-dampning til n\u00e6ste niveau? M\u00f8d den <strong>Bang Blaze 60K Shisha<\/strong> - en banebrydende engangsdamper med hele 60.000 pust og et kraftigt genopladeligt batteri p\u00e5 1000 mAh. Uanset om du er en smagsj\u00e6ger eller en tung vaper, garanterer dette krystalklare kraftv\u00e6rk med LED-display fed smag og bl\u00f8de skyer hver eneste gang. Perfekt til forhandlere, grossister og alle, der \u00f8nsker at nyde den bedste shisha-inspirerede dampoplevelse p\u00e5 markedet!<\/p>\n<h3>Specifikationer<\/h3>\n<table>\n<tbody>\n<tr>\n<th>Puff-kapacitet<\/th>\n<td>Op til 60.000 pust<\/td>\n<\/tr>\n<tr>\n<th>E-v\u00e6ske-kapacitet<\/th>\n<td>40 ml<\/td>\n<\/tr>\n<tr>\n<th>Batteri<\/th>\n<td>1000mAh, Type-C genopladelig<\/td>\n<\/tr>\n<tr>\n<th>Spoletype<\/th>\n<td>0,6\u03a9 netspole<\/td>\n<\/tr>\n<tr>\n<th>Muligheder for nikotin<\/th>\n<td>0%, 2%, 3%, 5%<\/td>\n<\/tr>\n<tr>\n<th>Sk\u00e6rm<\/th>\n<td>LED Smart-sk\u00e6rm<\/td>\n<\/tr>\n<tr>\n<th>Design<\/th>\n<td>Krystalklar krop<\/td>\n<\/tr>\n<tr>\n<th>Emballage<\/th>\n<td>8 stk\/pakke<\/td>\n<\/tr>\n<\/tbody>\n<\/table>\n<h3>Smagsliste<\/h3>\n<p>K\u00f8lig Mynte<br \/>\nDobbelt \u00e6ble<br \/>\nJordb\u00e6r Kiwi<br \/>\nVandmelon Jordb\u00e6r Melon<br \/>\nBlandede b\u00e6r<br \/>\nBrun ale<br \/>\nKirseb\u00e6r mynte<br \/>\nFersken Mango Vandmelon<br \/>\nBlue Razz<br \/>\nPassionsfrugt<\/p>","protected":false},"excerpt":{"rendered":"<p>Bang Blaze 60K Shisha engangs vape leverer op til 60.000 pust med dobbelt smag, kraftigt 1000mAh batteri og 0,6\u03a9 mesh coil - perfekt til heavy vapers, vape shops og grossister.<\/p>","protected":false},"featured_media":41847,"comment_status":"open","ping_status":"closed","template":"","meta":[],"product_brand":[239],"product_cat":[37,320,137,146,138,141,143],"product_tag":[],"class_list":{"0":"post-41846","1":"product","2":"type-product","3":"status-publish","4":"has-post-thumbnail","6":"product_brand-bang","7":"product_cat-bang","8":"product_cat-best-disposable-vapes","9":"product_cat-disposable-vapes-in-germany","10":"product_cat-disposable-vapes-in-hungary","11":"product_cat-disposable-vapes-in-ltaly","12":"product_cat-disposable-vapes-in-poland","13":"product_cat-disposable-vapes-in-spain","15":"first","16":"instock","17":"shipping-taxable","18":"purchasable","19":"product-type-variable","20":"has-default-attributes"},"jetpack_sharing_enabled":true,"tiered_pricing_type":"fixed","tiered_pricing_fixed_rules":{"30":9.3300000000000000710542735760100185871124267578125,"50":7.519999999999999573674358543939888477325439453125,"100":6.87000000000000010658141036401502788066864013671875,"200":6.61000000000000031974423109204508364200592041015625,"400":6.089999999999999857891452847979962825775146484375},"tiered_pricing_product_settings":{"layout":"default","base_unit_name":{"singular":null,"plural":null},"default_variation":null},"tiered_pricing_minimum_quantity":10,"tiered_pricing_roles_data":[],"tiered_pricing_percentage_rules":[],"tiered_pricing_maximum_quantity":null,"tiered_pricing_quantity_step":"10","_links":{"self":[{"href":"https:\/\/aiviouvapes.com\/da\/wp-json\/wp\/v2\/product\/41846","targetHints":{"allow":["GET"]}}],"collection":[{"href":"https:\/\/aiviouvapes.com\/da\/wp-json\/wp\/v2\/product"}],"about":[{"href":"https:\/\/aiviouvapes.com\/da\/wp-json\/wp\/v2\/types\/product"}],"replies":[{"embeddable":true,"href":"https:\/\/aiviouvapes.com\/da\/wp-json\/wp\/v2\/comments?post=41846"}],"wp:featuredmedia":[{"embeddable":true,"href":"https:\/\/aiviouvapes.com\/da\/wp-json\/wp\/v2\/media\/41847"}],"wp:attachment":[{"href":"https:\/\/aiviouvapes.com\/da\/wp-json\/wp\/v2\/media?parent=41846"}],"wp:term":[{"taxonomy":"product_brand","embeddable":true,"href":"https:\/\/aiviouvapes.com\/da\/wp-json\/wp\/v2\/product_brand?post=41846"},{"taxonomy":"product_cat","embeddable":true,"href":"https:\/\/aiviouvapes.com\/da\/wp-json\/wp\/v2\/product_cat?post=41846"},{"taxonomy":"product_tag","embeddable":true,"href":"https:\/\/aiviouvapes.com\/da\/wp-json\/wp\/v2\/product_tag?post=41846"}],"curies":[{"name":"wp","href":"https:\/\/api.w.org\/{rel}","templated":true}]}}