{"id":39912,"date":"2025-06-24T16:09:54","date_gmt":"2025-06-24T08:09:54","guid":{"rendered":"https:\/\/aiviouvapes.com\/?post_type=product&#038;p=39912"},"modified":"2026-03-24T11:26:14","modified_gmt":"2026-03-24T03:26:14","slug":"uwin-crystal-twins-40k","status":"publish","type":"product","link":"https:\/\/aiviouvapes.com\/da\/product\/uwin-crystal-twins-40k\/","title":{"rendered":"Uwin Crystal Twins 40K | dobbelt smag 40000 puffs, mesh coil bulk engangs vape"},"content":{"rendered":"<p><img data-recalc-dims=\"1\" loading=\"lazy\" decoding=\"async\" class=\"aligncenter wp-image-40419 size-full\" src=\"https:\/\/i0.wp.com\/aiviouvapes.com\/wp-content\/uploads\/2025\/06\/%E6%B5%B7%E6%8A%A5%E6%A8%AA%E5%B9%85.jpg?resize=1020%2C510&#038;ssl=1\" alt=\",\" width=\"1020\" height=\"510\" title=\"\" srcset=\"https:\/\/i0.wp.com\/aiviouvapes.com\/wp-content\/uploads\/2025\/06\/%E6%B5%B7%E6%8A%A5%E6%A8%AA%E5%B9%85.jpg?w=1920&amp;ssl=1 1920w, https:\/\/i0.wp.com\/aiviouvapes.com\/wp-content\/uploads\/2025\/06\/%E6%B5%B7%E6%8A%A5%E6%A8%AA%E5%B9%85.jpg?resize=300%2C150&amp;ssl=1 300w, https:\/\/i0.wp.com\/aiviouvapes.com\/wp-content\/uploads\/2025\/06\/%E6%B5%B7%E6%8A%A5%E6%A8%AA%E5%B9%85.jpg?resize=1024%2C512&amp;ssl=1 1024w, https:\/\/i0.wp.com\/aiviouvapes.com\/wp-content\/uploads\/2025\/06\/%E6%B5%B7%E6%8A%A5%E6%A8%AA%E5%B9%85.jpg?resize=768%2C384&amp;ssl=1 768w, https:\/\/i0.wp.com\/aiviouvapes.com\/wp-content\/uploads\/2025\/06\/%E6%B5%B7%E6%8A%A5%E6%A8%AA%E5%B9%85.jpg?resize=1536%2C768&amp;ssl=1 1536w, https:\/\/i0.wp.com\/aiviouvapes.com\/wp-content\/uploads\/2025\/06\/%E6%B5%B7%E6%8A%A5%E6%A8%AA%E5%B9%85.jpg?resize=18%2C9&amp;ssl=1 18w, https:\/\/i0.wp.com\/aiviouvapes.com\/wp-content\/uploads\/2025\/06\/%E6%B5%B7%E6%8A%A5%E6%A8%AA%E5%B9%85.jpg?resize=1320%2C660&amp;ssl=1 1320w, https:\/\/i0.wp.com\/aiviouvapes.com\/wp-content\/uploads\/2025\/06\/%E6%B5%B7%E6%8A%A5%E6%A8%AA%E5%B9%85.jpg?resize=800%2C400&amp;ssl=1 800w\" sizes=\"auto, (max-width: 1020px) 100vw, 1020px\" \/><\/p>\n<h2>\ud83d\udd25 Uwin Crystal Twins 40k - Dobbelt smag, massive pust<\/h2>\n<p>Den <strong>Uwin Crystal Twins 40k<\/strong> tager engangsdampning til det n\u00e6ste niveau med sit stilfulde krystalklare design, dual-flavor-ops\u00e6tning og avancerede teknologi. Uanset om du er en skyj\u00e6ger eller en smagselsker, leverer denne vape op til <strong>40.000 pust<\/strong>, en <strong>smart sk\u00e6rm<\/strong>og kan tilpasses <strong>nikotinstyrke<\/strong> lige fra <strong>0% til 5%<\/strong>hvilket g\u00f8r den perfekt til enhver bruger.<\/p>\n<p>Ingen grund til at g\u00e5 p\u00e5 kompromis.<strong>f\u00e5 to fantastiske smagsoplevelser i \u00e9n enhed<\/strong>parret med en <strong>Mesh-spole til fyldige, bl\u00f8de hits<\/strong> hver gang.<\/p>\n<h3>\ud83d\udd27 <strong>Specifikationer<\/strong><\/h3>\n<table>\n<thead>\n<tr>\n<th>Funktion<\/th>\n<th>Detaljer<\/th>\n<\/tr>\n<\/thead>\n<tbody>\n<tr>\n<td><strong>Puff-kapacitet<\/strong><\/td>\n<td>Op til 40.000 pust<\/td>\n<\/tr>\n<tr>\n<td><strong>E-v\u00e6ske-kapacitet<\/strong><\/td>\n<td>32 ml<\/td>\n<\/tr>\n<tr>\n<td><strong>Nikotinstyrke<\/strong><\/td>\n<td>0%, 2%, 3%, 5%<\/td>\n<\/tr>\n<tr>\n<td><strong>Batteri<\/strong><\/td>\n<td>850mAh, Type-C genopladelig<\/td>\n<\/tr>\n<tr>\n<td><strong>Spoletype<\/strong><\/td>\n<td>Avanceret 0,6\u03a9 mesh-spole<\/td>\n<\/tr>\n<tr>\n<td><strong>Sk\u00e6rm<\/strong><\/td>\n<td>Smart sk\u00e6rm (batteri og e-v\u00e6ske)<\/td>\n<\/tr>\n<tr>\n<td><strong>Design<\/strong><\/td>\n<td>Slank krystalgennemsigtig krop<\/td>\n<\/tr>\n<\/tbody>\n<\/table>\n<h3>\ud83c\udf08 <strong>Smagskombinationer - variation med to kamre<\/strong><\/h3>\n<table>\n<thead>\n<tr>\n<th>Kammer A<\/th>\n<th>Kammer B<\/th>\n<\/tr>\n<\/thead>\n<tbody>\n<tr>\n<td>Bl\u00e5b\u00e6r p\u00e5 is<\/td>\n<td>Sommerfersken-is<\/td>\n<\/tr>\n<tr>\n<td>Kiwi Passionsfrugt Guava<\/td>\n<td>Bl\u00e5b\u00e6r Hindb\u00e6r<\/td>\n<\/tr>\n<tr>\n<td>Jordb\u00e6r Kiwi<\/td>\n<td>Drue-is<\/td>\n<\/tr>\n<tr>\n<td>Kiwi Passionsfrugt Guava<\/td>\n<td>To \u00e6bler<\/td>\n<\/tr>\n<tr>\n<td>Jordb\u00e6r og vandmelon<\/td>\n<td>Citron Lime<\/td>\n<\/tr>\n<tr>\n<td>Bl\u00e5b\u00e6r Hindb\u00e6r<\/td>\n<td>Kirseb\u00e6r-is<\/td>\n<\/tr>\n<tr>\n<td>Jordb\u00e6r Hindb\u00e6r Kirseb\u00e6r<\/td>\n<td>Hr. Bl\u00e5<\/td>\n<\/tr>\n<tr>\n<td>Fersken Mango Ananas<\/td>\n<td>Red Bull<\/td>\n<\/tr>\n<tr>\n<td>Vandmelon-is<\/td>\n<td>Blandede b\u00e6r<\/td>\n<\/tr>\n<tr>\n<td>Jordb\u00e6r og banan<\/td>\n<td>K\u00e6rlighed 66<\/td>\n<\/tr>\n<tr>\n<td>Dragefrugt Banan Kirseb\u00e6r<\/td>\n<td>Lyser\u00f8d limonade<\/td>\n<\/tr>\n<tr>\n<td>Fersken og mango<\/td>\n<td>Kirseb\u00e6r Cola<\/td>\n<\/tr>\n<tr>\n<td>Jordb\u00e6r-is<\/td>\n<td>Mango p\u00e5 is<\/td>\n<\/tr>\n<tr>\n<td>Bl\u00e5 Hindb\u00e6r-is<\/td>\n<td>Dragefrugt-is<\/td>\n<\/tr>\n<tr>\n<td>Red Bull med jordb\u00e6r<\/td>\n<td>Kirseb\u00e6r-is<\/td>\n<\/tr>\n<\/tbody>\n<\/table>\n<h3>\ud83d\udca1 Hvorfor v\u00e6lge Uwin Crystal Twins 40k?<\/h3>\n<ul>\n<li><strong>Pods med dobbelt smag<\/strong> lader dig skifte smag uden besv\u00e6r.<\/li>\n<li><strong>Mulighed for nul-nik<\/strong> til r\u00e5dighed for nikotinfri nydelse.<\/li>\n<li><strong>Type-C hurtig opladning<\/strong> betyder mindre nedetid, mere dampning.<\/li>\n<li><strong>Netspole-teknologi<\/strong> leverer ren, ensartet smag og damp.<\/li>\n<li><strong>Smart sk\u00e6rm<\/strong> holder dig informeret - ikke mere g\u00e6tteri.<\/li>\n<li><strong>Krystalklart design<\/strong> giver din vape et f\u00f8rsteklasses, moderne look.<\/li>\n<\/ul>\n<p>Uwin Crystal Twins 40k er perfekt til storforbrugere, smagsudforskere og ejere af vape-butikker og er dit nye alt-i-en-engangskraftv\u00e6rk - ideelt til store vape-ordrer og engrosdistribution.<\/p>","protected":false},"excerpt":{"rendered":"<p data-start=\"212\" data-end=\"391\">Uwin Crystal Twins 40000 puffs vape tilbyder dobbelt smag, 0-5% nikotinindstillinger, 32 ml e-v\u00e6ske, 850 mAh genopladeligt batteri, mesh coil og smart display i et slankt krystaldesign.<\/p>","protected":false},"featured_media":39913,"comment_status":"open","ping_status":"closed","template":"","meta":[],"product_brand":[247],"product_cat":[224],"product_tag":[],"class_list":{"0":"post-39912","1":"product","2":"type-product","3":"status-publish","4":"has-post-thumbnail","6":"product_brand-uwin","7":"product_cat-uwin","9":"first","10":"instock","11":"shipping-taxable","12":"purchasable","13":"product-type-variable","14":"has-default-attributes"},"jetpack_sharing_enabled":true,"tiered_pricing_type":"fixed","tiered_pricing_fixed_rules":{"30":7.96999999999999975131004248396493494510650634765625,"50":6.519999999999999573674358543939888477325439453125,"100":6.2599999999999997868371792719699442386627197265625,"200":5.87000000000000010658141036401502788066864013671875,"400":5.29000000000000003552713678800500929355621337890625},"tiered_pricing_product_settings":{"layout":"default","base_unit_name":{"singular":null,"plural":null},"default_variation":null},"tiered_pricing_minimum_quantity":10,"tiered_pricing_roles_data":[],"tiered_pricing_percentage_rules":[],"tiered_pricing_maximum_quantity":null,"tiered_pricing_quantity_step":"10","_links":{"self":[{"href":"https:\/\/aiviouvapes.com\/da\/wp-json\/wp\/v2\/product\/39912","targetHints":{"allow":["GET"]}}],"collection":[{"href":"https:\/\/aiviouvapes.com\/da\/wp-json\/wp\/v2\/product"}],"about":[{"href":"https:\/\/aiviouvapes.com\/da\/wp-json\/wp\/v2\/types\/product"}],"replies":[{"embeddable":true,"href":"https:\/\/aiviouvapes.com\/da\/wp-json\/wp\/v2\/comments?post=39912"}],"wp:featuredmedia":[{"embeddable":true,"href":"https:\/\/aiviouvapes.com\/da\/wp-json\/wp\/v2\/media\/39913"}],"wp:attachment":[{"href":"https:\/\/aiviouvapes.com\/da\/wp-json\/wp\/v2\/media?parent=39912"}],"wp:term":[{"taxonomy":"product_brand","embeddable":true,"href":"https:\/\/aiviouvapes.com\/da\/wp-json\/wp\/v2\/product_brand?post=39912"},{"taxonomy":"product_cat","embeddable":true,"href":"https:\/\/aiviouvapes.com\/da\/wp-json\/wp\/v2\/product_cat?post=39912"},{"taxonomy":"product_tag","embeddable":true,"href":"https:\/\/aiviouvapes.com\/da\/wp-json\/wp\/v2\/product_tag?post=39912"}],"curies":[{"name":"wp","href":"https:\/\/api.w.org\/{rel}","templated":true}]}}