{"id":37374,"date":"2025-06-12T22:50:24","date_gmt":"2025-06-12T14:50:24","guid":{"rendered":"https:\/\/aiviouvapes.com\/?post_type=product&#038;p=37374"},"modified":"2026-03-17T10:36:08","modified_gmt":"2026-03-17T02:36:08","slug":"bang-blaze-40k","status":"publish","type":"product","link":"https:\/\/aiviouvapes.com\/da\/product\/bang-blaze-40k\/","title":{"rendered":"Bang Blaze 40K 40000 Puffs | dobbelt smag, 40 ml, 32 smagsvarianter, genopladelig bulk engangs vape"},"content":{"rendered":"<p><!-- SEO Meta Description (First 30 Words) --><\/p>\n<p><!-- Product Title --><\/p>\n<h2>Bang Blaze 40K engangs-vape - dobbelt smag, 40.000 pust, 32 smagsvarianter<\/h2>\n<p><!-- Key Features Section --><\/p>\n<h2>\ud83d\udd11 N\u00f8glefunktioner i Bang Blaze 40K engangs-vape<\/h2>\n<ul>\n<li><strong>Massiv puffekapacitet:<\/strong> Op til 40.000 pust - perfekt til uafbrudt dampning i ugevis.<\/li>\n<li><strong>Dobbelt smagskontakt:<\/strong> Med slide-to-switch-funktionen kan du skifte mellem to smagsvarianter med det samme.<\/li>\n<li><strong>Gener\u00f8s e-v\u00e6ske-kapacitet:<\/strong> Forudfyldt med 40 ml e-v\u00e6ske af h\u00f8j kvalitet til langvarig nydelse.<\/li>\n<li><strong>Flere nikotinstyrker:<\/strong> V\u00e6lg mellem 0%, 2%, 3% eller 5% nikotin, s\u00e5 det passer til dine pr\u00e6ferencer.<\/li>\n<li><strong>Genopladeligt batteri:<\/strong> Drevet af et p\u00e5lideligt 650 mAh batteri til lange sessioner.<\/li>\n<li><strong>Dual Mesh Coil (1,2\u03a9):<\/strong> Producerer j\u00e6vn damp og fyldig, ensartet smag hver gang.<\/li>\n<li><strong>Hurtig USB-C-opladning:<\/strong> Type-C-port sikrer hurtig og effektiv opladning.<\/li>\n<\/ul>\n<p><!-- Why Choose Section --><\/p>\n<h2>\ud83d\udca1 Hvorfor v\u00e6lge Bang Blaze 40K Vape?<\/h2>\n<ul>\n<li><strong>\u2705 Uovertruffen lang levetid:<\/strong> Levetid p\u00e5 40.000 pust og en tank p\u00e5 40 ml betyder f\u00e6rre udskiftninger og st\u00f8rre tilfredshed.<\/li>\n<li><strong>\u2705 Dobbelt smagskomfort:<\/strong> Lad dig ikke n\u00f8jes med \u00e9n - skift smag med det samme med glidemekanismen.<\/li>\n<li><strong>\u2705 Skr\u00e6ddersyet nikotinoplevelse:<\/strong> Fra nul til st\u00e6rk - v\u00e6lg din styrke fra 0%, 2%, 3% eller 5%.<\/li>\n<li><strong>\u2705 Silkebl\u00f8d dampkvalitet:<\/strong> Dual mesh coil sikrer j\u00e6vne, smagfulde tr\u00e6k hver eneste gang.<\/li>\n<li><strong>\u2705 Kompakt og genopladelig:<\/strong> Tag den med overalt - hurtig Type-C-opladning og et lommevenligt design.<\/li>\n<\/ul>\n<p>Uanset om du er smagsj\u00e6ger, skyj\u00e6ger eller stork\u00f8ber, leverer Bang Blaze 40K engangsdamp f\u00f8rsteklasses ydeevne, uovertruffen bekvemmelighed og en virkelig smagfuld damprejse.<\/p>\n<p><!-- Flavor List Section --><\/p>\n<h2>\ud83c\udf53 Smagsliste - Udforsk 32 unikke kombinationer af to smage<\/h2>\n<ul>\n<li data-start=\"71\" data-end=\"108\">\n<p data-start=\"74\" data-end=\"108\">Vandmelon\/jordb\u00e6r-vandmelon<\/p>\n<\/li>\n<li data-start=\"109\" data-end=\"147\">\n<p data-start=\"112\" data-end=\"147\">Bl\u00e5b\u00e6r-is\/bl\u00e5b\u00e6r-hindb\u00e6r<\/p>\n<\/li>\n<li data-start=\"148\" data-end=\"179\">\n<p data-start=\"151\" data-end=\"179\">Mango-is\/jordb\u00e6r-mango<\/p>\n<\/li>\n<li data-start=\"180\" data-end=\"216\">\n<p data-start=\"183\" data-end=\"216\">Vandmelon\/Vandmelon Bubblegum<\/p>\n<\/li>\n<li data-start=\"217\" data-end=\"253\">\n<p data-start=\"220\" data-end=\"253\">Ananas-is\/ananas-kokosn\u00f8d<\/p>\n<\/li>\n<li data-start=\"254\" data-end=\"283\">\n<p data-start=\"257\" data-end=\"283\">Blandet frugt\/trippelb\u00e6r<\/p>\n<\/li>\n<li data-start=\"284\" data-end=\"310\">\n<p data-start=\"287\" data-end=\"310\">Fersken-is\/Mango Fersken<\/p>\n<\/li>\n<li data-start=\"311\" data-end=\"334\">\n<p data-start=\"314\" data-end=\"334\">Kirseb\u00e6r\/Cherry Coke<\/p>\n<\/li>\n<li data-start=\"335\" data-end=\"361\">\n<p data-start=\"338\" data-end=\"361\">Drue\/Bl\u00e5b\u00e6r Drue<\/p>\n<\/li>\n<li data-start=\"362\" data-end=\"387\">\n<p data-start=\"366\" data-end=\"387\">Mynte\/bl\u00e5b\u00e6r-mynte<\/p>\n<\/li>\n<li data-start=\"388\" data-end=\"419\">\n<p data-start=\"392\" data-end=\"419\">Black Dragon Ice\/Red Bull<\/p>\n<\/li>\n<li data-start=\"420\" data-end=\"456\">\n<p data-start=\"424\" data-end=\"456\">Jordb\u00e6r-is\/jordb\u00e6r-kiwi<\/p>\n<\/li>\n<li data-start=\"457\" data-end=\"496\">\n<p data-start=\"461\" data-end=\"496\">Tropiske frugter\/trippel vandmelon<\/p>\n<\/li>\n<li data-start=\"497\" data-end=\"534\">\n<p data-start=\"501\" data-end=\"534\">Sur Mango Ananas\/Lemon Lime<\/p>\n<\/li>\n<li data-start=\"535\" data-end=\"562\">\n<p data-start=\"539\" data-end=\"562\">Sommertid\/Apple Ice<\/p>\n<\/li>\n<li data-start=\"563\" data-end=\"598\">\n<p data-start=\"567\" data-end=\"598\">Rainbow Candy\/Arctic Freezing<\/p>\n<\/li>\n<li data-start=\"599\" data-end=\"635\">\n<p data-start=\"603\" data-end=\"635\">Hindb\u00e6r vandmelon\/Jieshuang<\/p>\n<\/li>\n<li data-start=\"636\" data-end=\"673\">\n<p data-start=\"640\" data-end=\"673\">Lemon Romance\/California Cherry<\/p>\n<\/li>\n<li data-start=\"674\" data-end=\"713\">\n<p data-start=\"678\" data-end=\"713\">Mango Fersken Abrikos\/Hvide vingummier<\/p>\n<\/li>\n<li data-start=\"714\" data-end=\"753\">\n<p data-start=\"718\" data-end=\"753\">Mary's Dream\/Aloe Mango Melon Ice<\/p>\n<\/li>\n<li data-start=\"754\" data-end=\"804\">\n<p data-start=\"758\" data-end=\"804\">Bl\u00e5b\u00e6r Traneb\u00e6r Kirseb\u00e6r\/Vandmelon Kirseb\u00e6r<\/p>\n<\/li>\n<li data-start=\"805\" data-end=\"848\">\n<p data-start=\"809\" data-end=\"848\">Ananas-mango\/ananas-kokos-is<\/p>\n<\/li>\n<li data-start=\"849\" data-end=\"891\">\n<p data-start=\"853\" data-end=\"891\">Hindb\u00e6r Vandmelon\/Aloe Vera Drue<\/p>\n<\/li>\n<li data-start=\"892\" data-end=\"926\">\n<p data-start=\"896\" data-end=\"926\">Lychee-is\/jordb\u00e6r-lychee<\/p>\n<\/li>\n<li data-start=\"927\" data-end=\"972\">\n<p data-start=\"931\" data-end=\"972\">Jordb\u00e6ris\/jordb\u00e6rvanilje<\/p>\n<\/li>\n<li data-start=\"973\" data-end=\"1013\">\n<p data-start=\"977\" data-end=\"1013\">Vingummibamse\/hindb\u00e6r sort glitter<\/p>\n<\/li>\n<li data-start=\"1014\" data-end=\"1054\">\n<p data-start=\"1018\" data-end=\"1054\">B\u00e6r Cool\/Vandmelon Sur Fersken<\/p>\n<\/li>\n<\/ul>","protected":false},"excerpt":{"rendered":"<p>Bang Blaze 40K engangs vape tilbyder 40.000 pust, dobbelt smag, 40 ml e-v\u00e6ske, 32 smagsmuligheder og op til 5% nikotin. En genopladelig, h\u00f8jtydende engangsdamper til smagselskere.<\/p>","protected":false},"featured_media":37387,"comment_status":"open","ping_status":"closed","template":"","meta":[],"product_brand":[239],"product_cat":[37,219,137,146,138,141,143],"product_tag":[],"class_list":{"0":"post-37374","1":"product","2":"type-product","3":"status-publish","4":"has-post-thumbnail","6":"product_brand-bang","7":"product_cat-bang","8":"product_cat-40000-puffs-disposable-vape","9":"product_cat-disposable-vapes-in-germany","10":"product_cat-disposable-vapes-in-hungary","11":"product_cat-disposable-vapes-in-ltaly","12":"product_cat-disposable-vapes-in-poland","13":"product_cat-disposable-vapes-in-spain","15":"first","16":"instock","17":"shipping-taxable","18":"purchasable","19":"product-type-variable","20":"has-default-attributes"},"jetpack_sharing_enabled":true,"tiered_pricing_type":"fixed","tiered_pricing_fixed_rules":{"30":7.78000000000000024868995751603506505489349365234375,"50":6.61000000000000031974423109204508364200592041015625,"100":5.70000000000000017763568394002504646778106689453125,"200":5.30999999999999960920149533194489777088165283203125,"400":4.730000000000000426325641456060111522674560546875},"tiered_pricing_product_settings":{"layout":"default","base_unit_name":{"singular":null,"plural":null},"default_variation":null},"tiered_pricing_minimum_quantity":10,"tiered_pricing_roles_data":[],"tiered_pricing_percentage_rules":[],"tiered_pricing_maximum_quantity":null,"tiered_pricing_quantity_step":"10","_links":{"self":[{"href":"https:\/\/aiviouvapes.com\/da\/wp-json\/wp\/v2\/product\/37374","targetHints":{"allow":["GET"]}}],"collection":[{"href":"https:\/\/aiviouvapes.com\/da\/wp-json\/wp\/v2\/product"}],"about":[{"href":"https:\/\/aiviouvapes.com\/da\/wp-json\/wp\/v2\/types\/product"}],"replies":[{"embeddable":true,"href":"https:\/\/aiviouvapes.com\/da\/wp-json\/wp\/v2\/comments?post=37374"}],"wp:featuredmedia":[{"embeddable":true,"href":"https:\/\/aiviouvapes.com\/da\/wp-json\/wp\/v2\/media\/37387"}],"wp:attachment":[{"href":"https:\/\/aiviouvapes.com\/da\/wp-json\/wp\/v2\/media?parent=37374"}],"wp:term":[{"taxonomy":"product_brand","embeddable":true,"href":"https:\/\/aiviouvapes.com\/da\/wp-json\/wp\/v2\/product_brand?post=37374"},{"taxonomy":"product_cat","embeddable":true,"href":"https:\/\/aiviouvapes.com\/da\/wp-json\/wp\/v2\/product_cat?post=37374"},{"taxonomy":"product_tag","embeddable":true,"href":"https:\/\/aiviouvapes.com\/da\/wp-json\/wp\/v2\/product_tag?post=37374"}],"curies":[{"name":"wp","href":"https:\/\/api.w.org\/{rel}","templated":true}]}}