{"id":36828,"date":"2025-06-14T23:24:13","date_gmt":"2025-06-14T15:24:13","guid":{"rendered":"https:\/\/aiviouvapes.com\/?post_type=product&#038;p=36828"},"modified":"2026-03-17T23:57:52","modified_gmt":"2026-03-17T15:57:52","slug":"okso-mega-mirror-50000","status":"publish","type":"product","link":"https:\/\/aiviouvapes.com\/da\/product\/okso-mega-mirror-50000\/","title":{"rendered":"OKSO Magic Mirror 50000 Puffs | RGB LED, dual Mesh, LED Display, 40mL genopladelig bulk engangs vape"},"content":{"rendered":"<ul>\n<li>\n<h2>\ud83d\udd11 N\u00f8glefunktioner i OKSO Magic Mirror 50K<\/h2>\n<ul>\n<li><strong>Massivt antal pust:<\/strong> Nyd op til 50.000 pust i ugevis med j\u00e6vn og tilfredsstillende dampning.<\/li>\n<li><strong>Dual Mesh Coil:<\/strong> Forbedrer smag og dampproduktion for en f\u00f8rsteklasses oplevelse.<\/li>\n<li><strong>Stor e-v\u00e6ske-kapacitet:<\/strong> Forudfyldt med 40 ml e-v\u00e6ske til langvarig nydelse.<\/li>\n<li><strong>Flere nikotinmuligheder:<\/strong> F\u00e5s i 0%, 2%, 3% og 5% nikotin for at passe til enhver pr\u00e6ference.<\/li>\n<li><strong>Genopladeligt batteri:<\/strong> 850 mAh batteri med Type-C-opladning holder dig i gang uden besv\u00e6r.<\/li>\n<li><strong>Stilfuld spejlfinish:<\/strong> Reflekterende design med RGB LED-effekter giver et strejf af elegance og sjov.<\/li>\n<li><strong>LED-display:<\/strong> Spor nemt dit batteri og din puff-status.<\/li>\n<li><strong>B\u00f8rnel\u00e5s:<\/strong> Indbygget sikkerhedsfunktion sikrer ro i sindet.<\/li>\n<\/ul>\n<h2>\ud83d\udc8e Hvorfor v\u00e6lge OKSO Magic Mirror 50K?<\/h2>\n<p>Hvis du er p\u00e5 udkig efter en engangsdamper, der kombinerer avanceret ydeevne med i\u00f8jnefaldende design, er OKSO Magic Mirror 50K dit valg. Den dobbelte netspole giver dristige, glatte hits, mens spejloverfladen og RGB-belysningen f\u00e5r hvert pust til at f\u00f8les som et show. Med en gener\u00f8s e-v\u00e6skeforsyning og Type-C-hurtigopladning er den bygget til holdbarhed, bekvemmelighed og flair.<\/p>\n<h2>\ud83c\udf53 Tilg\u00e6ngelige smagsvarianter<\/h2>\n<ul>\n<li>Bl\u00e5 Hindb\u00e6r-is<\/li>\n<li>Frodig is<\/li>\n<li>Jordb\u00e6r-is<\/li>\n<li>Drue-is<\/li>\n<li>LOVE 66<\/li>\n<li>Lady Killa<\/li>\n<li>Mynte-is<\/li>\n<li>Jordb\u00e6r og vandmelon<\/li>\n<li>Kiwi og passionsfrugt<\/li>\n<li>Blandede b\u00e6r<\/li>\n<\/ul>\n<\/li>\n<\/ul>\n<p><img data-recalc-dims=\"1\" loading=\"lazy\" decoding=\"async\" class=\"alignnone size-full wp-image-36974\" src=\"https:\/\/i0.wp.com\/aiviouvapes.com\/wp-content\/uploads\/2025\/06\/okso-Magic-mirror-50k1.jpg?resize=1020%2C573&#038;ssl=1\" alt=\",\" width=\"1020\" height=\"573\" title=\"\" srcset=\"https:\/\/i0.wp.com\/aiviouvapes.com\/wp-content\/uploads\/2025\/06\/okso-Magic-mirror-50k1.jpg?w=1920&amp;ssl=1 1920w, https:\/\/i0.wp.com\/aiviouvapes.com\/wp-content\/uploads\/2025\/06\/okso-Magic-mirror-50k1.jpg?resize=300%2C169&amp;ssl=1 300w, https:\/\/i0.wp.com\/aiviouvapes.com\/wp-content\/uploads\/2025\/06\/okso-Magic-mirror-50k1.jpg?resize=1024%2C575&amp;ssl=1 1024w, https:\/\/i0.wp.com\/aiviouvapes.com\/wp-content\/uploads\/2025\/06\/okso-Magic-mirror-50k1.jpg?resize=768%2C432&amp;ssl=1 768w, https:\/\/i0.wp.com\/aiviouvapes.com\/wp-content\/uploads\/2025\/06\/okso-Magic-mirror-50k1.jpg?resize=1536%2C863&amp;ssl=1 1536w, https:\/\/i0.wp.com\/aiviouvapes.com\/wp-content\/uploads\/2025\/06\/okso-Magic-mirror-50k1.jpg?resize=18%2C10&amp;ssl=1 18w, https:\/\/i0.wp.com\/aiviouvapes.com\/wp-content\/uploads\/2025\/06\/okso-Magic-mirror-50k1.jpg?resize=1320%2C742&amp;ssl=1 1320w, https:\/\/i0.wp.com\/aiviouvapes.com\/wp-content\/uploads\/2025\/06\/okso-Magic-mirror-50k1.jpg?resize=800%2C450&amp;ssl=1 800w\" sizes=\"auto, (max-width: 1020px) 100vw, 1020px\" \/><img data-recalc-dims=\"1\" loading=\"lazy\" decoding=\"async\" class=\"alignnone size-full wp-image-36983\" src=\"https:\/\/i0.wp.com\/aiviouvapes.com\/wp-content\/uploads\/2025\/06\/okso-Magic-mirror-50k11.jpg?resize=1020%2C765&#038;ssl=1\" alt=\",\" width=\"1020\" height=\"765\" title=\"\" srcset=\"https:\/\/i0.wp.com\/aiviouvapes.com\/wp-content\/uploads\/2025\/06\/okso-Magic-mirror-50k11.jpg?w=1920&amp;ssl=1 1920w, https:\/\/i0.wp.com\/aiviouvapes.com\/wp-content\/uploads\/2025\/06\/okso-Magic-mirror-50k11.jpg?resize=300%2C225&amp;ssl=1 300w, https:\/\/i0.wp.com\/aiviouvapes.com\/wp-content\/uploads\/2025\/06\/okso-Magic-mirror-50k11.jpg?resize=1024%2C768&amp;ssl=1 1024w, https:\/\/i0.wp.com\/aiviouvapes.com\/wp-content\/uploads\/2025\/06\/okso-Magic-mirror-50k11.jpg?resize=768%2C576&amp;ssl=1 768w, https:\/\/i0.wp.com\/aiviouvapes.com\/wp-content\/uploads\/2025\/06\/okso-Magic-mirror-50k11.jpg?resize=1536%2C1152&amp;ssl=1 1536w, https:\/\/i0.wp.com\/aiviouvapes.com\/wp-content\/uploads\/2025\/06\/okso-Magic-mirror-50k11.jpg?resize=16%2C12&amp;ssl=1 16w, https:\/\/i0.wp.com\/aiviouvapes.com\/wp-content\/uploads\/2025\/06\/okso-Magic-mirror-50k11.jpg?resize=1320%2C990&amp;ssl=1 1320w, https:\/\/i0.wp.com\/aiviouvapes.com\/wp-content\/uploads\/2025\/06\/okso-Magic-mirror-50k11.jpg?resize=800%2C600&amp;ssl=1 800w\" sizes=\"auto, (max-width: 1020px) 100vw, 1020px\" \/> <img data-recalc-dims=\"1\" loading=\"lazy\" decoding=\"async\" class=\"alignnone size-full wp-image-36982\" src=\"https:\/\/i0.wp.com\/aiviouvapes.com\/wp-content\/uploads\/2025\/06\/okso-Magic-mirror-50k10.jpg?resize=1020%2C1813&#038;ssl=1\" alt=\",\" width=\"1020\" height=\"1813\" title=\"\" srcset=\"https:\/\/i0.wp.com\/aiviouvapes.com\/wp-content\/uploads\/2025\/06\/okso-Magic-mirror-50k10.jpg?w=1080&amp;ssl=1 1080w, https:\/\/i0.wp.com\/aiviouvapes.com\/wp-content\/uploads\/2025\/06\/okso-Magic-mirror-50k10.jpg?resize=169%2C300&amp;ssl=1 169w, https:\/\/i0.wp.com\/aiviouvapes.com\/wp-content\/uploads\/2025\/06\/okso-Magic-mirror-50k10.jpg?resize=576%2C1024&amp;ssl=1 576w, https:\/\/i0.wp.com\/aiviouvapes.com\/wp-content\/uploads\/2025\/06\/okso-Magic-mirror-50k10.jpg?resize=768%2C1365&amp;ssl=1 768w, https:\/\/i0.wp.com\/aiviouvapes.com\/wp-content\/uploads\/2025\/06\/okso-Magic-mirror-50k10.jpg?resize=864%2C1536&amp;ssl=1 864w, https:\/\/i0.wp.com\/aiviouvapes.com\/wp-content\/uploads\/2025\/06\/okso-Magic-mirror-50k10.jpg?resize=7%2C12&amp;ssl=1 7w, https:\/\/i0.wp.com\/aiviouvapes.com\/wp-content\/uploads\/2025\/06\/okso-Magic-mirror-50k10.jpg?resize=800%2C1422&amp;ssl=1 800w\" sizes=\"auto, (max-width: 1020px) 100vw, 1020px\" \/> <img data-recalc-dims=\"1\" loading=\"lazy\" decoding=\"async\" class=\"alignnone size-full wp-image-36981\" src=\"https:\/\/i0.wp.com\/aiviouvapes.com\/wp-content\/uploads\/2025\/06\/okso-Magic-mirror-50k9.jpg?resize=1020%2C573&#038;ssl=1\" alt=\",\" width=\"1020\" height=\"573\" title=\"\" srcset=\"https:\/\/i0.wp.com\/aiviouvapes.com\/wp-content\/uploads\/2025\/06\/okso-Magic-mirror-50k9.jpg?w=1920&amp;ssl=1 1920w, https:\/\/i0.wp.com\/aiviouvapes.com\/wp-content\/uploads\/2025\/06\/okso-Magic-mirror-50k9.jpg?resize=300%2C169&amp;ssl=1 300w, https:\/\/i0.wp.com\/aiviouvapes.com\/wp-content\/uploads\/2025\/06\/okso-Magic-mirror-50k9.jpg?resize=1024%2C575&amp;ssl=1 1024w, https:\/\/i0.wp.com\/aiviouvapes.com\/wp-content\/uploads\/2025\/06\/okso-Magic-mirror-50k9.jpg?resize=768%2C432&amp;ssl=1 768w, https:\/\/i0.wp.com\/aiviouvapes.com\/wp-content\/uploads\/2025\/06\/okso-Magic-mirror-50k9.jpg?resize=1536%2C863&amp;ssl=1 1536w, https:\/\/i0.wp.com\/aiviouvapes.com\/wp-content\/uploads\/2025\/06\/okso-Magic-mirror-50k9.jpg?resize=18%2C10&amp;ssl=1 18w, https:\/\/i0.wp.com\/aiviouvapes.com\/wp-content\/uploads\/2025\/06\/okso-Magic-mirror-50k9.jpg?resize=1320%2C742&amp;ssl=1 1320w, https:\/\/i0.wp.com\/aiviouvapes.com\/wp-content\/uploads\/2025\/06\/okso-Magic-mirror-50k9.jpg?resize=800%2C450&amp;ssl=1 800w\" sizes=\"auto, (max-width: 1020px) 100vw, 1020px\" \/> <img data-recalc-dims=\"1\" loading=\"lazy\" decoding=\"async\" class=\"alignnone size-full wp-image-36980\" src=\"https:\/\/i0.wp.com\/aiviouvapes.com\/wp-content\/uploads\/2025\/06\/okso-Magic-mirror-50k8.jpg?resize=1020%2C765&#038;ssl=1\" alt=\",\" width=\"1020\" height=\"765\" title=\"\" srcset=\"https:\/\/i0.wp.com\/aiviouvapes.com\/wp-content\/uploads\/2025\/06\/okso-Magic-mirror-50k8.jpg?w=1920&amp;ssl=1 1920w, https:\/\/i0.wp.com\/aiviouvapes.com\/wp-content\/uploads\/2025\/06\/okso-Magic-mirror-50k8.jpg?resize=300%2C225&amp;ssl=1 300w, https:\/\/i0.wp.com\/aiviouvapes.com\/wp-content\/uploads\/2025\/06\/okso-Magic-mirror-50k8.jpg?resize=1024%2C768&amp;ssl=1 1024w, https:\/\/i0.wp.com\/aiviouvapes.com\/wp-content\/uploads\/2025\/06\/okso-Magic-mirror-50k8.jpg?resize=768%2C576&amp;ssl=1 768w, https:\/\/i0.wp.com\/aiviouvapes.com\/wp-content\/uploads\/2025\/06\/okso-Magic-mirror-50k8.jpg?resize=1536%2C1152&amp;ssl=1 1536w, https:\/\/i0.wp.com\/aiviouvapes.com\/wp-content\/uploads\/2025\/06\/okso-Magic-mirror-50k8.jpg?resize=16%2C12&amp;ssl=1 16w, https:\/\/i0.wp.com\/aiviouvapes.com\/wp-content\/uploads\/2025\/06\/okso-Magic-mirror-50k8.jpg?resize=1320%2C990&amp;ssl=1 1320w, https:\/\/i0.wp.com\/aiviouvapes.com\/wp-content\/uploads\/2025\/06\/okso-Magic-mirror-50k8.jpg?resize=800%2C600&amp;ssl=1 800w\" sizes=\"auto, (max-width: 1020px) 100vw, 1020px\" \/> <img data-recalc-dims=\"1\" loading=\"lazy\" decoding=\"async\" class=\"alignnone size-full wp-image-36979\" src=\"https:\/\/i0.wp.com\/aiviouvapes.com\/wp-content\/uploads\/2025\/06\/okso-Magic-mirror-50k7.jpg?resize=1020%2C765&#038;ssl=1\" alt=\",\" width=\"1020\" height=\"765\" title=\"\" srcset=\"https:\/\/i0.wp.com\/aiviouvapes.com\/wp-content\/uploads\/2025\/06\/okso-Magic-mirror-50k7.jpg?w=1920&amp;ssl=1 1920w, https:\/\/i0.wp.com\/aiviouvapes.com\/wp-content\/uploads\/2025\/06\/okso-Magic-mirror-50k7.jpg?resize=300%2C225&amp;ssl=1 300w, https:\/\/i0.wp.com\/aiviouvapes.com\/wp-content\/uploads\/2025\/06\/okso-Magic-mirror-50k7.jpg?resize=1024%2C768&amp;ssl=1 1024w, https:\/\/i0.wp.com\/aiviouvapes.com\/wp-content\/uploads\/2025\/06\/okso-Magic-mirror-50k7.jpg?resize=768%2C576&amp;ssl=1 768w, https:\/\/i0.wp.com\/aiviouvapes.com\/wp-content\/uploads\/2025\/06\/okso-Magic-mirror-50k7.jpg?resize=1536%2C1152&amp;ssl=1 1536w, https:\/\/i0.wp.com\/aiviouvapes.com\/wp-content\/uploads\/2025\/06\/okso-Magic-mirror-50k7.jpg?resize=16%2C12&amp;ssl=1 16w, https:\/\/i0.wp.com\/aiviouvapes.com\/wp-content\/uploads\/2025\/06\/okso-Magic-mirror-50k7.jpg?resize=1320%2C990&amp;ssl=1 1320w, https:\/\/i0.wp.com\/aiviouvapes.com\/wp-content\/uploads\/2025\/06\/okso-Magic-mirror-50k7.jpg?resize=800%2C600&amp;ssl=1 800w\" sizes=\"auto, (max-width: 1020px) 100vw, 1020px\" \/> <img data-recalc-dims=\"1\" loading=\"lazy\" decoding=\"async\" class=\"alignnone size-full wp-image-36978\" src=\"https:\/\/i0.wp.com\/aiviouvapes.com\/wp-content\/uploads\/2025\/06\/okso-Magic-mirror-50k6.jpg?resize=1020%2C573&#038;ssl=1\" alt=\",\" width=\"1020\" height=\"573\" title=\"\" srcset=\"https:\/\/i0.wp.com\/aiviouvapes.com\/wp-content\/uploads\/2025\/06\/okso-Magic-mirror-50k6.jpg?w=1920&amp;ssl=1 1920w, https:\/\/i0.wp.com\/aiviouvapes.com\/wp-content\/uploads\/2025\/06\/okso-Magic-mirror-50k6.jpg?resize=300%2C169&amp;ssl=1 300w, https:\/\/i0.wp.com\/aiviouvapes.com\/wp-content\/uploads\/2025\/06\/okso-Magic-mirror-50k6.jpg?resize=1024%2C575&amp;ssl=1 1024w, https:\/\/i0.wp.com\/aiviouvapes.com\/wp-content\/uploads\/2025\/06\/okso-Magic-mirror-50k6.jpg?resize=768%2C432&amp;ssl=1 768w, https:\/\/i0.wp.com\/aiviouvapes.com\/wp-content\/uploads\/2025\/06\/okso-Magic-mirror-50k6.jpg?resize=1536%2C863&amp;ssl=1 1536w, https:\/\/i0.wp.com\/aiviouvapes.com\/wp-content\/uploads\/2025\/06\/okso-Magic-mirror-50k6.jpg?resize=18%2C10&amp;ssl=1 18w, https:\/\/i0.wp.com\/aiviouvapes.com\/wp-content\/uploads\/2025\/06\/okso-Magic-mirror-50k6.jpg?resize=1320%2C742&amp;ssl=1 1320w, https:\/\/i0.wp.com\/aiviouvapes.com\/wp-content\/uploads\/2025\/06\/okso-Magic-mirror-50k6.jpg?resize=800%2C450&amp;ssl=1 800w\" sizes=\"auto, (max-width: 1020px) 100vw, 1020px\" \/> <img data-recalc-dims=\"1\" loading=\"lazy\" decoding=\"async\" class=\"alignnone size-full wp-image-36977\" src=\"https:\/\/i0.wp.com\/aiviouvapes.com\/wp-content\/uploads\/2025\/06\/okso-Magic-mirror-50k5.jpg?resize=1020%2C765&#038;ssl=1\" alt=\",\" width=\"1020\" height=\"765\" title=\"\" srcset=\"https:\/\/i0.wp.com\/aiviouvapes.com\/wp-content\/uploads\/2025\/06\/okso-Magic-mirror-50k5.jpg?w=1920&amp;ssl=1 1920w, https:\/\/i0.wp.com\/aiviouvapes.com\/wp-content\/uploads\/2025\/06\/okso-Magic-mirror-50k5.jpg?resize=300%2C225&amp;ssl=1 300w, https:\/\/i0.wp.com\/aiviouvapes.com\/wp-content\/uploads\/2025\/06\/okso-Magic-mirror-50k5.jpg?resize=1024%2C768&amp;ssl=1 1024w, https:\/\/i0.wp.com\/aiviouvapes.com\/wp-content\/uploads\/2025\/06\/okso-Magic-mirror-50k5.jpg?resize=768%2C576&amp;ssl=1 768w, https:\/\/i0.wp.com\/aiviouvapes.com\/wp-content\/uploads\/2025\/06\/okso-Magic-mirror-50k5.jpg?resize=1536%2C1152&amp;ssl=1 1536w, https:\/\/i0.wp.com\/aiviouvapes.com\/wp-content\/uploads\/2025\/06\/okso-Magic-mirror-50k5.jpg?resize=16%2C12&amp;ssl=1 16w, https:\/\/i0.wp.com\/aiviouvapes.com\/wp-content\/uploads\/2025\/06\/okso-Magic-mirror-50k5.jpg?resize=1320%2C990&amp;ssl=1 1320w, https:\/\/i0.wp.com\/aiviouvapes.com\/wp-content\/uploads\/2025\/06\/okso-Magic-mirror-50k5.jpg?resize=800%2C600&amp;ssl=1 800w\" sizes=\"auto, (max-width: 1020px) 100vw, 1020px\" \/> <img data-recalc-dims=\"1\" loading=\"lazy\" decoding=\"async\" class=\"alignnone size-full wp-image-36976\" src=\"https:\/\/i0.wp.com\/aiviouvapes.com\/wp-content\/uploads\/2025\/06\/okso-Magic-mirror-50k3.jpg?resize=1020%2C573&#038;ssl=1\" alt=\",\" width=\"1020\" height=\"573\" title=\"\" srcset=\"https:\/\/i0.wp.com\/aiviouvapes.com\/wp-content\/uploads\/2025\/06\/okso-Magic-mirror-50k3.jpg?w=1920&amp;ssl=1 1920w, https:\/\/i0.wp.com\/aiviouvapes.com\/wp-content\/uploads\/2025\/06\/okso-Magic-mirror-50k3.jpg?resize=300%2C169&amp;ssl=1 300w, https:\/\/i0.wp.com\/aiviouvapes.com\/wp-content\/uploads\/2025\/06\/okso-Magic-mirror-50k3.jpg?resize=1024%2C575&amp;ssl=1 1024w, https:\/\/i0.wp.com\/aiviouvapes.com\/wp-content\/uploads\/2025\/06\/okso-Magic-mirror-50k3.jpg?resize=768%2C432&amp;ssl=1 768w, https:\/\/i0.wp.com\/aiviouvapes.com\/wp-content\/uploads\/2025\/06\/okso-Magic-mirror-50k3.jpg?resize=1536%2C863&amp;ssl=1 1536w, https:\/\/i0.wp.com\/aiviouvapes.com\/wp-content\/uploads\/2025\/06\/okso-Magic-mirror-50k3.jpg?resize=18%2C10&amp;ssl=1 18w, https:\/\/i0.wp.com\/aiviouvapes.com\/wp-content\/uploads\/2025\/06\/okso-Magic-mirror-50k3.jpg?resize=1320%2C742&amp;ssl=1 1320w, https:\/\/i0.wp.com\/aiviouvapes.com\/wp-content\/uploads\/2025\/06\/okso-Magic-mirror-50k3.jpg?resize=800%2C450&amp;ssl=1 800w\" sizes=\"auto, (max-width: 1020px) 100vw, 1020px\" \/> <img data-recalc-dims=\"1\" loading=\"lazy\" decoding=\"async\" class=\"alignnone size-full wp-image-36975\" src=\"https:\/\/i0.wp.com\/aiviouvapes.com\/wp-content\/uploads\/2025\/06\/okso-Magic-mirror-50k2.jpg?resize=1020%2C573&#038;ssl=1\" alt=\",\" width=\"1020\" height=\"573\" title=\"\" srcset=\"https:\/\/i0.wp.com\/aiviouvapes.com\/wp-content\/uploads\/2025\/06\/okso-Magic-mirror-50k2.jpg?w=1920&amp;ssl=1 1920w, https:\/\/i0.wp.com\/aiviouvapes.com\/wp-content\/uploads\/2025\/06\/okso-Magic-mirror-50k2.jpg?resize=300%2C169&amp;ssl=1 300w, https:\/\/i0.wp.com\/aiviouvapes.com\/wp-content\/uploads\/2025\/06\/okso-Magic-mirror-50k2.jpg?resize=1024%2C575&amp;ssl=1 1024w, https:\/\/i0.wp.com\/aiviouvapes.com\/wp-content\/uploads\/2025\/06\/okso-Magic-mirror-50k2.jpg?resize=768%2C432&amp;ssl=1 768w, https:\/\/i0.wp.com\/aiviouvapes.com\/wp-content\/uploads\/2025\/06\/okso-Magic-mirror-50k2.jpg?resize=1536%2C863&amp;ssl=1 1536w, https:\/\/i0.wp.com\/aiviouvapes.com\/wp-content\/uploads\/2025\/06\/okso-Magic-mirror-50k2.jpg?resize=18%2C10&amp;ssl=1 18w, https:\/\/i0.wp.com\/aiviouvapes.com\/wp-content\/uploads\/2025\/06\/okso-Magic-mirror-50k2.jpg?resize=1320%2C742&amp;ssl=1 1320w, https:\/\/i0.wp.com\/aiviouvapes.com\/wp-content\/uploads\/2025\/06\/okso-Magic-mirror-50k2.jpg?resize=800%2C450&amp;ssl=1 800w\" sizes=\"auto, (max-width: 1020px) 100vw, 1020px\" \/><\/p>\n<figure class=\"wp-block-videopress-video wp-block-jetpack-videopress jetpack-videopress-player\"><div class=\"jetpack-videopress-player__wrapper\"><iframe title=\"VideoPress Videoafspiller\" aria-label=\"VideoPress Videoafspiller\" src=\"https:\/\/videopress.com\/embed\/LMTxYUlf?at=0&#038;controls=1&#038;preloadContent=metadata\" width=\"640\"height=\"360\" frameborder=\"0\" allowfullscreen data-resize-to-parent=\"true\" allow=\"clipboard-write\"><\/iframe><\/div><\/figure>","protected":false},"excerpt":{"rendered":"<p>OKSO Shisha Hookah Mega 50K leverer 50.000 pust, 40 ml e-v\u00e6ske, triple mesh coil, justerbar luftstr\u00f8m og LED-display for en smagfuld og kraftfuld dampoplevelse. F\u00e5s i 10 dristige smagsvarianter.<\/p>","protected":false},"featured_media":36915,"comment_status":"open","ping_status":"closed","template":"","meta":[],"product_brand":[244],"product_cat":[219,243],"product_tag":[],"class_list":{"0":"post-36828","1":"product","2":"type-product","3":"status-publish","4":"has-post-thumbnail","6":"product_brand-okso","7":"product_cat-40000-puffs-disposable-vape","8":"product_cat-okso","10":"first","11":"instock","12":"shipping-taxable","13":"purchasable","14":"product-type-variable","15":"has-default-attributes"},"jetpack_sharing_enabled":true,"tiered_pricing_type":"fixed","tiered_pricing_fixed_rules":{"30":9.5,"60":8.9000000000000003552713678800500929355621337890625,"100":8.300000000000000710542735760100185871124267578125,"200":7.9000000000000003552713678800500929355621337890625},"tiered_pricing_product_settings":{"layout":"default","base_unit_name":{"singular":null,"plural":null},"default_variation":null},"tiered_pricing_minimum_quantity":10,"tiered_pricing_roles_data":[],"tiered_pricing_percentage_rules":[],"tiered_pricing_maximum_quantity":null,"tiered_pricing_quantity_step":"10","_links":{"self":[{"href":"https:\/\/aiviouvapes.com\/da\/wp-json\/wp\/v2\/product\/36828","targetHints":{"allow":["GET"]}}],"collection":[{"href":"https:\/\/aiviouvapes.com\/da\/wp-json\/wp\/v2\/product"}],"about":[{"href":"https:\/\/aiviouvapes.com\/da\/wp-json\/wp\/v2\/types\/product"}],"replies":[{"embeddable":true,"href":"https:\/\/aiviouvapes.com\/da\/wp-json\/wp\/v2\/comments?post=36828"}],"wp:featuredmedia":[{"embeddable":true,"href":"https:\/\/aiviouvapes.com\/da\/wp-json\/wp\/v2\/media\/36915"}],"wp:attachment":[{"href":"https:\/\/aiviouvapes.com\/da\/wp-json\/wp\/v2\/media?parent=36828"}],"wp:term":[{"taxonomy":"product_brand","embeddable":true,"href":"https:\/\/aiviouvapes.com\/da\/wp-json\/wp\/v2\/product_brand?post=36828"},{"taxonomy":"product_cat","embeddable":true,"href":"https:\/\/aiviouvapes.com\/da\/wp-json\/wp\/v2\/product_cat?post=36828"},{"taxonomy":"product_tag","embeddable":true,"href":"https:\/\/aiviouvapes.com\/da\/wp-json\/wp\/v2\/product_tag?post=36828"}],"curies":[{"name":"wp","href":"https:\/\/api.w.org\/{rel}","templated":true}]}}