{"id":36827,"date":"2025-06-24T15:43:59","date_gmt":"2025-06-24T07:43:59","guid":{"rendered":"https:\/\/aiviouvapes.com\/?post_type=product&#038;p=36827"},"modified":"2026-03-17T23:57:15","modified_gmt":"2026-03-17T15:57:15","slug":"okso-crystal-bar-800","status":"publish","type":"product","link":"https:\/\/aiviouvapes.com\/da\/product\/okso-crystal-bar-800\/","title":{"rendered":"OKSO Crystal Bar 800 Puffs | mesh coil, RGB LED, 0-5% nikotin bulk engangs vape"},"content":{"rendered":"<h2>\ud83d\udd11 N\u00f8glefunktioner i OKSO Crystal Bar 800 engangs-vape<\/h2>\n<ul>\n<li><strong>800 Puffs:<\/strong> Ideel til lejlighedsvise og moderate brugere med lang levetid i en lille pakke.<\/li>\n<li><strong>Mesh Coil-teknologi:<\/strong> Sikrer en ensartet, fyldig smag ved hvert tr\u00e6k.<\/li>\n<li><strong>2 ml e-v\u00e6ske-kapacitet:<\/strong> Forudfyldt for nemheds skyld - ingen genopfyldning n\u00f8dvendig.<\/li>\n<li><strong>Flere nikotinmuligheder:<\/strong> V\u00e6lg mellem 0%, 2%, 3% eller 5% for at matche dine pr\u00e6ferencer.<\/li>\n<li><strong>400 mAh batteri:<\/strong> Holder til alle 800 pust med stabilt output.<\/li>\n<li><strong>RGB LED-belysning:<\/strong> Tilf\u00f8rer et levende visuelt pr\u00e6g med hvert pust.<\/li>\n<li><strong>Ultra letv\u00e6gtsdesign:<\/strong> Vejer kun 36 g - elegant, diskret og nem at have med.<\/li>\n<\/ul>\n<h2>\ud83c\udf1f Hvorfor v\u00e6lge OKSO Crystal Bar 800?<\/h2>\n<p>OKSO Crystal Bar 800 er en kompakt, smagfuld og levende engangsdamper, der er skabt til enkelhed og tilfredshed. Uanset om du er ude efter intens smag eller nikotinfleksibilitet, har denne enhed det hele pakket ind i en krystalklar krop med RGB-flair. Ideel til b\u00e5de begyndere og erfarne dampere, der s\u00e6tter pris p\u00e5 b\u00e6rbarhed uden at g\u00e5 p\u00e5 kompromis med kvaliteten.<\/p>\n<h2>\ud83c\udf53 Tilg\u00e6ngelige smagsvarianter<\/h2>\n<ul>\n<li>Mynte<\/li>\n<li>Fersken-is<\/li>\n<li>Lyser\u00f8d citron<\/li>\n<li>Tigerblod<\/li>\n<li>Drue-is<\/li>\n<li>Vandmelon-is<\/li>\n<li>Bl\u00e5 Hindb\u00e6r-is<\/li>\n<li>Fersken Mango Vandmelon<\/li>\n<li>Kirseb\u00e6r-is<\/li>\n<li>Jordb\u00e6r-is<\/li>\n<\/ul>\n<p>&nbsp;<\/p>\n<p>&nbsp;<\/p>\n<p>&nbsp;<\/p>","protected":false},"excerpt":{"rendered":"<p>OKSO Crystal Bar 800 engangsdamper leverer 800 bl\u00f8de pust, RGB LED-effekter og 10 dristige smagsvarianter i et kompakt, stilfuldt design - perfekt til daglig dampning, n\u00e5r du er p\u00e5 farten.<\/p>","protected":false},"featured_media":36832,"comment_status":"open","ping_status":"closed","template":"","meta":[],"product_brand":[244],"product_cat":[243,118],"product_tag":[],"class_list":{"0":"post-36827","1":"product","2":"type-product","3":"status-publish","4":"has-post-thumbnail","6":"product_brand-okso","7":"product_cat-okso","8":"product_cat-800-puffs-disposable-vape","10":"first","11":"instock","12":"shipping-taxable","13":"purchasable","14":"product-type-variable","15":"has-default-attributes"},"jetpack_sharing_enabled":true,"tiered_pricing_type":"fixed","tiered_pricing_fixed_rules":{"30":5.19000000000000039079850466805510222911834716796875,"50":3.62999999999999989341858963598497211933135986328125,"100":3.04999999999999982236431605997495353221893310546875,"200":2.850000000000000088817841970012523233890533447265625,"400":2.45999999999999996447286321199499070644378662109375},"tiered_pricing_product_settings":{"layout":"default","base_unit_name":{"singular":null,"plural":null},"default_variation":null},"tiered_pricing_minimum_quantity":10,"tiered_pricing_roles_data":[],"tiered_pricing_percentage_rules":[],"tiered_pricing_maximum_quantity":null,"tiered_pricing_quantity_step":"10","_links":{"self":[{"href":"https:\/\/aiviouvapes.com\/da\/wp-json\/wp\/v2\/product\/36827","targetHints":{"allow":["GET"]}}],"collection":[{"href":"https:\/\/aiviouvapes.com\/da\/wp-json\/wp\/v2\/product"}],"about":[{"href":"https:\/\/aiviouvapes.com\/da\/wp-json\/wp\/v2\/types\/product"}],"replies":[{"embeddable":true,"href":"https:\/\/aiviouvapes.com\/da\/wp-json\/wp\/v2\/comments?post=36827"}],"wp:featuredmedia":[{"embeddable":true,"href":"https:\/\/aiviouvapes.com\/da\/wp-json\/wp\/v2\/media\/36832"}],"wp:attachment":[{"href":"https:\/\/aiviouvapes.com\/da\/wp-json\/wp\/v2\/media?parent=36827"}],"wp:term":[{"taxonomy":"product_brand","embeddable":true,"href":"https:\/\/aiviouvapes.com\/da\/wp-json\/wp\/v2\/product_brand?post=36827"},{"taxonomy":"product_cat","embeddable":true,"href":"https:\/\/aiviouvapes.com\/da\/wp-json\/wp\/v2\/product_cat?post=36827"},{"taxonomy":"product_tag","embeddable":true,"href":"https:\/\/aiviouvapes.com\/da\/wp-json\/wp\/v2\/product_tag?post=36827"}],"curies":[{"name":"wp","href":"https:\/\/api.w.org\/{rel}","templated":true}]}}