{"id":33282,"date":"2025-04-24T17:00:12","date_gmt":"2025-04-24T09:00:12","guid":{"rendered":"https:\/\/aiviouvapes.com\/?post_type=product&#038;p=33282"},"modified":"2026-03-17T23:58:55","modified_gmt":"2026-03-17T15:58:55","slug":"mrvi-df-40k-puff","status":"publish","type":"product","link":"https:\/\/aiviouvapes.com\/da\/product\/mrvi-df-40k-puff\/","title":{"rendered":"MRVI DF 40000 Puffs | dobbelt smag, 40 ml e-v\u00e6ske engangs vape bulk engros"},"content":{"rendered":"<p><strong>MRVI DF 40000 Engangs-vape med dobbelt smag<\/strong> - Dobbelt s\u00e5 meget smag, dobbelt s\u00e5 meget sjov.<\/p>\n<p>M\u00f8d den <strong>MRVI DF 40000<\/strong>Engangsdamperen, der giver dig dobbelt s\u00e5 meget smag og dobbelt s\u00e5 meget nydelse. Med op til <strong>40.000 pust<\/strong>en massiv <strong>40mL e-v\u00e6ske tank<\/strong>og banebrydende <strong>Dobbeltmasket spole<\/strong> teknologi er denne enhed konstrueret til j\u00e6vn, fyldig damp, der varer l\u00e6ngere, end du nogensinde troede var muligt. Uanset om du er lejlighedsvis damper eller stork\u00f8ber, har MRVI DF 40000 alt, hvad du har brug for, i en slank, lommevenlig enhed.<\/p>\n<p>Udstyret med en <strong>850 mAh genopladeligt batteri<\/strong> og <strong>Type C-opladning<\/strong> til hurtig optankning, er denne enhed lige s\u00e5 kraftfuld, som den er praktisk. V\u00e6lg mellem <strong>5% eller 2% nikotinstyrke<\/strong> for at tilpasse din oplevelse. Plus, med <strong>10 unikke kombinationer af to smage<\/strong>Der er altid noget nyt at pr\u00f8ve.<\/p>\n<p>MRVI DF 40000 er perfekt til personlig brug eller til at fylde op med henblik p\u00e5 videresalg, og den er din go-to vape for kvalitet og kvantitet.<\/p>\n<h3><strong>MRVI DF 40000 Funktioner:<\/strong><\/h3>\n<ul>\n<li><strong>Massivt antal pust:<\/strong> Op til 40.000 pust pr. enhed<\/li>\n<li><strong>Stor e-v\u00e6ske-kapacitet:<\/strong> 40 ml f\u00f8rsteklasses e-v\u00e6ske<\/li>\n<li><strong>Kraftfuldt batteri:<\/strong> 850 mAh genopladeligt batteri<\/li>\n<li><strong>Hurtig opladning:<\/strong> Type-C-port (fuldt opladet p\u00e5 2 timer)<\/li>\n<li><strong>Dual Mesh Coil:<\/strong> J\u00e6vn, fyldig damp ved hvert tr\u00e6k<\/li>\n<li><strong>Nikotinmuligheder:<\/strong> 5% eller 2% tobaksfri nikotin<\/li>\n<li><strong>Smagsvariation:<\/strong> 10 sp\u00e6ndende kombinationer af to smage<\/li>\n<li><strong>Nem aktivering:<\/strong> Tr\u00e6k vejret ind for at aktivere - ingen knapper er n\u00f8dvendige<\/li>\n<li><strong>Kompakt design:<\/strong> Lommevenlig og ergonomisk (92*41*19mm)<\/li>\n<li><strong>Venlig over for engroshandel:<\/strong> 10 stk. pr. displayboks<\/li>\n<\/ul>","protected":false},"excerpt":{"rendered":"<p class=\"\" data-start=\"97\" data-end=\"366\">MRVI DF 40000 engangsdamper tilbyder op til 40.000 pust, dobbelte netspoler, 40 ml e-v\u00e6ske og 10 dynamiske smagskombinationer. Perfekt til langvarig, problemfri dampning, ideel til personlig brug eller engrosbrug.<\/p>","protected":false},"featured_media":33307,"comment_status":"open","ping_status":"closed","template":"","meta":[],"product_brand":[229],"product_cat":[33,219,80,79],"product_tag":[],"class_list":{"0":"post-33282","1":"product","2":"type-product","3":"status-publish","4":"has-post-thumbnail","6":"product_brand-mrvi","7":"product_cat-mrvi","8":"product_cat-40000-puffs-disposable-vape","9":"product_cat-dual-flavor-vapes","10":"product_cat-dual-mesh-vapes","12":"first","13":"instock","14":"shipping-taxable","15":"purchasable","16":"product-type-variable","17":"has-default-attributes"},"jetpack_sharing_enabled":true,"tiered_pricing_type":"fixed","tiered_pricing_fixed_rules":{"100":7.05999999999999960920149533194489777088165283203125,"200":6.4199999999999999289457264239899814128875732421875,"400":6.089999999999999857891452847979962825775146484375},"tiered_pricing_product_settings":{"layout":"default","base_unit_name":{"singular":null,"plural":null},"default_variation":null},"tiered_pricing_minimum_quantity":50,"tiered_pricing_roles_data":[],"tiered_pricing_percentage_rules":[],"tiered_pricing_maximum_quantity":null,"tiered_pricing_quantity_step":"10","_links":{"self":[{"href":"https:\/\/aiviouvapes.com\/da\/wp-json\/wp\/v2\/product\/33282","targetHints":{"allow":["GET"]}}],"collection":[{"href":"https:\/\/aiviouvapes.com\/da\/wp-json\/wp\/v2\/product"}],"about":[{"href":"https:\/\/aiviouvapes.com\/da\/wp-json\/wp\/v2\/types\/product"}],"replies":[{"embeddable":true,"href":"https:\/\/aiviouvapes.com\/da\/wp-json\/wp\/v2\/comments?post=33282"}],"wp:featuredmedia":[{"embeddable":true,"href":"https:\/\/aiviouvapes.com\/da\/wp-json\/wp\/v2\/media\/33307"}],"wp:attachment":[{"href":"https:\/\/aiviouvapes.com\/da\/wp-json\/wp\/v2\/media?parent=33282"}],"wp:term":[{"taxonomy":"product_brand","embeddable":true,"href":"https:\/\/aiviouvapes.com\/da\/wp-json\/wp\/v2\/product_brand?post=33282"},{"taxonomy":"product_cat","embeddable":true,"href":"https:\/\/aiviouvapes.com\/da\/wp-json\/wp\/v2\/product_cat?post=33282"},{"taxonomy":"product_tag","embeddable":true,"href":"https:\/\/aiviouvapes.com\/da\/wp-json\/wp\/v2\/product_tag?post=33282"}],"curies":[{"name":"wp","href":"https:\/\/api.w.org\/{rel}","templated":true}]}}