{"id":31281,"date":"2025-04-01T16:36:07","date_gmt":"2025-04-01T08:36:07","guid":{"rendered":"https:\/\/aiviouvapes.com\/?post_type=product&#038;p=31281"},"modified":"2026-04-07T10:00:02","modified_gmt":"2026-04-07T02:00:02","slug":"bang-e-shisha-42000-puffs","status":"publish","type":"product","link":"https:\/\/aiviouvapes.com\/da\/product\/bang-e-shisha-42000-puffs\/","title":{"rendered":"Bang E-Shisha Head 42000 Puffs | 42K puffs guld LED display bulk engangs vape"},"content":{"rendered":"<h3>Hvorfor v\u00e6lge Bang E-Shisha Head 42000?<\/h3>\n<ul>\n<li>\ud83d\ude80 Massive 42.000 pust giver langvarig tilfredshed<\/li>\n<li>\ud83c\udf1f F\u00f8rsteklasses guldfinish giver stil til hvert pust<\/li>\n<li>\ud83d\udcca LED-display til nem sporing af pust<\/li>\n<li>\ud83d\udc4c Engangs- og vedligeholdelsesfrit design<\/li>\n<li>\ud83c\udfd6\ufe0f Kompakt og let, ideel til rejser og events<\/li>\n<li>\ud83d\udd25 Bredt udvalg af rige, bl\u00f8de smage<\/li>\n<\/ul>\n<p>Hvis du er p\u00e5 udkig efter en stilfuld, problemfri engangsdamp, der leverer enest\u00e5ende smag og ydeevne, er Bang E-Shisha Head 42000 dit perfekte match. Sig farvel til konstante genopfyldninger og kompliceret vedligeholdelse - bare nyd en fed, tilfredsstillende vape n\u00e5r som helst og hvor som helst.<\/p>\n<p><strong>F\u00e5 fat i din i dag, og oplev den perfekte blanding af stil, ydeevne og bekvemmelighed med Bang E-Shisha Head 42000!<\/strong><\/p>\n<h3>Specifikationer<\/h3>\n<table>\n<tbody>\n<tr>\n<th>Funktion<\/th>\n<th>Detaljer<\/th>\n<\/tr>\n<tr>\n<td>Antal pust<\/td>\n<td>Op til 42.000 pust<\/td>\n<\/tr>\n<tr>\n<td>Design<\/td>\n<td>Guldfinish med elegant stil<\/td>\n<\/tr>\n<tr>\n<td>Sk\u00e6rm<\/td>\n<td>LED-display til overv\u00e5gning af pust<\/td>\n<\/tr>\n<tr>\n<td>Type<\/td>\n<td>Engangsbrug, ingen vedligeholdelse<\/td>\n<\/tr>\n<tr>\n<td>B\u00e6rbarhed<\/td>\n<td>Kompakt og rejsevenlig<\/td>\n<\/tr>\n<tr>\n<td>Smagsstoffer<\/td>\n<td>Bredt udvalg af dristige smage<\/td>\n<\/tr>\n<\/tbody>\n<\/table>\n<h2>Bang E-Shisha Head 42000 Puffs | Gold LED Display Bulk Disposable Vape<\/h2>\n<p>\u2728 L\u00f8ft dit dampspil med den nye <strong>Bang E-Shisha-hoved 42000<\/strong> - en kraftfuld, stilfuld engangsdamper, der leverer utrolige 42.000 pust. Denne enhed er perfekt til b\u00e5de begyndere og erfarne dampere og kombinerer banebrydende bekvemmelighed med i\u00f8jnefaldende design. Den er udf\u00f8rt i elegant guld med et levende LED-display og er lige s\u00e5 praktisk, som den er imponerende.<\/p>\n<p>Med Bang E-Shisha Head 42000 skal du aldrig bekymre dig om genopfyldning eller opladning. Bare tag den op og pust l\u00f8s! Uanset om du nyder en aften i byen, slapper af derhjemme eller er ude at rejse, giver denne slanke engangsdamp fyldige, tilfredsstillende smagsoplevelser, n\u00e5r du har brug for det. Den kompakte, rejsevenlige st\u00f8rrelse g\u00f8r den nem at have med, mens LED-displayet holder dig informeret om din puff-status og sikrer en problemfri og behagelig dampoplevelse.<\/p>","protected":false},"excerpt":{"rendered":"<p>Oplev 42.000 fede pust med Bang E-Shisha Head 42000, der har guldfinish, LED-display og et kompakt engangsdesign - perfekt til stilfuld, problemfri dampning n\u00e5r som helst og hvor som helst.<\/p>","protected":false},"featured_media":31385,"comment_status":"open","ping_status":"closed","template":"","meta":[],"product_brand":[239],"product_cat":[37,219],"product_tag":[],"class_list":{"0":"post-31281","1":"product","2":"type-product","3":"status-publish","4":"has-post-thumbnail","6":"product_brand-bang","7":"product_cat-bang","8":"product_cat-40000-puffs-disposable-vape","10":"first","11":"instock","12":"shipping-taxable","13":"purchasable","14":"product-type-variable","15":"has-default-attributes"},"jetpack_sharing_enabled":true,"tiered_pricing_type":"fixed","tiered_pricing_fixed_rules":{"30":9.46000000000000085265128291212022304534912109375,"50":8.5600000000000004973799150320701301097869873046875,"100":7.78000000000000024868995751603506505489349365234375,"200":7.38999999999999968025576890795491635799407958984375,"400":6.80999999999999960920149533194489777088165283203125},"tiered_pricing_product_settings":{"layout":"default","base_unit_name":{"singular":null,"plural":null},"default_variation":null},"tiered_pricing_minimum_quantity":10,"tiered_pricing_roles_data":[],"tiered_pricing_percentage_rules":[],"tiered_pricing_maximum_quantity":null,"tiered_pricing_quantity_step":"10","_links":{"self":[{"href":"https:\/\/aiviouvapes.com\/da\/wp-json\/wp\/v2\/product\/31281","targetHints":{"allow":["GET"]}}],"collection":[{"href":"https:\/\/aiviouvapes.com\/da\/wp-json\/wp\/v2\/product"}],"about":[{"href":"https:\/\/aiviouvapes.com\/da\/wp-json\/wp\/v2\/types\/product"}],"replies":[{"embeddable":true,"href":"https:\/\/aiviouvapes.com\/da\/wp-json\/wp\/v2\/comments?post=31281"}],"wp:featuredmedia":[{"embeddable":true,"href":"https:\/\/aiviouvapes.com\/da\/wp-json\/wp\/v2\/media\/31385"}],"wp:attachment":[{"href":"https:\/\/aiviouvapes.com\/da\/wp-json\/wp\/v2\/media?parent=31281"}],"wp:term":[{"taxonomy":"product_brand","embeddable":true,"href":"https:\/\/aiviouvapes.com\/da\/wp-json\/wp\/v2\/product_brand?post=31281"},{"taxonomy":"product_cat","embeddable":true,"href":"https:\/\/aiviouvapes.com\/da\/wp-json\/wp\/v2\/product_cat?post=31281"},{"taxonomy":"product_tag","embeddable":true,"href":"https:\/\/aiviouvapes.com\/da\/wp-json\/wp\/v2\/product_tag?post=31281"}],"curies":[{"name":"wp","href":"https:\/\/api.w.org\/{rel}","templated":true}]}}