{"id":30767,"date":"2025-03-21T12:56:55","date_gmt":"2025-03-21T04:56:55","guid":{"rendered":"https:\/\/aiviouvapes.com\/?post_type=product&#038;p=30767"},"modified":"2026-04-09T02:18:04","modified_gmt":"2026-04-08T18:18:04","slug":"waspe-60k-3-in-1-60000-puffs","status":"publish","type":"product","link":"https:\/\/aiviouvapes.com\/da\/product\/waspe-60k-3-in-1-60000-puffs\/","title":{"rendered":"WASPE 60K | 3-i-1 60000 pust, tredobbelt smag, bulk engangs vape"},"content":{"rendered":"<p><img data-recalc-dims=\"1\" loading=\"lazy\" decoding=\"async\" class=\"alignnone wp-image-33901\" src=\"https:\/\/i0.wp.com\/aiviouvapes.com\/wp-content\/uploads\/2025\/03\/%E5%BE%AE%E4%BF%A1%E5%9B%BE%E7%89%87_20250502143652-e1746694635211.jpg?resize=1000%2C591&#038;ssl=1\" alt=\",\" width=\"1000\" height=\"591\" title=\"\" srcset=\"https:\/\/i0.wp.com\/aiviouvapes.com\/wp-content\/uploads\/2025\/03\/%E5%BE%AE%E4%BF%A1%E5%9B%BE%E7%89%87_20250502143652-e1746694635211.jpg?w=1280&amp;ssl=1 1280w, https:\/\/i0.wp.com\/aiviouvapes.com\/wp-content\/uploads\/2025\/03\/%E5%BE%AE%E4%BF%A1%E5%9B%BE%E7%89%87_20250502143652-e1746694635211.jpg?resize=300%2C177&amp;ssl=1 300w, https:\/\/i0.wp.com\/aiviouvapes.com\/wp-content\/uploads\/2025\/03\/%E5%BE%AE%E4%BF%A1%E5%9B%BE%E7%89%87_20250502143652-e1746694635211.jpg?resize=1024%2C606&amp;ssl=1 1024w, https:\/\/i0.wp.com\/aiviouvapes.com\/wp-content\/uploads\/2025\/03\/%E5%BE%AE%E4%BF%A1%E5%9B%BE%E7%89%87_20250502143652-e1746694635211.jpg?resize=768%2C454&amp;ssl=1 768w, https:\/\/i0.wp.com\/aiviouvapes.com\/wp-content\/uploads\/2025\/03\/%E5%BE%AE%E4%BF%A1%E5%9B%BE%E7%89%87_20250502143652-e1746694635211.jpg?resize=18%2C12&amp;ssl=1 18w, https:\/\/i0.wp.com\/aiviouvapes.com\/wp-content\/uploads\/2025\/03\/%E5%BE%AE%E4%BF%A1%E5%9B%BE%E7%89%87_20250502143652-e1746694635211.jpg?resize=800%2C473&amp;ssl=1 800w\" sizes=\"auto, (max-width: 1000px) 100vw, 1000px\" \/> <img data-recalc-dims=\"1\" loading=\"lazy\" decoding=\"async\" class=\"alignnone wp-image-33902\" src=\"https:\/\/i0.wp.com\/aiviouvapes.com\/wp-content\/uploads\/2025\/03\/%E5%BE%AE%E4%BF%A1%E5%9B%BE%E7%89%87_20250502143744.jpg?resize=1000%2C750&#038;ssl=1\" alt=\",\" width=\"1000\" height=\"750\" title=\"\" srcset=\"https:\/\/i0.wp.com\/aiviouvapes.com\/wp-content\/uploads\/2025\/03\/%E5%BE%AE%E4%BF%A1%E5%9B%BE%E7%89%87_20250502143744.jpg?w=1707&amp;ssl=1 1707w, https:\/\/i0.wp.com\/aiviouvapes.com\/wp-content\/uploads\/2025\/03\/%E5%BE%AE%E4%BF%A1%E5%9B%BE%E7%89%87_20250502143744.jpg?resize=300%2C225&amp;ssl=1 300w, https:\/\/i0.wp.com\/aiviouvapes.com\/wp-content\/uploads\/2025\/03\/%E5%BE%AE%E4%BF%A1%E5%9B%BE%E7%89%87_20250502143744.jpg?resize=1024%2C768&amp;ssl=1 1024w, https:\/\/i0.wp.com\/aiviouvapes.com\/wp-content\/uploads\/2025\/03\/%E5%BE%AE%E4%BF%A1%E5%9B%BE%E7%89%87_20250502143744.jpg?resize=768%2C576&amp;ssl=1 768w, https:\/\/i0.wp.com\/aiviouvapes.com\/wp-content\/uploads\/2025\/03\/%E5%BE%AE%E4%BF%A1%E5%9B%BE%E7%89%87_20250502143744.jpg?resize=1536%2C1152&amp;ssl=1 1536w, https:\/\/i0.wp.com\/aiviouvapes.com\/wp-content\/uploads\/2025\/03\/%E5%BE%AE%E4%BF%A1%E5%9B%BE%E7%89%87_20250502143744.jpg?resize=16%2C12&amp;ssl=1 16w, https:\/\/i0.wp.com\/aiviouvapes.com\/wp-content\/uploads\/2025\/03\/%E5%BE%AE%E4%BF%A1%E5%9B%BE%E7%89%87_20250502143744.jpg?resize=1320%2C990&amp;ssl=1 1320w, https:\/\/i0.wp.com\/aiviouvapes.com\/wp-content\/uploads\/2025\/03\/%E5%BE%AE%E4%BF%A1%E5%9B%BE%E7%89%87_20250502143744.jpg?resize=800%2C600&amp;ssl=1 800w\" sizes=\"auto, (max-width: 1000px) 100vw, 1000px\" \/><\/p>\n<p><iframe title=\"VideoPress Videoafspiller\" aria-label='VideoPress Videoafspiller' width='1020' height='574' src='https:\/\/videopress.com\/embed\/ejPBp6IM?hd=0&amp;cover=1' frameborder='0' allowfullscreen allow='clipboard-write'><\/iframe><script src='https:\/\/v0.wordpress.com\/js\/next\/videopress-iframe.js?m=1770107250'><\/script><\/p>\n<h2>\ud83c\udf53 WASPE 60K tredobbelte smagskombinationer<\/h2>\n<p>Hver WASPE AIVIOU 60000 tilbyder <strong>3 unikke smagsvarianter i 1 enhed<\/strong>s\u00e5 du kan skifte den ud uden at have brug for en ny vape.<\/p>\n<table class=\"w-fit min-w-(--thread-content-width)\">\n<thead>\n<tr>\n<th>Kombinationsnummer<\/th>\n<th>Smagstrio<\/th>\n<\/tr>\n<\/thead>\n<tbody>\n<tr>\n<td>1<\/td>\n<td><strong>Vandmelon-is<\/strong>, <strong>Jordb\u00e6r Kiwi<\/strong>, <strong>Citron Lime<\/strong><\/td>\n<\/tr>\n<tr>\n<td>2<\/td>\n<td><strong>Jordb\u00e6r og vandmelon<\/strong>, <strong>Jordb\u00e6r-hindb\u00e6r-slik<\/strong>, <strong>Drue-is<\/strong><\/td>\n<\/tr>\n<tr>\n<td>3<\/td>\n<td><strong>Bl\u00e5b\u00e6r-is<\/strong>, <strong>Sort drage-is<\/strong>, <strong>Brusende kirseb\u00e6r-is<\/strong><\/td>\n<\/tr>\n<tr>\n<td>4<\/td>\n<td><strong>Jordb\u00e6r Hindb\u00e6r Kirseb\u00e6r<\/strong>, <strong>Love 666<\/strong>, <strong>Kirseb\u00e6r-slik-is<\/strong><\/td>\n<\/tr>\n<tr>\n<td>5<\/td>\n<td><strong>Fersken-is<\/strong>, <strong>Ananas Mango Fersken<\/strong>, <strong>Traneb\u00e6r og citron<\/strong><\/td>\n<\/tr>\n<tr>\n<td>6<\/td>\n<td><strong>Red Bull Is<\/strong>, <strong>Jordb\u00e6r og mango<\/strong>, <strong>Jordb\u00e6r, vandmelon og tyggegummi<\/strong><\/td>\n<\/tr>\n<tr>\n<td>7<\/td>\n<td><strong>Blandede b\u00e6r<\/strong>, <strong>Vingummibamse<\/strong>, <strong>Blandet frugt<\/strong><\/td>\n<\/tr>\n<tr>\n<td>8<\/td>\n<td><strong>Tredobbelt melon-is<\/strong>, <strong>Regnbue-slik<\/strong>, <strong>Bl\u00e5b\u00e6r-slik<\/strong><\/td>\n<\/tr>\n<tr>\n<td>9<\/td>\n<td><strong>Drue-is<\/strong>, <strong>Jordb\u00e6r-slik<\/strong>, <strong>Jordb\u00e6r Hindb\u00e6r Kirseb\u00e6r<\/strong><\/td>\n<\/tr>\n<tr>\n<td>10<\/td>\n<td><strong>Jordb\u00e6r og banan<\/strong>, <strong>Is med ananas og kokosn\u00f8d<\/strong>, <strong>Mango-is<\/strong><\/td>\n<\/tr>\n<tr>\n<td>11<\/td>\n<td><strong>Kirseb\u00e6r Cola Is<\/strong>, <strong>Jordb\u00e6r-cola<\/strong>, <strong>Cola Is<\/strong><\/td>\n<\/tr>\n<tr>\n<td>12<\/td>\n<td><strong>Bl\u00e5b\u00e6r Hindb\u00e6r<\/strong>, <strong>Bl\u00e5b\u00e6r candyfloss<\/strong>, <strong>Dobbelt \u00e6ble-is<\/strong><\/td>\n<\/tr>\n<\/tbody>\n<\/table>\n<p>\ud83c\udf00 Uanset om du er til frugtige, iskolde eller slikinspirerede dampe - der er en kombination til enhver smag.<\/p>\n<h2>\ud83d\udce6 WASPE AIVIOU 60000 Puffs - N\u00f8glespecifikationer<\/h2>\n<table class=\"w-fit min-w-(--thread-content-width)\">\n<thead>\n<tr>\n<th>Funktion<\/th>\n<th>Beskrivelse<\/th>\n<\/tr>\n<\/thead>\n<tbody>\n<tr>\n<td><strong>Puffs i alt<\/strong><\/td>\n<td>Op til <strong>60.000 pust<\/strong> - langtidsholdbar og perfekt til l\u00e6ngere tids brug<\/td>\n<\/tr>\n<tr>\n<td><strong>Smagsmuligheder<\/strong><\/td>\n<td><strong>3-i-1<\/strong> - Skift mellem tre indbyggede smagsvarianter i en enkelt enhed<\/td>\n<\/tr>\n<tr>\n<td><strong>Nikotinstyrker<\/strong><\/td>\n<td>Tilg\u00e6ngelig i <strong>0%, 2% eller 5% nikotin<\/strong> - V\u00e6lg din foretrukne styrke<\/td>\n<\/tr>\n<tr>\n<td><strong>E-v\u00e6ske-kapacitet<\/strong><\/td>\n<td><strong>54 ml<\/strong> - Masser af v\u00e6ske til at dampe hele dagen<\/td>\n<\/tr>\n<tr>\n<td><strong>Sk\u00e6rm<\/strong><\/td>\n<td><strong>LED-sk\u00e6rm<\/strong> Viser tydeligt batteriniveau og status for e-v\u00e6ske<\/td>\n<\/tr>\n<tr>\n<td><strong>Spoler<\/strong><\/td>\n<td><strong>Triple mesh-spiraler<\/strong> - for bedre smag og j\u00e6vn dampproduktion<\/td>\n<\/tr>\n<tr>\n<td><strong>Opladning<\/strong><\/td>\n<td><strong>Type-C genopladelig<\/strong> - Hurtig og bekvem opladning<\/td>\n<\/tr>\n<tr>\n<td><strong>B\u00e6rbarhed<\/strong><\/td>\n<td>Kompakt st\u00f8rrelse: <strong>47 mm x 47 mm x 116 mm<\/strong> - Passer nemt i h\u00e5nden eller lommen<\/td>\n<\/tr>\n<tr>\n<td><strong>Ideel til<\/strong><\/td>\n<td><strong>Engroshandel og detailhandel<\/strong> i Holland, Tyskland, Belgien og Spanien<\/td>\n<\/tr>\n<\/tbody>\n<\/table>\n<h3>\u2753 Ofte stillede sp\u00f8rgsm\u00e5l - WASPE AIVIOU 60000 Puffs Engangs Vape<\/h3>\n<h4>\u2705 Hvad g\u00f8r WASPE AIVIOU 60000 Puffs til et godt valg?<\/h4>\n<p>WASPE 60K skiller sig ud med sin <strong>60.000 puffers kapacitet<\/strong>, <strong>3-i-1-smagssystem<\/strong>og <strong>LED-display<\/strong>. Den er lavet til brugere, der vil have en l\u00e6ngerevarende og mere smagfuld vape-oplevelse. Og s\u00e5 er den begyndervenlig og nem at oplade med et Type-C-kabel.<\/p>\n<h4>\ud83c\udf53 Hvor mange smagsvarianter er inkluderet i en WASPE 60K vape?<\/h4>\n<p>Hver WASPE AIVIOU 60000 Puffs-enhed leveres med <strong>tre forskellige indbyggede smagsvarianter<\/strong>. Du kan skifte mellem dem for at f\u00e5 variation uden at \u00e6ndre din vape. Der findes <strong>12 forskellige smagskombinationer<\/strong> Der er noget for enhver smag.<\/p>\n<h4>\ud83d\udd0b Er WASPE 60K genopladelig?<\/h4>\n<p>Ja, enheden leveres med en <strong>genopladeligt batteri<\/strong> og <strong>Type-C opladningsport<\/strong>Det sikrer hurtigere opladning og l\u00e6ngere brug.<\/p>\n<h4>\ud83d\udce6 Hvordan er WASPE 60K vape pakket til engrosordrer?<\/h4>\n<p>WASPE AIVIOU 60K f\u00e5s i to pakningsvarianter:<\/p>\n<ul>\n<li><strong>Boks:<\/strong> 10 enheder pr. kasse<\/li>\n<li><strong>Karton:<\/strong> 160 enheder pr. karton (ca. 21 kg)<br \/>\nBegge er velegnede til <strong>Store ordrer og hurtig levering<\/strong>.<\/li>\n<\/ul>\n<h4>\ud83c\udf0d Hvor kan jeg s\u00e6lge WASPE AIVIOU 60000 Puffs vape?<\/h4>\n<p>Den er ideel til <strong>Engros- og detailhandel<\/strong> i <strong>Holland<\/strong>, <strong>Tyskland<\/strong>, <strong>Belgien<\/strong>og <strong>Spanien<\/strong>. Uanset om du har en fysisk butik eller s\u00e6lger online, er dette produkt optimeret til EU-markeder.<\/p>\n<h4>\ud83d\uded2 Hvorfor k\u00f8be fra AiviouVape?<\/h4>\n<p><strong>AiviouVape<\/strong> er en betroet <strong>Vape-grossist<\/strong> arbejder direkte med producenter for at tilbyde:<\/p>\n<ul>\n<li>\u2705 Konkurrencedygtige priser<\/li>\n<li>\u2705 Autentiske, sikre produkter<\/li>\n<li>\u2705 Hurtig levering, selv ved store ordrer<\/li>\n<li>\u2705 Fremragende support til butiksejere og forhandlere<\/li>\n<\/ul>\n<h4>\ud83d\udccf Hvad er dimensionerne p\u00e5 WASPE 60K-enheden?<\/h4>\n<p>Hver vape m\u00e5ler <strong>47 mm x 47 mm x 116 mm<\/strong>Det g\u00f8r den let og lommevenlig.<\/p>\n<p><img data-recalc-dims=\"1\" loading=\"lazy\" decoding=\"async\" class=\"alignnone size-full wp-image-33904\" src=\"https:\/\/i0.wp.com\/aiviouvapes.com\/wp-content\/uploads\/2025\/03\/%E5%8C%85%E8%A3%85%E5%9B%BE-140000.jpg?resize=1020%2C612&#038;ssl=1\" alt=\",\" width=\"1020\" height=\"612\" title=\"\" srcset=\"https:\/\/i0.wp.com\/aiviouvapes.com\/wp-content\/uploads\/2025\/03\/%E5%8C%85%E8%A3%85%E5%9B%BE-140000.jpg?w=1920&amp;ssl=1 1920w, https:\/\/i0.wp.com\/aiviouvapes.com\/wp-content\/uploads\/2025\/03\/%E5%8C%85%E8%A3%85%E5%9B%BE-140000.jpg?resize=300%2C180&amp;ssl=1 300w, https:\/\/i0.wp.com\/aiviouvapes.com\/wp-content\/uploads\/2025\/03\/%E5%8C%85%E8%A3%85%E5%9B%BE-140000.jpg?resize=1024%2C614&amp;ssl=1 1024w, https:\/\/i0.wp.com\/aiviouvapes.com\/wp-content\/uploads\/2025\/03\/%E5%8C%85%E8%A3%85%E5%9B%BE-140000.jpg?resize=768%2C461&amp;ssl=1 768w, https:\/\/i0.wp.com\/aiviouvapes.com\/wp-content\/uploads\/2025\/03\/%E5%8C%85%E8%A3%85%E5%9B%BE-140000.jpg?resize=1536%2C922&amp;ssl=1 1536w, https:\/\/i0.wp.com\/aiviouvapes.com\/wp-content\/uploads\/2025\/03\/%E5%8C%85%E8%A3%85%E5%9B%BE-140000.jpg?resize=18%2C12&amp;ssl=1 18w, https:\/\/i0.wp.com\/aiviouvapes.com\/wp-content\/uploads\/2025\/03\/%E5%8C%85%E8%A3%85%E5%9B%BE-140000.jpg?resize=1320%2C792&amp;ssl=1 1320w, https:\/\/i0.wp.com\/aiviouvapes.com\/wp-content\/uploads\/2025\/03\/%E5%8C%85%E8%A3%85%E5%9B%BE-140000.jpg?resize=800%2C480&amp;ssl=1 800w\" sizes=\"auto, (max-width: 1020px) 100vw, 1020px\" \/>\u00a0<img data-recalc-dims=\"1\" loading=\"lazy\" decoding=\"async\" class=\"alignnone wp-image-30768 size-full\" src=\"https:\/\/i0.wp.com\/aiviouvapes.com\/wp-content\/uploads\/2025\/03\/WASPE-60k-3-in-1-60000-Puffs-1.jpg?resize=1020%2C574&#038;ssl=1\" alt=\",\" width=\"1020\" height=\"574\" title=\"\" srcset=\"https:\/\/i0.wp.com\/aiviouvapes.com\/wp-content\/uploads\/2025\/03\/WASPE-60k-3-in-1-60000-Puffs-1.jpg?w=1920&amp;ssl=1 1920w, https:\/\/i0.wp.com\/aiviouvapes.com\/wp-content\/uploads\/2025\/03\/WASPE-60k-3-in-1-60000-Puffs-1.jpg?resize=300%2C169&amp;ssl=1 300w, https:\/\/i0.wp.com\/aiviouvapes.com\/wp-content\/uploads\/2025\/03\/WASPE-60k-3-in-1-60000-Puffs-1.jpg?resize=1024%2C576&amp;ssl=1 1024w, https:\/\/i0.wp.com\/aiviouvapes.com\/wp-content\/uploads\/2025\/03\/WASPE-60k-3-in-1-60000-Puffs-1.jpg?resize=768%2C432&amp;ssl=1 768w, https:\/\/i0.wp.com\/aiviouvapes.com\/wp-content\/uploads\/2025\/03\/WASPE-60k-3-in-1-60000-Puffs-1.jpg?resize=1536%2C864&amp;ssl=1 1536w, https:\/\/i0.wp.com\/aiviouvapes.com\/wp-content\/uploads\/2025\/03\/WASPE-60k-3-in-1-60000-Puffs-1.jpg?resize=18%2C10&amp;ssl=1 18w, https:\/\/i0.wp.com\/aiviouvapes.com\/wp-content\/uploads\/2025\/03\/WASPE-60k-3-in-1-60000-Puffs-1.jpg?resize=750%2C422&amp;ssl=1 750w\" sizes=\"auto, (max-width: 1020px) 100vw, 1020px\" \/><img data-recalc-dims=\"1\" loading=\"lazy\" decoding=\"async\" class=\"alignnone size-full wp-image-30772\" src=\"https:\/\/i0.wp.com\/aiviouvapes.com\/wp-content\/uploads\/2025\/03\/WASPE-60k-3-in-1-60000-Puffs-5.jpg?resize=1020%2C543&#038;ssl=1\" alt=\",\" width=\"1020\" height=\"543\" title=\"\" srcset=\"https:\/\/i0.wp.com\/aiviouvapes.com\/wp-content\/uploads\/2025\/03\/WASPE-60k-3-in-1-60000-Puffs-5.jpg?w=1920&amp;ssl=1 1920w, https:\/\/i0.wp.com\/aiviouvapes.com\/wp-content\/uploads\/2025\/03\/WASPE-60k-3-in-1-60000-Puffs-5.jpg?resize=300%2C160&amp;ssl=1 300w, https:\/\/i0.wp.com\/aiviouvapes.com\/wp-content\/uploads\/2025\/03\/WASPE-60k-3-in-1-60000-Puffs-5.jpg?resize=1024%2C546&amp;ssl=1 1024w, https:\/\/i0.wp.com\/aiviouvapes.com\/wp-content\/uploads\/2025\/03\/WASPE-60k-3-in-1-60000-Puffs-5.jpg?resize=768%2C409&amp;ssl=1 768w, https:\/\/i0.wp.com\/aiviouvapes.com\/wp-content\/uploads\/2025\/03\/WASPE-60k-3-in-1-60000-Puffs-5.jpg?resize=1536%2C818&amp;ssl=1 1536w, https:\/\/i0.wp.com\/aiviouvapes.com\/wp-content\/uploads\/2025\/03\/WASPE-60k-3-in-1-60000-Puffs-5.jpg?resize=18%2C10&amp;ssl=1 18w, https:\/\/i0.wp.com\/aiviouvapes.com\/wp-content\/uploads\/2025\/03\/WASPE-60k-3-in-1-60000-Puffs-5.jpg?resize=750%2C400&amp;ssl=1 750w\" sizes=\"auto, (max-width: 1020px) 100vw, 1020px\" \/><\/p>","protected":false},"excerpt":{"rendered":"<p class=\"translation-block\">G\u00f8r dig klar til tredobbelt smagsfest! Den opgraderede WASPE 60K lader dig nyde tre fantastiske smagsvarianter i en elegant vape. Baseret p\u00e5 fanfavoritten <span style=\"color: #000000\"><a style=\"color: #000000\" href=\"https:\/\/aiviouvapes.com\/da\/vare\/waspe-crystal-40k-double-flavor-40000-puffs-rechargeable-bulk-buy-disposable-vape-wholesale\/\" target=\"_self\">WASPE Crystal<\/a><\/span>.<\/p>","protected":false},"featured_media":30783,"comment_status":"open","ping_status":"closed","template":"","meta":[],"product_brand":[227],"product_cat":[19,219,242,320,280,505],"product_tag":[306,308,303,305,304,302],"class_list":{"0":"post-30767","1":"product","2":"type-product","3":"status-publish","4":"has-post-thumbnail","6":"product_brand-waspe","7":"product_cat-waspe","8":"product_cat-40000-puffs-disposable-vape","9":"product_cat-60000-puffs-disposable-vape","10":"product_cat-best-disposable-vapes","11":"product_cat-cheap-rechargeable-disposable-vapes","12":"product_cat-in-stock-at-eu-warehouse","13":"product_tag-best-disposable-vapes","14":"product_tag-disposable-vape-in-europe","15":"product_tag-screen-vape","16":"product_tag-vape-suppliers","17":"product_tag-wholesale-vapes","18":"product_tag-wholesale-vapor","20":"first","21":"instock","22":"shipping-taxable","23":"purchasable","24":"product-type-variable","25":"has-default-attributes"},"jetpack_sharing_enabled":true,"tiered_pricing_type":"fixed","tiered_pricing_fixed_rules":{"30":9.07000000000000028421709430404007434844970703125,"50":7.910000000000000142108547152020037174224853515625,"100":7.38999999999999968025576890795491635799407958984375,"200":6.7400000000000002131628207280300557613372802734375,"400":6.4199999999999999289457264239899814128875732421875},"tiered_pricing_product_settings":{"layout":"default","base_unit_name":{"singular":null,"plural":null},"default_variation":null},"tiered_pricing_minimum_quantity":10,"tiered_pricing_roles_data":[],"tiered_pricing_percentage_rules":[],"tiered_pricing_maximum_quantity":null,"tiered_pricing_quantity_step":"10","_links":{"self":[{"href":"https:\/\/aiviouvapes.com\/da\/wp-json\/wp\/v2\/product\/30767","targetHints":{"allow":["GET"]}}],"collection":[{"href":"https:\/\/aiviouvapes.com\/da\/wp-json\/wp\/v2\/product"}],"about":[{"href":"https:\/\/aiviouvapes.com\/da\/wp-json\/wp\/v2\/types\/product"}],"replies":[{"embeddable":true,"href":"https:\/\/aiviouvapes.com\/da\/wp-json\/wp\/v2\/comments?post=30767"}],"wp:featuredmedia":[{"embeddable":true,"href":"https:\/\/aiviouvapes.com\/da\/wp-json\/wp\/v2\/media\/30783"}],"wp:attachment":[{"href":"https:\/\/aiviouvapes.com\/da\/wp-json\/wp\/v2\/media?parent=30767"}],"wp:term":[{"taxonomy":"product_brand","embeddable":true,"href":"https:\/\/aiviouvapes.com\/da\/wp-json\/wp\/v2\/product_brand?post=30767"},{"taxonomy":"product_cat","embeddable":true,"href":"https:\/\/aiviouvapes.com\/da\/wp-json\/wp\/v2\/product_cat?post=30767"},{"taxonomy":"product_tag","embeddable":true,"href":"https:\/\/aiviouvapes.com\/da\/wp-json\/wp\/v2\/product_tag?post=30767"}],"curies":[{"name":"wp","href":"https:\/\/api.w.org\/{rel}","templated":true}]}}