{"id":29120,"date":"2025-02-21T15:04:17","date_gmt":"2025-02-21T07:04:17","guid":{"rendered":"https:\/\/aiviouvapes.com\/?post_type=product&#038;p=29120"},"modified":"2026-04-13T17:47:53","modified_gmt":"2026-04-13T09:47:53","slug":"mystery-vape-blind-box","status":"publish","type":"product","link":"https:\/\/aiviouvapes.com\/da\/product\/mystery-vape-blind-box\/","title":{"rendered":"Mystisk Engangsvape Boks - en overraskelsespakke til de modige!"},"content":{"rendered":"<p>Forbered dig p\u00e5 et sp\u00e6ndende eventyr med vores <strong>Mystisk engangs-dampboks<\/strong>, hvor hver udpakning bringer en dejlig overraskelse. Indeni finder du et n\u00f8je udvalgt udvalg af e-cigaret-smage, der sp\u00e6nder fra tidl\u00f8se klassikere til dristige, eksotiske blandinger. Uanset om du \u00f8nsker forfriskende, opkvikkende noter eller rig, tilfredsstillende intensitet, tilbyder hver \u00e6ske en ny smagsoplevelse, der f\u00e5r dig til at komme tilbage efter mere.<\/p>\n<p>Perfekt til den eventyrlystne vaper eller enhver, der elsker sp\u00e6ndingen ved overraskende shopping. <strong>Mystisk engangs-dampboks<\/strong> handler om sp\u00e6ndingen ved at opdage nye, tilf\u00e6ldigt udvalgte smagsvarianter. Hvert pust er en uventet rejse!<\/p>\n<h3>S\u00e5dan fungerer Mystery Box<\/h3>\n<p>G\u00f8r dig klar til det ultimative vape-eventyr med vores <strong>Mystisk engangs-dampboks<\/strong>! Hver \u00e6ske indeholder 10 f\u00f8rsteklasses engangsdampere, fyldt med en blanding af sp\u00e6ndende og forskellige smage. Selv om vi ikke kan garantere specifikke smage, kan du forvente en sp\u00e6ndende overraskelse i hver kasse, herunder popul\u00e6re modeller som <strong>WASPE,UWIN,ELF-WORLD,VOPK,Randm,MRVI<\/strong>\u00a0- med over 100 unikke smagsprofiler at udforske!<\/p>\n<ul>\n<li><strong>Alle salg er endelige<\/strong>: P\u00e5 grund af produktets art kan vi ikke tilbyde tilbagebetaling eller ombytning, medmindre der er et kvalitetsproblem med produktet.<\/li>\n<li><strong>Gratis forsendelse<\/strong>: Nyd gratis forsendelse p\u00e5 alle ordrer p\u00e5 <strong>Mystisk engangs-dampboks<\/strong>.<\/li>\n<li><strong>Krav til alder<\/strong>: Kunder skal v\u00e6re i den lovlige rygealder i deres jurisdiktion for at k\u00f8be og bruge dette produkt.<\/li>\n<li>Ved at k\u00f8be <strong>Mystisk engangs-dampboks<\/strong>accepterer du disse vilk\u00e5r og betingelser.<\/li>\n<\/ul>\n<h3>Forsendelsesmetoder<\/h3>\n<p>Vi samarbejder med p\u00e5lidelige transport\u00f8rer som UPS, DHL, FedEx og DPD for at sikre, at din ordre bliver leveret hurtigt. Forsendelsesmetoden v\u00e6lges ud fra dit leveringssted, s\u00e5 du f\u00e5r den hurtigste og mest p\u00e5lidelige service.<\/p>\n<ul>\n<li><strong>Europ\u00e6iske lande<\/strong>: Leveres normalt inden for 12-15 dage.<\/li>\n<li><strong>De Forenede Stater<\/strong>: Ankommer typisk inden for 10 dage.<\/li>\n<li><strong>Sporing i realtid<\/strong>: Vi holder dig opdateret med live logistikinformation hvert skridt p\u00e5 vejen.<\/li>\n<\/ul>\n<p>Du kan v\u00e6re sikker p\u00e5, at vi h\u00e5ndterer alle fortoldningsprocedurer p\u00e5 dine vegne og sikrer en problemfri oplevelse. Desuden p\u00e5l\u00e6gges der ingen ekstra afgifter, og vi garanterer, at <strong>100% af vores produkter vil passere toldklarering<\/strong>.<\/p>\n<style>.tier-pricing-summary-table {display:none !important}<br \/>.mysterybox1 {display:none}<br \/><\/style>","protected":false},"excerpt":{"rendered":"<p>Pak den ultimative vape-overraskelse ud med vores <strong>Mystisk engangs-dampboks<\/strong> - tilg\u00e6ngelig nu med en uovertruffen rabat, ingen kuponkode n\u00f8dvendig! Pakket med <strong>10 premium engangs-dampere<\/strong>Hver kasse indeholder en blanding af sp\u00e6ndende smagsvarianter, herunder favoritter som <strong>WASPE, UWIN, ELFWORLD, VOPK, Randm, MRVI<\/strong>. Hvert pust bringer et nyt eventyr med over 100 forskellige smagsprofiler at opdage!<\/p>","protected":false},"featured_media":29126,"comment_status":"open","ping_status":"closed","template":"","meta":[],"product_brand":[],"product_cat":[133,280],"product_tag":[306,308,303,305,304,302],"class_list":{"0":"post-29120","1":"product","2":"type-product","3":"status-publish","4":"has-post-thumbnail","6":"product_cat-disposable-vapes-in-europe","7":"product_cat-cheap-rechargeable-disposable-vapes","8":"product_tag-best-disposable-vapes","9":"product_tag-disposable-vape-in-europe","10":"product_tag-screen-vape","11":"product_tag-vape-suppliers","12":"product_tag-wholesale-vapes","13":"product_tag-wholesale-vapor","15":"first","16":"instock","17":"sale","18":"shipping-taxable","19":"purchasable","20":"product-type-simple"},"jetpack_sharing_enabled":true,"tiered_pricing_type":"fixed","tiered_pricing_fixed_rules":[],"tiered_pricing_product_settings":{"layout":"default","base_unit_name":{"singular":null,"plural":null},"default_variation":null},"tiered_pricing_minimum_quantity":null,"tiered_pricing_roles_data":[],"tiered_pricing_percentage_rules":[],"tiered_pricing_maximum_quantity":null,"tiered_pricing_quantity_step":null,"_links":{"self":[{"href":"https:\/\/aiviouvapes.com\/da\/wp-json\/wp\/v2\/product\/29120","targetHints":{"allow":["GET"]}}],"collection":[{"href":"https:\/\/aiviouvapes.com\/da\/wp-json\/wp\/v2\/product"}],"about":[{"href":"https:\/\/aiviouvapes.com\/da\/wp-json\/wp\/v2\/types\/product"}],"replies":[{"embeddable":true,"href":"https:\/\/aiviouvapes.com\/da\/wp-json\/wp\/v2\/comments?post=29120"}],"wp:featuredmedia":[{"embeddable":true,"href":"https:\/\/aiviouvapes.com\/da\/wp-json\/wp\/v2\/media\/29126"}],"wp:attachment":[{"href":"https:\/\/aiviouvapes.com\/da\/wp-json\/wp\/v2\/media?parent=29120"}],"wp:term":[{"taxonomy":"product_brand","embeddable":true,"href":"https:\/\/aiviouvapes.com\/da\/wp-json\/wp\/v2\/product_brand?post=29120"},{"taxonomy":"product_cat","embeddable":true,"href":"https:\/\/aiviouvapes.com\/da\/wp-json\/wp\/v2\/product_cat?post=29120"},{"taxonomy":"product_tag","embeddable":true,"href":"https:\/\/aiviouvapes.com\/da\/wp-json\/wp\/v2\/product_tag?post=29120"}],"curies":[{"name":"wp","href":"https:\/\/api.w.org\/{rel}","templated":true}]}}