{"id":25402,"date":"2024-11-22T15:34:50","date_gmt":"2024-11-22T07:34:50","guid":{"rendered":"https:\/\/aiviouvapes.com\/?post_type=product&#038;p=25402"},"modified":"2026-03-19T14:20:59","modified_gmt":"2026-03-19T06:20:59","slug":"jnr-falcon-x-18000-18k-puffs-wholesale","status":"publish","type":"product","link":"https:\/\/aiviouvapes.com\/da\/product\/jnr-falcon-x-18000-18k-puffs-wholesale\/","title":{"rendered":"JNR Falcon X 18000 Puffs | 2% nikotin, 24mL, dual mesh &amp; core, LED display, airflow control"},"content":{"rendered":"<p><iframe title=\"VideoPress Videoafspiller\" aria-label='VideoPress Videoafspiller' width='562' height='1000' src='https:\/\/videopress.com\/embed\/l1yxRMAO?hd=0&amp;cover=1' frameborder='0' allowfullscreen allow='clipboard-write'><\/iframe><script src='https:\/\/v0.wordpress.com\/js\/next\/videopress-iframe.js?m=1739540970'><\/script><\/p>\n<p><strong>JNR Falcon X 18000 Puffs Original LED Display Engangs Vape<\/strong>\u00a0\u2013 Kraft, pr\u00e6cision og smag som aldrig f\u00f8r!<\/p>\n<p>Tr\u00e6d ind i fremtiden for vaping med\u00a0<strong>JNR Falcon X 18000 Puffs<\/strong>, en avanceret engangsvape, der kombinerer kraft, pr\u00e6cision og alsidighed for en oplevelse uden sidestykke. Designet med en v\u00e6sentlig\u00a0<strong>24ml e-v\u00e6ske kapacitet<\/strong>\u00a0og op til\u00a0<strong>18000 pust<\/strong>, denne enhed er lavet til l\u00e6ngerevarende brug uden at ofre smag eller tilfredshed.<\/p>\n<p>Med\u00a0<strong>dobbeltmaskede spoler<\/strong>\u00a0og\u00a0<strong>dual core teknologi<\/strong>\u00a0med en modstand p\u00e5 0,6 \u03a9, leverer Falcon X enest\u00e5ende dampproduktion og rig, fyldig smag med hvert tr\u00e6k. De\u00a0<strong>justerbar luftstr\u00f8m<\/strong>\u00a0lader dig styre hvert pust, s\u00e5 det passer til dine pr\u00e6ferencer, hvilket sikrer en j\u00e6vn oplevelse hver gang. V\u00e6lg din ideelle nikotinstyrke fra\u00a0<strong>2%\u00a0<\/strong>at tilpasse hvert hit og udforske de mange forskellige\u00a0<strong>29 smagsvarianter<\/strong>\u00a0lavet til at im\u00f8dekomme forskellig smag.<\/p>\n<p>Drevet af en\u00a0<strong>genopladeligt 950mAh batteri<\/strong>\u00a0og forst\u00e6rket med\u00a0<strong>Type-C hurtigopladning<\/strong>, JNR Falcon X minimerer nedetid og holder dig til at dampe l\u00e6ngere. De\u00a0<strong>digitalt LED display<\/strong>\u00a0holder styr p\u00e5 pusttal, batterilevetid og e-v\u00e6skeniveau, s\u00e5 du altid er informeret.<\/p>\n<p>Med et slankt design, brugervenlige funktioner og uovertruffen ydeevne\u00a0<strong>JNR Falcon X 18000 Puffs<\/strong>\u00a0bringer sofistikering til hver pust, hvilket g\u00f8r den til den ultimative engangspakke for b\u00e5de erfarne vapers og nybegyndere.<\/p>\n<p>JNR Falcon X 18000 18K pust | 2% nikotin, 24 ml e-v\u00e6ske, dual mesh spole &amp; dual core, justerbar luftstr\u00f8m, digital LED-sk\u00e6rm, type-C genopladelig, k\u00f8b engangsvape engros<\/p>\n<h5><strong>JNR FALCON X 18000 18k Puffs<\/strong><br \/>\n<strong>Funktioner:<\/strong><\/h5>\n<ul>\n<li>2% Nikotin<\/li>\n<li>Pust: 18000<\/li>\n<li>Kapacitet: 24ml<\/li>\n<li>29 varianter tilg\u00e6ngelige<\/li>\n<li>950 mah genopladeligt batteri<\/li>\n<li>Dual Mesh Coil &amp; Dual Core<\/li>\n<li>Digital sk\u00e6rm<\/li>\n<li>0,6\u03a9 netspole<\/li>\n<li>Justerbar luftstr\u00f8m<\/li>\n<\/ul>\n<h5><strong>JNR FALCON X 18000 18k Puffs<\/strong><br \/>\n<strong>Smagsliste:<\/strong><\/h5>\n<ol>\n<li>Bl\u00e5 Hindb\u00e6r-is<\/li>\n<li>Bl\u00e5b\u00e6r Hindb\u00e6r<\/li>\n<li>K\u00f8lig Mynte<\/li>\n<li>Kiwi vandmelon is<\/li>\n<li>Drue-is<\/li>\n<li>Jordb\u00e6r Kiwi<\/li>\n<li>Jordb\u00e6r vandmelon is<\/li>\n<li>Vandmelon-is<\/li>\n<li>Jordb\u00e6r-is<\/li>\n<li>Blandede b\u00e6r<\/li>\n<li>Vandmelon Bubblegum<\/li>\n<li>Sur \u00e6ble-is<\/li>\n<li>Fersken-is<\/li>\n<li>Berry Burst<\/li>\n<li>Bl\u00e5b\u00e6r hindb\u00e6r kirseb\u00e6r<\/li>\n<li>Kirseb\u00e6rb\u00e6r<\/li>\n<li>Jordb\u00e6r og banan<\/li>\n<li>Bl\u00e5b\u00e6r Kiwi<\/li>\n<li>Passionsfrugt Kiwi<\/li>\n<li>White Peach Razz<\/li>\n<li>Bl\u00e5 Razz Kirseb\u00e6r<\/li>\n<li>Kirseb\u00e6r vandmelon fryse<\/li>\n<li>Kirseb\u00e6r Cola<\/li>\n<li>Banan-is<\/li>\n<li>Kegler<\/li>\n<li>Tredobbelt melon<\/li>\n<li>Mr.Blue<\/li>\n<li>Kirseb\u00e6r-is<\/li>\n<li>Vandmelon og litchi<\/li>\n<\/ol>\n<h3>Hvorfor v\u00e6lge AiviouVapes<\/h3>\n<p>Velkommen til <a href=\"https:\/\/aiviouvapes.com\/da\/\">AiviouVapes<\/a> - din p\u00e5lidelige kilde til f\u00f8rsteklasses, overkommelige <a href=\"https:\/\/aiviouvapes.com\/da\/shop\/\">engros engangs-vapes<\/a> til virkelig lave priser. Med over fem \u00e5rs ekspertise i vape-industrien tilbyder vi stolt et h\u00e5ndplukket udvalg af f\u00f8rende m\u00e6rker, herunder <a href=\"https:\/\/aiviouvapes.com\/da\/vare-kategori\/waspe\/\">WASPE<\/a>, <a href=\"https:\/\/aiviouvapes.com\/da\/vare-kategori\/bang\/\">Bang Vape<\/a>, <a href=\"https:\/\/aiviouvapes.com\/da\/vare-kategori\/vapme-vapes\/\">Vapme<\/a>og <a href=\"https:\/\/aiviouvapes.com\/da\/vare-kategori\/mrvi\/\">MRVI<\/a>.<\/p>\n<p>Fra high-puff-enheder som <a href=\"https:\/\/aiviouvapes.com\/da\/vare\/waspe-4-in-1-100000-puffs\/\">WASPE 100K 4-i-1-smag<\/a> til dristige favoritter som f.eks. <a href=\"https:\/\/aiviouvapes.com\/da\/vare\/bang-king-triple-flavors-85000\/\">Bang 85.000 Triple Puff<\/a>og endda den sp\u00e6ndende <a class=\"woocommerce-LoopProduct-link woocommerce-loop-product__link\" href=\"https:\/\/aiviouvapes.com\/da\/vare\/mystery-vape-blind-box\/\">Mystisk engangs-dampboks<\/a>Hvert produkt er udvalgt efter topkvalitet og uovertruffen v\u00e6rdi. Hos AiviouVapes f\u00e5r du god service, engrosbesparelser og en kollektion, der er designet til at passe til dine dampbehov.<\/p>\n<div class=\"row row-large row-full-width align-middle\"  id=\"row-1855556234\">\n\n\n\t<div id=\"col-2092193243\" class=\"col medium-3 small-6 large-3\"  >\n\t\t\t\t<div class=\"col-inner text-center\"  >\n\t\t\t\n\t\t\t\n\n\n\t\t<div class=\"icon-box featured-box icon-box-top text-left\"  >\n\t\t\t\t\t<div class=\"icon-box-img\" style=\"width: 90px\">\n\t\t\t\t<div class=\"icon\">\n\t\t\t\t\t<div class=\"icon-inner\" >\n\t\t\t\t\t\t<img loading=\"lazy\" decoding=\"async\" width=\"200\" height=\"200\" src=\"https:\/\/i0.wp.com\/aiviouvapes.com\/wp-content\/uploads\/2024\/08\/vape-1-1.png?fit=200%2C200&amp;ssl=1\" class=\"attachment-medium size-medium\" alt=\"Hvorfor v\u00e6lge AIVIOUVAPES\" srcset=\"https:\/\/i0.wp.com\/aiviouvapes.com\/wp-content\/uploads\/2024\/08\/vape-1-1.png?w=200&amp;ssl=1 200w, https:\/\/i0.wp.com\/aiviouvapes.com\/wp-content\/uploads\/2024\/08\/vape-1-1.png?resize=150%2C150&amp;ssl=1 150w, https:\/\/i0.wp.com\/aiviouvapes.com\/wp-content\/uploads\/2024\/08\/vape-1-1.png?resize=12%2C12&amp;ssl=1 12w, https:\/\/i0.wp.com\/aiviouvapes.com\/wp-content\/uploads\/2024\/08\/vape-1-1.png?resize=100%2C100&amp;ssl=1 100w\" sizes=\"auto, (max-width: 200px) 100vw, 200px\" title=\"\">\t\t\t\t\t<\/div>\n\t\t\t\t<\/div>\n\t\t\t<\/div>\n\t\t\t\t<div class=\"icon-box-text last-reset\">\n\t\t\t\t\t\t\t\t\t\n\n\t<div id=\"text-1353480724\" class=\"text\">\n\t\t\n\n<h3 style=\"text-align: center;\">Omfattende Vape Variety<\/h3>\n<p style=\"text-align: center;\">Oplev vores brede udvalg af produkter, lavet til at passe til enhver pr\u00e6ference.<\/p>\n\t\t\n<style>\n#text-1353480724 {\n  font-size: 0.9rem;\n}\n<\/style>\n\t<\/div>\n\t\n\n\t\t<\/div>\n\t<\/div>\n\t\n\t\n\n\t\t<\/div>\n\t\t\t\t\t<\/div>\n\n\t\n\n\t<div id=\"col-1478032966\" class=\"col medium-3 small-6 large-3\"  >\n\t\t\t\t<div class=\"col-inner text-center\"  >\n\t\t\t\n\t\t\t\n\n\n\t\t<div class=\"icon-box featured-box icon-box-top text-left\"  >\n\t\t\t\t\t<div class=\"icon-box-img\" style=\"width: 90px\">\n\t\t\t\t<div class=\"icon\">\n\t\t\t\t\t<div class=\"icon-inner\" >\n\t\t\t\t\t\t<img loading=\"lazy\" decoding=\"async\" width=\"200\" height=\"200\" src=\"https:\/\/i0.wp.com\/aiviouvapes.com\/wp-content\/uploads\/2024\/08\/save-money-1-1-1.png?fit=200%2C200&amp;ssl=1\" class=\"attachment-medium size-medium\" alt=\"Hvorfor v\u00e6lge AIVIOUVAPES\" srcset=\"https:\/\/i0.wp.com\/aiviouvapes.com\/wp-content\/uploads\/2024\/08\/save-money-1-1-1.png?w=200&amp;ssl=1 200w, https:\/\/i0.wp.com\/aiviouvapes.com\/wp-content\/uploads\/2024\/08\/save-money-1-1-1.png?resize=150%2C150&amp;ssl=1 150w, https:\/\/i0.wp.com\/aiviouvapes.com\/wp-content\/uploads\/2024\/08\/save-money-1-1-1.png?resize=12%2C12&amp;ssl=1 12w, https:\/\/i0.wp.com\/aiviouvapes.com\/wp-content\/uploads\/2024\/08\/save-money-1-1-1.png?resize=100%2C100&amp;ssl=1 100w\" sizes=\"auto, (max-width: 200px) 100vw, 200px\" title=\"\">\t\t\t\t\t<\/div>\n\t\t\t\t<\/div>\n\t\t\t<\/div>\n\t\t\t\t<div class=\"icon-box-text last-reset\">\n\t\t\t\t\t\t\t\t\t\n\n\t<div id=\"text-76320385\" class=\"text\">\n\t\t\n\n<h3 style=\"text-align: center;\">Uovertruffen v\u00e6rdi<\/h3>\n<p style=\"text-align: center;\">Nyd produkter i topkvalitet til priser, der passer til dit budget.<\/p>\n\t\t\n<style>\n#text-76320385 {\n  font-size: 0.9rem;\n}\n<\/style>\n\t<\/div>\n\t\n\n\t\t<\/div>\n\t<\/div>\n\t\n\t\n\n\t\t<\/div>\n\t\t\t\t\t<\/div>\n\n\t\n\n\t<div id=\"col-1848781801\" class=\"col medium-3 small-6 large-3\"  >\n\t\t\t\t<div class=\"col-inner text-center\"  >\n\t\t\t\n\t\t\t\n\n\n\t\t<div class=\"icon-box featured-box icon-box-top text-left\"  >\n\t\t\t\t\t<div class=\"icon-box-img\" style=\"width: 90px\">\n\t\t\t\t<div class=\"icon\">\n\t\t\t\t\t<div class=\"icon-inner\" >\n\t\t\t\t\t\t<img loading=\"lazy\" decoding=\"async\" width=\"200\" height=\"200\" src=\"https:\/\/i0.wp.com\/aiviouvapes.com\/wp-content\/uploads\/2024\/08\/delivery-truck-1-1.png?fit=200%2C200&amp;ssl=1\" class=\"attachment-medium size-medium\" alt=\"Hvorfor v\u00e6lge AIVIOUVAPES\" srcset=\"https:\/\/i0.wp.com\/aiviouvapes.com\/wp-content\/uploads\/2024\/08\/delivery-truck-1-1.png?w=200&amp;ssl=1 200w, https:\/\/i0.wp.com\/aiviouvapes.com\/wp-content\/uploads\/2024\/08\/delivery-truck-1-1.png?resize=150%2C150&amp;ssl=1 150w, https:\/\/i0.wp.com\/aiviouvapes.com\/wp-content\/uploads\/2024\/08\/delivery-truck-1-1.png?resize=12%2C12&amp;ssl=1 12w, https:\/\/i0.wp.com\/aiviouvapes.com\/wp-content\/uploads\/2024\/08\/delivery-truck-1-1.png?resize=100%2C100&amp;ssl=1 100w\" sizes=\"auto, (max-width: 200px) 100vw, 200px\" title=\"\">\t\t\t\t\t<\/div>\n\t\t\t\t<\/div>\n\t\t\t<\/div>\n\t\t\t\t<div class=\"icon-box-text last-reset\">\n\t\t\t\t\t\t\t\t\t\n\n\t<div id=\"text-1535673943\" class=\"text\">\n\t\t\n\n<h3 style=\"text-align: center;\">Hurtig Global Forsendelse<\/h3>\n<p style=\"text-align: center;\">Vi leverer til hele verden med garanteret toldbehandling for en problemfri oplevelse.<\/p>\n\t\t\n<style>\n#text-1535673943 {\n  font-size: 0.9rem;\n}\n<\/style>\n\t<\/div>\n\t\n\n\t\t<\/div>\n\t<\/div>\n\t\n\t\n\n\t\t<\/div>\n\t\t\t\t\t<\/div>\n\n\t\n\n\t<div id=\"col-1494201124\" class=\"col medium-3 small-6 large-3\"  >\n\t\t\t\t<div class=\"col-inner text-center\"  >\n\t\t\t\n\t\t\t\n\n\n\t\t<div class=\"icon-box featured-box icon-box-top text-left\"  >\n\t\t\t\t\t<div class=\"icon-box-img\" style=\"width: 90px\">\n\t\t\t\t<div class=\"icon\">\n\t\t\t\t\t<div class=\"icon-inner\" >\n\t\t\t\t\t\t<img loading=\"lazy\" decoding=\"async\" width=\"200\" height=\"200\" src=\"https:\/\/i0.wp.com\/aiviouvapes.com\/wp-content\/uploads\/2024\/08\/support-1-1.png?fit=200%2C200&amp;ssl=1\" class=\"attachment-medium size-medium\" alt=\"Hvorfor v\u00e6lge AIVIOUVAPES\" srcset=\"https:\/\/i0.wp.com\/aiviouvapes.com\/wp-content\/uploads\/2024\/08\/support-1-1.png?w=200&amp;ssl=1 200w, https:\/\/i0.wp.com\/aiviouvapes.com\/wp-content\/uploads\/2024\/08\/support-1-1.png?resize=150%2C150&amp;ssl=1 150w, https:\/\/i0.wp.com\/aiviouvapes.com\/wp-content\/uploads\/2024\/08\/support-1-1.png?resize=12%2C12&amp;ssl=1 12w, https:\/\/i0.wp.com\/aiviouvapes.com\/wp-content\/uploads\/2024\/08\/support-1-1.png?resize=100%2C100&amp;ssl=1 100w\" sizes=\"auto, (max-width: 200px) 100vw, 200px\" title=\"\">\t\t\t\t\t<\/div>\n\t\t\t\t<\/div>\n\t\t\t<\/div>\n\t\t\t\t<div class=\"icon-box-text last-reset\">\n\t\t\t\t\t\t\t\t\t\n\n\t<div id=\"text-2874420328\" class=\"text\">\n\t\t\n\n<h3 style=\"text-align: center;\">Assistance d\u00f8gnet rundt<\/h3>\n<p style=\"text-align: center;\">N\u00e5 vores supportteam n\u00e5r som helst, 24\/7, via WhatsApp eller e-mail.<\/p>\n\t\t\n<style>\n#text-2874420328 {\n  font-size: 0.9rem;\n}\n<\/style>\n\t<\/div>\n\t\n\n\t\t<\/div>\n\t<\/div>\n\t\n\t\n\n\t\t<\/div>\n\t\t\t\t\t<\/div>\n\n\t\n\n<\/div>\n<div class=\"row row-full-width align-middle\"  id=\"row-567237858\">\n\n\n\t<div id=\"col-790460188\" class=\"col medium-6 small-12 large-6\"  >\n\t\t\t\t<div class=\"col-inner\"  >\n\t\t\t\n\t\t\t\n\n\t<div class=\"img has-hover x md-x lg-x y md-y lg-y\" id=\"image_1979219540\">\n\t\t\t\t\t\t\t\t<div class=\"img-inner dark\" >\n\t\t\t<img loading=\"lazy\" decoding=\"async\" width=\"930\" height=\"1024\" src=\"https:\/\/i0.wp.com\/aiviouvapes.com\/wp-content\/uploads\/2024\/08\/%E6%8B%BC%E5%9B%BE.jpg?fit=930%2C1024&amp;ssl=1\" class=\"attachment-large size-large\" alt=\"Hvorfor v\u00e6lge AIVIOUVAPES\" title=\"\">\t\t\t\t\t\t\n\t\t\t\t\t<\/div>\n\t\t\t\t\t\t\t\t\n<style>\n#image_1979219540 {\n  width: 100%;\n}\n<\/style>\n\t<\/div>\n\t\n\n\n\t\t<\/div>\n\t\t\t\t\t<\/div>\n\n\t\n\n\t<div id=\"col-1982276098\" class=\"col medium-6 small-12 large-6\"  >\n\t\t\t\t<div class=\"col-inner\"  >\n\t\t\t\n\t\t\t\n\n<div class=\"container section-title-container\" ><h4 class=\"section-title section-title-normal\"><b aria-hidden=\"true\"><\/b><span class=\"section-title-main\" style=\"font-size:91%;\">Vores fordele<\/span><b aria-hidden=\"true\"><\/b><\/h4><\/div>\n\n<div class=\"accordion\">\n\n\t<div id=\"accordion-2773905843\" class=\"accordion-item\">\n\t\t<a id=\"accordion-2773905843-label\" class=\"accordion-title plain\" href=\"#accordion-item-commitment-to-quality\" aria-expanded=\"false\" aria-controls=\"accordion-2773905843-content\">\n\t\t\t<button class=\"toggle\" aria-label=\"Sl\u00e5 til\/fra\"><i class=\"icon-angle-down\" aria-hidden=\"true\"><\/i><\/button>\n\t\t\t<span>Forpligtelse til kvalitet<\/span>\n\t\t<\/a>\n\t\t<div id=\"accordion-2773905843-content\" class=\"accordion-inner\" aria-labelledby=\"accordion-2773905843-label\">\n\t\t\t\n\n<p>P\u00e5 <a href=\"https:\/\/aiviouvapes.com\/da\/\">AiviouVape<\/a>, kvalitet driver alt, hvad vi g\u00f8r. Vores engangsdampe er omhyggeligt udformet og grundigt testet for at opfylde de h\u00f8jeste standarder, hvilket sikrer en j\u00e6vn, p\u00e5lidelig vapingoplevelse hver gang. Med vores forpligtelse til nul defekter og nul klager, kan du stole p\u00e5, at du f\u00e5r det bedste.<\/p>\n\n\t\t<\/div>\n\t<\/div>\n\t\n\t<div id=\"accordion-1398680438\" class=\"accordion-item\">\n\t\t<a id=\"accordion-1398680438-label\" class=\"accordion-title plain\" href=\"#accordion-item-diverse-range-of-products\" aria-expanded=\"false\" aria-controls=\"accordion-1398680438-content\">\n\t\t\t<button class=\"toggle\" aria-label=\"Sl\u00e5 til\/fra\"><i class=\"icon-angle-down\" aria-hidden=\"true\"><\/i><\/button>\n\t\t\t<span>Mangfoldigt udvalg af produkter<\/span>\n\t\t<\/a>\n\t\t<div id=\"accordion-1398680438-content\" class=\"accordion-inner\" aria-labelledby=\"accordion-1398680438-label\">\n\t\t\t\n\n<p>Vi er stolte af at kunne tilbyde en bred vifte af f\u00f8rsteklasses engangs-dampere, der passer til alle pr\u00e6ferencer. Fra de nyeste innovationer til mange\u00e5rige fanfavoritter indeholder vores udvalg p\u00e5lidelige m\u00e6rker som Waspe, Vapme, RandM Tornado, Bang Box, ELF Box og Bang King. Uanset om du er p\u00e5 udkig efter den dristige smag fra Vapme eller det slanke design fra RandM Tornado, er vores kollektion skabt til at hj\u00e6lpe dig med at finde den perfekte vape, der matcher din smag og livsstil.<\/p>\n\n\n\t\t<\/div>\n\t<\/div>\n\t\n\t<div id=\"accordion-3805728957\" class=\"accordion-item\">\n\t\t<a id=\"accordion-3805728957-label\" class=\"accordion-title plain\" href=\"#accordion-item-wholesale-and-retail-solutions\" aria-expanded=\"false\" aria-controls=\"accordion-3805728957-content\">\n\t\t\t<button class=\"toggle\" aria-label=\"Sl\u00e5 til\/fra\"><i class=\"icon-angle-down\" aria-hidden=\"true\"><\/i><\/button>\n\t\t\t<span>L\u00f8sninger til engros- og detailhandel<\/span>\n\t\t<\/a>\n\t\t<div id=\"accordion-3805728957-content\" class=\"accordion-inner\" aria-labelledby=\"accordion-3805728957-label\">\n\t\t\t\n\n<p>AiviouVape opfylder kravene fra b\u00e5de detail- og engroskunder og leverer exceptionelle produkter og service hver gang. Hvis du er ny hos os, anbefaler vi at starte med et lille parti for at opleve vores kvalitet p\u00e5 egen h\u00e5nd. Med konkurrencedygtige priser og f\u00f8rsteklasses standarder er vi det betroede valg i engangsdampindustrien.\u00a0<\/p>\n\n\t\t<\/div>\n\t<\/div>\n\t\n\t<div id=\"accordion-2486321127\" class=\"accordion-item\">\n\t\t<a id=\"accordion-2486321127-label\" class=\"accordion-title plain\" href=\"#accordion-item-continuous-improvement\" aria-expanded=\"false\" aria-controls=\"accordion-2486321127-content\">\n\t\t\t<button class=\"toggle\" aria-label=\"Sl\u00e5 til\/fra\"><i class=\"icon-angle-down\" aria-hidden=\"true\"><\/i><\/button>\n\t\t\t<span>Kontinuerlig forbedring<\/span>\n\t\t<\/a>\n\t\t<div id=\"accordion-2486321127-content\" class=\"accordion-inner\" aria-labelledby=\"accordion-2486321127-label\">\n\t\t\t\n\n<p>Det, der adskiller AiviouVape, er vores dedikation til enest\u00e5ende kundeservice. Uanset om du har brug for r\u00e5dgivning f\u00f8r k\u00f8b eller assistance med en ordre, er vores team altid tilg\u00e6ngeligt via WhatsApp eller e-mail. Vi str\u00e6ber efter at opbygge varige relationer med vores kunder, hvilket sikrer din tilfredshed hvert trin p\u00e5 vejen.<\/p>\n\n\t\t<\/div>\n\t<\/div>\n\t\n\t<div id=\"accordion-2235528465\" class=\"accordion-item\">\n\t\t<a id=\"accordion-2235528465-label\" class=\"accordion-title plain\" href=\"#accordion-item-quality-assurance\" aria-expanded=\"false\" aria-controls=\"accordion-2235528465-content\">\n\t\t\t<button class=\"toggle\" aria-label=\"Sl\u00e5 til\/fra\"><i class=\"icon-angle-down\" aria-hidden=\"true\"><\/i><\/button>\n\t\t\t<span>Kvalitetssikring<\/span>\n\t\t<\/a>\n\t\t<div id=\"accordion-2235528465-content\" class=\"accordion-inner\" aria-labelledby=\"accordion-2235528465-label\">\n\t\t\t\n\n<p>P\u00e5 alle stadier \u2013 produktudvikling, produktion, markedsf\u00f8ring og distribution \u2013 vakler vores forpligtelse til kvalitet aldrig. Vores engangsdampe gennemg\u00e5r strenge tests for at sikre, at de er ikke-giftige, rene og leverer enest\u00e5ende smag. Denne dedikation til ekspertise udg\u00f8r rygraden i vores virksomhedskultur.<\/p>\n\n\t\t<\/div>\n\t<\/div>\n\t\n\t<div id=\"accordion-2043831931\" class=\"accordion-item\">\n\t\t<a id=\"accordion-2043831931-label\" class=\"accordion-title plain\" href=\"#accordion-item-efficient-logistics-and-delivery\" aria-expanded=\"false\" aria-controls=\"accordion-2043831931-content\">\n\t\t\t<button class=\"toggle\" aria-label=\"Sl\u00e5 til\/fra\"><i class=\"icon-angle-down\" aria-hidden=\"true\"><\/i><\/button>\n\t\t\t<span>Effektiv logistik og levering<\/span>\n\t\t<\/a>\n\t\t<div id=\"accordion-2043831931-content\" class=\"accordion-inner\" aria-labelledby=\"accordion-2043831931-label\">\n\t\t\t\n\n<p>AiviouVape leverer effektiv logistik og levering, herunder DDP (Delivered Duty Paid)-tjenester, der sikrer problemfri toldbehandling uden gebyrer eller afgifter. Med hurtig levering og enest\u00e5ende kundesupport tilbyder vi en j\u00e6vn og p\u00e5lidelig oplevelse, hvilket g\u00f8r os til en betroet partner i branchen.<\/p>\n\n\t\t<\/div>\n\t<\/div>\n\t\n\t<div id=\"accordion-3848292163\" class=\"accordion-item\">\n\t\t<a id=\"accordion-3848292163-label\" class=\"accordion-title plain\" href=\"#accordion-item-odm-and-oem-services\" aria-expanded=\"false\" aria-controls=\"accordion-3848292163-content\">\n\t\t\t<button class=\"toggle\" aria-label=\"Sl\u00e5 til\/fra\"><i class=\"icon-angle-down\" aria-hidden=\"true\"><\/i><\/button>\n\t\t\t<span>ODM- og OEM-tjenester<\/span>\n\t\t<\/a>\n\t\t<div id=\"accordion-3848292163-content\" class=\"accordion-inner\" aria-labelledby=\"accordion-3848292163-label\">\n\t\t\t\n\n<p>AiviouVapes tilbyder fuld ODM (Original Design Manufacturing) og OEM (Original Equipment Manufacturing) tjenester. Med to store faciliteter hj\u00e6lper vi kunder med at designe unikke produkter og i\u00f8jnefaldende logoer til emballage. Vi tilbyder ogs\u00e5 gratis vejledning i emballagedesign og st\u00f8tter kunder, der pakker deres egne produkter, og sikrer, at deres brand skinner p\u00e5 markedet.<\/p>\n\n\t\t<\/div>\n\t<\/div>\n\t\n\n<\/div>\n\n\t\t<\/div>\n\t\t\t\t\t<\/div>\n\n\t\n\n<\/div>","protected":false},"excerpt":{"rendered":"<p>JNR Falcon X 18000 Puffs omdefinerer dampning med op til 18.000 pust og en kapacitet p\u00e5 24 ml e-v\u00e6ske. Denne avancerede engangsdamper blander kraft og pr\u00e6cision og leverer fed smag og varig tilfredshed for en uovertruffen oplevelse.<\/p>","protected":false},"featured_media":25403,"comment_status":"open","ping_status":"closed","template":"","meta":[],"product_brand":[237],"product_cat":[221,128,90,78,117,81,76,134,135,133,136,137,146,138,139,140,141,142,143,144,145,79,132,82],"product_tag":[],"class_list":{"0":"post-25402","1":"product","2":"type-product","3":"status-publish","4":"has-post-thumbnail","6":"product_brand-jnr","7":"product_cat-jnr","8":"product_cat-18000-puffs-disposable-vape","9":"product_cat-big-puffs-vapes","10":"product_cat-crystal-vapes","11":"product_cat-different-puffs-of-diposable-vapes","12":"product_cat-digital-box-vapes","13":"product_cat-disposable-vape-types","14":"product_cat-disposable-vapes-in-austria","15":"product_cat-disposable-vapes-in-belgium","16":"product_cat-disposable-vapes-in-europe","17":"product_cat-disposable-vapes-in-france","18":"product_cat-disposable-vapes-in-germany","19":"product_cat-disposable-vapes-in-hungary","20":"product_cat-disposable-vapes-in-ltaly","21":"product_cat-disposable-vapes-in-netherlands","22":"product_cat-disposable-vapes-in-norway","23":"product_cat-disposable-vapes-in-poland","24":"product_cat-disposable-vapes-in-portugal","25":"product_cat-disposable-vapes-in-spain","26":"product_cat-disposable-vapes-in-sweden","27":"product_cat-disposable-vapes-in-switzerland","28":"product_cat-dual-mesh-vapes","29":"product_cat-rechargeable-vapes","30":"product_cat-smart-screen-vapes","32":"first","33":"instock","34":"shipping-taxable","35":"purchasable","36":"product-type-variable","37":"has-default-attributes"},"jetpack_sharing_enabled":true,"tiered_pricing_type":"fixed","tiered_pricing_fixed_rules":{"30":9.3300000000000000710542735760100185871124267578125,"50":8.1699999999999999289457264239899814128875732421875,"100":7.38999999999999968025576890795491635799407958984375,"200":7,"400":6.4199999999999999289457264239899814128875732421875},"tiered_pricing_product_settings":{"layout":"default","base_unit_name":{"singular":null,"plural":null},"default_variation":null},"tiered_pricing_minimum_quantity":10,"tiered_pricing_roles_data":[],"tiered_pricing_percentage_rules":[],"tiered_pricing_maximum_quantity":null,"tiered_pricing_quantity_step":"10","_links":{"self":[{"href":"https:\/\/aiviouvapes.com\/da\/wp-json\/wp\/v2\/product\/25402","targetHints":{"allow":["GET"]}}],"collection":[{"href":"https:\/\/aiviouvapes.com\/da\/wp-json\/wp\/v2\/product"}],"about":[{"href":"https:\/\/aiviouvapes.com\/da\/wp-json\/wp\/v2\/types\/product"}],"replies":[{"embeddable":true,"href":"https:\/\/aiviouvapes.com\/da\/wp-json\/wp\/v2\/comments?post=25402"}],"wp:featuredmedia":[{"embeddable":true,"href":"https:\/\/aiviouvapes.com\/da\/wp-json\/wp\/v2\/media\/25403"}],"wp:attachment":[{"href":"https:\/\/aiviouvapes.com\/da\/wp-json\/wp\/v2\/media?parent=25402"}],"wp:term":[{"taxonomy":"product_brand","embeddable":true,"href":"https:\/\/aiviouvapes.com\/da\/wp-json\/wp\/v2\/product_brand?post=25402"},{"taxonomy":"product_cat","embeddable":true,"href":"https:\/\/aiviouvapes.com\/da\/wp-json\/wp\/v2\/product_cat?post=25402"},{"taxonomy":"product_tag","embeddable":true,"href":"https:\/\/aiviouvapes.com\/da\/wp-json\/wp\/v2\/product_tag?post=25402"}],"curies":[{"name":"wp","href":"https:\/\/api.w.org\/{rel}","templated":true}]}}