{"id":2493,"date":"2024-08-16T16:18:48","date_gmt":"2024-08-16T16:18:48","guid":{"rendered":"https:\/\/aiviouvapes.com\/?post_type=product&#038;p=2493"},"modified":"2026-04-17T13:02:26","modified_gmt":"2026-04-17T05:02:26","slug":"mrvi-bar-8000-puffs","status":"publish","type":"product","link":"https:\/\/aiviouvapes.com\/da\/product\/mrvi-bar-8000-puffs\/","title":{"rendered":"MRVI Bar 8000 Puffs | 5% nikotin, 15mL, b\u00e6rbar bulk engangs vape"},"content":{"rendered":"<h2>MRVI Bar 8000 pust | 5% nikotin, 15 ml e-v\u00e6ske, mesh spole, type C genopladelig, b\u00e6rbar engangsvape engros<\/h2>\n<h3>MRVI Bar 8000 Puff Oversigt<\/h3>\n<ul>\n<li><strong>H\u00f8j pustekapacitet<\/strong>: Op til 8.000 pust pr. enhed for udvidet tilfredshed og v\u00e6rdi.<\/li>\n<li><strong>E-v\u00e6ske-kapacitet<\/strong>: 15 ml reservoir reducerer behovet for hyppige genopfyldninger.<\/li>\n<li><strong>P\u00e5lideligt batteri<\/strong>: 650mAh genopladeligt batteri for vedvarende ydeevne og l\u00e6ngerevarende sessioner.<\/li>\n<li><strong>Nikotinstyrke<\/strong>: 5% nikotinkoncentration for et st\u00e6rkt, tilfredsstillende hit.<\/li>\n<li><strong>Kompakt st\u00f8rrelse<\/strong>: Slankt, b\u00e6rbart design med dimensioner p\u00e5 92\u00d741\u00d719 mm, perfekt til nem transport.<\/li>\n<li><strong>Avanceret netspole<\/strong>: Sikrer j\u00e6vn, smagfuld dampproduktion for en f\u00f8rsteklasses oplevelse.<\/li>\n<li><strong>Type-C-opladning<\/strong>: Hurtig og effektiv opladning via Type-C-port for ekstra bekvemmelighed.<\/li>\n<\/ul>\n<h3>MRVI Bar 8000 Puff funktioner<\/h3>\n<ul>\n<li><strong>Langvarig brug<\/strong>: 8.000 sug pr. enhed for fremragende levetid og omkostningseffektivitet.<\/li>\n<li><strong>Stort reservoir til e-v\u00e6ske<\/strong>: 15 ml e-v\u00e6ske minimerer genopfyldningsbehovet, hvilket \u00f8ger bekvemmeligheden.<\/li>\n<li><strong>Kompakt og b\u00e6rbar<\/strong>: Designet til nem h\u00e5ndtering med en lille letv\u00e6gtsprofil.<\/li>\n<li><strong>Smagsvariation<\/strong>: Bredt udvalg af unikke smagsvarianter for at tilfredsstille forskellige pr\u00e6ferencer.<\/li>\n<li><strong>Genopladelig og effektiv<\/strong>: Udstyret med en Type-C-port for hurtig genopladning og fortsat nydelse.<\/li>\n<\/ul>\n<h3>MRVI Bar 8000 Puff smagsudvalg<\/h3>\n<p>Traneb\u00e6rdrue, bananis, jordb\u00e6rkiwi, jordb\u00e6rbanan, ferskenis, blandet b\u00e6r, frodig is, Blue Razz, jordb\u00e6ris, k\u00f8lig mynte...<\/p>\n<h3>Hvorfor v\u00e6lge MRVI Bar 8000 Puffs?<\/h3>\n<p>MRVI Bar 8000 Puffs er designet til at give langvarig nydelse og bekvemmelighed. Med sit h\u00f8je pusttal, 15 ml e-v\u00e6skekapacitet og genopladelige batteri er denne enhed udformet til at im\u00f8dekomme behovene hos b\u00e5de erfarne vapers og nytilkomne. MRVI Bar 8000 Puffs, der f\u00e5s til bulk engros, er ideel til detailhandlere, der \u00f8nsker at tilbyde en f\u00f8rsteklasses vapingoplevelse. Forbedre dit vaping-sortiment med MRVI Bar og giv dine kunder en tilfredsstillende mulighed af h\u00f8j kvalitet, de vil s\u00e6tte pris p\u00e5.<\/p>\n<h3>Hvorfor v\u00e6lge AiviouVapes<\/h3>\n<p>Velkommen til <a href=\"https:\/\/aiviouvapes.com\/da\/\">AiviouVapes<\/a> - din p\u00e5lidelige kilde til f\u00f8rsteklasses, overkommelige <a href=\"https:\/\/aiviouvapes.com\/da\/shop\/\">engros engangs-vapes<\/a> til virkelig lave priser. Med over fem \u00e5rs ekspertise i vape-industrien tilbyder vi stolt et h\u00e5ndplukket udvalg af f\u00f8rende m\u00e6rker, herunder <a href=\"https:\/\/aiviouvapes.com\/da\/vare-kategori\/waspe\/\">WASPE<\/a>, <a href=\"https:\/\/aiviouvapes.com\/da\/vare-kategori\/bang\/\">Bang Vape<\/a>, <a href=\"https:\/\/aiviouvapes.com\/da\/vare-kategori\/vapme-vapes\/\">Vapme<\/a>og <a href=\"https:\/\/aiviouvapes.com\/da\/vare-kategori\/mrvi\/\">MRVI<\/a>.<\/p>\n<p>Fra high-puff-enheder som <a href=\"https:\/\/aiviouvapes.com\/da\/vare\/waspe-4-in-1-100000-puffs\/\">WASPE 100K 4-i-1-smag<\/a> til dristige favoritter som f.eks. <a href=\"https:\/\/aiviouvapes.com\/da\/vare\/bang-king-triple-flavors-85000\/\">Bang 85.000 Triple Puff<\/a>og endda den sp\u00e6ndende <a class=\"woocommerce-LoopProduct-link woocommerce-loop-product__link\" href=\"https:\/\/aiviouvapes.com\/da\/vare\/mystery-vape-blind-box\/\">Mystisk engangs-dampboks<\/a>Hvert produkt er udvalgt efter topkvalitet og uovertruffen v\u00e6rdi. Hos AiviouVapes f\u00e5r du god service, engrosbesparelser og en kollektion, der er designet til at passe til dine dampbehov.<\/p>\n<div class=\"row row-large row-full-width align-middle\"  id=\"row-1384709473\">\n\n\n\t<div id=\"col-1037185148\" class=\"col medium-3 small-6 large-3\"  >\n\t\t\t\t<div class=\"col-inner text-center\"  >\n\t\t\t\n\t\t\t\n\n\n\t\t<div class=\"icon-box featured-box icon-box-top text-left\"  >\n\t\t\t\t\t<div class=\"icon-box-img\" style=\"width: 90px\">\n\t\t\t\t<div class=\"icon\">\n\t\t\t\t\t<div class=\"icon-inner\" >\n\t\t\t\t\t\t<img loading=\"lazy\" decoding=\"async\" width=\"200\" height=\"200\" src=\"https:\/\/i0.wp.com\/aiviouvapes.com\/wp-content\/uploads\/2024\/08\/vape-1-1.png?fit=200%2C200&amp;ssl=1\" class=\"attachment-medium size-medium\" alt=\"Hvorfor v\u00e6lge AIVIOUVAPES\" srcset=\"https:\/\/i0.wp.com\/aiviouvapes.com\/wp-content\/uploads\/2024\/08\/vape-1-1.png?w=200&amp;ssl=1 200w, https:\/\/i0.wp.com\/aiviouvapes.com\/wp-content\/uploads\/2024\/08\/vape-1-1.png?resize=150%2C150&amp;ssl=1 150w, https:\/\/i0.wp.com\/aiviouvapes.com\/wp-content\/uploads\/2024\/08\/vape-1-1.png?resize=12%2C12&amp;ssl=1 12w, https:\/\/i0.wp.com\/aiviouvapes.com\/wp-content\/uploads\/2024\/08\/vape-1-1.png?resize=100%2C100&amp;ssl=1 100w\" sizes=\"auto, (max-width: 200px) 100vw, 200px\" title=\"\">\t\t\t\t\t<\/div>\n\t\t\t\t<\/div>\n\t\t\t<\/div>\n\t\t\t\t<div class=\"icon-box-text last-reset\">\n\t\t\t\t\t\t\t\t\t\n\n\t<div id=\"text-300112553\" class=\"text\">\n\t\t\n\n<h3 style=\"text-align: center;\">Omfattende Vape Variety<\/h3>\n<p style=\"text-align: center;\">Oplev vores brede udvalg af produkter, lavet til at passe til enhver pr\u00e6ference.<\/p>\n\t\t\n<style>\n#text-300112553 {\n  font-size: 0.9rem;\n}\n<\/style>\n\t<\/div>\n\t\n\n\t\t<\/div>\n\t<\/div>\n\t\n\t\n\n\t\t<\/div>\n\t\t\t\t\t<\/div>\n\n\t\n\n\t<div id=\"col-2000703236\" class=\"col medium-3 small-6 large-3\"  >\n\t\t\t\t<div class=\"col-inner text-center\"  >\n\t\t\t\n\t\t\t\n\n\n\t\t<div class=\"icon-box featured-box icon-box-top text-left\"  >\n\t\t\t\t\t<div class=\"icon-box-img\" style=\"width: 90px\">\n\t\t\t\t<div class=\"icon\">\n\t\t\t\t\t<div class=\"icon-inner\" >\n\t\t\t\t\t\t<img loading=\"lazy\" decoding=\"async\" width=\"200\" height=\"200\" src=\"https:\/\/i0.wp.com\/aiviouvapes.com\/wp-content\/uploads\/2024\/08\/save-money-1-1-1.png?fit=200%2C200&amp;ssl=1\" class=\"attachment-medium size-medium\" alt=\"Hvorfor v\u00e6lge AIVIOUVAPES\" srcset=\"https:\/\/i0.wp.com\/aiviouvapes.com\/wp-content\/uploads\/2024\/08\/save-money-1-1-1.png?w=200&amp;ssl=1 200w, https:\/\/i0.wp.com\/aiviouvapes.com\/wp-content\/uploads\/2024\/08\/save-money-1-1-1.png?resize=150%2C150&amp;ssl=1 150w, https:\/\/i0.wp.com\/aiviouvapes.com\/wp-content\/uploads\/2024\/08\/save-money-1-1-1.png?resize=12%2C12&amp;ssl=1 12w, https:\/\/i0.wp.com\/aiviouvapes.com\/wp-content\/uploads\/2024\/08\/save-money-1-1-1.png?resize=100%2C100&amp;ssl=1 100w\" sizes=\"auto, (max-width: 200px) 100vw, 200px\" title=\"\">\t\t\t\t\t<\/div>\n\t\t\t\t<\/div>\n\t\t\t<\/div>\n\t\t\t\t<div class=\"icon-box-text last-reset\">\n\t\t\t\t\t\t\t\t\t\n\n\t<div id=\"text-888328362\" class=\"text\">\n\t\t\n\n<h3 style=\"text-align: center;\">Uovertruffen v\u00e6rdi<\/h3>\n<p style=\"text-align: center;\">Nyd produkter i topkvalitet til priser, der passer til dit budget.<\/p>\n\t\t\n<style>\n#text-888328362 {\n  font-size: 0.9rem;\n}\n<\/style>\n\t<\/div>\n\t\n\n\t\t<\/div>\n\t<\/div>\n\t\n\t\n\n\t\t<\/div>\n\t\t\t\t\t<\/div>\n\n\t\n\n\t<div id=\"col-620676011\" class=\"col medium-3 small-6 large-3\"  >\n\t\t\t\t<div class=\"col-inner text-center\"  >\n\t\t\t\n\t\t\t\n\n\n\t\t<div class=\"icon-box featured-box icon-box-top text-left\"  >\n\t\t\t\t\t<div class=\"icon-box-img\" style=\"width: 90px\">\n\t\t\t\t<div class=\"icon\">\n\t\t\t\t\t<div class=\"icon-inner\" >\n\t\t\t\t\t\t<img loading=\"lazy\" decoding=\"async\" width=\"200\" height=\"200\" src=\"https:\/\/i0.wp.com\/aiviouvapes.com\/wp-content\/uploads\/2024\/08\/delivery-truck-1-1.png?fit=200%2C200&amp;ssl=1\" class=\"attachment-medium size-medium\" alt=\"Hvorfor v\u00e6lge AIVIOUVAPES\" srcset=\"https:\/\/i0.wp.com\/aiviouvapes.com\/wp-content\/uploads\/2024\/08\/delivery-truck-1-1.png?w=200&amp;ssl=1 200w, https:\/\/i0.wp.com\/aiviouvapes.com\/wp-content\/uploads\/2024\/08\/delivery-truck-1-1.png?resize=150%2C150&amp;ssl=1 150w, https:\/\/i0.wp.com\/aiviouvapes.com\/wp-content\/uploads\/2024\/08\/delivery-truck-1-1.png?resize=12%2C12&amp;ssl=1 12w, https:\/\/i0.wp.com\/aiviouvapes.com\/wp-content\/uploads\/2024\/08\/delivery-truck-1-1.png?resize=100%2C100&amp;ssl=1 100w\" sizes=\"auto, (max-width: 200px) 100vw, 200px\" title=\"\">\t\t\t\t\t<\/div>\n\t\t\t\t<\/div>\n\t\t\t<\/div>\n\t\t\t\t<div class=\"icon-box-text last-reset\">\n\t\t\t\t\t\t\t\t\t\n\n\t<div id=\"text-1526859130\" class=\"text\">\n\t\t\n\n<h3 style=\"text-align: center;\">Hurtig Global Forsendelse<\/h3>\n<p style=\"text-align: center;\">Vi leverer til hele verden med garanteret toldbehandling for en problemfri oplevelse.<\/p>\n\t\t\n<style>\n#text-1526859130 {\n  font-size: 0.9rem;\n}\n<\/style>\n\t<\/div>\n\t\n\n\t\t<\/div>\n\t<\/div>\n\t\n\t\n\n\t\t<\/div>\n\t\t\t\t\t<\/div>\n\n\t\n\n\t<div id=\"col-876873739\" class=\"col medium-3 small-6 large-3\"  >\n\t\t\t\t<div class=\"col-inner text-center\"  >\n\t\t\t\n\t\t\t\n\n\n\t\t<div class=\"icon-box featured-box icon-box-top text-left\"  >\n\t\t\t\t\t<div class=\"icon-box-img\" style=\"width: 90px\">\n\t\t\t\t<div class=\"icon\">\n\t\t\t\t\t<div class=\"icon-inner\" >\n\t\t\t\t\t\t<img loading=\"lazy\" decoding=\"async\" width=\"200\" height=\"200\" src=\"https:\/\/i0.wp.com\/aiviouvapes.com\/wp-content\/uploads\/2024\/08\/support-1-1.png?fit=200%2C200&amp;ssl=1\" class=\"attachment-medium size-medium\" alt=\"Hvorfor v\u00e6lge AIVIOUVAPES\" srcset=\"https:\/\/i0.wp.com\/aiviouvapes.com\/wp-content\/uploads\/2024\/08\/support-1-1.png?w=200&amp;ssl=1 200w, https:\/\/i0.wp.com\/aiviouvapes.com\/wp-content\/uploads\/2024\/08\/support-1-1.png?resize=150%2C150&amp;ssl=1 150w, https:\/\/i0.wp.com\/aiviouvapes.com\/wp-content\/uploads\/2024\/08\/support-1-1.png?resize=12%2C12&amp;ssl=1 12w, https:\/\/i0.wp.com\/aiviouvapes.com\/wp-content\/uploads\/2024\/08\/support-1-1.png?resize=100%2C100&amp;ssl=1 100w\" sizes=\"auto, (max-width: 200px) 100vw, 200px\" title=\"\">\t\t\t\t\t<\/div>\n\t\t\t\t<\/div>\n\t\t\t<\/div>\n\t\t\t\t<div class=\"icon-box-text last-reset\">\n\t\t\t\t\t\t\t\t\t\n\n\t<div id=\"text-3430971546\" class=\"text\">\n\t\t\n\n<h3 style=\"text-align: center;\">Assistance d\u00f8gnet rundt<\/h3>\n<p style=\"text-align: center;\">N\u00e5 vores supportteam n\u00e5r som helst, 24\/7, via WhatsApp eller e-mail.<\/p>\n\t\t\n<style>\n#text-3430971546 {\n  font-size: 0.9rem;\n}\n<\/style>\n\t<\/div>\n\t\n\n\t\t<\/div>\n\t<\/div>\n\t\n\t\n\n\t\t<\/div>\n\t\t\t\t\t<\/div>\n\n\t\n\n<\/div>\n<div class=\"row row-full-width align-middle\"  id=\"row-2016106976\">\n\n\n\t<div id=\"col-1098633274\" class=\"col medium-6 small-12 large-6\"  >\n\t\t\t\t<div class=\"col-inner\"  >\n\t\t\t\n\t\t\t\n\n\t<div class=\"img has-hover x md-x lg-x y md-y lg-y\" id=\"image_417678070\">\n\t\t\t\t\t\t\t\t<div class=\"img-inner dark\" >\n\t\t\t<img loading=\"lazy\" decoding=\"async\" width=\"930\" height=\"1024\" src=\"https:\/\/i0.wp.com\/aiviouvapes.com\/wp-content\/uploads\/2024\/08\/%E6%8B%BC%E5%9B%BE.jpg?fit=930%2C1024&amp;ssl=1\" class=\"attachment-large size-large\" alt=\"Hvorfor v\u00e6lge AIVIOUVAPES\" title=\"\">\t\t\t\t\t\t\n\t\t\t\t\t<\/div>\n\t\t\t\t\t\t\t\t\n<style>\n#image_417678070 {\n  width: 100%;\n}\n<\/style>\n\t<\/div>\n\t\n\n\n\t\t<\/div>\n\t\t\t\t\t<\/div>\n\n\t\n\n\t<div id=\"col-1394511614\" class=\"col medium-6 small-12 large-6\"  >\n\t\t\t\t<div class=\"col-inner\"  >\n\t\t\t\n\t\t\t\n\n<div class=\"container section-title-container\" ><h4 class=\"section-title section-title-normal\"><b aria-hidden=\"true\"><\/b><span class=\"section-title-main\" style=\"font-size:91%;\">Vores fordele<\/span><b aria-hidden=\"true\"><\/b><\/h4><\/div>\n\n<div class=\"accordion\">\n\n\t<div id=\"accordion-762702096\" class=\"accordion-item\">\n\t\t<a id=\"accordion-762702096-label\" class=\"accordion-title plain\" href=\"#accordion-item-commitment-to-quality\" aria-expanded=\"false\" aria-controls=\"accordion-762702096-content\">\n\t\t\t<button class=\"toggle\" aria-label=\"Sl\u00e5 til\/fra\"><i class=\"icon-angle-down\" aria-hidden=\"true\"><\/i><\/button>\n\t\t\t<span>Forpligtelse til kvalitet<\/span>\n\t\t<\/a>\n\t\t<div id=\"accordion-762702096-content\" class=\"accordion-inner\" aria-labelledby=\"accordion-762702096-label\">\n\t\t\t\n\n<p>P\u00e5 <a href=\"https:\/\/aiviouvapes.com\/da\/\">AiviouVape<\/a>, kvalitet driver alt, hvad vi g\u00f8r. Vores engangsdampe er omhyggeligt udformet og grundigt testet for at opfylde de h\u00f8jeste standarder, hvilket sikrer en j\u00e6vn, p\u00e5lidelig vapingoplevelse hver gang. Med vores forpligtelse til nul defekter og nul klager, kan du stole p\u00e5, at du f\u00e5r det bedste.<\/p>\n\n\t\t<\/div>\n\t<\/div>\n\t\n\t<div id=\"accordion-619304302\" class=\"accordion-item\">\n\t\t<a id=\"accordion-619304302-label\" class=\"accordion-title plain\" href=\"#accordion-item-diverse-range-of-products\" aria-expanded=\"false\" aria-controls=\"accordion-619304302-content\">\n\t\t\t<button class=\"toggle\" aria-label=\"Sl\u00e5 til\/fra\"><i class=\"icon-angle-down\" aria-hidden=\"true\"><\/i><\/button>\n\t\t\t<span>Mangfoldigt udvalg af produkter<\/span>\n\t\t<\/a>\n\t\t<div id=\"accordion-619304302-content\" class=\"accordion-inner\" aria-labelledby=\"accordion-619304302-label\">\n\t\t\t\n\n<p>Vi er stolte af at kunne tilbyde en bred vifte af f\u00f8rsteklasses engangs-dampere, der passer til alle pr\u00e6ferencer. Fra de nyeste innovationer til mange\u00e5rige fanfavoritter indeholder vores udvalg p\u00e5lidelige m\u00e6rker som Waspe, Vapme, RandM Tornado, Bang Box, ELF Box og Bang King. Uanset om du er p\u00e5 udkig efter den dristige smag fra Vapme eller det slanke design fra RandM Tornado, er vores kollektion skabt til at hj\u00e6lpe dig med at finde den perfekte vape, der matcher din smag og livsstil.<\/p>\n\n\n\t\t<\/div>\n\t<\/div>\n\t\n\t<div id=\"accordion-3994766684\" class=\"accordion-item\">\n\t\t<a id=\"accordion-3994766684-label\" class=\"accordion-title plain\" href=\"#accordion-item-wholesale-and-retail-solutions\" aria-expanded=\"false\" aria-controls=\"accordion-3994766684-content\">\n\t\t\t<button class=\"toggle\" aria-label=\"Sl\u00e5 til\/fra\"><i class=\"icon-angle-down\" aria-hidden=\"true\"><\/i><\/button>\n\t\t\t<span>L\u00f8sninger til engros- og detailhandel<\/span>\n\t\t<\/a>\n\t\t<div id=\"accordion-3994766684-content\" class=\"accordion-inner\" aria-labelledby=\"accordion-3994766684-label\">\n\t\t\t\n\n<p>AiviouVape opfylder kravene fra b\u00e5de detail- og engroskunder og leverer exceptionelle produkter og service hver gang. Hvis du er ny hos os, anbefaler vi at starte med et lille parti for at opleve vores kvalitet p\u00e5 egen h\u00e5nd. Med konkurrencedygtige priser og f\u00f8rsteklasses standarder er vi det betroede valg i engangsdampindustrien.\u00a0<\/p>\n\n\t\t<\/div>\n\t<\/div>\n\t\n\t<div id=\"accordion-3729766793\" class=\"accordion-item\">\n\t\t<a id=\"accordion-3729766793-label\" class=\"accordion-title plain\" href=\"#accordion-item-continuous-improvement\" aria-expanded=\"false\" aria-controls=\"accordion-3729766793-content\">\n\t\t\t<button class=\"toggle\" aria-label=\"Sl\u00e5 til\/fra\"><i class=\"icon-angle-down\" aria-hidden=\"true\"><\/i><\/button>\n\t\t\t<span>Kontinuerlig forbedring<\/span>\n\t\t<\/a>\n\t\t<div id=\"accordion-3729766793-content\" class=\"accordion-inner\" aria-labelledby=\"accordion-3729766793-label\">\n\t\t\t\n\n<p>Det, der adskiller AiviouVape, er vores dedikation til enest\u00e5ende kundeservice. Uanset om du har brug for r\u00e5dgivning f\u00f8r k\u00f8b eller assistance med en ordre, er vores team altid tilg\u00e6ngeligt via WhatsApp eller e-mail. Vi str\u00e6ber efter at opbygge varige relationer med vores kunder, hvilket sikrer din tilfredshed hvert trin p\u00e5 vejen.<\/p>\n\n\t\t<\/div>\n\t<\/div>\n\t\n\t<div id=\"accordion-3810103556\" class=\"accordion-item\">\n\t\t<a id=\"accordion-3810103556-label\" class=\"accordion-title plain\" href=\"#accordion-item-quality-assurance\" aria-expanded=\"false\" aria-controls=\"accordion-3810103556-content\">\n\t\t\t<button class=\"toggle\" aria-label=\"Sl\u00e5 til\/fra\"><i class=\"icon-angle-down\" aria-hidden=\"true\"><\/i><\/button>\n\t\t\t<span>Kvalitetssikring<\/span>\n\t\t<\/a>\n\t\t<div id=\"accordion-3810103556-content\" class=\"accordion-inner\" aria-labelledby=\"accordion-3810103556-label\">\n\t\t\t\n\n<p>P\u00e5 alle stadier \u2013 produktudvikling, produktion, markedsf\u00f8ring og distribution \u2013 vakler vores forpligtelse til kvalitet aldrig. Vores engangsdampe gennemg\u00e5r strenge tests for at sikre, at de er ikke-giftige, rene og leverer enest\u00e5ende smag. Denne dedikation til ekspertise udg\u00f8r rygraden i vores virksomhedskultur.<\/p>\n\n\t\t<\/div>\n\t<\/div>\n\t\n\t<div id=\"accordion-2255060141\" class=\"accordion-item\">\n\t\t<a id=\"accordion-2255060141-label\" class=\"accordion-title plain\" href=\"#accordion-item-efficient-logistics-and-delivery\" aria-expanded=\"false\" aria-controls=\"accordion-2255060141-content\">\n\t\t\t<button class=\"toggle\" aria-label=\"Sl\u00e5 til\/fra\"><i class=\"icon-angle-down\" aria-hidden=\"true\"><\/i><\/button>\n\t\t\t<span>Effektiv logistik og levering<\/span>\n\t\t<\/a>\n\t\t<div id=\"accordion-2255060141-content\" class=\"accordion-inner\" aria-labelledby=\"accordion-2255060141-label\">\n\t\t\t\n\n<p>AiviouVape leverer effektiv logistik og levering, herunder DDP (Delivered Duty Paid)-tjenester, der sikrer problemfri toldbehandling uden gebyrer eller afgifter. Med hurtig levering og enest\u00e5ende kundesupport tilbyder vi en j\u00e6vn og p\u00e5lidelig oplevelse, hvilket g\u00f8r os til en betroet partner i branchen.<\/p>\n\n\t\t<\/div>\n\t<\/div>\n\t\n\t<div id=\"accordion-829060685\" class=\"accordion-item\">\n\t\t<a id=\"accordion-829060685-label\" class=\"accordion-title plain\" href=\"#accordion-item-odm-and-oem-services\" aria-expanded=\"false\" aria-controls=\"accordion-829060685-content\">\n\t\t\t<button class=\"toggle\" aria-label=\"Sl\u00e5 til\/fra\"><i class=\"icon-angle-down\" aria-hidden=\"true\"><\/i><\/button>\n\t\t\t<span>ODM- og OEM-tjenester<\/span>\n\t\t<\/a>\n\t\t<div id=\"accordion-829060685-content\" class=\"accordion-inner\" aria-labelledby=\"accordion-829060685-label\">\n\t\t\t\n\n<p>AiviouVapes tilbyder fuld ODM (Original Design Manufacturing) og OEM (Original Equipment Manufacturing) tjenester. Med to store faciliteter hj\u00e6lper vi kunder med at designe unikke produkter og i\u00f8jnefaldende logoer til emballage. Vi tilbyder ogs\u00e5 gratis vejledning i emballagedesign og st\u00f8tter kunder, der pakker deres egne produkter, og sikrer, at deres brand skinner p\u00e5 markedet.<\/p>\n\n\t\t<\/div>\n\t<\/div>\n\t\n\n<\/div>\n\n\t\t<\/div>\n\t\t\t\t\t<\/div>\n\n\t\n\n<\/div>","protected":false},"excerpt":{"rendered":"<p>MRVI Bar 8K leverer 8.000 pust med en kapacitet p\u00e5 15 ml e-v\u00e6ske og et genopladeligt batteri p\u00e5 650 mAh. Med en avanceret mesh-spole, hurtig Type-C-opladning og et slankt design sikrer den j\u00e6vn, smagfuld dampning i en r\u00e6kke forskellige smagsvarianter.<\/p>","protected":false},"featured_media":2494,"comment_status":"open","ping_status":"closed","template":"","meta":[],"product_brand":[229],"product_cat":[33,120,90,117,76,134,135,133,136,137,146,138,139,140,141,142,143,144,145,573,572,132],"product_tag":[],"class_list":{"0":"post-2493","1":"product","2":"type-product","3":"status-publish","4":"has-post-thumbnail","6":"product_brand-mrvi","7":"product_cat-mrvi","8":"product_cat-8000-puffs-disposable-vape","9":"product_cat-big-puffs-vapes","10":"product_cat-different-puffs-of-diposable-vapes","11":"product_cat-disposable-vape-types","12":"product_cat-disposable-vapes-in-austria","13":"product_cat-disposable-vapes-in-belgium","14":"product_cat-disposable-vapes-in-europe","15":"product_cat-disposable-vapes-in-france","16":"product_cat-disposable-vapes-in-germany","17":"product_cat-disposable-vapes-in-hungary","18":"product_cat-disposable-vapes-in-ltaly","19":"product_cat-disposable-vapes-in-netherlands","20":"product_cat-disposable-vapes-in-norway","21":"product_cat-disposable-vapes-in-poland","22":"product_cat-disposable-vapes-in-portugal","23":"product_cat-disposable-vapes-in-spain","24":"product_cat-disposable-vapes-in-sweden","25":"product_cat-disposable-vapes-in-switzerland","26":"product_cat-new-3","27":"product_cat-new-2","28":"product_cat-rechargeable-vapes","30":"first","31":"instock","32":"shipping-taxable","33":"purchasable","34":"product-type-variable","35":"has-default-attributes"},"jetpack_sharing_enabled":true,"tiered_pricing_type":"fixed","tiered_pricing_fixed_rules":{"2000":4.9900000000000002131628207280300557613372802734375},"tiered_pricing_product_settings":{"layout":"default","base_unit_name":{"singular":null,"plural":null},"default_variation":null},"tiered_pricing_minimum_quantity":1000,"tiered_pricing_roles_data":[],"tiered_pricing_percentage_rules":[],"tiered_pricing_maximum_quantity":null,"tiered_pricing_quantity_step":"10","_links":{"self":[{"href":"https:\/\/aiviouvapes.com\/da\/wp-json\/wp\/v2\/product\/2493","targetHints":{"allow":["GET"]}}],"collection":[{"href":"https:\/\/aiviouvapes.com\/da\/wp-json\/wp\/v2\/product"}],"about":[{"href":"https:\/\/aiviouvapes.com\/da\/wp-json\/wp\/v2\/types\/product"}],"replies":[{"embeddable":true,"href":"https:\/\/aiviouvapes.com\/da\/wp-json\/wp\/v2\/comments?post=2493"}],"wp:featuredmedia":[{"embeddable":true,"href":"https:\/\/aiviouvapes.com\/da\/wp-json\/wp\/v2\/media\/2494"}],"wp:attachment":[{"href":"https:\/\/aiviouvapes.com\/da\/wp-json\/wp\/v2\/media?parent=2493"}],"wp:term":[{"taxonomy":"product_brand","embeddable":true,"href":"https:\/\/aiviouvapes.com\/da\/wp-json\/wp\/v2\/product_brand?post=2493"},{"taxonomy":"product_cat","embeddable":true,"href":"https:\/\/aiviouvapes.com\/da\/wp-json\/wp\/v2\/product_cat?post=2493"},{"taxonomy":"product_tag","embeddable":true,"href":"https:\/\/aiviouvapes.com\/da\/wp-json\/wp\/v2\/product_tag?post=2493"}],"curies":[{"name":"wp","href":"https:\/\/api.w.org\/{rel}","templated":true}]}}