{"id":24616,"date":"2024-11-09T14:42:54","date_gmt":"2024-11-09T06:42:54","guid":{"rendered":"https:\/\/aiviouvapes.com\/?post_type=product&#038;p=24616"},"modified":"2025-12-30T17:14:46","modified_gmt":"2025-12-30T09:14:46","slug":"mrvi-winning-30k-puffs-2-5-nicotine-rechargeable-bulk-buy-disposable-vape-wholesale","status":"publish","type":"product","link":"https:\/\/aiviouvapes.com\/da\/product\/mrvi-winning-30k-puffs-2-5-nicotine-rechargeable-bulk-buy-disposable-vape-wholesale\/","title":{"rendered":"MRVI WINNING 30000 Puffs | 2%-5% nikotin, 35mL, 800mAh, bulk engangs vape"},"content":{"rendered":"<p><iframe title=\"VideoPress Videoafspiller\" aria-label='VideoPress Videoafspiller' width='1020' height='574' src='https:\/\/videopress.com\/embed\/13e6MPsk?hd=0&amp;cover=1' frameborder='0' allowfullscreen allow='clipboard-write'><\/iframe><script src='https:\/\/v0.wordpress.com\/js\/next\/videopress-iframe.js?m=1739540970'><\/script><\/p>\n<h2><strong>MRVI WINNING 30K - 30.000 pust til engangsbrug<\/strong><\/h2>\n<p>MRVI WINNING 30K engangsdamper er konstrueret til at give en uovertruffen dampoplevelse med op til utrolige 30.000 pust. Den avancerede teknologi sikrer langvarig smagsnydelse, hvilket g\u00f8r den perfekt til b\u00e5de dedikerede dampere og nybegyndere.<\/p>\n<p>MRVI WINNING 30K er designet med en gener\u00f8s e-v\u00e6ske-kapacitet p\u00e5 35 ml og et batteri p\u00e5 800 mAh og lover j\u00e6vn, uafbrudt dampnydelse. Denne slanke, b\u00e6rbare enhed passer nemt i lommen, hvilket g\u00f8r den ideel til hjemmebrug eller dampning p\u00e5 farten.<\/p>\n<p>MRVI WINNING 30K har en f\u00f8rsteklasses mesh-coil og giver en intens, tilfredsstillende smag ved hvert sug. Tilpas din oplevelse med to nikotinstyrker - 2% og 5% - og nyd bekvemmeligheden ved en hurtigopladende Type-C-port for minimal nedetid mellem sessionerne.<\/p>\n<h3>MRVI WINNING 30000 Puff Produktets h\u00f8jdepunkter:<\/h3>\n<ul>\n<li><strong>Antal pust:<\/strong> Op til 30.000 pust til l\u00e6ngerevarende dampsessioner<\/li>\n<li><strong>E-v\u00e6ske-kapacitet:<\/strong> 35 ml giver f\u00e6rre genopfyldninger og mere damptid<\/li>\n<li><strong>Batterikapacitet:<\/strong> 800 mAh for langvarig ydeevne<\/li>\n<li><strong>Nikotinstyrke:<\/strong> V\u00e6lg mellem 2% og 5%, s\u00e5 det passer til dine pr\u00e6ferencer<\/li>\n<li><strong>Opladningsport:<\/strong> Type-C-hurtigopladning til hurtige opladninger<\/li>\n<li><strong>Mesh Coil-teknologi:<\/strong> J\u00e6vn, ensartet damp med forbedret smagskvalitet<\/li>\n<\/ul>\n<h3>MRVI WINNING 30000 Puff Tilg\u00e6ngelige smagsvarianter:<\/h3>\n<p>Bl\u00e5b\u00e6r-vandmelon, kirseb\u00e6r-citron, Blue Razz-is, blandede b\u00e6r, jordb\u00e6r-is, vandmelon-is, saftig fersken, ananas-mango, drue-is, surt \u00e6ble.<\/p>\n<p>Udforsk et sp\u00e6ndende udvalg af smagsvarianter, der passer til enhver smag, fra frugtagtige favoritter som Blueberry Watermelon og Juicy Peach til iskolde muligheder som Strawberry Ice og Grape Ice. Hver smag er omhyggeligt udformet til at give en rig og behagelig oplevelse.<\/p>\n<h3>MRVI WINNING 30000 Puff Bulk &amp; Individual Purchase Opportunity:<\/h3>\n<p>MRVI WINNING 30000 Puff er det perfekte valg for alle, der s\u00f8ger lang levetid, kvalitet og et bredt udvalg af smagsvarianter. Med op til 30.000 pust, hurtig Type-C-opladning og p\u00e5lidelig ydeevne giver denne f\u00f8rsteklasses vape enest\u00e5ende v\u00e6rdi og en mindev\u00e6rdig oplevelse, uanset om du k\u00f8ber stort ind til forretningen eller k\u00f8ber enkeltvis til personlig nydelse.<\/p>\n<h4>MRVI VINDENDE 30K pust | 2% 5% nikotin, 35mL e-v\u00e6ske, mesh spole, 800mAh batteri, type-C genopladeligt, op til 30.000 pust, k\u00f8b engangsvape engros<\/h4>\n<p><img data-recalc-dims=\"1\" loading=\"lazy\" decoding=\"async\" class=\"alignnone size-full wp-image-24620\" title=\"MRVI WINNING 30K Puffs 2% 5% Nikotin Genopladelig Bulk Buy Engangs Vape Engros\" src=\"https:\/\/i0.wp.com\/aiviouvapes.com\/wp-content\/uploads\/2024\/11\/%E5%BE%AE%E4%BF%A1%E5%9B%BE%E7%89%87_20240924171847.jpg?resize=1020%2C1020&#038;ssl=1\" alt=\"MRVI WINNING 30K Puffs 2% 5% Nikotin Genopladelig Bulk Buy Engangs Vape Engros\" width=\"1020\" height=\"1020\" srcset=\"https:\/\/i0.wp.com\/aiviouvapes.com\/wp-content\/uploads\/2024\/11\/%E5%BE%AE%E4%BF%A1%E5%9B%BE%E7%89%87_20240924171847.jpg?w=1600&amp;ssl=1 1600w, https:\/\/i0.wp.com\/aiviouvapes.com\/wp-content\/uploads\/2024\/11\/%E5%BE%AE%E4%BF%A1%E5%9B%BE%E7%89%87_20240924171847.jpg?resize=300%2C300&amp;ssl=1 300w, https:\/\/i0.wp.com\/aiviouvapes.com\/wp-content\/uploads\/2024\/11\/%E5%BE%AE%E4%BF%A1%E5%9B%BE%E7%89%87_20240924171847.jpg?resize=1024%2C1024&amp;ssl=1 1024w, https:\/\/i0.wp.com\/aiviouvapes.com\/wp-content\/uploads\/2024\/11\/%E5%BE%AE%E4%BF%A1%E5%9B%BE%E7%89%87_20240924171847.jpg?resize=150%2C150&amp;ssl=1 150w, https:\/\/i0.wp.com\/aiviouvapes.com\/wp-content\/uploads\/2024\/11\/%E5%BE%AE%E4%BF%A1%E5%9B%BE%E7%89%87_20240924171847.jpg?resize=768%2C768&amp;ssl=1 768w, https:\/\/i0.wp.com\/aiviouvapes.com\/wp-content\/uploads\/2024\/11\/%E5%BE%AE%E4%BF%A1%E5%9B%BE%E7%89%87_20240924171847.jpg?resize=1536%2C1536&amp;ssl=1 1536w, https:\/\/i0.wp.com\/aiviouvapes.com\/wp-content\/uploads\/2024\/11\/%E5%BE%AE%E4%BF%A1%E5%9B%BE%E7%89%87_20240924171847.jpg?resize=12%2C12&amp;ssl=1 12w, https:\/\/i0.wp.com\/aiviouvapes.com\/wp-content\/uploads\/2024\/11\/%E5%BE%AE%E4%BF%A1%E5%9B%BE%E7%89%87_20240924171847.jpg?resize=800%2C800&amp;ssl=1 800w, https:\/\/i0.wp.com\/aiviouvapes.com\/wp-content\/uploads\/2024\/11\/%E5%BE%AE%E4%BF%A1%E5%9B%BE%E7%89%87_20240924171847.jpg?resize=100%2C100&amp;ssl=1 100w\" sizes=\"auto, (max-width: 1020px) 100vw, 1020px\" \/><\/p>\n<p>&nbsp;<\/p>","protected":false},"excerpt":{"rendered":"<p>MRVI WINNING 30K Disposable Vape tilbyder op til 30.000 pust med en 35mL e-liquid kapacitet og 800mAh batteri for forl\u00e6nget, j\u00e6vn vaping. Med en mesh-spole, hurtig Type-C-opladning og en r\u00e6kke forskellige smagsvarianter er den perfekt til b\u00e5de afslappede og erfarne vapers.<\/p>","protected":false},"featured_media":24621,"comment_status":"open","ping_status":"closed","template":"","meta":[],"product_brand":[229],"product_cat":[33,131,320,90,117,81,76,134,135,133,136,137,146,138,139,140,141,142,143,144,145,79,132,82],"product_tag":[],"class_list":{"0":"post-24616","1":"product","2":"type-product","3":"status-publish","4":"has-post-thumbnail","6":"product_brand-mrvi","7":"product_cat-mrvi","8":"product_cat-30000-puffs-disposable-vape","9":"product_cat-best-disposable-vapes","10":"product_cat-big-puffs-vapes","11":"product_cat-different-puffs-of-diposable-vapes","12":"product_cat-digital-box-vapes","13":"product_cat-disposable-vape-types","14":"product_cat-disposable-vapes-in-austria","15":"product_cat-disposable-vapes-in-belgium","16":"product_cat-disposable-vapes-in-europe","17":"product_cat-disposable-vapes-in-france","18":"product_cat-disposable-vapes-in-germany","19":"product_cat-disposable-vapes-in-hungary","20":"product_cat-disposable-vapes-in-ltaly","21":"product_cat-disposable-vapes-in-netherlands","22":"product_cat-disposable-vapes-in-norway","23":"product_cat-disposable-vapes-in-poland","24":"product_cat-disposable-vapes-in-portugal","25":"product_cat-disposable-vapes-in-spain","26":"product_cat-disposable-vapes-in-sweden","27":"product_cat-disposable-vapes-in-switzerland","28":"product_cat-dual-mesh-vapes","29":"product_cat-rechargeable-vapes","30":"product_cat-smart-screen-vapes","32":"first","33":"instock","34":"shipping-taxable","35":"purchasable","36":"product-type-variable","37":"has-default-attributes"},"jetpack_sharing_enabled":true,"tiered_pricing_type":"fixed","tiered_pricing_fixed_rules":[],"tiered_pricing_product_settings":{"layout":"default","base_unit_name":{"singular":null,"plural":null},"default_variation":null},"tiered_pricing_minimum_quantity":1000,"tiered_pricing_roles_data":[],"tiered_pricing_percentage_rules":[],"tiered_pricing_maximum_quantity":null,"tiered_pricing_quantity_step":"10","_links":{"self":[{"href":"https:\/\/aiviouvapes.com\/da\/wp-json\/wp\/v2\/product\/24616","targetHints":{"allow":["GET"]}}],"collection":[{"href":"https:\/\/aiviouvapes.com\/da\/wp-json\/wp\/v2\/product"}],"about":[{"href":"https:\/\/aiviouvapes.com\/da\/wp-json\/wp\/v2\/types\/product"}],"replies":[{"embeddable":true,"href":"https:\/\/aiviouvapes.com\/da\/wp-json\/wp\/v2\/comments?post=24616"}],"wp:featuredmedia":[{"embeddable":true,"href":"https:\/\/aiviouvapes.com\/da\/wp-json\/wp\/v2\/media\/24621"}],"wp:attachment":[{"href":"https:\/\/aiviouvapes.com\/da\/wp-json\/wp\/v2\/media?parent=24616"}],"wp:term":[{"taxonomy":"product_brand","embeddable":true,"href":"https:\/\/aiviouvapes.com\/da\/wp-json\/wp\/v2\/product_brand?post=24616"},{"taxonomy":"product_cat","embeddable":true,"href":"https:\/\/aiviouvapes.com\/da\/wp-json\/wp\/v2\/product_cat?post=24616"},{"taxonomy":"product_tag","embeddable":true,"href":"https:\/\/aiviouvapes.com\/da\/wp-json\/wp\/v2\/product_tag?post=24616"}],"curies":[{"name":"wp","href":"https:\/\/api.w.org\/{rel}","templated":true}]}}