{"id":1214,"date":"2024-08-16T10:19:53","date_gmt":"2024-08-16T02:19:53","guid":{"rendered":"https:\/\/aiviouvapes.com\/?post_type=product&#038;p=1214"},"modified":"2026-03-18T00:03:54","modified_gmt":"2026-03-17T16:03:54","slug":"vapme-shisha-hookah-15000-disposable-wholesale","status":"publish","type":"product","link":"https:\/\/aiviouvapes.com\/da\/product\/vapme-shisha-hookah-15000-disposable-wholesale\/","title":{"rendered":"VAPME Shisha Hookah 15000 Puffs | 0%-2% nikotin, 25mL, 650mAh, bulk engangs vape"},"content":{"rendered":"<h2>VAPME Shisha Hookah 15000 pust | 0% 2% nikotin, 25ml e-v\u00e6ske, 650mAh genopladeligt batteri, type-C opladning, 0,6\u03a9 mesh spole, k\u00f8b engangsvape engros<\/h2>\n<h3>VAPME Shisha vandpibe 15000 Oversigt<\/h3>\n<ul>\n<li><strong>Udvidet puffekapacitet<\/strong>: Op til 15.000 pust for langvarig nydelse.<\/li>\n<li><strong>Stor kapacitet til e-v\u00e6ske<\/strong>: 25 ml reservoir minimerer antallet af genopfyldninger og maksimerer bekvemmeligheden.<\/li>\n<li><strong>P\u00e5lideligt batteri<\/strong>: Genopladeligt batteri p\u00e5 650 mAh med Type-C-opladning for effektiv opladning.<\/li>\n<li><strong>Muligheder for nikotin<\/strong>: F\u00e5s i 0% og 2% for at im\u00f8dekomme forskellige pr\u00e6ferencer.<\/li>\n<li><strong>J\u00e6vn dampproduktion<\/strong>: 0,6\u03a9 mesh coil leverer ensartet, smagfuld damp med hvert sug.<\/li>\n<\/ul>\n<h3>VAPME Shisha vandpibe 15000 Funktioner<\/h3>\n<ul>\n<li><strong>Exceptionel lang levetid<\/strong>: 15.000 pust pr. enhed til lang tids brug og stor v\u00e6rdi.<\/li>\n<li><strong>Genopladelig bekvemmelighed<\/strong>: Type-C-port til hurtig genopladning og minimal nedetid.<\/li>\n<li><strong>Smagsvariation<\/strong>: V\u00e6lg mellem 24 unikke og omhyggeligt fremstillede smagsvarianter for en alsidig dampoplevelse.<\/li>\n<\/ul>\n<h3>VAPME Shisha vandpibe 15000 smagsvarianter<\/h3>\n<p>Blueberry on Ice, Kiwi Passionsfrugt Guava, Blue Razz Lemonade, Strawberry Kiwi, Blandede b\u00e6r, Strawberry Watermelon, Grape Ice, Watermelon Ice, Peach Mango Ananas, Strawberry Ice, Peach Ice, Mango Banan, Cherry Berry, Blueberry Raspberry, Love 66, Vandmelonkirseb\u00e6r, frosset \u00e6ble, citronmynte, solb\u00e6ris, ananasshake, Mamba, Jordb\u00e6rdrue, Jordb\u00e6rhindb\u00e6rslik, Triple Berry Ice<\/p>\n<h3>Hvorfor v\u00e6lge VAPME Shisha Hookah 15000 Puffs?<\/h3>\n<p>VAPME Shisha Hookah 15000 Puffs kombinerer h\u00f8j kapacitet med en bred vifte af smagsvarianter, hvilket g\u00f8r den til et ideelt valg for dampere, der \u00f8nsker en f\u00f8rsteklasses, langvarig oplevelse. Denne enhed er perfekt til b\u00e5de individuelle dampere og forhandlere og tilbyder bekvemmelighed, holdbarhed og en r\u00e6kke smagsvarianter, der kan tilfredsstille enhver pr\u00e6ference. VAPME Shisha Hookah f\u00e5s til engroshandel og er et f\u00f8rsteklasses produkt, der er designet til at h\u00f8jne din dampoplevelse. Oplev den ultimative tilfredshed og smagsvariation med VAPME.<\/p>\n<p><iframe title=\"VideoPress Videoafspiller\" aria-label='VideoPress Videoafspiller' width='1020' height='574' src='https:\/\/videopress.com\/embed\/yEuJlmVZ?hd=0&amp;cover=1' frameborder='0' allowfullscreen allow='clipboard-write'><\/iframe><script src='https:\/\/v0.wordpress.com\/js\/next\/videopress-iframe.js?m=1739540970'><\/script><\/p>\n<p>&nbsp;<\/p>\n<h3>Hvorfor v\u00e6lge AiviouVapes<\/h3>\n<p>Velkommen til <a href=\"https:\/\/aiviouvapes.com\/da\/\">AiviouVapes<\/a> - din p\u00e5lidelige kilde til f\u00f8rsteklasses, overkommelige <a href=\"https:\/\/aiviouvapes.com\/da\/shop\/\">engros engangs-vapes<\/a> til virkelig lave priser. Med over fem \u00e5rs ekspertise i vape-industrien tilbyder vi stolt et h\u00e5ndplukket udvalg af f\u00f8rende m\u00e6rker, herunder <a href=\"https:\/\/aiviouvapes.com\/da\/vare-kategori\/waspe\/\">WASPE<\/a>, <a href=\"https:\/\/aiviouvapes.com\/da\/vare-kategori\/bang\/\">Bang Vape<\/a>, <a href=\"https:\/\/aiviouvapes.com\/da\/vare-kategori\/vapme-vapes\/\">Vapme<\/a>og <a href=\"https:\/\/aiviouvapes.com\/da\/vare-kategori\/mrvi\/\">MRVI<\/a>.<\/p>\n<p>Fra high-puff-enheder som <a href=\"https:\/\/aiviouvapes.com\/da\/vare\/waspe-4-in-1-100000-puffs\/\">WASPE 100K 4-i-1-smag<\/a> til dristige favoritter som f.eks. <a href=\"https:\/\/aiviouvapes.com\/da\/vare\/bang-king-triple-flavors-85000\/\">Bang 85.000 Triple Puff<\/a>og endda den sp\u00e6ndende <a class=\"woocommerce-LoopProduct-link woocommerce-loop-product__link\" href=\"https:\/\/aiviouvapes.com\/da\/vare\/mystery-vape-blind-box\/\">Mystisk engangs-dampboks<\/a>Hvert produkt er udvalgt efter topkvalitet og uovertruffen v\u00e6rdi. Hos AiviouVapes f\u00e5r du god service, engrosbesparelser og en kollektion, der er designet til at passe til dine dampbehov.<\/p>\n<div class=\"row row-large row-full-width align-middle\"  id=\"row-677004511\">\n\n\n\t<div id=\"col-1415639546\" class=\"col medium-3 small-6 large-3\"  >\n\t\t\t\t<div class=\"col-inner text-center\"  >\n\t\t\t\n\t\t\t\n\n\n\t\t<div class=\"icon-box featured-box icon-box-top text-left\"  >\n\t\t\t\t\t<div class=\"icon-box-img\" style=\"width: 90px\">\n\t\t\t\t<div class=\"icon\">\n\t\t\t\t\t<div class=\"icon-inner\" >\n\t\t\t\t\t\t<img loading=\"lazy\" decoding=\"async\" width=\"200\" height=\"200\" src=\"https:\/\/i0.wp.com\/aiviouvapes.com\/wp-content\/uploads\/2024\/08\/vape-1-1.png?fit=200%2C200&amp;ssl=1\" class=\"attachment-medium size-medium\" alt=\"Hvorfor v\u00e6lge AIVIOUVAPES\" srcset=\"https:\/\/i0.wp.com\/aiviouvapes.com\/wp-content\/uploads\/2024\/08\/vape-1-1.png?w=200&amp;ssl=1 200w, https:\/\/i0.wp.com\/aiviouvapes.com\/wp-content\/uploads\/2024\/08\/vape-1-1.png?resize=150%2C150&amp;ssl=1 150w, https:\/\/i0.wp.com\/aiviouvapes.com\/wp-content\/uploads\/2024\/08\/vape-1-1.png?resize=12%2C12&amp;ssl=1 12w, https:\/\/i0.wp.com\/aiviouvapes.com\/wp-content\/uploads\/2024\/08\/vape-1-1.png?resize=100%2C100&amp;ssl=1 100w\" sizes=\"auto, (max-width: 200px) 100vw, 200px\" title=\"\">\t\t\t\t\t<\/div>\n\t\t\t\t<\/div>\n\t\t\t<\/div>\n\t\t\t\t<div class=\"icon-box-text last-reset\">\n\t\t\t\t\t\t\t\t\t\n\n\t<div id=\"text-2929942578\" class=\"text\">\n\t\t\n\n<h3 style=\"text-align: center;\">Omfattende Vape Variety<\/h3>\n<p style=\"text-align: center;\">Oplev vores brede udvalg af produkter, lavet til at passe til enhver pr\u00e6ference.<\/p>\n\t\t\n<style>\n#text-2929942578 {\n  font-size: 0.9rem;\n}\n<\/style>\n\t<\/div>\n\t\n\n\t\t<\/div>\n\t<\/div>\n\t\n\t\n\n\t\t<\/div>\n\t\t\t\t\t<\/div>\n\n\t\n\n\t<div id=\"col-95347572\" class=\"col medium-3 small-6 large-3\"  >\n\t\t\t\t<div class=\"col-inner text-center\"  >\n\t\t\t\n\t\t\t\n\n\n\t\t<div class=\"icon-box featured-box icon-box-top text-left\"  >\n\t\t\t\t\t<div class=\"icon-box-img\" style=\"width: 90px\">\n\t\t\t\t<div class=\"icon\">\n\t\t\t\t\t<div class=\"icon-inner\" >\n\t\t\t\t\t\t<img loading=\"lazy\" decoding=\"async\" width=\"200\" height=\"200\" src=\"https:\/\/i0.wp.com\/aiviouvapes.com\/wp-content\/uploads\/2024\/08\/save-money-1-1-1.png?fit=200%2C200&amp;ssl=1\" class=\"attachment-medium size-medium\" alt=\"Hvorfor v\u00e6lge AIVIOUVAPES\" srcset=\"https:\/\/i0.wp.com\/aiviouvapes.com\/wp-content\/uploads\/2024\/08\/save-money-1-1-1.png?w=200&amp;ssl=1 200w, https:\/\/i0.wp.com\/aiviouvapes.com\/wp-content\/uploads\/2024\/08\/save-money-1-1-1.png?resize=150%2C150&amp;ssl=1 150w, https:\/\/i0.wp.com\/aiviouvapes.com\/wp-content\/uploads\/2024\/08\/save-money-1-1-1.png?resize=12%2C12&amp;ssl=1 12w, https:\/\/i0.wp.com\/aiviouvapes.com\/wp-content\/uploads\/2024\/08\/save-money-1-1-1.png?resize=100%2C100&amp;ssl=1 100w\" sizes=\"auto, (max-width: 200px) 100vw, 200px\" title=\"\">\t\t\t\t\t<\/div>\n\t\t\t\t<\/div>\n\t\t\t<\/div>\n\t\t\t\t<div class=\"icon-box-text last-reset\">\n\t\t\t\t\t\t\t\t\t\n\n\t<div id=\"text-1095796\" class=\"text\">\n\t\t\n\n<h3 style=\"text-align: center;\">Uovertruffen v\u00e6rdi<\/h3>\n<p style=\"text-align: center;\">Nyd produkter i topkvalitet til priser, der passer til dit budget.<\/p>\n\t\t\n<style>\n#text-1095796 {\n  font-size: 0.9rem;\n}\n<\/style>\n\t<\/div>\n\t\n\n\t\t<\/div>\n\t<\/div>\n\t\n\t\n\n\t\t<\/div>\n\t\t\t\t\t<\/div>\n\n\t\n\n\t<div id=\"col-864813447\" class=\"col medium-3 small-6 large-3\"  >\n\t\t\t\t<div class=\"col-inner text-center\"  >\n\t\t\t\n\t\t\t\n\n\n\t\t<div class=\"icon-box featured-box icon-box-top text-left\"  >\n\t\t\t\t\t<div class=\"icon-box-img\" style=\"width: 90px\">\n\t\t\t\t<div class=\"icon\">\n\t\t\t\t\t<div class=\"icon-inner\" >\n\t\t\t\t\t\t<img loading=\"lazy\" decoding=\"async\" width=\"200\" height=\"200\" src=\"https:\/\/i0.wp.com\/aiviouvapes.com\/wp-content\/uploads\/2024\/08\/delivery-truck-1-1.png?fit=200%2C200&amp;ssl=1\" class=\"attachment-medium size-medium\" alt=\"Hvorfor v\u00e6lge AIVIOUVAPES\" srcset=\"https:\/\/i0.wp.com\/aiviouvapes.com\/wp-content\/uploads\/2024\/08\/delivery-truck-1-1.png?w=200&amp;ssl=1 200w, https:\/\/i0.wp.com\/aiviouvapes.com\/wp-content\/uploads\/2024\/08\/delivery-truck-1-1.png?resize=150%2C150&amp;ssl=1 150w, https:\/\/i0.wp.com\/aiviouvapes.com\/wp-content\/uploads\/2024\/08\/delivery-truck-1-1.png?resize=12%2C12&amp;ssl=1 12w, https:\/\/i0.wp.com\/aiviouvapes.com\/wp-content\/uploads\/2024\/08\/delivery-truck-1-1.png?resize=100%2C100&amp;ssl=1 100w\" sizes=\"auto, (max-width: 200px) 100vw, 200px\" title=\"\">\t\t\t\t\t<\/div>\n\t\t\t\t<\/div>\n\t\t\t<\/div>\n\t\t\t\t<div class=\"icon-box-text last-reset\">\n\t\t\t\t\t\t\t\t\t\n\n\t<div id=\"text-2503404466\" class=\"text\">\n\t\t\n\n<h3 style=\"text-align: center;\">Hurtig Global Forsendelse<\/h3>\n<p style=\"text-align: center;\">Vi leverer til hele verden med garanteret toldbehandling for en problemfri oplevelse.<\/p>\n\t\t\n<style>\n#text-2503404466 {\n  font-size: 0.9rem;\n}\n<\/style>\n\t<\/div>\n\t\n\n\t\t<\/div>\n\t<\/div>\n\t\n\t\n\n\t\t<\/div>\n\t\t\t\t\t<\/div>\n\n\t\n\n\t<div id=\"col-33290341\" class=\"col medium-3 small-6 large-3\"  >\n\t\t\t\t<div class=\"col-inner text-center\"  >\n\t\t\t\n\t\t\t\n\n\n\t\t<div class=\"icon-box featured-box icon-box-top text-left\"  >\n\t\t\t\t\t<div class=\"icon-box-img\" style=\"width: 90px\">\n\t\t\t\t<div class=\"icon\">\n\t\t\t\t\t<div class=\"icon-inner\" >\n\t\t\t\t\t\t<img loading=\"lazy\" decoding=\"async\" width=\"200\" height=\"200\" src=\"https:\/\/i0.wp.com\/aiviouvapes.com\/wp-content\/uploads\/2024\/08\/support-1-1.png?fit=200%2C200&amp;ssl=1\" class=\"attachment-medium size-medium\" alt=\"Hvorfor v\u00e6lge AIVIOUVAPES\" srcset=\"https:\/\/i0.wp.com\/aiviouvapes.com\/wp-content\/uploads\/2024\/08\/support-1-1.png?w=200&amp;ssl=1 200w, https:\/\/i0.wp.com\/aiviouvapes.com\/wp-content\/uploads\/2024\/08\/support-1-1.png?resize=150%2C150&amp;ssl=1 150w, https:\/\/i0.wp.com\/aiviouvapes.com\/wp-content\/uploads\/2024\/08\/support-1-1.png?resize=12%2C12&amp;ssl=1 12w, https:\/\/i0.wp.com\/aiviouvapes.com\/wp-content\/uploads\/2024\/08\/support-1-1.png?resize=100%2C100&amp;ssl=1 100w\" sizes=\"auto, (max-width: 200px) 100vw, 200px\" title=\"\">\t\t\t\t\t<\/div>\n\t\t\t\t<\/div>\n\t\t\t<\/div>\n\t\t\t\t<div class=\"icon-box-text last-reset\">\n\t\t\t\t\t\t\t\t\t\n\n\t<div id=\"text-4106549690\" class=\"text\">\n\t\t\n\n<h3 style=\"text-align: center;\">Assistance d\u00f8gnet rundt<\/h3>\n<p style=\"text-align: center;\">N\u00e5 vores supportteam n\u00e5r som helst, 24\/7, via WhatsApp eller e-mail.<\/p>\n\t\t\n<style>\n#text-4106549690 {\n  font-size: 0.9rem;\n}\n<\/style>\n\t<\/div>\n\t\n\n\t\t<\/div>\n\t<\/div>\n\t\n\t\n\n\t\t<\/div>\n\t\t\t\t\t<\/div>\n\n\t\n\n<\/div>\n<div class=\"row row-full-width align-middle\"  id=\"row-2103330972\">\n\n\n\t<div id=\"col-1440941699\" class=\"col medium-6 small-12 large-6\"  >\n\t\t\t\t<div class=\"col-inner\"  >\n\t\t\t\n\t\t\t\n\n\t<div class=\"img has-hover x md-x lg-x y md-y lg-y\" id=\"image_82278563\">\n\t\t\t\t\t\t\t\t<div class=\"img-inner dark\" >\n\t\t\t<img loading=\"lazy\" decoding=\"async\" width=\"930\" height=\"1024\" src=\"https:\/\/i0.wp.com\/aiviouvapes.com\/wp-content\/uploads\/2024\/08\/%E6%8B%BC%E5%9B%BE.jpg?fit=930%2C1024&amp;ssl=1\" class=\"attachment-large size-large\" alt=\"Hvorfor v\u00e6lge AIVIOUVAPES\" title=\"\">\t\t\t\t\t\t\n\t\t\t\t\t<\/div>\n\t\t\t\t\t\t\t\t\n<style>\n#image_82278563 {\n  width: 100%;\n}\n<\/style>\n\t<\/div>\n\t\n\n\n\t\t<\/div>\n\t\t\t\t\t<\/div>\n\n\t\n\n\t<div id=\"col-1352674596\" class=\"col medium-6 small-12 large-6\"  >\n\t\t\t\t<div class=\"col-inner\"  >\n\t\t\t\n\t\t\t\n\n<div class=\"container section-title-container\" ><h4 class=\"section-title section-title-normal\"><b aria-hidden=\"true\"><\/b><span class=\"section-title-main\" style=\"font-size:91%;\">Vores fordele<\/span><b aria-hidden=\"true\"><\/b><\/h4><\/div>\n\n<div class=\"accordion\">\n\n\t<div id=\"accordion-3276327367\" class=\"accordion-item\">\n\t\t<a id=\"accordion-3276327367-label\" class=\"accordion-title plain\" href=\"#accordion-item-commitment-to-quality\" aria-expanded=\"false\" aria-controls=\"accordion-3276327367-content\">\n\t\t\t<button class=\"toggle\" aria-label=\"Sl\u00e5 til\/fra\"><i class=\"icon-angle-down\" aria-hidden=\"true\"><\/i><\/button>\n\t\t\t<span>Forpligtelse til kvalitet<\/span>\n\t\t<\/a>\n\t\t<div id=\"accordion-3276327367-content\" class=\"accordion-inner\" aria-labelledby=\"accordion-3276327367-label\">\n\t\t\t\n\n<p>P\u00e5 <a href=\"https:\/\/aiviouvapes.com\/da\/\">AiviouVape<\/a>, kvalitet driver alt, hvad vi g\u00f8r. Vores engangsdampe er omhyggeligt udformet og grundigt testet for at opfylde de h\u00f8jeste standarder, hvilket sikrer en j\u00e6vn, p\u00e5lidelig vapingoplevelse hver gang. Med vores forpligtelse til nul defekter og nul klager, kan du stole p\u00e5, at du f\u00e5r det bedste.<\/p>\n\n\t\t<\/div>\n\t<\/div>\n\t\n\t<div id=\"accordion-811587365\" class=\"accordion-item\">\n\t\t<a id=\"accordion-811587365-label\" class=\"accordion-title plain\" href=\"#accordion-item-diverse-range-of-products\" aria-expanded=\"false\" aria-controls=\"accordion-811587365-content\">\n\t\t\t<button class=\"toggle\" aria-label=\"Sl\u00e5 til\/fra\"><i class=\"icon-angle-down\" aria-hidden=\"true\"><\/i><\/button>\n\t\t\t<span>Mangfoldigt udvalg af produkter<\/span>\n\t\t<\/a>\n\t\t<div id=\"accordion-811587365-content\" class=\"accordion-inner\" aria-labelledby=\"accordion-811587365-label\">\n\t\t\t\n\n<p>Vi er stolte af at kunne tilbyde en bred vifte af f\u00f8rsteklasses engangs-dampere, der passer til alle pr\u00e6ferencer. Fra de nyeste innovationer til mange\u00e5rige fanfavoritter indeholder vores udvalg p\u00e5lidelige m\u00e6rker som Waspe, Vapme, RandM Tornado, Bang Box, ELF Box og Bang King. Uanset om du er p\u00e5 udkig efter den dristige smag fra Vapme eller det slanke design fra RandM Tornado, er vores kollektion skabt til at hj\u00e6lpe dig med at finde den perfekte vape, der matcher din smag og livsstil.<\/p>\n\n\n\t\t<\/div>\n\t<\/div>\n\t\n\t<div id=\"accordion-513722640\" class=\"accordion-item\">\n\t\t<a id=\"accordion-513722640-label\" class=\"accordion-title plain\" href=\"#accordion-item-wholesale-and-retail-solutions\" aria-expanded=\"false\" aria-controls=\"accordion-513722640-content\">\n\t\t\t<button class=\"toggle\" aria-label=\"Sl\u00e5 til\/fra\"><i class=\"icon-angle-down\" aria-hidden=\"true\"><\/i><\/button>\n\t\t\t<span>L\u00f8sninger til engros- og detailhandel<\/span>\n\t\t<\/a>\n\t\t<div id=\"accordion-513722640-content\" class=\"accordion-inner\" aria-labelledby=\"accordion-513722640-label\">\n\t\t\t\n\n<p>AiviouVape opfylder kravene fra b\u00e5de detail- og engroskunder og leverer exceptionelle produkter og service hver gang. Hvis du er ny hos os, anbefaler vi at starte med et lille parti for at opleve vores kvalitet p\u00e5 egen h\u00e5nd. Med konkurrencedygtige priser og f\u00f8rsteklasses standarder er vi det betroede valg i engangsdampindustrien.\u00a0<\/p>\n\n\t\t<\/div>\n\t<\/div>\n\t\n\t<div id=\"accordion-1259506047\" class=\"accordion-item\">\n\t\t<a id=\"accordion-1259506047-label\" class=\"accordion-title plain\" href=\"#accordion-item-continuous-improvement\" aria-expanded=\"false\" aria-controls=\"accordion-1259506047-content\">\n\t\t\t<button class=\"toggle\" aria-label=\"Sl\u00e5 til\/fra\"><i class=\"icon-angle-down\" aria-hidden=\"true\"><\/i><\/button>\n\t\t\t<span>Kontinuerlig forbedring<\/span>\n\t\t<\/a>\n\t\t<div id=\"accordion-1259506047-content\" class=\"accordion-inner\" aria-labelledby=\"accordion-1259506047-label\">\n\t\t\t\n\n<p>Det, der adskiller AiviouVape, er vores dedikation til enest\u00e5ende kundeservice. Uanset om du har brug for r\u00e5dgivning f\u00f8r k\u00f8b eller assistance med en ordre, er vores team altid tilg\u00e6ngeligt via WhatsApp eller e-mail. Vi str\u00e6ber efter at opbygge varige relationer med vores kunder, hvilket sikrer din tilfredshed hvert trin p\u00e5 vejen.<\/p>\n\n\t\t<\/div>\n\t<\/div>\n\t\n\t<div id=\"accordion-1898762358\" class=\"accordion-item\">\n\t\t<a id=\"accordion-1898762358-label\" class=\"accordion-title plain\" href=\"#accordion-item-quality-assurance\" aria-expanded=\"false\" aria-controls=\"accordion-1898762358-content\">\n\t\t\t<button class=\"toggle\" aria-label=\"Sl\u00e5 til\/fra\"><i class=\"icon-angle-down\" aria-hidden=\"true\"><\/i><\/button>\n\t\t\t<span>Kvalitetssikring<\/span>\n\t\t<\/a>\n\t\t<div id=\"accordion-1898762358-content\" class=\"accordion-inner\" aria-labelledby=\"accordion-1898762358-label\">\n\t\t\t\n\n<p>P\u00e5 alle stadier \u2013 produktudvikling, produktion, markedsf\u00f8ring og distribution \u2013 vakler vores forpligtelse til kvalitet aldrig. Vores engangsdampe gennemg\u00e5r strenge tests for at sikre, at de er ikke-giftige, rene og leverer enest\u00e5ende smag. Denne dedikation til ekspertise udg\u00f8r rygraden i vores virksomhedskultur.<\/p>\n\n\t\t<\/div>\n\t<\/div>\n\t\n\t<div id=\"accordion-3064051896\" class=\"accordion-item\">\n\t\t<a id=\"accordion-3064051896-label\" class=\"accordion-title plain\" href=\"#accordion-item-efficient-logistics-and-delivery\" aria-expanded=\"false\" aria-controls=\"accordion-3064051896-content\">\n\t\t\t<button class=\"toggle\" aria-label=\"Sl\u00e5 til\/fra\"><i class=\"icon-angle-down\" aria-hidden=\"true\"><\/i><\/button>\n\t\t\t<span>Effektiv logistik og levering<\/span>\n\t\t<\/a>\n\t\t<div id=\"accordion-3064051896-content\" class=\"accordion-inner\" aria-labelledby=\"accordion-3064051896-label\">\n\t\t\t\n\n<p>AiviouVape leverer effektiv logistik og levering, herunder DDP (Delivered Duty Paid)-tjenester, der sikrer problemfri toldbehandling uden gebyrer eller afgifter. Med hurtig levering og enest\u00e5ende kundesupport tilbyder vi en j\u00e6vn og p\u00e5lidelig oplevelse, hvilket g\u00f8r os til en betroet partner i branchen.<\/p>\n\n\t\t<\/div>\n\t<\/div>\n\t\n\t<div id=\"accordion-2842115103\" class=\"accordion-item\">\n\t\t<a id=\"accordion-2842115103-label\" class=\"accordion-title plain\" href=\"#accordion-item-odm-and-oem-services\" aria-expanded=\"false\" aria-controls=\"accordion-2842115103-content\">\n\t\t\t<button class=\"toggle\" aria-label=\"Sl\u00e5 til\/fra\"><i class=\"icon-angle-down\" aria-hidden=\"true\"><\/i><\/button>\n\t\t\t<span>ODM- og OEM-tjenester<\/span>\n\t\t<\/a>\n\t\t<div id=\"accordion-2842115103-content\" class=\"accordion-inner\" aria-labelledby=\"accordion-2842115103-label\">\n\t\t\t\n\n<p>AiviouVapes tilbyder fuld ODM (Original Design Manufacturing) og OEM (Original Equipment Manufacturing) tjenester. Med to store faciliteter hj\u00e6lper vi kunder med at designe unikke produkter og i\u00f8jnefaldende logoer til emballage. Vi tilbyder ogs\u00e5 gratis vejledning i emballagedesign og st\u00f8tter kunder, der pakker deres egne produkter, og sikrer, at deres brand skinner p\u00e5 markedet.<\/p>\n\n\t\t<\/div>\n\t<\/div>\n\t\n\n<\/div>\n\n\t\t<\/div>\n\t\t\t\t\t<\/div>\n\n\t\n\n<\/div>","protected":false},"excerpt":{"rendered":"<p>VAPME Shisha Hookah 15000 Puffs Disposable Vape giver op til 15.000 pust, en kapacitet p\u00e5 25 ml e-v\u00e6ske og j\u00e6vn damp med en 0,6\u03a9 mesh coil. Med 24 sp\u00e6ndende smagsvarianter er den perfekt til dampere, der s\u00f8ger langvarig tilfredshed og variation.<\/p>","protected":false},"featured_media":1215,"comment_status":"open","ping_status":"closed","template":"","meta":[],"product_brand":[233],"product_cat":[20,126,90,117,76,134,135,133,136,137,146,138,139,140,141,142,143,144,145,132,77],"product_tag":[],"class_list":{"0":"post-1214","1":"product","2":"type-product","3":"status-publish","4":"has-post-thumbnail","6":"product_brand-vapme","7":"product_cat-vapme-vapes","8":"product_cat-15000-puffs-disposable-vape","9":"product_cat-big-puffs-vapes","10":"product_cat-different-puffs-of-diposable-vapes","11":"product_cat-disposable-vape-types","12":"product_cat-disposable-vapes-in-austria","13":"product_cat-disposable-vapes-in-belgium","14":"product_cat-disposable-vapes-in-europe","15":"product_cat-disposable-vapes-in-france","16":"product_cat-disposable-vapes-in-germany","17":"product_cat-disposable-vapes-in-hungary","18":"product_cat-disposable-vapes-in-ltaly","19":"product_cat-disposable-vapes-in-netherlands","20":"product_cat-disposable-vapes-in-norway","21":"product_cat-disposable-vapes-in-poland","22":"product_cat-disposable-vapes-in-portugal","23":"product_cat-disposable-vapes-in-spain","24":"product_cat-disposable-vapes-in-sweden","25":"product_cat-disposable-vapes-in-switzerland","26":"product_cat-rechargeable-vapes","27":"product_cat-shisha-hookah-vapes","29":"first","30":"instock","31":"shipping-taxable","32":"purchasable","33":"product-type-variable","34":"has-default-attributes"},"jetpack_sharing_enabled":true,"tiered_pricing_type":"fixed","tiered_pricing_fixed_rules":{"30":7,"50":5.8300000000000000710542735760100185871124267578125,"100":5.19000000000000039079850466805510222911834716796875,"200":4.92999999999999971578290569595992565155029296875,"400":4.46999999999999975131004248396493494510650634765625},"tiered_pricing_product_settings":{"layout":"default","base_unit_name":{"singular":null,"plural":null},"default_variation":null},"tiered_pricing_minimum_quantity":10,"tiered_pricing_roles_data":[],"tiered_pricing_percentage_rules":[],"tiered_pricing_maximum_quantity":null,"tiered_pricing_quantity_step":"10","_links":{"self":[{"href":"https:\/\/aiviouvapes.com\/da\/wp-json\/wp\/v2\/product\/1214","targetHints":{"allow":["GET"]}}],"collection":[{"href":"https:\/\/aiviouvapes.com\/da\/wp-json\/wp\/v2\/product"}],"about":[{"href":"https:\/\/aiviouvapes.com\/da\/wp-json\/wp\/v2\/types\/product"}],"replies":[{"embeddable":true,"href":"https:\/\/aiviouvapes.com\/da\/wp-json\/wp\/v2\/comments?post=1214"}],"wp:featuredmedia":[{"embeddable":true,"href":"https:\/\/aiviouvapes.com\/da\/wp-json\/wp\/v2\/media\/1215"}],"wp:attachment":[{"href":"https:\/\/aiviouvapes.com\/da\/wp-json\/wp\/v2\/media?parent=1214"}],"wp:term":[{"taxonomy":"product_brand","embeddable":true,"href":"https:\/\/aiviouvapes.com\/da\/wp-json\/wp\/v2\/product_brand?post=1214"},{"taxonomy":"product_cat","embeddable":true,"href":"https:\/\/aiviouvapes.com\/da\/wp-json\/wp\/v2\/product_cat?post=1214"},{"taxonomy":"product_tag","embeddable":true,"href":"https:\/\/aiviouvapes.com\/da\/wp-json\/wp\/v2\/product_tag?post=1214"}],"curies":[{"name":"wp","href":"https:\/\/api.w.org\/{rel}","templated":true}]}}