{"id":114623,"date":"2026-03-12T11:10:04","date_gmt":"2026-03-12T03:10:04","guid":{"rendered":"https:\/\/aiviouvapes.com\/?post_type=product&#038;p=114623"},"modified":"2026-04-24T12:53:41","modified_gmt":"2026-04-24T04:53:41","slug":"waspe-bar-60k","status":"publish","type":"product","link":"https:\/\/aiviouvapes.com\/da\/product\/waspe-bar-60k\/","title":{"rendered":"WASPE Bar 60K | 60000 pust, langtidsholdbar, 16 smagsvarianter, bulk engangs vape"},"content":{"rendered":"<p><img data-recalc-dims=\"1\" loading=\"lazy\" decoding=\"async\" class=\"alignnone size-full wp-image-114648\" src=\"https:\/\/i0.wp.com\/aiviouvapes.com\/wp-content\/uploads\/2026\/03\/WASPE-Bar-60K-Puffs-25.jpg?resize=1020%2C1192&#038;ssl=1\" alt=\"WASPE Bar 60K Puffs\" width=\"1020\" height=\"1192\" title=\"\" srcset=\"https:\/\/i0.wp.com\/aiviouvapes.com\/wp-content\/uploads\/2026\/03\/WASPE-Bar-60K-Puffs-25.jpg?w=1643&amp;ssl=1 1643w, https:\/\/i0.wp.com\/aiviouvapes.com\/wp-content\/uploads\/2026\/03\/WASPE-Bar-60K-Puffs-25.jpg?resize=257%2C300&amp;ssl=1 257w, https:\/\/i0.wp.com\/aiviouvapes.com\/wp-content\/uploads\/2026\/03\/WASPE-Bar-60K-Puffs-25.jpg?resize=876%2C1024&amp;ssl=1 876w, https:\/\/i0.wp.com\/aiviouvapes.com\/wp-content\/uploads\/2026\/03\/WASPE-Bar-60K-Puffs-25.jpg?resize=768%2C897&amp;ssl=1 768w, https:\/\/i0.wp.com\/aiviouvapes.com\/wp-content\/uploads\/2026\/03\/WASPE-Bar-60K-Puffs-25.jpg?resize=1314%2C1536&amp;ssl=1 1314w, https:\/\/i0.wp.com\/aiviouvapes.com\/wp-content\/uploads\/2026\/03\/WASPE-Bar-60K-Puffs-25.jpg?resize=10%2C12&amp;ssl=1 10w, https:\/\/i0.wp.com\/aiviouvapes.com\/wp-content\/uploads\/2026\/03\/WASPE-Bar-60K-Puffs-25.jpg?resize=800%2C935&amp;ssl=1 800w\" sizes=\"auto, (max-width: 1020px) 100vw, 1020px\" \/><\/p>\n<h3>Hvorfor v\u00e6lge WASPE Bar 60K?<\/h3>\n<ul>\n<li>\ud83d\udca8 <strong>Op til 60000 pust<\/strong> for langvarig brug og bedre v\u00e6rdi<\/li>\n<li>\ud83c\udf53 <strong>16 popul\u00e6re frugt- og issmage<\/strong> for at matche forskellige kunders smag<\/li>\n<li>\ud83e\uddca Glat og behagelig smagsoplevelse til daglig dampning<\/li>\n<li>\ud83d\udd0b Designet til storforbrugere, der \u00f8nsker en engangsenhed til lang tids brug<\/li>\n<li>\ud83c\udf0d F\u00e5s i <strong>0%, 2% og 5% nikotin<\/strong> til forskellige markedsbehov<\/li>\n<li>\ud83d\udce6 <strong>160 stk. pr. karton<\/strong> og <strong>10 stk. pr. \u00e6ske<\/strong>, ideel til engrosordrer<\/li>\n<li>\ud83c\udfea Perfekt til vape-butikker, distribut\u00f8rer, import\u00f8rer og online vape-s\u00e6lgere<\/li>\n<li>\ud83d\ude80 St\u00e6rkt high-puff-produkt til opbygning af en attraktiv engangs vape-serie<\/li>\n<\/ul>\n<h3>WASPE Bar 60K engangs-vape-detaljer<\/h3>\n<p>Den <strong>WASPE Bar 60K Puffs til engangsbrug<\/strong> er en enhed med h\u00f8j kapacitet, der er bygget til kunder, som vil have flere pust, mere smag og mere bekvemmelighed i \u00e9t produkt. Det er en god mulighed for markeder, der kr\u00e6ver langtidsholdbare engangs-dampere med i\u00f8jnefaldende smagsvalg og fleksible nikotinstyrker.<\/p>\n<p>For B2B-k\u00f8bere er WASPE Bar 60K et nemt produkt at tilf\u00f8je til et engroskatalog. Kapaciteten p\u00e5 60000 pust hj\u00e6lper den med at skille sig ud p\u00e5 det konkurrencepr\u00e6gede marked for engangsdampere, mens smagsudvalget omfatter frugtagtige, iskolde, s\u00f8de og blandede profiler, der er popul\u00e6re hos mange forbrugere. Det g\u00f8r det nemmere for distribut\u00f8rer og dampbutikker at n\u00e5 ud til b\u00e5de hverdagsbrugere og kunder, der er p\u00e5 udkig efter en ny, fed smagsoplevelse. \u2728<\/p>\n<h3>Specifikationer for WASPE Bar 60K<\/h3>\n<table>\n<tbody>\n<tr>\n<th>Produktets navn<\/th>\n<td>WASPE Bar 60K Puffs<\/td>\n<\/tr>\n<tr>\n<th>Enhedstype<\/th>\n<td>Vape-enhed til engangsbrug<\/td>\n<\/tr>\n<tr>\n<th>Antal pust<\/th>\n<td>60000 Puffs<\/td>\n<\/tr>\n<tr>\n<th>Nikotinstyrke<\/th>\n<td>0% \/ 2% \/ 5%<\/td>\n<\/tr>\n<tr>\n<th>Smagsmuligheder<\/th>\n<td>16 smagsvarianter<\/td>\n<\/tr>\n<tr>\n<th>Pakning<\/th>\n<td>10 stk\/\u00e6ske<\/td>\n<\/tr>\n<tr>\n<th>Antal kartoner<\/th>\n<td>160stk\/ctn<\/td>\n<\/tr>\n<tr>\n<th>Bruttov\u00e6gt<\/th>\n<td>20,8 kg<\/td>\n<\/tr>\n<tr>\n<th>M\u00e5lgruppe for k\u00f8bere<\/th>\n<td>Grossister, distribut\u00f8rer, vape-butikker, detailhandlere<\/td>\n<\/tr>\n<\/tbody>\n<\/table>\n<h3>WASPE Bar 60K smagsvarianter \ud83c\udf4d\ud83c\udf47\ud83c\udf49<\/h3>\n<p><strong>Vandmelon-is<\/strong> - En saftig vandmelonsmag med en k\u00f8lig, iskold finish, frisk og nem at nyde.<\/p>\n<p><strong>Bl\u00e5b\u00e6r-is<\/strong> - S\u00f8d bl\u00e5b\u00e6rsmag blandet med et spr\u00f8dt, k\u00f8lende touch.<\/p>\n<p><strong>Drue-is<\/strong> - Fyldig drues\u00f8dme med en forfriskende isnote.<\/p>\n<p><strong>Citron Lime<\/strong> - Lys citrussmag med en syrlig og livlig smag.<\/p>\n<p><strong>Jordb\u00e6r og banan<\/strong> - En bl\u00f8d og s\u00f8d frugtblanding, der er elsket af mange dampbrugere.<\/p>\n<p><strong>Blandede b\u00e6r<\/strong> - En fed b\u00e6rblanding med lagdelte s\u00f8de og syrlige noter.<\/p>\n<p><strong>Red Bull Is<\/strong> - En energidrik-inspireret smag med en k\u00f8lig finish for et st\u00e6rkere smagskick.<\/p>\n<p><strong>Kiwi vandmelon<\/strong> - En afbalanceret blanding af saftig vandmelon og syrlig kiwi.<\/p>\n<p><strong>Jordb\u00e6r og vandmelon<\/strong> - En s\u00f8d og forfriskende frugtkombination med bred kundeappel.<\/p>\n<p><strong>Bl\u00e5b\u00e6r hindb\u00e6r kirseb\u00e6r<\/strong> - En rig tredobbelt b\u00e6rprofil med dyb s\u00f8dme og frugtagtig kompleksitet.<\/p>\n<p><strong>Bromb\u00e6r Solb\u00e6r<\/strong> - M\u00f8rk b\u00e6rsmag med en fed og let syrlig finish.<\/p>\n<p><strong>Jordb\u00e6r Black Dragon Ice<\/strong> - En s\u00e6rlig frugtblanding med s\u00f8de jordb\u00e6r og et k\u00f8ligt eksotisk twist.<\/p>\n<p><strong>Jordb\u00e6r Kiwi<\/strong> - En klassisk frugtkombination med s\u00f8d og syrlig balance.<\/p>\n<p><strong>Bl\u00e5 kirseb\u00e6r-cola<\/strong> - En sjov og unik blanding af b\u00e6r, kirseb\u00e6r og cola-inspireret smag.<\/p>\n<p><strong>Kiwi melon is<\/strong> - En frisk melonblanding med kiwi og iskold bl\u00f8dhed.<\/p>\n<p><strong>Fersken Mango Ananas<\/strong> - En tropisk frugtblanding fuld af s\u00f8d, saftig og solrig smag. \ud83c\udf34<\/p>\n<p><img data-recalc-dims=\"1\" loading=\"lazy\" decoding=\"async\" class=\"alignnone size-full wp-image-114647\" src=\"https:\/\/i0.wp.com\/aiviouvapes.com\/wp-content\/uploads\/2026\/03\/WASPE-Bar-60K-Puffs-24.jpg?resize=1020%2C574&#038;ssl=1\" alt=\"WASPE Bar 60K Puffs\" width=\"1020\" height=\"574\" title=\"\" srcset=\"https:\/\/i0.wp.com\/aiviouvapes.com\/wp-content\/uploads\/2026\/03\/WASPE-Bar-60K-Puffs-24.jpg?w=1920&amp;ssl=1 1920w, https:\/\/i0.wp.com\/aiviouvapes.com\/wp-content\/uploads\/2026\/03\/WASPE-Bar-60K-Puffs-24.jpg?resize=300%2C169&amp;ssl=1 300w, https:\/\/i0.wp.com\/aiviouvapes.com\/wp-content\/uploads\/2026\/03\/WASPE-Bar-60K-Puffs-24.jpg?resize=1024%2C576&amp;ssl=1 1024w, https:\/\/i0.wp.com\/aiviouvapes.com\/wp-content\/uploads\/2026\/03\/WASPE-Bar-60K-Puffs-24.jpg?resize=768%2C432&amp;ssl=1 768w, https:\/\/i0.wp.com\/aiviouvapes.com\/wp-content\/uploads\/2026\/03\/WASPE-Bar-60K-Puffs-24.jpg?resize=1536%2C864&amp;ssl=1 1536w, https:\/\/i0.wp.com\/aiviouvapes.com\/wp-content\/uploads\/2026\/03\/WASPE-Bar-60K-Puffs-24.jpg?resize=18%2C10&amp;ssl=1 18w, https:\/\/i0.wp.com\/aiviouvapes.com\/wp-content\/uploads\/2026\/03\/WASPE-Bar-60K-Puffs-24.jpg?resize=800%2C450&amp;ssl=1 800w\" sizes=\"auto, (max-width: 1020px) 100vw, 1020px\" \/> <img data-recalc-dims=\"1\" loading=\"lazy\" decoding=\"async\" class=\"alignnone size-full wp-image-114646\" src=\"https:\/\/i0.wp.com\/aiviouvapes.com\/wp-content\/uploads\/2026\/03\/WASPE-Bar-60K-Puffs-23.jpg?resize=1020%2C574&#038;ssl=1\" alt=\"WASPE Bar 60K Puffs\" width=\"1020\" height=\"574\" title=\"\" srcset=\"https:\/\/i0.wp.com\/aiviouvapes.com\/wp-content\/uploads\/2026\/03\/WASPE-Bar-60K-Puffs-23.jpg?w=1920&amp;ssl=1 1920w, https:\/\/i0.wp.com\/aiviouvapes.com\/wp-content\/uploads\/2026\/03\/WASPE-Bar-60K-Puffs-23.jpg?resize=300%2C169&amp;ssl=1 300w, https:\/\/i0.wp.com\/aiviouvapes.com\/wp-content\/uploads\/2026\/03\/WASPE-Bar-60K-Puffs-23.jpg?resize=1024%2C576&amp;ssl=1 1024w, https:\/\/i0.wp.com\/aiviouvapes.com\/wp-content\/uploads\/2026\/03\/WASPE-Bar-60K-Puffs-23.jpg?resize=768%2C432&amp;ssl=1 768w, https:\/\/i0.wp.com\/aiviouvapes.com\/wp-content\/uploads\/2026\/03\/WASPE-Bar-60K-Puffs-23.jpg?resize=1536%2C864&amp;ssl=1 1536w, https:\/\/i0.wp.com\/aiviouvapes.com\/wp-content\/uploads\/2026\/03\/WASPE-Bar-60K-Puffs-23.jpg?resize=18%2C10&amp;ssl=1 18w, https:\/\/i0.wp.com\/aiviouvapes.com\/wp-content\/uploads\/2026\/03\/WASPE-Bar-60K-Puffs-23.jpg?resize=800%2C450&amp;ssl=1 800w\" sizes=\"auto, (max-width: 1020px) 100vw, 1020px\" \/><\/p>\n<h3>Ofte stillede sp\u00f8rgsm\u00e5l om WASPE Bar 60K \u2753.<\/h3>\n<h4>1. Hvor mange pust giver WASPE Bar 60K?<\/h4>\n<p>WASPE Bar 60K tilbyder op til <strong>60000 pust<\/strong>, hvilket g\u00f8r den til et godt valg for brugere, der vil have en langtidsholdbar engangsdamp.<\/p>\n<h4>2. Hvilke nikotinstyrker er tilg\u00e6ngelige?<\/h4>\n<p>Denne enhed er tilg\u00e6ngelig i <strong>0%, 2% og 5% nikotin<\/strong>, s\u00e5 den kan passe til forskellige kundepr\u00e6ferencer og markedskrav.<\/p>\n<h4>3. Hvor mange smagsvarianter har denne model?<\/h4>\n<p>WASPE Bar 60K kommer i <strong>16 smagsmuligheder<\/strong>, herunder frugt, is, b\u00e6r, tropiske og drink-inspirerede smage.<\/p>\n<h4>4. Er WASPE Bar 60K god til engroshandel?<\/h4>\n<p>Ja. Med <strong>10 stk. pr. \u00e6ske<\/strong> og <strong>160 stk. pr. karton<\/strong>, Det er meget velegnet til grossister, distribut\u00f8rer og vape-butikker, der er p\u00e5 udkig efter en masse engangs vape-forsyning.<\/p>\n<h4>5. Hvem er dette produkt bedst til?<\/h4>\n<p>Dette produkt er ideelt til storforbrugere, smagselskere, engangsforhandlere og B2B-k\u00f8bere, der \u00f8nsker en model med h\u00f8jt puf og stort salgspotentiale.<\/p>\n<h4>6. Hvorfor er WASPE Bar 60K attraktiv for vape-butikker?<\/h4>\n<p>Den kombinerer et meget h\u00f8jt antal pust, fleksible nikotinvalg og popul\u00e6re smagsvarianter i \u00e9n enhed, hvilket hj\u00e6lper vape-butikker med at tilbyde et mere konkurrencedygtigt og attraktivt produktudvalg.<\/p>\n<h3>WASPE Bar 60K oversigt<\/h3>\n<p><strong>WASPE Bar 60K engangs-vape<\/strong> er en st\u00e6rk mulighed for <strong>storforbrugere<\/strong> der \u00f8nsker l\u00e6ngere brug, for <strong>smagsj\u00e6gere<\/strong> der nyder frugtagtige og iskolde blandinger, og for <strong>Vape-butikker og engrosdistribut\u00f8rer<\/strong> der er p\u00e5 udkig efter et meget efterspurgt engangsprodukt. Med op til 60000 pust, fleksible nikotinniveauer og engros-klar emballage er denne model bygget til at underst\u00f8tte b\u00e5de succes i detailhandlen og v\u00e6kst i bulkdistribution. \ud83d\udcc8<\/p>","protected":false},"excerpt":{"rendered":"<p>Nyd den kraftfulde <strong>WASPE Bar 60K engangs-vape<\/strong> med op til <strong>60000 pust<\/strong>, fyldig frugt- og issmag og fleksibel <strong>0% \/ 2% \/ 5% nikotin<\/strong> muligheder. Et smart valg for vape-grossister, distribut\u00f8rer og tunge brugere, der leder efter en engangs vape med h\u00f8jt pust og st\u00e6rk markedsappel. \ud83d\ude80<\/p>","protected":false},"featured_media":114657,"comment_status":"open","ping_status":"closed","template":"","meta":[],"product_brand":[227],"product_cat":[19,242],"product_tag":[],"class_list":{"0":"post-114623","1":"product","2":"type-product","3":"status-publish","4":"has-post-thumbnail","6":"product_brand-waspe","7":"product_cat-waspe","8":"product_cat-60000-puffs-disposable-vape","10":"first","11":"instock","12":"shipping-taxable","13":"purchasable","14":"product-type-variable","15":"has-default-attributes"},"jetpack_sharing_enabled":true,"tiered_pricing_type":"fixed","tiered_pricing_fixed_rules":{"30":7.86000000000000031974423109204508364200592041015625,"50":6.5999999999999996447286321199499070644378662109375,"100":6.339999999999999857891452847979962825775146484375,"200":6.20999999999999996447286321199499070644378662109375,"400":5.75},"tiered_pricing_product_settings":{"layout":"default","base_unit_name":{"singular":null,"plural":null},"default_variation":null},"tiered_pricing_minimum_quantity":10,"tiered_pricing_roles_data":[],"tiered_pricing_percentage_rules":[],"tiered_pricing_maximum_quantity":null,"tiered_pricing_quantity_step":"10","_links":{"self":[{"href":"https:\/\/aiviouvapes.com\/da\/wp-json\/wp\/v2\/product\/114623","targetHints":{"allow":["GET"]}}],"collection":[{"href":"https:\/\/aiviouvapes.com\/da\/wp-json\/wp\/v2\/product"}],"about":[{"href":"https:\/\/aiviouvapes.com\/da\/wp-json\/wp\/v2\/types\/product"}],"replies":[{"embeddable":true,"href":"https:\/\/aiviouvapes.com\/da\/wp-json\/wp\/v2\/comments?post=114623"}],"wp:featuredmedia":[{"embeddable":true,"href":"https:\/\/aiviouvapes.com\/da\/wp-json\/wp\/v2\/media\/114657"}],"wp:attachment":[{"href":"https:\/\/aiviouvapes.com\/da\/wp-json\/wp\/v2\/media?parent=114623"}],"wp:term":[{"taxonomy":"product_brand","embeddable":true,"href":"https:\/\/aiviouvapes.com\/da\/wp-json\/wp\/v2\/product_brand?post=114623"},{"taxonomy":"product_cat","embeddable":true,"href":"https:\/\/aiviouvapes.com\/da\/wp-json\/wp\/v2\/product_cat?post=114623"},{"taxonomy":"product_tag","embeddable":true,"href":"https:\/\/aiviouvapes.com\/da\/wp-json\/wp\/v2\/product_tag?post=114623"}],"curies":[{"name":"wp","href":"https:\/\/api.w.org\/{rel}","templated":true}]}}