{"id":111650,"date":"2026-02-28T10:30:51","date_gmt":"2026-02-28T02:30:51","guid":{"rendered":"https:\/\/aiviouvapes.com\/?post_type=product&#038;p=111650"},"modified":"2026-04-07T09:59:22","modified_gmt":"2026-04-07T01:59:22","slug":"bang-king-200k","status":"publish","type":"product","link":"https:\/\/aiviouvapes.com\/da\/product\/bang-king-200k\/","title":{"rendered":"Bang King 200K | 8-i-1 200000 pust, quad tank, 8 smagsvarianter, h\u00f8j kapacitet, bulk engangs vape"},"content":{"rendered":"<h2>Bang King 200K | 8-i-1 200000 puffs mega kapacitet quad coil engangs vape<\/h2>\n<h3>\ud83d\udd25 Bang King 200K 8-i-1 engangs vape - massive puffs, massive smagsoplevelser<\/h3>\n<p>Den <strong>Bang King 200K 8-i-1 engangs vape<\/strong> er bygget til seri\u00f8s performance. Med en utrolig <strong>200000 pusts kapacitet<\/strong>, med fire 16 ml e-v\u00e6sketanke og 1,0\u03a9 coils er denne enhed designet til langvarig smag og st\u00e6rk dampproduktion. \ud83d\udca8<\/p>\n<p>Uanset om du er ejer af en vape-butik, distribut\u00f8r eller en storforbruger, der \u00f8nsker l\u00e6ngere damptid, tilbyder Bang King 200K kraft, smagsvariation og fremragende engrosv\u00e6rdi i en f\u00f8rsteklasses enhed.<\/p>\n<h3>\u2705 Hvorfor v\u00e6lge Bang King 200K?<\/h3>\n<ul>\n<li>\ud83d\udd25 Op til 200000 pust - Engangsdamp med ultrah\u00f8j kapacitet til langvarig brug<\/li>\n<li>\ud83c\udfaf 8-i-1-smagsskift - flere smagskombinationer i \u00e9n enhed<\/li>\n<li>\ud83d\udca7 16 ml x 4 e-v\u00e6ske-tanke - i alt 64 ml massiv juicekapacitet<\/li>\n<li>\u26a1 650mAh indbygget batteri - Stabilt output og j\u00e6vn ydelse<\/li>\n<li>\ud83c\udf00 1.0\u03a9 Quad Coil System - St\u00e6rk smag, glat halshit<\/li>\n<li>\ud83d\udce6 Bulk-venlig emballage - designet til engroshandel og distribution<\/li>\n<li>\ud83d\udcbc H\u00f8j profitmargin - Ideel til vape-distribut\u00f8rer og B2B-k\u00f8bere<\/li>\n<\/ul>\n<h3>\ud83d\udcca Bang King 200K Specifikationer<\/h3>\n<table>\n<tbody>\n<tr>\n<td><strong>Antal pust<\/strong><\/td>\n<td>Op til 200000 pust<\/td>\n<\/tr>\n<tr>\n<td><strong>E-v\u00e6ske-kapacitet<\/strong><\/td>\n<td>16 ml x 4 (i alt 64 ml)<\/td>\n<\/tr>\n<tr>\n<td><strong>Batteri<\/strong><\/td>\n<td>650 mAh indbygget batteri<\/td>\n<\/tr>\n<tr>\n<td><strong>Spolemodstand<\/strong><\/td>\n<td>1,0\u03a9 x 4<\/td>\n<\/tr>\n<tr>\n<td><strong>Enhedens v\u00e6gt<\/strong><\/td>\n<td>150 g (enkelt enhed)<\/td>\n<\/tr>\n<tr>\n<td><strong>\u00c6skest\u00f8rrelse (6 stk.)<\/strong><\/td>\n<td>137 \u00d7 91 \u00d7 127,5 mm<\/td>\n<\/tr>\n<tr>\n<td><strong>Kartonst\u00f8rrelse<\/strong><\/td>\n<td>57 \u00d7 48 \u00d7 15 cm<\/td>\n<\/tr>\n<tr>\n<td><strong>Kartonv\u00e6gt<\/strong><\/td>\n<td>120 stk \/ 20 kg<\/td>\n<\/tr>\n<\/tbody>\n<\/table>\n<h3>\ud83c\udf53 Smagskombinationer - 8-i-1 smagsoplevelse<\/h3>\n<p><strong>Bl\u00e5 Hindb\u00e6r-is \/ Fersken-is \/ Drue-is \/ Mango-is<\/strong> - K\u00f8lig frugtagtig blanding med forfriskende isfinish \u2744\ufe0f<\/p>\n<p><strong>Fersken Mango Vandmelon \/ Red Bull \/ Jordb\u00e6r Red Bull \/ Jordb\u00e6r Kiwi<\/strong> - S\u00f8d energidrik med tropiske frugter \u26a1<\/p>\n<p><strong>Jordb\u00e6r Mango \/ Jordb\u00e6r Is \/ Banan Is \/ Jordb\u00e6r Lychee<\/strong> - Cremet og frugtagtig dessertkollektion \ud83c\udf68<\/p>\n<p><strong>Dobbelt \u00c6ble \/ Mango Fersken \/ Jordb\u00e6r Vandmelon \/ Jordb\u00e6r Vanilje Cola<\/strong> - Klassiske frugter med et twist af sodavand \ud83e\udd64<\/p>\n<p><strong>Sort Drage-is \/ K\u00e6rlighed 66 \/ Hr. Bl\u00e5 \/ Jordb\u00e6r Limonade<\/strong> - Premium blanding af b\u00e6r og citrus \ud83c\udf4b<\/p>\n<p><strong>Kiwi passionsfrugt guava \/ vingummibamse \/ regnbueslik \/ candyfloss<\/strong> - Eksotisk og slikagtig s\u00f8dme \ud83c\udf6c<\/p>\n<p><strong>Vandmelon-is \/ Citron &amp; Mynte \/ Jordb\u00e6r-is \/ Bl\u00e5 Hindb\u00e6r Kirseb\u00e6r<\/strong> - Frisk og k\u00f8lende smag hele dagen \ud83c\udf3f<\/p>\n<p><strong>Tredobbelt B\u00e6r \/ Tropisk Frugt \/ Jordb\u00e6r Banan \/ Pink Limonade<\/strong> - Balanceret s\u00f8d og sur frugtblanding \ud83c\udf53<\/p>\n<p><strong>Tredobbelt Melon \/ Bl\u00e5b\u00e6r-is \/ Kirseb\u00e6rbombe \/ Ananas Kokos<\/strong> - Fed tropisk og b\u00e6rfusion \ud83c\udf34<\/p>\n<p><strong>Vandmelon Tyggegummi \/ Bl\u00e5b\u00e6r Hindb\u00e6r \/ Hindb\u00e6r Vandmelon \/ Vandmelon Bl\u00e5b\u00e6r<\/strong> - S\u00f8d, saftig b\u00e6r-eksplosion \ud83d\udca5<\/p>\n<p><strong>Kold Mynte \/ Fersken Kirseb\u00e6r \/ Fersken B\u00e6r Citron \/ Kiwi Vandmelon-is<\/strong> - Forfriskende og let k\u00f8lende hits \u2744\ufe0f<\/p>\n<p><strong>Brusende Citron &amp; Lime \/ \u00c6ble-Mojito \/ Ananas-is \/ Cola-is<\/strong> - Sprudlende sodavand og iskold citruskollektion \ud83e\uddca<\/p>\n<h3>\ud83d\ude80 Perfekt til storforbrugere og engrosk\u00f8bere<\/h3>\n<p>Bang King 200K engangsvape er ideel til <strong>tunge dampere<\/strong> der \u00f8nsker langvarig ydelse uden hyppig udskiftning. Den er ogs\u00e5 perfekt til <strong>smagsj\u00e6gere<\/strong> der nyder at skifte mellem flere smage i \u00e9n enhed.<\/p>\n<p>For <strong>Vape-butikker, distribut\u00f8rer og engrosk\u00f8bere<\/strong>, denne h\u00f8jkapacitets engangsdamper tilbyder st\u00e6rk markedseftersp\u00f8rgsel, attraktive marginer og effektiv bulkpakning. Et st\u00e6rkt valg til at udvide din engangsvape produktlinje.<\/p>\n<h3>\u2753 FAQ - Bang King 200K engangs-vape<\/h3>\n<p><strong>Q1: Er Bang King 200K genopladelig?<\/strong><br \/>\nA: Enheden har et indbygget batteri p\u00e5 650 mAh, der er designet til at underst\u00f8tte l\u00e6ngere tids brug p\u00e5 grund af den h\u00f8je kapacitet.<\/p>\n<p><strong>Sp\u00f8rgsm\u00e5l 2: Hvor mange smagsvarianter er der i en enhed?<\/strong><br \/>\nA: Hver enhed har et 8-i-1-smagssystem, der giver brugerne mulighed for at nyde flere smagskombinationer i \u00e9n vape.<\/p>\n<p><strong>Q3: Er dette produkt egnet til engrosordrer?<\/strong><br \/>\nA: Ja. Bang King 200K er pakket til bulkdistribution med 120 stk. pr. karton, hvilket g\u00f8r den ideel til B2B-indk\u00f8bere og -distribut\u00f8rer.<\/p>\n<p><strong>Q4: Hvem er denne enhed bedst til?<\/strong><br \/>\nA: Den er velegnet til tunge brugere, dampere med lange sessioner, smagselskere, dampforhandlere og engrosdistribut\u00f8rer, der er p\u00e5 udkig efter engangsenheder med h\u00f8j kapacitet.<\/p>\n<p><strong>Q5: Hvad adskiller den fra almindelige engangs-dampere?<\/strong><br \/>\nA: Dens ultrah\u00f8je antal pust, fire e-v\u00e6sketanke og 8-i-1-smagsskiftesystem g\u00f8r, at den skiller sig ud p\u00e5 markedet for engangsdampere med h\u00f8j kapacitet.<\/p>","protected":false},"excerpt":{"rendered":"<p>Bang King 200K 8-i-1 engangsdamper leverer op til 200000 pust med fire 16 ml tanke, 650 mAh batteri og 1,0\u03a9 mesh coils. Perfekt engangsdamp med h\u00f8j kapacitet til distribut\u00f8rer og storforbrugere.<\/p>","protected":false},"featured_media":111677,"comment_status":"open","ping_status":"closed","template":"","meta":[],"product_brand":[239],"product_cat":[37,336],"product_tag":[519,500,463,478,520],"class_list":{"0":"post-111650","1":"product","2":"type-product","3":"status-publish","4":"has-post-thumbnail","6":"product_brand-bang","7":"product_cat-bang","8":"product_cat-100k-puffs-disposable-vape","9":"product_tag-200k-disposable-vape","10":"product_tag-8-in-1-disposable-vape","11":"product_tag-bulk-disposable-vape-wholesale","12":"product_tag-high-puff-disposable-vape","13":"product_tag-quad-tank-vape-device","15":"first","16":"instock","17":"shipping-taxable","18":"purchasable","19":"product-type-variable","20":"has-default-attributes"},"jetpack_sharing_enabled":true,"tiered_pricing_type":"fixed","tiered_pricing_fixed_rules":{"30":9.589999999999999857891452847979962825775146484375,"50":8.1699999999999999289457264239899814128875732421875,"100":7.519999999999999573674358543939888477325439453125,"200":6.9900000000000002131628207280300557613372802734375,"400":6.480000000000000426325641456060111522674560546875},"tiered_pricing_product_settings":{"layout":"default","base_unit_name":{"singular":null,"plural":null},"default_variation":null},"tiered_pricing_minimum_quantity":10,"tiered_pricing_roles_data":[],"tiered_pricing_percentage_rules":[],"tiered_pricing_maximum_quantity":null,"tiered_pricing_quantity_step":"10","_links":{"self":[{"href":"https:\/\/aiviouvapes.com\/da\/wp-json\/wp\/v2\/product\/111650","targetHints":{"allow":["GET"]}}],"collection":[{"href":"https:\/\/aiviouvapes.com\/da\/wp-json\/wp\/v2\/product"}],"about":[{"href":"https:\/\/aiviouvapes.com\/da\/wp-json\/wp\/v2\/types\/product"}],"replies":[{"embeddable":true,"href":"https:\/\/aiviouvapes.com\/da\/wp-json\/wp\/v2\/comments?post=111650"}],"wp:featuredmedia":[{"embeddable":true,"href":"https:\/\/aiviouvapes.com\/da\/wp-json\/wp\/v2\/media\/111677"}],"wp:attachment":[{"href":"https:\/\/aiviouvapes.com\/da\/wp-json\/wp\/v2\/media?parent=111650"}],"wp:term":[{"taxonomy":"product_brand","embeddable":true,"href":"https:\/\/aiviouvapes.com\/da\/wp-json\/wp\/v2\/product_brand?post=111650"},{"taxonomy":"product_cat","embeddable":true,"href":"https:\/\/aiviouvapes.com\/da\/wp-json\/wp\/v2\/product_cat?post=111650"},{"taxonomy":"product_tag","embeddable":true,"href":"https:\/\/aiviouvapes.com\/da\/wp-json\/wp\/v2\/product_tag?post=111650"}],"curies":[{"name":"wp","href":"https:\/\/api.w.org\/{rel}","templated":true}]}}