{"id":111052,"date":"2026-02-27T00:02:11","date_gmt":"2026-02-26T16:02:11","guid":{"rendered":"https:\/\/aiviouvapes.com\/?post_type=product&#038;p=111052"},"modified":"2026-03-17T11:19:06","modified_gmt":"2026-03-17T03:19:06","slug":"fihp-90k","status":"publish","type":"product","link":"https:\/\/aiviouvapes.com\/da\/product\/fihp-90k\/","title":{"rendered":"FIHP 90K 3-i-1 | 90.000 pust, 42 ml, tredobbelt smag, LED-sk\u00e6rm, engangsvape"},"content":{"rendered":"<p><!-- Short SEO Description --><\/p>\n<h2>FIHP 90000 3-i-1 90.000 pust | tredobbelt smag LED-sk\u00e6rm genopladelig engangs vape<\/h2>\n<p>\ud83d\udd25 <strong>Tredobbelt smagskraft. Massiv 90K-ydelse. Smart LED-kontrol.<\/strong> \ud83d\udd25<\/p>\n<p><strong>FIHP 90000 90K puffs engangs vape<\/strong> er udviklet til seri\u00f8se dampere, der kr\u00e6ver ekstrem lang levetid, fed smagsafgivelse og smart brugervenlighed. Med en innovativ <strong>3-i-1 tredobbelt smagssystem<\/strong>, Denne enhed integrerer tre f\u00f8rsteklasses smagsvarianter i en kraftfuld enhed med en massiv <strong>42 ml e-v\u00e6ske-kapacitet<\/strong>.<\/p>\n<p>Den er designet til storforbrugere og engrosmarkeder og leverer op til <strong>90.000 pust<\/strong> samtidig med at der opretholdes en j\u00e6vn, ensartet damp fra f\u00f8rste til sidste tr\u00e6k. Udstyret med en <strong>0,9\u03a9 dobbelt mesh-spole<\/strong> og <strong>650 mAh genopladeligt batteri<\/strong> med Type-C-hurtigopladning sikrer denne avancerede engangsmaskine t\u00e6tte skyer og overlegen smagsklarhed hver gang.<\/p>\n<h3>FIHP 90K oversigt og funktioner<\/h3>\n<p>- Op til 90.000 pust med ultralang ydeevne<br \/>\n- 3-i-1 Triple Flavor System (42 ml samlet kapacitet)<br \/>\n- 0,9\u03a9 Dual Mesh Coil for forbedret dampt\u00e6thed<br \/>\n- 650 mAh genopladeligt batteri<br \/>\n- Underst\u00f8ttelse af hurtig opladning med Type-C<br \/>\n- Smart LED-sk\u00e6rm med batteriprocent i realtid<br \/>\n- F\u00e5s i nikotinstyrkerne 2% &amp; 5%<br \/>\n- 10 f\u00f8rsteklasses smagskombinationer<br \/>\n- 10 stk. pr. \u00e6ske - engrosvenlig emballage<\/p>\n<h3>FIHP 90K specifikationer<\/h3>\n<table>\n<tbody>\n<tr>\n<th>Funktion<\/th>\n<th>Detaljer<\/th>\n<\/tr>\n<tr>\n<td>Antal pust<\/td>\n<td>Op til 90.000 pust<\/td>\n<\/tr>\n<tr>\n<td>E-v\u00e6ske-kapacitet<\/td>\n<td>42 ml (tredobbelt smagssystem)<\/td>\n<\/tr>\n<tr>\n<td>Spole<\/td>\n<td>0,9\u03a9 Dual Mesh-spole<\/td>\n<\/tr>\n<tr>\n<td>Batteri<\/td>\n<td>650 mAh genopladelig<\/td>\n<\/tr>\n<tr>\n<td>Opladning<\/td>\n<td>Type-C hurtig opladning<\/td>\n<\/tr>\n<tr>\n<td>Sk\u00e6rm<\/td>\n<td>Smart LED (realtidsbatteri %)<\/td>\n<\/tr>\n<tr>\n<td>Nikotinstyrke<\/td>\n<td>2% \/ 5%<\/td>\n<\/tr>\n<tr>\n<td>Emballage<\/td>\n<td>10 stk. pr. \u00e6ske<\/td>\n<\/tr>\n<\/tbody>\n<\/table>\n<h3>FIHP 90K smagskombinationer (3-i-1-system)<\/h3>\n<table>\n<tbody>\n<tr>\n<th>Smagskombination<\/th>\n<th>Tredobbelt blanding<\/th>\n<\/tr>\n<tr>\n<td>Kombination 1<\/td>\n<td>Fizzy Kirseb\u00e6r | Lady Killer | Vingummibamse<\/td>\n<\/tr>\n<tr>\n<td>Kombination 2<\/td>\n<td>Bl\u00e5b\u00e6r-hindb\u00e6r | Love 666 | Fersken-is<\/td>\n<\/tr>\n<tr>\n<td>Kombination 3<\/td>\n<td>Hindb\u00e6r vandmelon | Blandede b\u00e6r | Mango fersken<\/td>\n<\/tr>\n<tr>\n<td>Kombination 4<\/td>\n<td>Blue Razz Lemonade | Strawberry Raspberry | Rainbow Candy<\/td>\n<\/tr>\n<tr>\n<td>Kombination 5<\/td>\n<td>Vandmelon Bubblegum | Grape Ice | Black Dragon Ice<\/td>\n<\/tr>\n<tr>\n<td>Kombination 6<\/td>\n<td>Ananas-kokosn\u00f8d | Blandet frugt | Citronfersken<\/td>\n<\/tr>\n<tr>\n<td>Kombination 7<\/td>\n<td>Double Apple | Strawberry Banana | Raspberry Watermelon<\/td>\n<\/tr>\n<tr>\n<td>Kombination 8<\/td>\n<td>Vandmelon Ice | Red Bull | Jordb\u00e6r Kiwi<\/td>\n<\/tr>\n<tr>\n<td>Kombination 9<\/td>\n<td>Bl\u00e5b\u00e6r-is | Jordb\u00e6r-vandmelon | Citron-lime<\/td>\n<\/tr>\n<tr>\n<td>Kombination 10<\/td>\n<td>Peach Berry | Triple Melon | Watermelon Ice<\/td>\n<\/tr>\n<\/tbody>\n<\/table>\n<h3>FIHP 90K tilg\u00e6ngelige varianter<\/h3>\n<p>Fizzy Cherry &amp; Lady Killer &amp; Gummy Bear<br \/>\nBl\u00e5b\u00e6r-hindb\u00e6r &amp; Love 666 &amp; fersken-is<br \/>\nHindb\u00e6r vandmelon &amp; blandede b\u00e6r &amp; mango fersken<br \/>\nBlue Razz Lemonade &amp; Strawberry Raspberry &amp; Rainbow Candy<br \/>\nVandmelon Bubblegum &amp; Grape Ice &amp; Black Dragon Ice<br \/>\nAnanas-kokosn\u00f8d &amp; blandet frugt &amp; citronfersken<br \/>\nDobbelt \u00e6ble &amp; jordb\u00e6r Banan &amp; hindb\u00e6r Vandmelon<br \/>\nVandmelon Ice &amp; Red Bull &amp; Strawberry Kiwi<br \/>\nBl\u00e5b\u00e6r-is &amp; jordb\u00e6r-vandmelon &amp; citron-lime<br \/>\nFersken og b\u00e6r &amp; tredobbelt melon &amp; vandmelon-is<\/p>\n<h3>Hvorfor v\u00e6lge FIHP 90000 3-i-1 90K?<\/h3>\n<ul>\n<li>\ud83d\ude80 Ekstrem kapacitet p\u00e5 90.000 pust reducerer udskiftningsfrekvensen<\/li>\n<li>\ud83c\udf53 Tredobbelt smagsskift for \u00f8get variation<\/li>\n<li>\ud83d\udca8 Dual mesh coil til massive skyer og fyldig smag<\/li>\n<li>\ud83d\udd0b Genopladelig med LED-batterioverv\u00e5gning<\/li>\n<li>\u26a1 Hurtig opladning med Type-C<\/li>\n<li>\ud83d\udce6 Engros-klar 10 stk\/\u00e6ske-emballage<\/li>\n<li>\ud83c\udfea Ideel til vape-butikker, distribut\u00f8rer og stork\u00f8bere<\/li>\n<\/ul>\n<p><strong>FIHP 90000 3-i-1 engangs vape<\/strong> er bygget til storforbrugere, smagsj\u00e6gere og engrosdistribut\u00f8rer, der s\u00f8ger enheder med h\u00f8j kapacitet og f\u00f8rsteklasses ydeevne. Med tredobbelt smagsinnovation, massivt pufoutput og smart LED-kontrol er den en st\u00e6rk tilf\u00f8jelse til enhver vape-shops lager eller storstilet distributionsportef\u00f8lje.<\/p>\n<h3>FIHP 90K FAQ<\/h3>\n<p><strong>Q1: Hvor l\u00e6nge holder FIHP 90000?<\/strong><br \/>\nA: Den leverer op til 90.000 pust afh\u00e6ngigt af brugsvaner, hvilket reducerer udskiftningsfrekvensen betydeligt.<\/p>\n<p><strong>Sp\u00f8rgsm\u00e5l 2: Er enheden genopladelig?<\/strong><br \/>\nA: Ja, den har et genopladeligt batteri p\u00e5 650 mAh med Type-C-hurtigopladning.<\/p>\n<p><strong>Q3: Kan brugerne skifte mellem varianter?<\/strong><br \/>\nA: Ja, 3-i-1-systemet integrerer tre smagsvarianter i \u00e9n enhed og giver en dynamisk dampoplevelse.<\/p>\n<p><strong>Q4: Hvilke nikotinstyrker er tilg\u00e6ngelige?<\/strong><br \/>\nA: Den f\u00e5s med 2% og 5% nikotin.<\/p>\n<p><strong>Q5: Er dette egnet til engroshandel?<\/strong><br \/>\nA: Helt sikkert. Den kommer i 10 stk. pr. \u00e6ske, hvilket g\u00f8r den ideel til vape-butikker og bulk-distribution.<\/p>","protected":false},"excerpt":{"rendered":"<p><strong>FIHP 90000 3-i-1 engangs vape<\/strong> leverer op til 90.000 pust med tredobbelt smag, 42 ml e-v\u00e6ske, LED-sk\u00e6rm og genopladelig str\u00f8m, dual mesh coil, massive skyer, engros klar emballage.<\/p>","protected":false},"featured_media":111131,"comment_status":"open","ping_status":"closed","template":"","meta":[],"product_brand":[236],"product_cat":[18],"product_tag":[513,516,512,349,330,511,515,331,514,497],"class_list":{"0":"post-111052","1":"product","2":"type-product","3":"status-publish","4":"has-post-thumbnail","6":"product_brand-fihp","7":"product_cat-fihp","8":"product_tag-3-in-1-vape","9":"product_tag-90000-puffs-vape","10":"product_tag-90k-disposable-vape","11":"product_tag-bulk-disposable-vape","12":"product_tag-dual-mesh-coil-vape","13":"product_tag-fihp-90000","14":"product_tag-led-screen-disposable-vape","15":"product_tag-rechargeable-disposable-vape","16":"product_tag-triple-flavor-vape","17":"product_tag-wholesale-vape-supplier","19":"first","20":"instock","21":"shipping-taxable","22":"purchasable","23":"product-type-variable","24":"has-default-attributes"},"jetpack_sharing_enabled":true,"tiered_pricing_type":"fixed","tiered_pricing_fixed_rules":{"30":9.589999999999999857891452847979962825775146484375,"50":7.910000000000000142108547152020037174224853515625,"100":7.38999999999999968025576890795491635799407958984375,"200":6.7400000000000002131628207280300557613372802734375,"400":6.21999999999999975131004248396493494510650634765625},"tiered_pricing_product_settings":{"layout":"default","base_unit_name":{"singular":null,"plural":null},"default_variation":null},"tiered_pricing_minimum_quantity":10,"tiered_pricing_roles_data":[],"tiered_pricing_percentage_rules":[],"tiered_pricing_maximum_quantity":null,"tiered_pricing_quantity_step":"10","_links":{"self":[{"href":"https:\/\/aiviouvapes.com\/da\/wp-json\/wp\/v2\/product\/111052","targetHints":{"allow":["GET"]}}],"collection":[{"href":"https:\/\/aiviouvapes.com\/da\/wp-json\/wp\/v2\/product"}],"about":[{"href":"https:\/\/aiviouvapes.com\/da\/wp-json\/wp\/v2\/types\/product"}],"replies":[{"embeddable":true,"href":"https:\/\/aiviouvapes.com\/da\/wp-json\/wp\/v2\/comments?post=111052"}],"wp:featuredmedia":[{"embeddable":true,"href":"https:\/\/aiviouvapes.com\/da\/wp-json\/wp\/v2\/media\/111131"}],"wp:attachment":[{"href":"https:\/\/aiviouvapes.com\/da\/wp-json\/wp\/v2\/media?parent=111052"}],"wp:term":[{"taxonomy":"product_brand","embeddable":true,"href":"https:\/\/aiviouvapes.com\/da\/wp-json\/wp\/v2\/product_brand?post=111052"},{"taxonomy":"product_cat","embeddable":true,"href":"https:\/\/aiviouvapes.com\/da\/wp-json\/wp\/v2\/product_cat?post=111052"},{"taxonomy":"product_tag","embeddable":true,"href":"https:\/\/aiviouvapes.com\/da\/wp-json\/wp\/v2\/product_tag?post=111052"}],"curies":[{"name":"wp","href":"https:\/\/api.w.org\/{rel}","templated":true}]}}