{"id":102365,"date":"2026-01-23T12:09:52","date_gmt":"2026-01-23T04:09:52","guid":{"rendered":"https:\/\/aiviouvapes.com\/?post_type=product&#038;p=102365"},"modified":"2026-04-17T22:14:01","modified_gmt":"2026-04-17T14:14:01","slug":"bang-box-200k","status":"publish","type":"product","link":"https:\/\/aiviouvapes.com\/da\/product\/bang-box-200k\/","title":{"rendered":"BANG BOX 200K | 8-i-1 200000 pust, quad coil, power display, bulk engangs vape"},"content":{"rendered":"<p>M\u00f8d den <strong>BANG BOX 200K<\/strong> - en sand gigant p\u00e5 markedet for engangsdampere. Denne enhed er designet til udholdenhed, smagsvariation og professionel distribution og leverer en utrolig <strong>200.000 pust<\/strong> i \u00e9n kraftfuld enhed. Med avanceret <strong>quad coil-teknologi<\/strong>, en <strong>smart str\u00f8mdisplay<\/strong>, og en unik <strong>8-i-1-smagssystem<\/strong>, den er perfekt til brugere, der vil have mere, og virksomheder, der kr\u00e6ver p\u00e5lidelighed og v\u00e6rdi \ud83d\udce6<\/p>\n<h2>Hvorfor v\u00e6lge BANG BOX 200K?<\/h2>\n<ul>\n<li>\ud83d\udd25 Massiv op til <strong>200.000 pust<\/strong> - En enhed holder i flere uger<\/li>\n<li>\ud83c\udfa8 <strong>8-i-1-smagsdesign<\/strong> - flere smagsoplevelser i en enkelt engangsflaske<\/li>\n<li>\u26a1 <strong>Quad mesh spolesystem<\/strong> for j\u00e6vn damp og fyldig smag<\/li>\n<li>\ud83d\udcfa <strong>Smart str\u00f8msk\u00e6rm<\/strong> Viser tydeligt status for batteri og e-v\u00e6ske<\/li>\n<li>\ud83d\udd0b H\u00f8j kvalitet <strong>850 mAh genopladeligt batteri af ren kobolt<\/strong><\/li>\n<li>\ud83d\udca7 K\u00e6mpe <strong>100 ml samlet kapacitet<\/strong> (4 \u00d7 25 ml kamre)<\/li>\n<li>\ud83d\ude9a Ideel til <strong>bulkordrer, vape-butikker og grossister<\/strong><\/li>\n<\/ul>\n<h2>BANG BOX 200K Specifikationer<\/h2>\n<table>\n<tbody>\n<tr>\n<th>Funktion<\/th>\n<th>Detaljer<\/th>\n<\/tr>\n<tr>\n<td>Antal pust<\/td>\n<td>Op til 200.000 pust<\/td>\n<\/tr>\n<tr>\n<td>Smagssystem<\/td>\n<td>8-i-1 multismag til engangsbrug<\/td>\n<\/tr>\n<tr>\n<td>Batteri<\/td>\n<td>850mAh ren kobolt (genopladelig)<\/td>\n<\/tr>\n<tr>\n<td>Samlet kapacitet for e-v\u00e6ske<\/td>\n<td>100 ml (4 \u00d7 25 ml)<\/td>\n<\/tr>\n<tr>\n<td>Spoleteknologi<\/td>\n<td>Quad Mesh-spole<\/td>\n<\/tr>\n<tr>\n<td>Opladningsport<\/td>\n<td>Type-C hurtig opladning<\/td>\n<\/tr>\n<tr>\n<td>Nikotinstyrke<\/td>\n<td>Tilpassede muligheder tilg\u00e6ngelige for engroshandel<\/td>\n<\/tr>\n<\/tbody>\n<\/table>\n<figure class=\"wp-block-videopress-video wp-block-jetpack-videopress jetpack-videopress-player\"><div class=\"jetpack-videopress-player__wrapper\"><iframe title=\"VideoPress Videoafspiller\" aria-label=\"VideoPress Videoafspiller\" src=\"https:\/\/videopress.com\/embed\/Szf0xBf7?at=0&#038;controls=1&#038;preloadContent=metadata\" width=\"640\"height=\"360\" frameborder=\"0\" allowfullscreen data-resize-to-parent=\"true\" allow=\"clipboard-write\"><\/iframe><\/div><\/figure>\n<h2><img data-recalc-dims=\"1\" loading=\"lazy\" decoding=\"async\" class=\"alignnone size-full wp-image-102369\" src=\"https:\/\/i0.wp.com\/aiviouvapes.com\/wp-content\/uploads\/2026\/01\/BANG-BOX-200K-1.jpg?resize=1020%2C572&#038;ssl=1\" alt=\"BANG BOX 200K\" width=\"1020\" height=\"572\" title=\"\" srcset=\"https:\/\/i0.wp.com\/aiviouvapes.com\/wp-content\/uploads\/2026\/01\/BANG-BOX-200K-1.jpg?w=1600&amp;ssl=1 1600w, https:\/\/i0.wp.com\/aiviouvapes.com\/wp-content\/uploads\/2026\/01\/BANG-BOX-200K-1.jpg?resize=300%2C168&amp;ssl=1 300w, https:\/\/i0.wp.com\/aiviouvapes.com\/wp-content\/uploads\/2026\/01\/BANG-BOX-200K-1.jpg?resize=1024%2C574&amp;ssl=1 1024w, https:\/\/i0.wp.com\/aiviouvapes.com\/wp-content\/uploads\/2026\/01\/BANG-BOX-200K-1.jpg?resize=768%2C431&amp;ssl=1 768w, https:\/\/i0.wp.com\/aiviouvapes.com\/wp-content\/uploads\/2026\/01\/BANG-BOX-200K-1.jpg?resize=1536%2C861&amp;ssl=1 1536w, https:\/\/i0.wp.com\/aiviouvapes.com\/wp-content\/uploads\/2026\/01\/BANG-BOX-200K-1.jpg?resize=18%2C10&amp;ssl=1 18w, https:\/\/i0.wp.com\/aiviouvapes.com\/wp-content\/uploads\/2026\/01\/BANG-BOX-200K-1.jpg?resize=800%2C449&amp;ssl=1 800w\" sizes=\"auto, (max-width: 1020px) 100vw, 1020px\" \/><\/h2>\n<h2>Tilg\u00e6ngelige smagskombinationer<\/h2>\n<p>Hver enkelt <a href=\"https:\/\/aiviouvapes.com\/da\/vare-kategori\/bang\/\">BANG BOX<\/a> 200K tilbyder sp\u00e6ndende smagskombinationer, der holder hvert pust frisk og sjovt \ud83d\ude0b<\/p>\n<ul>\n<li><strong>Bl\u00e5b\u00e6r-serien:<\/strong> Bl\u00e5b\u00e6r-is, bl\u00e5b\u00e6r-vandmelon, hindb\u00e6r, citron-lime<\/li>\n<li><strong>Vandmelon og slik:<\/strong> Vandmelon-is, tyggegummi, kirseb\u00e6r-is<\/li>\n<li><strong>Is og mynte:<\/strong> Mynteis, bl\u00e5b\u00e6r-hindb\u00e6ris, drueris, Nerdz Candy<\/li>\n<li><strong>Eksotiske frugter:<\/strong> Passionsfrugt, ananas-kokosn\u00f8dde-is, LOVE 66, tredobbelt honningmelon<\/li>\n<li><strong>\u00c6ble og b\u00e6r:<\/strong> Dobbelt \u00e6ble, surt \u00e6ble, hindb\u00e6r, bromb\u00e6r-is<\/li>\n<li><strong>Jordb\u00e6rblanding:<\/strong> Jordb\u00e6ris, jordb\u00e6rkiwi, lyser\u00f8d limonade<\/li>\n<li><strong>Cola &amp; Citrus:<\/strong> Kirseb\u00e6r Cola, Traneb\u00e6r, Jordb\u00e6r Hindb\u00e6r<\/li>\n<li><strong>Tropisk mango:<\/strong> Tredobbelt mango, mango-passionsfrugt, ananas-is<\/li>\n<\/ul>\n<p>Fra iskold friskhed til s\u00f8dt slik og tropiske blandinger er smagssortimentet designet til at tilfredsstille b\u00e5de afslappede brugere og seri\u00f8se smagsj\u00e6gere \ud83c\udf08<\/p>\n<h2>Perfekt til brugere og virksomheder<\/h2>\n<p>Den <strong>BANG BOX 200K<\/strong> er et fremragende valg til <strong>storforbrugere<\/strong> som \u00f8nsker f\u00e6rre udskiftninger, <strong>Elskere af smag<\/strong> der kan lide variation, og <strong>vape-butikker eller distribut\u00f8rer<\/strong> der er p\u00e5 udkig efter et i\u00f8jnefaldende produkt af h\u00f8j v\u00e6rdi. Den lange levetid, den f\u00f8rsteklasses konstruktion og det massevenlige design g\u00f8r den ideel til engros- og videresalgsmarkeder over hele verden.<\/p>\n<h2>Ofte stillede sp\u00f8rgsm\u00e5l (FAQ)<\/h2>\n<p><strong>Q: Er BANG BOX 200K genopladelig?<\/strong><br \/>\nA: Ja \ud83d\udc4d Den leveres med en Type-C-opladningsport, s\u00e5 du kan genoplade batteriet, indtil al e-v\u00e6sken er brugt op.<\/p>\n<p><strong>Q: Hvordan ved jeg, at batteriet eller v\u00e6sken er ved at v\u00e6re tom?<\/strong><br \/>\nA: Det smarte str\u00f8mdisplay viser tydeligt det resterende batteriniveau og brugsstatus.<\/p>\n<p><strong>Q: Er dette egnet til engros- eller bulkk\u00f8b?<\/strong><br \/>\nA: Helt sikkert. Denne model er designet til stork\u00f8b og er meget popul\u00e6r blandt vape-distribut\u00f8rer og detailbutikker.<\/p>\n<p><strong>Q: G\u00f8r quad coil virkelig en forskel?<\/strong><br \/>\nA: Ja! Quad coil-teknologi giver mere j\u00e6vn opvarmning, st\u00e6rkere smag og glattere damp med mindre br\u00e6ndt smag.<\/p>\n<p><strong>Q: Er det begyndervenligt?<\/strong><br \/>\nA: Ja \ud83d\ude0a Ingen knapper, ingen genopfyldning, ingen ops\u00e6tning. Bare inhaler og nyd.<\/p>","protected":false},"excerpt":{"rendered":"<p>K\u00f8b mega 200.000 puffs BANG BOX 200K engangs vape med 8-i-1 multismagssystem, quad-coil power og smart sk\u00e6rm. Bygget til tunge brugere, vape-butikker og engrosk\u00f8bere p\u00e5 udkig efter langvarig ydeevne \ud83d\udca8<\/p>","protected":false},"featured_media":102374,"comment_status":"open","ping_status":"closed","template":"","meta":[],"product_brand":[239],"product_cat":[37,129],"product_tag":[490,349,456,331,459],"class_list":{"0":"post-102365","1":"product","2":"type-product","3":"status-publish","4":"has-post-thumbnail","6":"product_brand-bang","7":"product_cat-bang","8":"product_cat-20000-puffs-disposable-vape","9":"product_tag-200000-puffs-vape","10":"product_tag-bulk-disposable-vape","11":"product_tag-disposable-vape","12":"product_tag-rechargeable-disposable-vape","13":"product_tag-wholesale-vape-device","15":"first","16":"instock","17":"shipping-taxable","18":"purchasable","19":"product-type-variable","20":"has-default-attributes"},"jetpack_sharing_enabled":true,"tiered_pricing_type":"fixed","tiered_pricing_fixed_rules":{"30":10.2400000000000002131628207280300557613372802734375,"50":8.8100000000000004973799150320701301097869873046875,"100":8.03999999999999914734871708787977695465087890625,"200":7.6500000000000003552713678800500929355621337890625,"400":7.12999999999999989341858963598497211933135986328125},"tiered_pricing_product_settings":{"layout":"default","base_unit_name":{"singular":null,"plural":null},"default_variation":null},"tiered_pricing_minimum_quantity":10,"tiered_pricing_roles_data":[],"tiered_pricing_percentage_rules":[],"tiered_pricing_maximum_quantity":null,"tiered_pricing_quantity_step":"10","_links":{"self":[{"href":"https:\/\/aiviouvapes.com\/da\/wp-json\/wp\/v2\/product\/102365","targetHints":{"allow":["GET"]}}],"collection":[{"href":"https:\/\/aiviouvapes.com\/da\/wp-json\/wp\/v2\/product"}],"about":[{"href":"https:\/\/aiviouvapes.com\/da\/wp-json\/wp\/v2\/types\/product"}],"replies":[{"embeddable":true,"href":"https:\/\/aiviouvapes.com\/da\/wp-json\/wp\/v2\/comments?post=102365"}],"wp:featuredmedia":[{"embeddable":true,"href":"https:\/\/aiviouvapes.com\/da\/wp-json\/wp\/v2\/media\/102374"}],"wp:attachment":[{"href":"https:\/\/aiviouvapes.com\/da\/wp-json\/wp\/v2\/media?parent=102365"}],"wp:term":[{"taxonomy":"product_brand","embeddable":true,"href":"https:\/\/aiviouvapes.com\/da\/wp-json\/wp\/v2\/product_brand?post=102365"},{"taxonomy":"product_cat","embeddable":true,"href":"https:\/\/aiviouvapes.com\/da\/wp-json\/wp\/v2\/product_cat?post=102365"},{"taxonomy":"product_tag","embeddable":true,"href":"https:\/\/aiviouvapes.com\/da\/wp-json\/wp\/v2\/product_tag?post=102365"}],"curies":[{"name":"wp","href":"https:\/\/api.w.org\/{rel}","templated":true}]}}