{"id":9135,"date":"2024-08-21T10:54:29","date_gmt":"2024-08-21T10:54:29","guid":{"rendered":"https:\/\/aiviouvapes.com\/?page_id=9135"},"modified":"2024-12-02T02:32:31","modified_gmt":"2024-12-01T18:32:31","slug":"buy-vapes-in-belgium-with-bancontact","status":"publish","type":"page","link":"https:\/\/aiviouvapes.com\/da\/buy-vapes-in-belgium-with-bancontact\/","title":{"rendered":"K\u00f8b Vapes i Belgien med Bancontact"},"content":{"rendered":"<p>Bancontact er et popul\u00e6rt elektronisk betalingssystem i Belgien, der giver en sikker, effektiv og brugervenlig metode til at gennemf\u00f8re transaktioner b\u00e5de online og offline. Som en nationalt anerkendt betalingsmulighed muligg\u00f8r Bancontact problemfri og p\u00e5lidelige transaktioner for b\u00e5de belgiske forbrugere og virksomheder. Systemet underst\u00f8tter en lang r\u00e6kke betalingsscenarier, fra kontaktl\u00f8se og mobile betalinger til onlinek\u00f8b, hvilket g\u00f8r det til et alsidigt og bekvemt valg til hverdagsbrug.<\/p>\n<h3>Hvorfor v\u00e6lge Bancontact?<\/h3>\n<p><strong>1. Enkle og fleksible betalinger for alle bel\u00f8b<\/strong><br \/>\nBancontact er designet til at im\u00f8dekomme transaktioner af enhver st\u00f8rrelse, uanset om du foretager et lille k\u00f8b eller en st\u00f8rre betaling. Med Bancontact kan brugere trygt bruge deres kort for ethvert bel\u00f8b, hvilket g\u00f8r det til en praktisk mulighed for alle typer udgifter, fra dagligvarer til store billetvarer.<\/p>\n<p><strong>2. Hurtige kontaktl\u00f8se betalinger<\/strong><br \/>\nFor dem, der v\u00e6rds\u00e6tter hastighed og bekvemmelighed, tilbyder Bancontact kontaktl\u00f8se betalingsmuligheder. Hold blot dit Bancontact-kort i n\u00e6rheden af en kontaktl\u00f8s terminal, og betalingen gennemf\u00f8res \u00f8jeblikkeligt. Denne funktion er perfekt til hurtige k\u00f8b, hvilket g\u00f8r kassen hurtigere og mere effektiv.<\/p>\n<p><strong>3. Sikker online shopping<\/strong><br \/>\nBancontact er bredt accepteret af online-forhandlere, hvilket giver belgiske forbrugere mulighed for nemt at handle fra forskellige webbutikker. Den s\u00f8ml\u00f8se integration af Bancontact i e-handelsplatforme tilbyder en sikker, effektiv betalingsmetode til online shopping, der giver forbrugerne mulighed for at handle trygt hjemmefra.<\/p>\n<p><strong>4. Nem mobilbetaling<\/strong><br \/>\nVia Payconiq by Bancontact-appen kan brugere foretage mobilbetalinger i butikker, online og endda p\u00e5 restauranter. Denne app udvider Bancontacts anvendelighed yderligere, og g\u00f8r det muligt for forbrugere at foretage betalinger p\u00e5 farten ved hj\u00e6lp af deres mobile enheder, uanset hvor Bancontact eller Payconiq accepteres.<\/p>\n<p><strong>5. Praktiske kontanth\u00e6vninger<\/strong><br \/>\nBancontact giver ogs\u00e5 brugere mulighed for at h\u00e6ve kontanter sikkert og nemt, hvilket giver dem adgang til deres penge n\u00e5r som helst. Denne fleksibilitet er is\u00e6r fordelagtig for dem, der foretr\u00e6kker at have kontanter til r\u00e5dighed for visse k\u00f8b.<\/p>\n<hr \/>\n<h2>K\u00f8b engangsvapes med Bancontact hos AiviouVapes<\/h2>\n<p>AiviouVapes er glade for at kunne meddele, at vi nu accepterer Bancontact som betalingsmetode til k\u00f8b af engangsvapes. Denne nye tilf\u00f8jelse stemmer overens med vores forpligtelse til at tilbyde fleksible og bekvemme betalingsmuligheder for vores belgiske kunder. Her er grunden til, at Bancontact er et glimrende valg til at k\u00f8be engangsdampe fra AiviouVapes:<\/p>\n<p><strong>1. Problemfrie transaktioner<\/strong><br \/>\nBrug af Bancontact hos AiviouVapes sikrer en smidig, effektiv k\u00f8bsoplevelse. Uanset om du k\u00f8ber en enkelt vape eller fylder op med dine yndlingssmag, h\u00e5ndterer Bancontact betalinger sikkert og hurtigt.<\/p>\n<p><strong>2. Sikre og p\u00e5lidelige betalinger<\/strong><br \/>\nBancontact anvender avancerede sikkerhedsforanstaltninger, der beskytter brugernes \u00f8konomiske oplysninger og beskytter transaktioner mod svindel. Denne ro i sindet giver vores kunder mulighed for trygt at foretage k\u00f8b p\u00e5 vores side.<\/p>\n<p><strong>3. \u00d8jeblikkelig betalingsbekr\u00e6ftelse<\/strong><br \/>\nBancontact-transaktioner behandles \u00f8jeblikkeligt, hvilket sikrer, at din ordre er bekr\u00e6ftet og klar til forsendelse uden forsinkelse. Denne \u00f8jeblikkelige bekr\u00e6ftelse er ideel til kunder, der \u00f8nsker deres vapes leveret hurtigt.<\/p>\n<hr \/>\n<h3>S\u00e5dan bruger du Bancontact hos AiviouVapes<\/h3>\n<p><strong>Trin-for-trin vejledning til betaling med Bancontact:<\/strong><\/p>\n<ol>\n<li><strong>Tilf\u00f8j produkter til kurv:<\/strong>\n<ul>\n<li>Gennemse vores udvalg af engangsdampe og v\u00e6lg de produkter, du gerne vil k\u00f8be.<\/li>\n<\/ul>\n<\/li>\n<li><strong>Forts\u00e6t til kassen:<\/strong>\n<ul>\n<li>N\u00e5r du har valgt dine varer, skal du g\u00e5 til betalingssiden.<\/li>\n<\/ul>\n<\/li>\n<li><strong>V\u00e6lg Bancontact:<\/strong>\n<ul>\n<li>I betalingsmulighederne skal du v\u00e6lge Bancontact som din foretrukne metode.<\/li>\n<\/ul>\n<\/li>\n<li><strong>Indtast betalingsoplysninger:<\/strong>\n<ul>\n<li>F\u00f8lg vejledningen for at indtaste dine Bancontact-kortoplysninger eller brug Payconiq by Bancontact-appen til en mobilbetaling.<\/li>\n<\/ul>\n<\/li>\n<li><strong>Bekr\u00e6ft din betaling:<\/strong>\n<ul>\n<li>Afslut din betaling for at fuldf\u00f8re transaktionen. Du modtager \u00f8jeblikkelig bekr\u00e6ftelse p\u00e5 din ordre.<\/li>\n<\/ul>\n<\/li>\n<li><strong>Ordrebehandling:<\/strong>\n<ul>\n<li>Din ordre vil blive behandlet og sendt til din valgte adresse. Nyd dine AiviouVapes engangsvapes!<\/li>\n<\/ul>\n<\/li>\n<\/ol>\n<p>Se dampene her:<\/p>\n<p><a href=\"https:\/\/aiviouvapes.com\/da\/shop\/\">https:\/\/aiviouvapes.com\/shop\/<\/a><\/p>","protected":false},"excerpt":{"rendered":"<p>Bancontact is a popular electronic payment system in Belgium, providing a secure, efficient, and user-friendly method for completing transactions both online and offline. As a nationally recognized payment option, Bancontact enables seamless and reliable transactions for Belgian consumers and businesses alike. The system supports a wide range of payment scenarios, from contactless and mobile payments [&#8230;]\n","protected":false},"author":1,"featured_media":0,"parent":0,"menu_order":0,"comment_status":"closed","ping_status":"closed","template":"page-blank-title-center.php","meta":{"footnotes":""},"class_list":["post-9135","page","type-page","status-publish","hentry"],"jetpack_sharing_enabled":true,"_links":{"self":[{"href":"https:\/\/aiviouvapes.com\/da\/wp-json\/wp\/v2\/pages\/9135","targetHints":{"allow":["GET"]}}],"collection":[{"href":"https:\/\/aiviouvapes.com\/da\/wp-json\/wp\/v2\/pages"}],"about":[{"href":"https:\/\/aiviouvapes.com\/da\/wp-json\/wp\/v2\/types\/page"}],"author":[{"embeddable":true,"href":"https:\/\/aiviouvapes.com\/da\/wp-json\/wp\/v2\/users\/1"}],"replies":[{"embeddable":true,"href":"https:\/\/aiviouvapes.com\/da\/wp-json\/wp\/v2\/comments?post=9135"}],"version-history":[{"count":0,"href":"https:\/\/aiviouvapes.com\/da\/wp-json\/wp\/v2\/pages\/9135\/revisions"}],"wp:attachment":[{"href":"https:\/\/aiviouvapes.com\/da\/wp-json\/wp\/v2\/media?parent=9135"}],"curies":[{"name":"wp","href":"https:\/\/api.w.org\/{rel}","templated":true}]}}