{"id":9132,"date":"2024-08-21T10:53:56","date_gmt":"2024-08-21T10:53:56","guid":{"rendered":"https:\/\/aiviouvapes.com\/?page_id=9132"},"modified":"2024-12-03T13:01:14","modified_gmt":"2024-12-03T05:01:14","slug":"buy-vapes-in-netherlands-with-ideal","status":"publish","type":"page","link":"https:\/\/aiviouvapes.com\/da\/buy-vapes-in-netherlands-with-ideal\/","title":{"rendered":"K\u00f8b Vapes i Holland med iDEAL"},"content":{"rendered":"<p><strong>iDEAL: Den foretrukne betalingsmetode i Holland for sikre og hurtige transaktioner<\/strong><\/p>\n<p>iDEAL er en meget popul\u00e6r online betalingsmetode i Holland, som giver forbrugerne mulighed for at foretage sikre realtidsbetalinger direkte gennem deres egen bank. Problemfrit integreret med hollandske bankers onlinebankmilj\u00f8 tilbyder iDEAL en str\u00f8mlinet oplevelse, der nemt overf\u00f8rer penge fra forbrugerens konto til forretningens. Her er et kig p\u00e5, hvad der g\u00f8r iDEAL s\u00e5 effektivt:<\/p>\n<ol>\n<li><strong>Brugervenlighed<\/strong>: Betalinger gennemf\u00f8res via mobilbankappen eller netbanksiden i forbrugerens bank, hvilket g\u00f8r det til en velkendt og ligetil proces.<\/li>\n<li><strong>Bekr\u00e6ftelse i realtid<\/strong>: Forbrugerne modtager \u00f8jeblikkelig betalingsbekr\u00e6ftelse, hvilket \u00f8ger tilliden og fremskynder transaktionstider.<\/li>\n<li><strong>Uigenkaldelige betalinger<\/strong>: N\u00e5r en iDEAL-transaktion er godkendt, kan den ikke tilbagef\u00f8res, hvilket sikrer, at penge overf\u00f8res sikkert og behandles \u00f8jeblikkeligt.<\/li>\n<li><strong>Alsidighed<\/strong>: iDEAL underst\u00f8tter forskellige betalingsscenarier, herunder direkte onlinebetalinger, betalinger via links i e-mails eller beskeder og endda transaktioner gennem iDEAL QR-koder til fysiske og digitale milj\u00f8er.<\/li>\n<\/ol>\n<p>Takket v\u00e6re dens sikre infrastruktur og bekvemmelighed er iDEAL blevet den mest betroede betalingsmetode for hollandske forbrugere, bakket op af landets f\u00f8rende forbrugerbanker.<\/p>\n<hr \/>\n<h2>Fordele ved at bruge iDEAL til at k\u00f8be engangsvapes hos AiviouVapes<\/h2>\n<p>At k\u00f8be engangsvapes i Holland med iDEAL kommer med flere fordele, hvilket \u00f8ger b\u00e5de sikkerhed og bekvemmelighed for vores kunder:<\/p>\n<ol>\n<li><strong>Forbedret sikkerhed<\/strong>: iDEAL bruger de h\u00f8je sikkerhedsstandarder for internet- og mobilbanker, hvilket sikrer, at din transaktion er beskyttet mod svindel og uautoriseret adgang.<\/li>\n<li><strong>Bekvemmelighed<\/strong>: iDEAL muligg\u00f8r direkte bankoverf\u00f8rsler, hvilket fjerner behovet for kreditkort eller tredjeparts betalingstjenester. Det eneste, der skal til, er adgang til din netbank.<\/li>\n<li><strong>\u00d8jeblikkelig behandling<\/strong>: Betalinger behandles \u00f8jeblikkeligt, s\u00e5 der er ingen ventetid p\u00e5, at midlerne skal udlignes. Det betyder, at dine vape-produkter er hurtigt klargjort til afsendelse.<\/li>\n<li><strong>Udbredt accept<\/strong>: iDEAL accepteres af de fleste hollandske e-handelsplatforme, inklusive AiviouVapes, hvilket g\u00f8r det til en universelt anerkendt betalingsmetode i Holland.<\/li>\n<\/ol>\n<hr \/>\n<h3>Trin-for-trin guide til k\u00f8b af engangsvapes med iDEAL<\/h3>\n<p><strong>S\u00e5dan gennemf\u00f8rer du dit k\u00f8b med iDEAL:<\/strong><\/p>\n<ol>\n<li><strong>V\u00e6lg dine produkter<\/strong>: Gennemse vores brede udvalg af engangsdampe og v\u00e6lg de varer, du \u00f8nsker at k\u00f8be.<\/li>\n<li><strong>G\u00e5 til Checkout<\/strong>: N\u00e5r du har afsluttet dine valg, skal du forts\u00e6tte til betalingssiden.<\/li>\n<li><strong>V\u00e6lg iDEAL som betalingsmetode<\/strong>: P\u00e5 siden med betalingsmuligheder skal du v\u00e6lge iDEAL.<\/li>\n<li><strong>V\u00e6lg din bank<\/strong>: Du vil blive dirigeret til iDEAL-betalingsportalen, hvor du kan v\u00e6lge din bank fra listen over deltagende hollandske banker.<\/li>\n<li><strong>Gennemf\u00f8r betalingen<\/strong>: Du bliver omdirigeret til din banks netbankmilj\u00f8. Log ind, bekr\u00e6ft betalingen, og bel\u00f8bet vil blive debiteret direkte fra din konto med \u00f8jeblikkelig bekr\u00e6ftelse.<\/li>\n<li><strong>Ordrebekr\u00e6ftelse<\/strong>: N\u00e5r betalingen er gennemf\u00f8rt, modtager du en ordrebekr\u00e6ftelse fra AiviouVapes, og dine engangsvapes vil blive klargjort til afsendelse.<\/li>\n<\/ol>\n<p>Ved at v\u00e6lge iDEAL v\u00e6lger du en sikker, p\u00e5lidelig og effektiv transaktionsoplevelse.<\/p>\n<hr \/>\n<h3>Hvorfor k\u00f8be dine vapes fra AiviouVapes?<\/h3>\n<p>Hos AiviouVapes er vi dedikerede til at tilbyde produkter af h\u00f8j kvalitet og en problemfri shoppingoplevelse. Her er grunden til, at vi er det bedste valg til vape-k\u00f8b i Holland:<\/p>\n<ul>\n<li><strong>Omfattende udvalg<\/strong>: Vi f\u00f8rer en bred vifte af premium engangsdampe, der passer til enhver smag.<\/li>\n<li><strong>Sikker betalingsbehandling<\/strong>: Vores integration med iDEAL sikrer, at dine betalingsoplysninger er sikre og beskyttede.<\/li>\n<li><strong>Enest\u00e5ende kundesupport<\/strong>: Vores venlige supportteam er her for at hj\u00e6lpe dig med sp\u00f8rgsm\u00e5l eller bekymringer gennem hele din shoppingoplevelse.<\/li>\n<li><strong>Gennemsigtig information<\/strong>: Vi giver klare detaljer om betalingsmetoder, forsendelse og afgifter, s\u00e5 du har alt, hvad du beh\u00f8ver for et informeret k\u00f8b.<\/li>\n<\/ul>\n<p>Udforsk vores samling og nyd bekvemmeligheden ved at k\u00f8be dine foretrukne engangsvapes med iDEAL, den p\u00e5lidelige betalingsmetode i hele Holland.<\/p>\n<p>Se dampene her:<\/p>\n<p><a href=\"https:\/\/aiviouvapes.com\/da\/shop\/\">https:\/\/aiviouvapes.com\/shop\/<\/a><\/p>","protected":false},"excerpt":{"rendered":"<p>iDEAL: The Preferred Payment Method in the Netherlands for Secure and Quick Transactions iDEAL is a highly popular online payment method in the Netherlands, allowing consumers to make secure, real-time payments directly through their own bank. Seamlessly integrated with the online banking environment of Dutch banks, iDEAL offers a streamlined experience, transferring funds from the [&#8230;]\n","protected":false},"author":1,"featured_media":0,"parent":0,"menu_order":0,"comment_status":"closed","ping_status":"closed","template":"page-blank-title-center.php","meta":{"footnotes":""},"class_list":["post-9132","page","type-page","status-publish","hentry"],"jetpack_sharing_enabled":true,"_links":{"self":[{"href":"https:\/\/aiviouvapes.com\/da\/wp-json\/wp\/v2\/pages\/9132","targetHints":{"allow":["GET"]}}],"collection":[{"href":"https:\/\/aiviouvapes.com\/da\/wp-json\/wp\/v2\/pages"}],"about":[{"href":"https:\/\/aiviouvapes.com\/da\/wp-json\/wp\/v2\/types\/page"}],"author":[{"embeddable":true,"href":"https:\/\/aiviouvapes.com\/da\/wp-json\/wp\/v2\/users\/1"}],"replies":[{"embeddable":true,"href":"https:\/\/aiviouvapes.com\/da\/wp-json\/wp\/v2\/comments?post=9132"}],"version-history":[{"count":0,"href":"https:\/\/aiviouvapes.com\/da\/wp-json\/wp\/v2\/pages\/9132\/revisions"}],"wp:attachment":[{"href":"https:\/\/aiviouvapes.com\/da\/wp-json\/wp\/v2\/media?parent=9132"}],"curies":[{"name":"wp","href":"https:\/\/api.w.org\/{rel}","templated":true}]}}