{"id":9129,"date":"2024-08-21T10:53:20","date_gmt":"2024-08-21T10:53:20","guid":{"rendered":"https:\/\/aiviouvapes.com\/?page_id=9129"},"modified":"2024-12-18T18:35:29","modified_gmt":"2024-12-18T10:35:29","slug":"buy-vapes-with-credit-card","status":"publish","type":"page","link":"https:\/\/aiviouvapes.com\/da\/buy-vapes-with-credit-card\/","title":{"rendered":"K\u00f8b vapes med kreditkort"},"content":{"rendered":"<p>Velkommen til Aiviou Vape, din betroede destination for vapingprodukter i topkvalitet. Vi er glade for at kunne meddele, at vi nu accepterer kreditkortbetalinger, hvilket g\u00f8r det nemmere end nogensinde f\u00f8r at shoppe for alle dine vaping-n\u00f8dvendigheder!<\/p>\n<p><strong>Sikre transaktioner:<\/strong> Shop med ro i sindet \u2013 vores side bruger avanceret 3D Secure betalingsteknologi til at beskytte dine oplysninger. Vi er forpligtet til at beskytte dit privatliv og sikre, at hver transaktion er fuldst\u00e6ndig sikker.<\/p>\n<p><strong>Betalingsmuligheder:<\/strong> Vi accepterer en bred vifte af st\u00f8rre kreditkort, herunder Visa, MasterCard og Maestro, hvilket g\u00f8r betalingen hurtig og nem for vores kunder.<\/p>\n<p><strong>Vigtig information:<\/strong> Bem\u00e6rk venligst, at p\u00e5 grund af EU&#039;s momsregler vil kreditkortbetalinger inkludere et ekstra 20% momsgebyr. For at overholde disse regler m\u00e5 den samlede v\u00e6rdi af en enkelt ordre betalt med kreditkort desuden ikke overstige $600 USD eller \u20ac600 EUR.<\/p>\n<p><strong>Alternative betalingsmetoder:<\/strong> Hvis du \u00f8nsker at undg\u00e5 momsopkr\u00e6vning eller ordrebegr\u00e6nsninger p\u00e5 kreditkortbetalinger, anbefaler vi at overveje SEPA-overf\u00f8rsler, IBAN-overf\u00f8rsler eller betalinger med kryptovaluta. Disse muligheder giver st\u00f8rre fleksibilitet, is\u00e6r for st\u00f8rre transaktioner.<\/p>\n<p>Hos AiviouVape er vi dedikerede til at give en smidig og sikker shoppingoplevelse for alle vores kunder. Gennemse vores omfattende udvalg af vapingprodukter, og shop med tillid!<\/p>\n<p>Hvis du har sp\u00f8rgsm\u00e5l eller brug for support, er vores kundeserviceteam her for at hj\u00e6lpe. T\u00f8v ikke med at tage fat!<\/p>\n<p><img data-recalc-dims=\"1\" loading=\"lazy\" decoding=\"async\" title=\"K\u00f8b vapes med kreditkort\" class=\"alignnone wp-image-9208 size-full\" src=\"https:\/\/i0.wp.com\/aiviouvapes.com\/wp-content\/uploads\/2024\/08\/card.jpeg?resize=272%2C185&#038;ssl=1\" alt=\"K\u00f8b vapes med kreditkort\" width=\"272\" height=\"185\" srcset=\"https:\/\/i0.wp.com\/aiviouvapes.com\/wp-content\/uploads\/2024\/08\/card.jpeg?w=272&amp;ssl=1 272w, https:\/\/i0.wp.com\/aiviouvapes.com\/wp-content\/uploads\/2024\/08\/card.jpeg?resize=18%2C12&amp;ssl=1 18w\" sizes=\"auto, (max-width: 272px) 100vw, 272px\" \/><\/p>\n<div class=\"row align-middle\"  id=\"row-547914563\">\n\n\t<div id=\"col-2021360420\" class=\"col small-12 large-12\"  >\n\t\t\t\t<div class=\"col-inner text-center\"  >\n\t\t\t\n\t\t\t\n<a href=\"https:\/\/aiviouvapes.com\/da\/shop\/\" class=\"button primary is-shade is-larger box-shadow-4 box-shadow-5-hover\" style=\"border-radius:10px;\">\n\t\t<span>K\u00f8b nu<\/span>\n\t<\/a>\n\n\t\t<\/div>\n\t\t\t\t\n<style>\n#col-2021360420 > .col-inner {\n  padding: 20px 0px 0px 0px;\n}\n<\/style>\n\t<\/div>\n\n\t\n<\/div>","protected":false},"excerpt":{"rendered":"<p>Welcome to Aiviou Vape, your trusted destination for top-quality vaping products. We\u2019re pleased to announce that we now accept credit card payments, making it easier than ever to shop for all your vaping essentials! Secure Transactions: Shop with peace of mind\u2014our site uses advanced 3D Secure payment technology to protect your information. We are committed [&#8230;]\n","protected":false},"author":1,"featured_media":0,"parent":0,"menu_order":0,"comment_status":"closed","ping_status":"closed","template":"page-blank-title-center.php","meta":{"footnotes":""},"class_list":["post-9129","page","type-page","status-publish","hentry"],"jetpack_sharing_enabled":true,"_links":{"self":[{"href":"https:\/\/aiviouvapes.com\/da\/wp-json\/wp\/v2\/pages\/9129","targetHints":{"allow":["GET"]}}],"collection":[{"href":"https:\/\/aiviouvapes.com\/da\/wp-json\/wp\/v2\/pages"}],"about":[{"href":"https:\/\/aiviouvapes.com\/da\/wp-json\/wp\/v2\/types\/page"}],"author":[{"embeddable":true,"href":"https:\/\/aiviouvapes.com\/da\/wp-json\/wp\/v2\/users\/1"}],"replies":[{"embeddable":true,"href":"https:\/\/aiviouvapes.com\/da\/wp-json\/wp\/v2\/comments?post=9129"}],"version-history":[{"count":0,"href":"https:\/\/aiviouvapes.com\/da\/wp-json\/wp\/v2\/pages\/9129\/revisions"}],"wp:attachment":[{"href":"https:\/\/aiviouvapes.com\/da\/wp-json\/wp\/v2\/media?parent=9129"}],"curies":[{"name":"wp","href":"https:\/\/api.w.org\/{rel}","templated":true}]}}