{"id":9127,"date":"2024-08-21T10:52:51","date_gmt":"2024-08-21T10:52:51","guid":{"rendered":"https:\/\/aiviouvapes.com\/?page_id=9127"},"modified":"2024-12-18T18:35:26","modified_gmt":"2024-12-18T10:35:26","slug":"buy-vapes-with-sepa-qr-code","status":"publish","type":"page","link":"https:\/\/aiviouvapes.com\/da\/buy-vapes-with-sepa-qr-code\/","title":{"rendered":"K\u00f8b vapes med SEPA QR-kode"},"content":{"rendered":"<h2>S\u00e5dan bruger du en SEPA QR-kode til at betale med din bankapp til dampk\u00f8b<\/h2>\n<p>At betale med en SEPA QR-kode er en hurtig og bekvem m\u00e5de at overf\u00f8re penge p\u00e5 inden for det f\u00e6lles eurobetalingsomr\u00e5de (SEPA). Her er en trinvis vejledning, der hj\u00e6lper dig med at bruge din bank-app til at scanne og foretage betalinger via en SEPA QR-kode.<\/p>\n<h3>Trin-for-trin-guide<\/h3>\n<ol>\n<li><strong>\u00c5bn din bank-app<\/strong>\n<ul>\n<li>\u00c5bn din mobilbank-app p\u00e5 din smartphone, og s\u00f8rg for, at du er logget ind p\u00e5 din konto.<\/li>\n<\/ul>\n<\/li>\n<li><strong>G\u00e5 til sektionen for overf\u00f8rsler eller betalinger<\/strong>\n<ul>\n<li>Find afsnittet til at foretage betalinger eller overf\u00f8rsler - det kan v\u00e6re m\u00e6rket som \"Overf\u00f8rsel\", \"Betalinger\" eller lignende.<\/li>\n<\/ul>\n<\/li>\n<li><strong>Find QR-kodescanneren<\/strong>\n<ul>\n<li>I betalingssektionen skal du finde muligheden for at scanne QR-koder, der ofte vises som et kamera eller et QR-kodeikon.<\/li>\n<li>Nogle bankapps har ogs\u00e5 en \"Scan\"-knap, der er let tilg\u00e6ngelig p\u00e5 startsk\u00e6rmen eller i betalingsafsnittet for hurtig adgang.<\/li>\n<\/ul>\n<\/li>\n<li><strong>Scan SEPA QR-koden<\/strong>\n<ul>\n<li>Hold telefonens kamera op til SEPA QR-koden p\u00e5 fakturaen eller betalingssiden.<\/li>\n<li>Juster QR-koden inden for rammen for at fange detaljerne n\u00f8jagtigt.<\/li>\n<\/ul>\n<\/li>\n<li><strong>Tjek betalingsoplysninger<\/strong>\n<ul>\n<li>Efter scanning udfylder appen automatisk betalingsformularen med oplysninger fra QR-koden.<\/li>\n<li>Det omfatter vigtige oplysninger som modtagerens IBAN-nummer og navn, hvilket mindsker risikoen for fejl.<\/li>\n<\/ul>\n<\/li>\n<li><strong>Bekr\u00e6ft betalingen<\/strong>\n<ul>\n<li>Gennemg\u00e5 detaljerne for at sikre, at de er korrekte.<\/li>\n<li>V\u00e6lg den konto eller det kort, du vil bruge til denne transaktion.<\/li>\n<li>Bekr\u00e6ft betalingen ved at f\u00f8lge appens godkendelsestrin, f.eks. ved at indtaste din pinkode, dit fingeraftryk eller ansigtsgenkendelse.<\/li>\n<\/ul>\n<\/li>\n<\/ol>\n<p><img data-recalc-dims=\"1\" loading=\"lazy\" decoding=\"async\" title=\"K\u00f8b vapes med SEPA QR-kode\" class=\"alignnone wp-image-9198 size-full\" src=\"https:\/\/i0.wp.com\/aiviouvapes.com\/wp-content\/uploads\/2024\/08\/qr-code-payment-online-shopping-260nw-704697319-e1724305335194.webp?resize=390%2C260&#038;ssl=1\" alt=\"K\u00f8b vapes med SEPA QR-kode\" width=\"390\" height=\"260\" srcset=\"https:\/\/i0.wp.com\/aiviouvapes.com\/wp-content\/uploads\/2024\/08\/qr-code-payment-online-shopping-260nw-704697319-e1724305335194.webp?w=390&amp;ssl=1 390w, https:\/\/i0.wp.com\/aiviouvapes.com\/wp-content\/uploads\/2024\/08\/qr-code-payment-online-shopping-260nw-704697319-e1724305335194.webp?resize=300%2C200&amp;ssl=1 300w, https:\/\/i0.wp.com\/aiviouvapes.com\/wp-content\/uploads\/2024\/08\/qr-code-payment-online-shopping-260nw-704697319-e1724305335194.webp?resize=18%2C12&amp;ssl=1 18w\" sizes=\"auto, (max-width: 390px) 100vw, 390px\" \/><\/p>\n<h3>Yderligere tips<\/h3>\n<ul>\n<li><strong>Brug af QR-kodebilleder<\/strong>\n<ul>\n<li>Hvis du modtager en QR-kode som et billede (f.eks. via e-mail), giver nogle bankapps dig mulighed for at uploade billedet i stedet for at scanne det direkte. Se efter en \"Upload\"-mulighed i QR-scanningsfunktionen.<\/li>\n<\/ul>\n<\/li>\n<li><strong>Sikkerhedsforanstaltninger<\/strong>\n<ul>\n<li>S\u00f8rg for, at din bank-app er opdateret, og brug en sikker internetforbindelse for at undg\u00e5 potentiel svindel.<\/li>\n<\/ul>\n<\/li>\n<\/ul>\n<h3>Fordele ved at bruge SEPA QR-koder<\/h3>\n<ul>\n<li><strong>Hastighed:<\/strong> QR-koder forenkler betalingsprocessen og minimerer fejl i dataindtastningen.<\/li>\n<li><strong>Brugervenlighed:<\/strong> Gennemf\u00f8r hurtigt betalinger for varer, tjenester, regninger eller andre overf\u00f8rsler med blot en scanning.<\/li>\n<li><strong>Multi-funktionalitet:<\/strong> SEPA QR-koder underst\u00f8tter en bred vifte af transaktioner, lige fra betaling af regninger til administrative gebyrer.<\/li>\n<\/ul>\n<h3>Indpakning<\/h3>\n<p>Hvis du f\u00f8lger disse trin, bliver det nemt og effektivt at bruge SEPA QR-koder med din bankapp. Denne betalingsmetode sparer dig ikke kun tid, men forbedrer ogs\u00e5 transaktionernes sikkerhed og n\u00f8jagtighed. Nyd den problemfri oplevelse af at foretage sikre betalinger inden for SEPA.<\/p>\n<p>En liste over europ\u00e6iske banker, der underst\u00f8tter SEPA-betalinger med QR-kode, findes p\u00e5 European Payments Councils hjemmeside.<\/p>\n<p><strong>AiviouVapes tilbyder nu SEPA QR-kodebetaling, hvilket giver et nyt niveau af bekvemmelighed for kunder, der k\u00f8ber engangsdampere.<\/strong><\/p>\n<div class=\"row align-middle\"  id=\"row-268206767\">\n\n\t<div id=\"col-1791437821\" class=\"col small-12 large-12\"  >\n\t\t\t\t<div class=\"col-inner text-center\"  >\n\t\t\t\n\t\t\t\n<a href=\"https:\/\/aiviouvapes.com\/da\/shop\/\" class=\"button primary is-shade is-larger box-shadow-4 box-shadow-5-hover\" style=\"border-radius:10px;\">\n\t\t<span>K\u00f8b nu<\/span>\n\t<\/a>\n\n\t\t<\/div>\n\t\t\t\t\n<style>\n#col-1791437821 > .col-inner {\n  padding: 20px 0px 0px 0px;\n}\n<\/style>\n\t<\/div>\n\n\t\n<\/div>","protected":false},"excerpt":{"rendered":"<p>How to Use a SEPA QR Code to Pay with Your Banking App for Vape Purchases Paying with a SEPA QR code is a fast and convenient way to transfer funds within the Single Euro Payments Area (SEPA). Here\u2019s a step-by-step guide to help you use your bank app to scan and make payments via [&#8230;]\n","protected":false},"author":1,"featured_media":0,"parent":0,"menu_order":0,"comment_status":"closed","ping_status":"closed","template":"page-blank-title-center.php","meta":{"footnotes":""},"class_list":["post-9127","page","type-page","status-publish","hentry"],"jetpack_sharing_enabled":true,"_links":{"self":[{"href":"https:\/\/aiviouvapes.com\/da\/wp-json\/wp\/v2\/pages\/9127","targetHints":{"allow":["GET"]}}],"collection":[{"href":"https:\/\/aiviouvapes.com\/da\/wp-json\/wp\/v2\/pages"}],"about":[{"href":"https:\/\/aiviouvapes.com\/da\/wp-json\/wp\/v2\/types\/page"}],"author":[{"embeddable":true,"href":"https:\/\/aiviouvapes.com\/da\/wp-json\/wp\/v2\/users\/1"}],"replies":[{"embeddable":true,"href":"https:\/\/aiviouvapes.com\/da\/wp-json\/wp\/v2\/comments?post=9127"}],"version-history":[{"count":0,"href":"https:\/\/aiviouvapes.com\/da\/wp-json\/wp\/v2\/pages\/9127\/revisions"}],"wp:attachment":[{"href":"https:\/\/aiviouvapes.com\/da\/wp-json\/wp\/v2\/media?parent=9127"}],"curies":[{"name":"wp","href":"https:\/\/api.w.org\/{rel}","templated":true}]}}