{"id":9124,"date":"2024-08-21T10:52:08","date_gmt":"2024-08-21T10:52:08","guid":{"rendered":"https:\/\/aiviouvapes.com\/?page_id=9124"},"modified":"2024-11-30T12:03:45","modified_gmt":"2024-11-30T04:03:45","slug":"buy-vapes-in-europe-with-paypal","status":"publish","type":"page","link":"https:\/\/aiviouvapes.com\/da\/buy-vapes-in-europe-with-paypal\/","title":{"rendered":"K\u00f8b vapes i Europa med Paypal"},"content":{"rendered":"<p>At navigere i krydsfeltet mellem vaping og PayPal har givet unikke udfordringer for b\u00e5de virksomheder og forbrugere. P\u00e5 grund af PayPals politik for e-cigaretter og relaterede produkter er mange transaktioner i denne branche underlagt de samme restriktioner som tobak, hvilket resulterer i kontobegr\u00e6nsninger og blokerede betalinger.<\/p>\n<p>Hos AiviouVapes har vi med succes fundet en m\u00e5de at arbejde p\u00e5 inden for disse begr\u00e6nsninger. I mods\u00e6tning til mange i branchen, <strong>Vi har f\u00e5et forh\u00e5ndsgodkendelse fra PayPal til at behandle salg af e-cigaretter i Europa.<\/strong>Det giver os mulighed for at tilbyde en problemfri, uafbrudt indk\u00f8bsoplevelse for vores kunder.<\/p>\n<p>PayPals forh\u00e5ndsgodkendelse d\u00e6kker en r\u00e6kke produkter, herunder e-cigaretter og visse ikke-tobaksalternativer. Denne godkendelse g\u00f8r det muligt for os at tilbyde PayPal som en praktisk og sikker betalingsmetode, hvilket giver vores kunder den fortrolighed og lethed, de m\u00e5ske foretr\u00e6kker.<\/p>\n<p>Selv om PayPals generelle restriktioner for e-cigarettransaktioner stadig er en kilde til debat, kan vores kunder trygt bruge PayPal p\u00e5 vores side uden forstyrrelser. Det er is\u00e6r en fordel for dem, der v\u00e6rds\u00e6tter den sikkerhed og enkelhed, som PayPal tilbyder i forhold til andre betalingsmuligheder.<\/p>\n<p>Men vi vil gerne fremh\u00e6ve en ny overvejelse. <strong>P\u00e5 grund af skatteregler<\/strong>PayPal-k\u00f8b af e-cigaretter fra AiviouVapes er <strong>med et loft p\u00e5 200 euro<\/strong> pr. ordre og er underlagt en <strong>20% Moms forbrugsskat<\/strong>. Disse skattekrav kan p\u00e5virke dit valg af betalingsmetode. <strong>For at undg\u00e5 denne gr\u00e6nse og skattebyrde anbefaler vi at udforske SEPA-overf\u00f8rsler, IBAN-bankoverf\u00f8rsler eller kryptovaluta-betalinger.<\/strong>som giver st\u00f8rre fleksibilitet til k\u00f8b af h\u00f8jere v\u00e6rdi.<\/p>\n<p>Denne udgiftsgr\u00e6nse og skattehensyn er vigtige faktorer, n\u00e5r du v\u00e6lger din foretrukne betalingsmetode. Hos AiviouVapes er vi forpligtet til at v\u00e6re gennemsigtige og tilbyde fleksible betalingsmuligheder, s\u00e5 du kan f\u00e5 en informeret og bekvem indk\u00f8bsoplevelse.<\/p>\n<p>Udforsk AiviouVapes' brede udvalg af e-juice-smagsvarianter i tryg forvisning om, at du kan v\u00e6lge mellem flere betalingsmuligheder, der passer til dine pr\u00e6ferencer og behov.<\/p>\n<p>Ved at inkludere disse punkter sigter vi mod at give dig en fuld forst\u00e5else af PayPals begr\u00e6nsninger og skatterelaterede faktorer, n\u00e5r du k\u00f8ber e-cigaretter fra AiviouVapes, og hj\u00e6lpe dig med at tr\u00e6ffe det bedste betalingsvalg i din situation.<\/p>\n<div class=\"row align-middle\"  id=\"row-104402079\">\n\n\t<div id=\"col-859375261\" class=\"col small-12 large-12\"  >\n\t\t\t\t<div class=\"col-inner text-center\"  >\n\t\t\t\n\t\t\t\n<a href=\"https:\/\/aiviouvapes.com\/da\/shop\/\" class=\"button primary is-shade is-larger box-shadow-4 box-shadow-5-hover\" style=\"border-radius:10px;\">\n\t\t<span>K\u00f8b nu<\/span>\n\t<\/a>\n\n\t\t<\/div>\n\t\t\t\t\n<style>\n#col-859375261 > .col-inner {\n  padding: 20px 0px 0px 0px;\n}\n<\/style>\n\t<\/div>\n\n\t\n<\/div>","protected":false},"excerpt":{"rendered":"<p>Navigating the intersection between vaping and PayPal has presented unique challenges for businesses and consumers alike. Due to PayPal&#8217;s policies on e-cigarettes and related products, many transactions in this industry face the same restrictions as tobacco, resulting in account limitations and blocked payments. At AiviouVapes, we\u2019ve successfully found a way to operate within these constraints. [&#8230;]\n","protected":false},"author":1,"featured_media":0,"parent":0,"menu_order":0,"comment_status":"closed","ping_status":"closed","template":"page-blank-title-center.php","meta":{"footnotes":""},"class_list":["post-9124","page","type-page","status-publish","hentry"],"jetpack_sharing_enabled":true,"_links":{"self":[{"href":"https:\/\/aiviouvapes.com\/da\/wp-json\/wp\/v2\/pages\/9124","targetHints":{"allow":["GET"]}}],"collection":[{"href":"https:\/\/aiviouvapes.com\/da\/wp-json\/wp\/v2\/pages"}],"about":[{"href":"https:\/\/aiviouvapes.com\/da\/wp-json\/wp\/v2\/types\/page"}],"author":[{"embeddable":true,"href":"https:\/\/aiviouvapes.com\/da\/wp-json\/wp\/v2\/users\/1"}],"replies":[{"embeddable":true,"href":"https:\/\/aiviouvapes.com\/da\/wp-json\/wp\/v2\/comments?post=9124"}],"version-history":[{"count":0,"href":"https:\/\/aiviouvapes.com\/da\/wp-json\/wp\/v2\/pages\/9124\/revisions"}],"wp:attachment":[{"href":"https:\/\/aiviouvapes.com\/da\/wp-json\/wp\/v2\/media?parent=9124"}],"curies":[{"name":"wp","href":"https:\/\/api.w.org\/{rel}","templated":true}]}}