{"id":9121,"date":"2024-08-21T10:51:22","date_gmt":"2024-08-21T10:51:22","guid":{"rendered":"https:\/\/aiviouvapes.com\/?page_id=9121"},"modified":"2024-12-02T07:55:27","modified_gmt":"2024-12-01T23:55:27","slug":"age-policy","status":"publish","type":"page","link":"https:\/\/aiviouvapes.com\/da\/age-policy\/","title":{"rendered":"Alderspolitik"},"content":{"rendered":"<p>Aldersverifikation p\u00e5 <a href=\"https:\/\/AiviouVapes.com\/\" rel=\"noopener\">AiviouVapes<\/a><\/p>\n<p>**Krav til lovlig rygealder:** Alle kunder skal v\u00e6re 21 \u00e5r eller \u00e6ldre for at k\u00f8be produkter p\u00e5 vores websted, i overensstemmelse med den amerikanske lovlige rygealder for e-cigaretter og relaterede varer. Bes\u00f8g <a href=\"https:\/\/AiviouVapes.com\/\" rel=\"noopener\">AiviouVapes<\/a> for overensstemmende og ansvarlige indk\u00f8b.<\/p>\n<p>**Vigtigheden af n\u00f8jagtig aldersrepr\u00e6sentation:** Forfalskning af aldersoplysninger for at k\u00f8be vores produkter er ikke kun i strid med vores politik, men er ogs\u00e5 ulovligt. S\u00e5danne handlinger kan resultere i alvorlige juridiske konsekvenser.<\/p>\n<p>**Forbud mod fuldmagtsk\u00f8b for mindre\u00e5rige:** K\u00f8b af evt <a href=\"https:\/\/AiviouVapes.com\/\" rel=\"noopener\">vaping produkter<\/a> for mindre\u00e5rige er strengt forbudt og medf\u00f8rer potentielle juridiske sanktioner. Vi er forpligtet til at forhindre uautoriseret adgang til vores produkter.<\/p>\n<p>**Robust aldersbekr\u00e6ftelsesproces:** For at opfylde lovkrav og beskytte unge bruger vi et strengt aldersbekr\u00e6ftelsessystem. Kunder er forpligtet til at give personlige oplysninger \u2013 navn, adresse, f\u00f8dselsdato og de sidste fire cifre i deres cpr-nummer \u2013 som vi verificerer mod offentlige registre. Hvis verifikationen mislykkes, eller hvis du ikke kan give dine sociale sikringsoplysninger, kan vi anmode om et offentligt udstedt id.<\/p>\n<p>**Ret til at afvise service:** Vi forbeholder os retten til at annullere eller afvise ordrer, hvis verifikationen ikke er gennemf\u00f8rt med succes, eller hvis korrekt identifikation ikke leveres rettidigt.<\/p>\n<p>**Dedikation til forebyggelse af unge:** At forhindre salg til mindre\u00e5rige er en af vores h\u00f8jeste prioriteter. Vores aldersbekr\u00e6ftelsessystem understreger vores forpligtelse til at opretholde et ansvarligt dampmilj\u00f8.<\/p>\n<p>**N\u00e6gtelse eller begr\u00e6nsning af service:** Som onlineleverand\u00f8r forbeholder vi os retten til at n\u00e6gte service i visse tilf\u00e6lde. Hvis en kunde mener, at deres adgang blev uretm\u00e6ssigt begr\u00e6nset, opfordres de til at kontakte vores kundesupport for at f\u00e5 hj\u00e6lp.<\/p>\n<p>**Meddelelse om aldersbegr\u00e6nsning:** Aiviou Vapes hjemmeside har en klar ansvarsfraskrivelse, der fremh\u00e6ver kravet om, at amerikanske kunder skal v\u00e6re mindst 21 \u00e5r for at k\u00f8be e-cigaretprodukter.<\/p>\n<p>P\u00e5 <a href=\"https:\/\/AiviouVapes.com\/\" rel=\"noopener\">AiviouVapes<\/a>, prioriterer vi vores kunders sikkerhed og velv\u00e6re ved at h\u00e5ndh\u00e6ve streng aldersbekr\u00e6ftelse. Vores foranstaltninger afspejler vores dedikation til et sikkert og kompatibelt vapingf\u00e6llesskab, der giver kunderne ro i sindet, n\u00e5r de handler hos os.<\/p>\n<p>Vores virksomheds forpligtelse til at sikre, at kun de lovligt tilladte kan k\u00f8be vores produkter, forst\u00e6rker vigtigheden af ansvarlig damppraksis. Vi anerkender, at effektiv aldersbekr\u00e6ftelse er afg\u00f8rende for at forhindre mindre\u00e5riges adgang, og vi har etableret et omfattende system til at opretholde dette ansvar.<\/p>\n<p>Vores proces kr\u00e6ver specifikke oplysninger \u2013 navn, adresse, f\u00f8dselsdato og de sidste fire cifre i cpr-nummeret \u2013 som vi validerer mod betroede optegnelser for at bekr\u00e6fte alderen. Hvis en kunde ikke kan levere deres sociale sikringsoplysninger, tilbyder vi muligheden for at uploade et offentligt ID som en yderligere verifikationsforanstaltning.<\/p>\n<p>**Konsekvenser for urigtig aldersrepr\u00e6sentation:** Det er ulovligt at angive alder for at k\u00f8be vores produkter og har alvorlige juridiske konsekvenser. Derudover er k\u00f8b til mindre\u00e5rige strengt forbudt og er ogs\u00e5 strafbart i henhold til loven. Vi tager disse standarder alvorligt og kan afvise enhver ordre, hvis identifikation ikke kan bekr\u00e6ftes med det samme.<\/p>\n<p>Aiviou Vape er fortsat forpligtet til at forhindre salg af mindre\u00e5rige. Vores aldersbekr\u00e6ftelsesprotokol er central for vores mission om at fremme ansvarlige og sikre k\u00f8b i vaping-f\u00e6llesskabet.<\/p>\n<p>Hvis en kunde oplever en servicebegr\u00e6nsning, som de mener er en fejl, er de velkommen til at kontakte vores kundesupportteam. Vi prioriterer gennemsigtig kommunikation og str\u00e6ber efter at l\u00f8se eventuelle problemer retf\u00e6rdigt.<\/p>\n<p>Vores websted viser tydeligt en advarsel om alderskravet for k\u00f8b af elektroniske cigaretter, der minder alle brugere om det lovm\u00e6ssige krav om at v\u00e6re 21 \u00e5r gammel i USA<\/p>\n<p>At v\u00e6lge Aiviou Vape betyder at v\u00e6lge en virksomhed, der v\u00e6rds\u00e6tter integritet, lovoverholdelse og kundesikkerhed. Vores forpligtelse til ansvarlige alderspolitikker er ikke kun procedurem\u00e6ssigt; det er en grundl\u00e6ggende afspejling af vores v\u00e6rdier og dedikation til at skabe en sikker, trov\u00e6rdig shoppingoplevelse. Stol p\u00e5 Aiviou Vape for sikker, ansvarlig adgang til kvalitetsvapingprodukter.<\/p>\n<div class=\"row align-middle\"  id=\"row-251290602\">\n\n\t<div id=\"col-990299852\" class=\"col small-12 large-12\"  >\n\t\t\t\t<div class=\"col-inner text-center\"  >\n\t\t\t\n\t\t\t\n<a href=\"https:\/\/aiviouvapes.com\/da\/shop\/\" class=\"button primary is-shade is-larger box-shadow-4 box-shadow-5-hover\" style=\"border-radius:10px;\">\n\t\t<span>K\u00f8b nu<\/span>\n\t<\/a>\n\n\t\t<\/div>\n\t\t\t\t\n<style>\n#col-990299852 > .col-inner {\n  padding: 20px 0px 0px 0px;\n}\n<\/style>\n\t<\/div>\n\n\t\n<\/div>","protected":false},"excerpt":{"rendered":"<p>Age Verification at AiviouVapes **Legal Smoking Age Requirement:** All customers must be 21 or older to purchase products on our site, aligning with the U.S. legal smoking age for e-cigarettes and related items. Visit AiviouVapes for compliant and responsible purchases. **Importance of Accurate Age Representation:** Falsifying age information to buy our products is not only [&#8230;]\n","protected":false},"author":1,"featured_media":0,"parent":0,"menu_order":0,"comment_status":"closed","ping_status":"closed","template":"page-blank-title-center.php","meta":{"footnotes":""},"class_list":["post-9121","page","type-page","status-publish","hentry"],"jetpack_sharing_enabled":true,"_links":{"self":[{"href":"https:\/\/aiviouvapes.com\/da\/wp-json\/wp\/v2\/pages\/9121","targetHints":{"allow":["GET"]}}],"collection":[{"href":"https:\/\/aiviouvapes.com\/da\/wp-json\/wp\/v2\/pages"}],"about":[{"href":"https:\/\/aiviouvapes.com\/da\/wp-json\/wp\/v2\/types\/page"}],"author":[{"embeddable":true,"href":"https:\/\/aiviouvapes.com\/da\/wp-json\/wp\/v2\/users\/1"}],"replies":[{"embeddable":true,"href":"https:\/\/aiviouvapes.com\/da\/wp-json\/wp\/v2\/comments?post=9121"}],"version-history":[{"count":0,"href":"https:\/\/aiviouvapes.com\/da\/wp-json\/wp\/v2\/pages\/9121\/revisions"}],"wp:attachment":[{"href":"https:\/\/aiviouvapes.com\/da\/wp-json\/wp\/v2\/media?parent=9121"}],"curies":[{"name":"wp","href":"https:\/\/api.w.org\/{rel}","templated":true}]}}