{"id":9117,"date":"2024-08-21T10:50:31","date_gmt":"2024-08-21T10:50:31","guid":{"rendered":"https:\/\/aiviouvapes.com\/?page_id=9117"},"modified":"2024-11-24T00:13:56","modified_gmt":"2024-11-23T16:13:56","slug":"terms-conditions","status":"publish","type":"page","link":"https:\/\/aiviouvapes.com\/da\/terms-conditions\/","title":{"rendered":"Vilk\u00e5r og betingelser"},"content":{"rendered":"<p dir=\"auto\">Velkommen til <strong>AiviouVape<\/strong>! L\u00e6s venligst disse vilk\u00e5r og betingelser omhyggeligt, f\u00f8r du bruger vores hjemmeside. Ved at tilg\u00e5 og bruge vores side accepterer du at overholde vilk\u00e5rene, der er beskrevet her, samt alle g\u00e6ldende love. Hvis du ikke er enig i disse vilk\u00e5r, bedes du holde op med at bruge vores hjemmeside. Ved at foretage et k\u00f8b accepterer du disse vilk\u00e5r og betingelser sammen med vores forsendelses-, retur- og garantipolitikker.<\/p>\n<p dir=\"auto\"><strong>Internationale ordrer<\/strong><\/p>\n<p dir=\"auto\">AiviouVape opererer globalt fra vores hovedkvarter i Hong Kong. Kunder uden for Hong Kong betragtes som internationale kunder. S\u00f8rg for, at du er bekendt med dit lands regler om ejerskab, import og brug af vaporizer-produkter, f\u00f8r du afgiver en ordre. Visse lande kan have yderligere politikker specificeret i vores forsendelses-, retur- og garantipolitikker.<\/p>\n<p dir=\"auto\"><strong>Ophavsret<\/strong><\/p>\n<p dir=\"auto\">Alt indhold p\u00e5 dette websted \u2013 inklusive tekst, grafik og kode \u2013 er beskyttet i henhold til love om ophavsret som et samlet v\u00e6rk, der ejes af AiviouVape. Copyright 2022, AiviouVape. Alle rettigheder forbeholdes. Du m\u00e5 elektronisk kopiere og udskrive dele af webstedet for at afgive en ordre eller k\u00f8be AiviouVape-produkter. Enhver anden brug, herunder reproduktion, distribution eller transmission af webstedsindhold, er forbudt, medmindre det er godkendt af AiviouVape Inc.<\/p>\n<p dir=\"auto\"><strong>Varem\u00e6rker<\/strong><\/p>\n<p dir=\"auto\">Alle varem\u00e6rker, servicem\u00e6rker og handelsnavne, der vises p\u00e5 vores websted, ejes af AiviouVape.<\/p>\n<p dir=\"auto\"><strong>Ansvarsfraskrivelse for garanti<\/strong><\/p>\n<p dir=\"auto\">Vores hjemmeside og alle materialer og produkter leveres &quot;som de er&quot; uden garantier af nogen art, hverken udtrykkelige eller underforst\u00e5ede. AiviouVape fraskriver sig alle garantier, inklusive men ikke begr\u00e6nset til salgbarhed, egnethed til et bestemt form\u00e5l og ikke-kr\u00e6nkelse. Vi garanterer ikke, at webstedets funktioner vil v\u00e6re uafbrudte eller fejlfrie, ej heller at defekter vil blive rettet, eller at webstedet er fri for virus eller andre skadelige komponenter. Vi garanterer ikke for n\u00f8jagtigheden, fuldst\u00e6ndigheden eller p\u00e5lideligheden af det leverede indhold.<\/p>\n<p dir=\"auto\"><strong>Begr\u00e6nsning af ansvar<\/strong><\/p>\n<p dir=\"auto\">AiviouVape er ikke ansvarlig for nogen s\u00e6rlige skader eller f\u00f8lgeskader, der er et resultat af brugen af, eller manglende evne til at bruge, materialerne p\u00e5 dette websted eller produkternes ydeevne, selv hvis de bliver informeret om muligheden for s\u00e5danne skader. Visse jurisdiktioner tillader ikke udelukkelse eller begr\u00e6nsning af ansvar for f\u00f8lgeskader eller tilf\u00e6ldige skader, s\u00e5 disse begr\u00e6nsninger g\u00e6lder muligvis ikke for dig.<\/p>\n<p dir=\"auto\"><strong>Opsigelse<\/strong><\/p>\n<p dir=\"auto\">Disse vilk\u00e5r g\u00e6lder for alle brugere, n\u00e5r de tilg\u00e5r siden, registrerer sig eller foretager et k\u00f8b. AiviouVape forbeholder sig retten til at opsige disse vilk\u00e5r, helt eller delvist, til enhver tid uden varsel. Bestemmelser relateret til ophavsret, varem\u00e6rker, garantifraskrivelse, ansvarsbegr\u00e6nsning, skadesl\u00f8sholdelse og diverse skal overleve opsigelse.<\/p>\n<p dir=\"auto\"><strong>Opsigelse<\/strong><\/p>\n<p dir=\"auto\">AiviouVape kan give dig meddelelser via e-mail, generelle meddelelser p\u00e5 webstedet eller andre p\u00e5lidelige metoder ved hj\u00e6lp af de kontaktoplysninger, du har angivet.<\/p>\n<p dir=\"auto\"><strong>Diverse<\/strong><\/p>\n<p dir=\"auto\">Disse vilk\u00e5r er underlagt lovene i Hong Kong, uden hensyntagen til dets lovkonfliktprincipper. Eventuelle tvister som f\u00f8lge af disse vilk\u00e5r vil blive l\u00f8st ved domstolene i Hong Kong. Krav skal indgives inden for et \u00e5r efter opst\u00e5et. AiviouVapes beslutning om ikke at h\u00e5ndh\u00e6ve nogen del af disse vilk\u00e5r giver ikke afkald p\u00e5 sine rettigheder. Vi kan overdrage vores rettigheder og forpligtelser i henhold til disse vilk\u00e5r uden varsel.<\/p>\n<p dir=\"auto\"><strong>Brug af webstedet<\/strong><\/p>\n<p dir=\"auto\">Chikane eller upassende adf\u00e6rd p\u00e5 siden er forbudt. Brugere m\u00e5 ikke uploade st\u00f8dende indhold eller anmode andre om kommercielle tjenester. AiviouVape forbeholder sig retten til at blokere eller fjerne ethvert indhold, der overtr\u00e6der disse vilk\u00e5r.<\/p>\n<p dir=\"auto\"><strong>Ansvarsfraskrivelse for deltagelse<\/strong><\/p>\n<p dir=\"auto\">AiviouVape er ikke ansvarlig for brugergenereret indhold p\u00e5 hjemmesiden. Vi fungerer udelukkende som en distributionsplatform og forbeholder os retten til at fjerne st\u00f8dende indhold efter behov.<\/p>\n<p dir=\"auto\"><strong>Brug af produkter<\/strong><\/p>\n<p dir=\"auto\">AiviouVape frems\u00e6tter ingen p\u00e5stande om produktets effektivitet til noget specifikt form\u00e5l. Alle produkter anvendes p\u00e5 k\u00f8bers risiko. Nikotinprodukter er udelukkende beregnet til voksenbrug. Kontakt venligst en l\u00e6ge, f\u00f8r du bruger nikotinprodukter.<\/p>\n<p dir=\"auto\"><strong>Skadesl\u00f8sholdelse<\/strong><\/p>\n<p dir=\"auto\">Ved at bruge vores hjemmeside accepterer du at holde AiviouVape og dets tjenesteudbydere skadesl\u00f8s for tab, skader, omkostninger og udgifter som f\u00f8lge af enhver overtr\u00e6delse af disse vilk\u00e5r eller relaterede aktiviteter p\u00e5 din konto.<\/p>\n<p dir=\"auto\"><strong>Links til tredjeparter<\/strong><\/p>\n<p dir=\"auto\">AiviouVape kan give links til eksterne websteder for brugerens bekvemmelighed. Vi kontrollerer ikke disse websteder og er ikke ansvarlige for deres indhold eller praksis.<\/p>\n<p dir=\"auto\"><strong>Ansvarsfraskrivelse for produkter<\/strong><\/p>\n<p dir=\"auto\">Visse produkter kan have specifikke ansvarsfraskrivelser vedr\u00f8rende returnering eller berettigelse til ombytning. Gennemg\u00e5 venligst alle produktspecifikke ansvarsfraskrivelser f\u00f8r k\u00f8b. Ved at acceptere vores vilk\u00e5r og betingelser ved kassen, anerkender du forst\u00e5elsen af alle g\u00e6ldende ansvarsfraskrivelser.<\/p>\n<p dir=\"auto\">Tak, fordi du valgte <strong>AiviouVape<\/strong>!<\/p>\n<div class=\"row align-middle\"  id=\"row-2105582217\">\n\n\t<div id=\"col-1966500851\" class=\"col small-12 large-12\"  >\n\t\t\t\t<div class=\"col-inner text-center\"  >\n\t\t\t\n\t\t\t\n<a href=\"https:\/\/aiviouvapes.com\/da\/shop\/\" class=\"button primary is-shade is-larger box-shadow-4 box-shadow-5-hover\" style=\"border-radius:10px;\">\n\t\t<span>K\u00f8b nu<\/span>\n\t<\/a>\n\n\t\t<\/div>\n\t\t\t\t\n<style>\n#col-1966500851 > .col-inner {\n  padding: 20px 0px 0px 0px;\n}\n<\/style>\n\t<\/div>\n\n\t\n<\/div>","protected":false},"excerpt":{"rendered":"<p>Welcome to AiviouVape! Please read these terms and conditions carefully before using our website. By accessing and using our site, you agree to comply with the terms outlined here, as well as all applicable laws. If you do not agree with these terms, please discontinue using our website. By making a purchase, you accept these [&#8230;]\n","protected":false},"author":1,"featured_media":0,"parent":0,"menu_order":0,"comment_status":"closed","ping_status":"closed","template":"page-blank-title-center.php","meta":{"footnotes":""},"class_list":["post-9117","page","type-page","status-publish","hentry"],"jetpack_sharing_enabled":true,"_links":{"self":[{"href":"https:\/\/aiviouvapes.com\/da\/wp-json\/wp\/v2\/pages\/9117","targetHints":{"allow":["GET"]}}],"collection":[{"href":"https:\/\/aiviouvapes.com\/da\/wp-json\/wp\/v2\/pages"}],"about":[{"href":"https:\/\/aiviouvapes.com\/da\/wp-json\/wp\/v2\/types\/page"}],"author":[{"embeddable":true,"href":"https:\/\/aiviouvapes.com\/da\/wp-json\/wp\/v2\/users\/1"}],"replies":[{"embeddable":true,"href":"https:\/\/aiviouvapes.com\/da\/wp-json\/wp\/v2\/comments?post=9117"}],"version-history":[{"count":0,"href":"https:\/\/aiviouvapes.com\/da\/wp-json\/wp\/v2\/pages\/9117\/revisions"}],"wp:attachment":[{"href":"https:\/\/aiviouvapes.com\/da\/wp-json\/wp\/v2\/media?parent=9117"}],"curies":[{"name":"wp","href":"https:\/\/api.w.org\/{rel}","templated":true}]}}