{"id":9111,"date":"2024-08-21T10:48:05","date_gmt":"2024-08-21T10:48:05","guid":{"rendered":"https:\/\/aiviouvapes.com\/?page_id=9111"},"modified":"2024-11-30T20:28:47","modified_gmt":"2024-11-30T12:28:47","slug":"shipping-policy","status":"publish","type":"page","link":"https:\/\/aiviouvapes.com\/da\/shipping-policy\/","title":{"rendered":"Forsendelsespolitik"},"content":{"rendered":"<div id=\"text-802573296\" class=\"text\">\n\t\t\n<header class=\"entry-header text-center\"><\/header>\n<p><strong>Forsendelsespolitik<\/strong><\/p>\n<p>1. Ordrer behandles og afsendes inden for 1-3 arbejdsdage. Leveringstiden varierer typisk fra 7-15 hverdage. Bem\u00e6rk, at vi ikke sender ordrer i weekenden.<\/p>\n<p>2. N\u00e5r din ordre er afsendt, sender vi dig en e-mail med sporingsoplysninger. Du kan spore din forsendelse ved hj\u00e6lp af det angivne sporingsnummer p\u00e5 f\u00f8lgende websted:<\/p>\n<p><a href=\"https:\/\/www.17track.net\/en\" target=\"_blank\" rel=\"nofollow noopener\">https:\/\/www.17track.net\/en<\/a><\/p>\n<p>Der g\u00e5r 1-2 dage efter afsendelse, f\u00f8r sporingsopdateringer vises p\u00e5 hjemmesiden.<\/p>\n<p>3. Du har mulighed for at annullere en ordre eller opdatere leveringsadressen p\u00e5 et hvilket som helst tidspunkt, f\u00f8r produkterne sendes. Men n\u00e5r ordren er afsendt, kan vi ikke behandle tilbagebetalinger eller adresse\u00e6ndringer.<\/p>\n<p>4. lande, som vi kan sende til\u00a0<strong>DDP<\/strong>\u00a0(<strong>Leveringsafgift betalt<\/strong>) Metoden kr\u00e6ver ikke, at du foretager fortoldning, og der er ingen afgifter for dig.<\/p>\n<ul>\n<li>USA - UPS Express (undtagen Alaska og Hawaii)<\/li>\n<li>Storbritannien - Lokal DPD Express<\/li>\n<li>Europa - UPS Express\/ DPD Express\/ DHL Express<\/li>\n<\/ul>\n<p>Landelister for Europa DDP-metoden: Tyskland, Belgien, Luxembourg, Holland, Tjekkiet, Polen, Kroatien, Slovakiet, Slovenien, Finland, Danmark, Sverige, \u00d8strig, Frankrig, Italien, Ungarn, Bulgarien, Litauen, Estland, Letland, Gr\u00e6kenland, Irland, Portugal, Spanien.<\/p>\n<p><strong>Leveringstider for specifikke lande:<\/strong><\/p>\n<table style=\"height: 810px;\" width=\"518\">\n<thead>\n<tr>\n<th>LAND<\/th>\n<th>FORSENDELSESMETODE<\/th>\n<th>FORSENDELSESTID<\/th>\n<\/tr>\n<\/thead>\n<tbody>\n<tr>\n<td>USA<\/td>\n<td>Lokal UPS Ground<\/td>\n<td>10-15 dage<\/td>\n<\/tr>\n<tr>\n<td>STORBRITANNIEN<\/td>\n<td>Lokal DPD Express<\/td>\n<td>7-12 dage<\/td>\n<\/tr>\n<tr>\n<td>Tyskland<\/td>\n<td>UPS\/DPD\/DHL Tyskland<\/td>\n<td>8-13 dage<\/td>\n<\/tr>\n<tr>\n<td>Frankrig<\/td>\n<td>UPS\/DPD\/DHL Tyskland<\/td>\n<td>8-13 dage<\/td>\n<\/tr>\n<tr>\n<td>Belgien<\/td>\n<td>UPS\/DPD\/DHL Tyskland<\/td>\n<td>8-13 dage<\/td>\n<\/tr>\n<tr>\n<td>Luxembourg<\/td>\n<td>UPS\/DPD\/DHL Tyskland<\/td>\n<td>8-13 dage<\/td>\n<\/tr>\n<tr>\n<td>Holland<\/td>\n<td>UPS\/DPD\/DHL Tyskland<\/td>\n<td>8-13 dage<\/td>\n<\/tr>\n<tr>\n<td>Tjekkiet<\/td>\n<td>UPS\/DPD\/DHL Tyskland<\/td>\n<td>8-13 dage<\/td>\n<\/tr>\n<tr>\n<td>Polen<\/td>\n<td>UPS\/DPD\/DHL Tyskland<\/td>\n<td>8-13 dage<\/td>\n<\/tr>\n<tr>\n<td>Kroatien<\/td>\n<td>UPS\/DPD\/DHL Tyskland<\/td>\n<td>8-13 dage<\/td>\n<\/tr>\n<tr>\n<td>Slovakiet<\/td>\n<td>UPS\/DPD\/DHL Tyskland<\/td>\n<td>8-13 dage<\/td>\n<\/tr>\n<tr>\n<td>Slovenien<\/td>\n<td>UPS\/DPD\/DHL Tyskland<\/td>\n<td>8-13 dage<\/td>\n<\/tr>\n<tr>\n<td>Finland<\/td>\n<td>UPS\/DPD\/DHL Tyskland<\/td>\n<td>8-13 dage<\/td>\n<\/tr>\n<tr>\n<td>Danmark<\/td>\n<td>UPS\/DPD\/DHL Tyskland<\/td>\n<td>8-13 dage<\/td>\n<\/tr>\n<tr>\n<td>Sverige<\/td>\n<td>UPS\/DPD\/DHL Tyskland<\/td>\n<td>8-13 dage<\/td>\n<\/tr>\n<tr>\n<td>\u00d8strig<\/td>\n<td>UPS\/DPD\/DHL Tyskland<\/td>\n<td>8-13 dage<\/td>\n<\/tr>\n<tr>\n<td>Italien<\/td>\n<td>UPS\/DPD\/DHL Tyskland<\/td>\n<td>8-13 dage<\/td>\n<\/tr>\n<tr>\n<td>Ungarn<\/td>\n<td>UPS\/DPD\/DHL Tyskland<\/td>\n<td>8-13 dage<\/td>\n<\/tr>\n<tr>\n<td>Litauen<\/td>\n<td>UPS\/DPD\/DHL Tyskland<\/td>\n<td>8-13 dage<\/td>\n<\/tr>\n<tr>\n<td>Estland<\/td>\n<td>UPS\/DPD\/DHL Tyskland<\/td>\n<td>8-13 dage<\/td>\n<\/tr>\n<tr>\n<td>Letland<\/td>\n<td>UPS\/DPD\/DHL Tyskland<\/td>\n<td>8-13 dage<\/td>\n<\/tr>\n<tr>\n<td>Gr\u00e6kenland<\/td>\n<td>UPS\/DPD\/DHL Tyskland<\/td>\n<td>8-13 dage<\/td>\n<\/tr>\n<tr>\n<td>Irland<\/td>\n<td>UPS\/DPD\/DHL Tyskland<\/td>\n<td>8-13 dage<\/td>\n<\/tr>\n<tr>\n<td>Portugal<\/td>\n<td>UPS\/DPD\/DHL Tyskland<\/td>\n<td>8-13 dage<\/td>\n<\/tr>\n<tr>\n<td>Spanien<\/td>\n<td>UPS\/DPD\/DHL Tyskland<\/td>\n<td>8-13 dage<\/td>\n<\/tr>\n<tr>\n<td>UAE (Dubai)<\/td>\n<td>Dubai dedikeret linje<\/td>\n<td>12-18 dage<\/td>\n<\/tr>\n<tr>\n<td>Sydafrika<\/td>\n<td>Sydafrika dedikeret linje<\/td>\n<td>15-25 dage<\/td>\n<\/tr>\n<tr>\n<td>Vietnam<\/td>\n<td>Vietnams dedikerede linje<\/td>\n<td>3-5 dage<\/td>\n<\/tr>\n<tr>\n<td>Vestmalaysia<\/td>\n<td>Malaysia dedikeret linje<\/td>\n<td>4-8 dage<\/td>\n<\/tr>\n<\/tbody>\n<\/table>\n<\/div>\n<\/div>\n<\/div>\n<\/div>\n<div id=\"col-429512057\" class=\"col medium-6 small-12 large-6\"><\/div>\n<\/div>\n<\/div>\n\t\t\n<style>\n#text-802573296 {\n  text-align: left;\n}\n<\/style>\n\t<\/div>\n\t\n<div class=\"row align-middle\"  id=\"row-865568059\">\n\n\t<div id=\"col-53989552\" class=\"col small-12 large-12\"  >\n\t\t\t\t<div class=\"col-inner text-center\"  >\n\t\t\t\n\t\t\t\n<a href=\"https:\/\/aiviouvapes.com\/da\/shop\/\" class=\"button primary is-shade is-larger box-shadow-4 box-shadow-5-hover\" style=\"border-radius:10px;\">\n\t\t<span>K\u00f8b nu<\/span>\n\t<\/a>\n\n\t\t<\/div>\n\t\t\t\t\n<style>\n#col-53989552 > .col-inner {\n  padding: 20px 0px 0px 0px;\n}\n<\/style>\n\t<\/div>\n\n\t\n<\/div>","protected":false},"excerpt":{"rendered":"","protected":false},"author":1,"featured_media":0,"parent":0,"menu_order":0,"comment_status":"closed","ping_status":"closed","template":"page-blank-title-center.php","meta":{"footnotes":""},"class_list":["post-9111","page","type-page","status-publish","hentry"],"jetpack_sharing_enabled":true,"_links":{"self":[{"href":"https:\/\/aiviouvapes.com\/da\/wp-json\/wp\/v2\/pages\/9111","targetHints":{"allow":["GET"]}}],"collection":[{"href":"https:\/\/aiviouvapes.com\/da\/wp-json\/wp\/v2\/pages"}],"about":[{"href":"https:\/\/aiviouvapes.com\/da\/wp-json\/wp\/v2\/types\/page"}],"author":[{"embeddable":true,"href":"https:\/\/aiviouvapes.com\/da\/wp-json\/wp\/v2\/users\/1"}],"replies":[{"embeddable":true,"href":"https:\/\/aiviouvapes.com\/da\/wp-json\/wp\/v2\/comments?post=9111"}],"version-history":[{"count":0,"href":"https:\/\/aiviouvapes.com\/da\/wp-json\/wp\/v2\/pages\/9111\/revisions"}],"wp:attachment":[{"href":"https:\/\/aiviouvapes.com\/da\/wp-json\/wp\/v2\/media?parent=9111"}],"curies":[{"name":"wp","href":"https:\/\/api.w.org\/{rel}","templated":true}]}}