{"id":9090,"date":"2024-08-21T10:29:18","date_gmt":"2024-08-21T10:29:18","guid":{"rendered":"https:\/\/aiviouvapes.com\/?page_id=9090"},"modified":"2024-12-02T19:43:21","modified_gmt":"2024-12-02T11:43:21","slug":"faqs","status":"publish","type":"page","link":"https:\/\/aiviouvapes.com\/da\/faqs\/","title":{"rendered":"Ofte stillede sp\u00f8rgsm\u00e5l"},"content":{"rendered":"<div class=\"container section-title-container\" ><h3 class=\"section-title section-title-center\"><b aria-hidden=\"true\"><\/b><span class=\"section-title-main\" >Ofte stillede sp\u00f8rgsm\u00e5l<\/span><b aria-hidden=\"true\"><\/b><\/h3><\/div>\n\t<div id=\"text-2313902060\" class=\"text\">\n\t\t\n<h3 class=\"accordion_title\">Betaling<\/h3>\n\t\t\n<style>\n#text-2313902060 {\n  font-size: 1.3rem;\n  line-height: 0.75;\n}\n<\/style>\n\t<\/div>\n\t\n<div class=\"accordion\">\n\t<div id=\"accordion-1487864612\" class=\"accordion-item\">\n\t\t<a id=\"accordion-1487864612-label\" class=\"accordion-title plain\" href=\"#accordion-item-which-payment-methods-do-you-accept?\" aria-expanded=\"false\" aria-controls=\"accordion-1487864612-content\">\n\t\t\t<button class=\"toggle\" aria-label=\"Sl\u00e5 til\/fra\"><i class=\"icon-angle-down\" aria-hidden=\"true\"><\/i><\/button>\n\t\t\t<span>Hvilke betalingsmetoder accepterer du?<\/span>\n\t\t<\/a>\n\t\t<div id=\"accordion-1487864612-content\" class=\"accordion-inner\" aria-labelledby=\"accordion-1487864612-label\">\n\t\t\t\n<p>Vi accepterer forskellige betalingsmetoder, herunder kreditkort, PayPal, SEPA, kryptovaluta og meget mere. Du kan se de tilg\u00e6ngelige betalingsmuligheder p\u00e5 betalingssiden.<\/p>\n\t\t<\/div>\n\t<\/div>\n\t\n\t<div id=\"accordion-3850359806\" class=\"accordion-item\">\n\t\t<a id=\"accordion-3850359806-label\" class=\"accordion-title plain\" href=\"#accordion-item-why-was-my-payment-declined?\" aria-expanded=\"false\" aria-controls=\"accordion-3850359806-content\">\n\t\t\t<button class=\"toggle\" aria-label=\"Sl\u00e5 til\/fra\"><i class=\"icon-angle-down\" aria-hidden=\"true\"><\/i><\/button>\n\t\t\t<span>Hvorfor blev min betaling afvist?<\/span>\n\t\t<\/a>\n\t\t<div id=\"accordion-3850359806-content\" class=\"accordion-inner\" aria-labelledby=\"accordion-3850359806-label\">\n\t\t\t\n<div>\n<div>Betalinger kan blive afvist af forskellige \u00e5rsager, f.eks. forkerte kreditkortoplysninger, utilstr\u00e6kkelige midler eller problemer med betalingsudbyderen. S\u00f8rg for, at de betalingsoplysninger, du giver, er korrekte, eller kontakt din betalingsudbyder for at l\u00f8se problemet.<\/div>\n<\/div>\n\t\t<\/div>\n\t<\/div>\n\t\n\t<div id=\"accordion-3853112124\" class=\"accordion-item\">\n\t\t<a id=\"accordion-3853112124-label\" class=\"accordion-title plain\" href=\"#accordion-item-how-can-i-obtain-an-invoice?\" aria-expanded=\"false\" aria-controls=\"accordion-3853112124-content\">\n\t\t\t<button class=\"toggle\" aria-label=\"Sl\u00e5 til\/fra\"><i class=\"icon-angle-down\" aria-hidden=\"true\"><\/i><\/button>\n\t\t\t<span>Hvordan kan jeg f\u00e5 en faktura?<\/span>\n\t\t<\/a>\n\t\t<div id=\"accordion-3853112124-content\" class=\"accordion-inner\" aria-labelledby=\"accordion-3853112124-label\">\n\t\t\t\n<div>\n<div>Du kan anmode om en faktura under checkout, s\u00e5 sender vi den til dig via e-mail.<\/div>\n<\/div>\n\t\t<\/div>\n\t<\/div>\n\t\n\t<div id=\"accordion-59667961\" class=\"accordion-item\">\n\t\t<a id=\"accordion-59667961-label\" class=\"accordion-title plain\" href=\"#accordion-item-do-you-offer-cash-on-delivery-(cod)-payment-option?\" aria-expanded=\"false\" aria-controls=\"accordion-59667961-content\">\n\t\t\t<button class=\"toggle\" aria-label=\"Sl\u00e5 til\/fra\"><i class=\"icon-angle-down\" aria-hidden=\"true\"><\/i><\/button>\n\t\t\t<span>Tilbyder du betaling pr. efterkrav (COD)?<\/span>\n\t\t<\/a>\n\t\t<div id=\"accordion-59667961-content\" class=\"accordion-inner\" aria-labelledby=\"accordion-59667961-label\">\n\t\t\t\n<div>\n<div>Vi tilbyder ikke kontant betaling ved levering. Du skal bruge online betalingsmetoder, n\u00e5r du afgiver en ordre.<\/div>\n<\/div>\n\t\t<\/div>\n\t<\/div>\n\t\n\t<div id=\"accordion-2019085904\" class=\"accordion-item\">\n\t\t<a id=\"accordion-2019085904-label\" class=\"accordion-title plain\" href=\"#accordion-item-is-there-an-option-to-enter-a-discount-code-or-gift-card?\" aria-expanded=\"false\" aria-controls=\"accordion-2019085904-content\">\n\t\t\t<button class=\"toggle\" aria-label=\"Sl\u00e5 til\/fra\"><i class=\"icon-angle-down\" aria-hidden=\"true\"><\/i><\/button>\n\t\t\t<span>Er der mulighed for at indtaste en rabatkode eller et gavekort?<\/span>\n\t\t<\/a>\n\t\t<div id=\"accordion-2019085904-content\" class=\"accordion-inner\" aria-labelledby=\"accordion-2019085904-label\">\n\t\t\t\n<div>\n<div>Ja, hvis du har en rabatkode eller et gavekort, kan du indtaste de relevante oplysninger p\u00e5 betalingssiden for at f\u00e5 gl\u00e6de af rabatterne.<\/div>\n<\/div>\n\t\t<\/div>\n\t<\/div>\n\t\n\t<div id=\"accordion-2689393228\" class=\"accordion-item\">\n\t\t<a id=\"accordion-2689393228-label\" class=\"accordion-title plain\" href=\"#accordion-item-is-payment-secure?\" aria-expanded=\"false\" aria-controls=\"accordion-2689393228-content\">\n\t\t\t<button class=\"toggle\" aria-label=\"Sl\u00e5 til\/fra\"><i class=\"icon-angle-down\" aria-hidden=\"true\"><\/i><\/button>\n\t\t\t<span>Er betalingen sikker?<\/span>\n\t\t<\/a>\n\t\t<div id=\"accordion-2689393228-content\" class=\"accordion-inner\" aria-labelledby=\"accordion-2689393228-label\">\n\t\t\t\n<div>\n<div>Vi tr\u00e6ffer flere foranstaltninger for at sikre betalingssikkerheden, herunder krypteringsteknologi og betalingsbehandling i overensstemmelse med PCI-standarder.<\/div>\n<\/div>\n\t\t<\/div>\n\t<\/div>\n\t\n\t<div id=\"accordion-2690602756\" class=\"accordion-item\">\n\t\t<a id=\"accordion-2690602756-label\" class=\"accordion-title plain\" href=\"#accordion-item-how-can-i-receive-an-order-confirmation-after-making-a-payment?\" aria-expanded=\"false\" aria-controls=\"accordion-2690602756-content\">\n\t\t\t<button class=\"toggle\" aria-label=\"Sl\u00e5 til\/fra\"><i class=\"icon-angle-down\" aria-hidden=\"true\"><\/i><\/button>\n\t\t\t<span>Hvordan kan jeg modtage en ordrebekr\u00e6ftelse efter en betaling?<\/span>\n\t\t<\/a>\n\t\t<div id=\"accordion-2690602756-content\" class=\"accordion-inner\" aria-labelledby=\"accordion-2690602756-label\">\n\t\t\t\n<div>\n<div>Du modtager en e-mail med ordrebekr\u00e6ftelse umiddelbart efter en vellykket betaling, som indeholder detaljerede ordreoplysninger.<\/div>\n<\/div>\n\t\t<\/div>\n\t<\/div>\n\t\n\t<div id=\"accordion-1870692987\" class=\"accordion-item\">\n\t\t<a id=\"accordion-1870692987-label\" class=\"accordion-title plain\" href=\"#accordion-item-how-can-i-request-a-refund?\" aria-expanded=\"false\" aria-controls=\"accordion-1870692987-content\">\n\t\t\t<button class=\"toggle\" aria-label=\"Sl\u00e5 til\/fra\"><i class=\"icon-angle-down\" aria-hidden=\"true\"><\/i><\/button>\n\t\t\t<span>Hvordan kan jeg anmode om tilbagebetaling?<\/span>\n\t\t<\/a>\n\t\t<div id=\"accordion-1870692987-content\" class=\"accordion-inner\" aria-labelledby=\"accordion-1870692987-label\">\n\t\t\t\n<div>\n<div>Hvis du har brug for en refusion, bedes du kontakte vores kundesupportteam og oplyse ordreoplysningerne. Vi vil hj\u00e6lpe dig med at behandle anmodninger om tilbagebetaling i overensstemmelse med vores tilbagebetalingspolitik.<\/div>\n<\/div>\n\t\t<\/div>\n\t<\/div>\n\t\n\t<div id=\"accordion-1538755477\" class=\"accordion-item\">\n\t\t<a id=\"accordion-1538755477-label\" class=\"accordion-title plain\" href=\"#accordion-item-how-can-i-view-my-order-history-after-making-a-payment?\" aria-expanded=\"false\" aria-controls=\"accordion-1538755477-content\">\n\t\t\t<button class=\"toggle\" aria-label=\"Sl\u00e5 til\/fra\"><i class=\"icon-angle-down\" aria-hidden=\"true\"><\/i><\/button>\n\t\t\t<span>Hvordan kan jeg se min ordrehistorik, n\u00e5r jeg har foretaget en betaling?<\/span>\n\t\t<\/a>\n\t\t<div id=\"accordion-1538755477-content\" class=\"accordion-inner\" aria-labelledby=\"accordion-1538755477-label\">\n\t\t\t\n<div>\n<div>Log ind p\u00e5 din konto, og g\u00e5 til siden \"Min konto\". I afsnittet om ordrehistorik kan du se betalingsoplysninger og ordrestatus for tidligere ordrer.<\/div>\n<\/div>\n\t\t<\/div>\n\t<\/div>\n\t\n<\/div>\n\t<div id=\"text-3633434071\" class=\"text\">\n\t\t\n<h3 class=\"accordion_title\">Forsendelse<\/h3>\n\t\t\n<style>\n#text-3633434071 {\n  font-size: 1.3rem;\n  line-height: 0.75;\n}\n<\/style>\n\t<\/div>\n\t\n<div class=\"accordion\">\n\t<div id=\"accordion-1149522687\" class=\"accordion-item\">\n\t\t<a id=\"accordion-1149522687-label\" class=\"accordion-title plain\" href=\"#accordion-item-what&#039;s-the-shipping-policy?\" aria-expanded=\"false\" aria-controls=\"accordion-1149522687-content\">\n\t\t\t<button class=\"toggle\" aria-label=\"Sl\u00e5 til\/fra\"><i class=\"icon-angle-down\" aria-hidden=\"true\"><\/i><\/button>\n\t\t\t<span>Hvad er forsendelsespolitikken?<\/span>\n\t\t<\/a>\n\t\t<div id=\"accordion-1149522687-content\" class=\"accordion-inner\" aria-labelledby=\"accordion-1149522687-label\">\n\t\t\t\n<p>Lande, som vi kan sende til\u00a0<strong>DDP<\/strong>\u00a0(<strong>Leveringsafgift betalt<\/strong>) Metoden kr\u00e6ver ikke, at du foretager fortoldning, og der er ingen afgifter for dig.<\/p>\n<ul>\n<li>USA - UPS Express (undtagen Alaska og Hawaii)<\/li>\n<li>Storbritannien - Lokal DPD Express<\/li>\n<li>Europa - UPS Express\/ DPD Express\/ DHL Express<\/li>\n<\/ul>\n<p>Landelister for Europa DDP-metoden: Tyskland, Belgien, Luxembourg, Holland, Tjekkiet, Polen, Kroatien, Slovakiet, Slovenien, Finland, Sverige, \u00d8strig, Frankrig, Italien, Ungarn, Bulgarien, Litauen, Estland, Letland, Gr\u00e6kenland, Irland, Portugal, Spanien.<\/p>\n<p>Forsendelser til europ\u00e6iske lande med undtagelse af Storbritannien vil blive clearet i Tyskland og sendt til andre europ\u00e6iske lande fra Tyskland.<\/p>\n<ul>\n<li>UAE (kun Dubai)<\/li>\n<li>Sydafrika<\/li>\n<li>Vietnam<\/li>\n<li>Vestmalaysia (undtagen Kalimantan-\u00f8en)<\/li>\n<\/ul>\n<figure class=\"wp-block-table\"><strong>Leveringstider for specifikke lande:<\/strong><\/p>\n<table>\n<thead>\n<tr>\n<th>LAND<\/th>\n<th>FORSENDELSESMETODE<\/th>\n<th>FORSENDELSESTID<\/th>\n<\/tr>\n<\/thead>\n<tbody>\n<tr>\n<td>USA<\/td>\n<td>Lokal UPS Ground<\/td>\n<td>10-15 dage<\/td>\n<\/tr>\n<tr>\n<td>STORBRITANNIEN<\/td>\n<td>Lokal DPD Express<\/td>\n<td>7-12 dage<\/td>\n<\/tr>\n<tr>\n<td>Tyskland<\/td>\n<td>UPS\/DPD\/DHL Tyskland<\/td>\n<td>8-13 dage<\/td>\n<\/tr>\n<tr>\n<td>Frankrig<\/td>\n<td>UPS\/DPD\/DHL Tyskland<\/td>\n<td>8-13 dage<\/td>\n<\/tr>\n<tr>\n<td>Belgien<\/td>\n<td>UPS\/DPD\/DHL Tyskland<\/td>\n<td>8-13 dage<\/td>\n<\/tr>\n<tr>\n<td>Luxembourg<\/td>\n<td>UPS\/DPD\/DHL Tyskland<\/td>\n<td>8-13 dage<\/td>\n<\/tr>\n<tr>\n<td>Holland<\/td>\n<td>UPS\/DPD\/DHL Tyskland<\/td>\n<td>8-13 dage<\/td>\n<\/tr>\n<tr>\n<td>Tjekkiet<\/td>\n<td>UPS\/DPD\/DHL Tyskland<\/td>\n<td>8-13 dage<\/td>\n<\/tr>\n<tr>\n<td>Polen<\/td>\n<td>UPS\/DPD\/DHL Tyskland<\/td>\n<td>8-13 dage<\/td>\n<\/tr>\n<tr>\n<td>Kroatien<\/td>\n<td>UPS\/DPD\/DHL Tyskland<\/td>\n<td>8-13 dage<\/td>\n<\/tr>\n<tr>\n<td>Slovakiet<\/td>\n<td>UPS\/DPD\/DHL Tyskland<\/td>\n<td>8-13 dage<\/td>\n<\/tr>\n<tr>\n<td>Slovenien<\/td>\n<td>UPS\/DPD\/DHL Tyskland<\/td>\n<td>8-13 dage<\/td>\n<\/tr>\n<tr>\n<td>Finland<\/td>\n<td>UPS\/DPD\/DHL Tyskland<\/td>\n<td>8-13 dage<\/td>\n<\/tr>\n<tr>\n<td>Danmark<\/td>\n<td>UPS\/DPD\/DHL Tyskland<\/td>\n<td>8-13 dage<\/td>\n<\/tr>\n<tr>\n<td>Sverige<\/td>\n<td>UPS\/DPD\/DHL Tyskland<\/td>\n<td>8-13 dage<\/td>\n<\/tr>\n<tr>\n<td>\u00d8strig<\/td>\n<td>UPS\/DPD\/DHL Tyskland<\/td>\n<td>8-13 dage<\/td>\n<\/tr>\n<tr>\n<td>Italien<\/td>\n<td>UPS\/DPD\/DHL Tyskland<\/td>\n<td>8-13 dage<\/td>\n<\/tr>\n<tr>\n<td>Ungarn<\/td>\n<td>UPS\/DPD\/DHL Tyskland<\/td>\n<td>8-13 dage<\/td>\n<\/tr>\n<tr>\n<td>Litauen<\/td>\n<td>UPS\/DPD\/DHL Tyskland<\/td>\n<td>8-13 dage<\/td>\n<\/tr>\n<tr>\n<td>Estland<\/td>\n<td>UPS\/DPD\/DHL Tyskland<\/td>\n<td>8-13 dage<\/td>\n<\/tr>\n<tr>\n<td>Letland<\/td>\n<td>UPS\/DPD\/DHL Tyskland<\/td>\n<td>8-13 dage<\/td>\n<\/tr>\n<tr>\n<td>Gr\u00e6kenland<\/td>\n<td>UPS\/DPD\/DHL Tyskland<\/td>\n<td>8-13 dage<\/td>\n<\/tr>\n<tr>\n<td>Irland<\/td>\n<td>UPS\/DPD\/DHL Tyskland<\/td>\n<td>8-13 dage<\/td>\n<\/tr>\n<tr>\n<td>Portugal<\/td>\n<td>UPS\/DPD\/DHL Tyskland<\/td>\n<td>8-13 dage<\/td>\n<\/tr>\n<tr>\n<td>Spanien<\/td>\n<td>UPS\/DPD\/DHL Tyskland<\/td>\n<td>8-13 dage<\/td>\n<\/tr>\n<tr>\n<td>UAE (Dubai)<\/td>\n<td>Dubai dedikeret linje<\/td>\n<td>12-18 dage<\/td>\n<\/tr>\n<tr>\n<td>Sydafrika<\/td>\n<td>Sydafrika dedikeret linje<\/td>\n<td>15-25 dage<\/td>\n<\/tr>\n<tr>\n<td>Vietnam<\/td>\n<td>Vietnams dedikerede linje<\/td>\n<td>3-5 dage<\/td>\n<\/tr>\n<tr>\n<td>Vestmalaysia<\/td>\n<td>Malaysia dedikeret linje<\/td>\n<td>4-8 dage<\/td>\n<\/tr>\n<\/tbody>\n<\/table>\n<\/figure>\n<p>Andre lande<br \/>\nBortset fra de lande, der er n\u00e6vnt ovenfor, skal du\u00a0<strong>foretage fortoldning<\/strong>\u00a0og\u00a0<strong>betale told<\/strong>\u00a0n\u00e5r pakken ankom til din told, med hensyn til hvor meget skat du skal betale, bedes du sp\u00f8rge lokale toldmyndigheder for detaljer.<\/p>\n<p>Dine toldmyndigheder kan kr\u00e6ve, at du leverer\u00a0<strong>Erhvervslicens<\/strong>\u00a0ogs\u00e5. (hvis nogen)<\/p>\n\t\t<\/div>\n\t<\/div>\n\t\n\t<div id=\"accordion-4188993359\" class=\"accordion-item\">\n\t\t<a id=\"accordion-4188993359-label\" class=\"accordion-title plain\" href=\"#accordion-item-how-are-shipping-costs-calculated?\" aria-expanded=\"false\" aria-controls=\"accordion-4188993359-content\">\n\t\t\t<button class=\"toggle\" aria-label=\"Sl\u00e5 til\/fra\"><i class=\"icon-angle-down\" aria-hidden=\"true\"><\/i><\/button>\n\t\t\t<span>Hvordan beregnes forsendelsesomkostningerne?<\/span>\n\t\t<\/a>\n\t\t<div id=\"accordion-4188993359-content\" class=\"accordion-inner\" aria-labelledby=\"accordion-4188993359-label\">\n\t\t\t\n<div>\n<div>Forsendelsesomkostningerne beregnes typisk ud fra varernes v\u00e6gt, forsendelsesdestinationen og den valgte forsendelsesmetode. Du kan se forsendelsesomkostningerne under checkout.<\/div>\n<\/div>\n\t\t<\/div>\n\t<\/div>\n\t\n\t<div id=\"accordion-2363185796\" class=\"accordion-item\">\n\t\t<a id=\"accordion-2363185796-label\" class=\"accordion-title plain\" href=\"#accordion-item-what-should-i-do-if-my-package-is-lost-or-delayed?\" aria-expanded=\"false\" aria-controls=\"accordion-2363185796-content\">\n\t\t\t<button class=\"toggle\" aria-label=\"Sl\u00e5 til\/fra\"><i class=\"icon-angle-down\" aria-hidden=\"true\"><\/i><\/button>\n\t\t\t<span>Hvad skal jeg g\u00f8re, hvis min pakke g\u00e5r tabt eller bliver forsinket?<\/span>\n\t\t<\/a>\n\t\t<div id=\"accordion-2363185796-content\" class=\"accordion-inner\" aria-labelledby=\"accordion-2363185796-label\">\n\t\t\t\n<div>\n<div>Hvis din pakke g\u00e5r tabt eller er v\u00e6sentligt forsinket, bedes du kontakte vores kundesupportteam. Vi vil unders\u00f8ge og hj\u00e6lpe med at l\u00f8se problemet.<\/div>\n<\/div>\n\t\t<\/div>\n\t<\/div>\n\t\n\t<div id=\"accordion-3812379348\" class=\"accordion-item\">\n\t\t<a id=\"accordion-3812379348-label\" class=\"accordion-title plain\" href=\"#accordion-item-how-can-i-track-my-order?\" aria-expanded=\"false\" aria-controls=\"accordion-3812379348-content\">\n\t\t\t<button class=\"toggle\" aria-label=\"Sl\u00e5 til\/fra\"><i class=\"icon-angle-down\" aria-hidden=\"true\"><\/i><\/button>\n\t\t\t<span>Hvordan kan jeg spore min ordre?<\/span>\n\t\t<\/a>\n\t\t<div id=\"accordion-3812379348-content\" class=\"accordion-inner\" aria-labelledby=\"accordion-3812379348-label\">\n\t\t\t\n<div>\n<div>Du kan spore din ordre ved at logge ind p\u00e5 din konto og g\u00e5 til afsnittet \"Ordrehistorik\". Vi sender ogs\u00e5 oplysninger om ordresporing via e-mail.<\/div>\n<\/div>\n\t\t<\/div>\n\t<\/div>\n\t\n\t<div id=\"accordion-1556141217\" class=\"accordion-item\">\n\t\t<a id=\"accordion-1556141217-label\" class=\"accordion-title plain\" href=\"#accordion-item-do-i-need-to-pay-customs-duties?\" aria-expanded=\"false\" aria-controls=\"accordion-1556141217-content\">\n\t\t\t<button class=\"toggle\" aria-label=\"Sl\u00e5 til\/fra\"><i class=\"icon-angle-down\" aria-hidden=\"true\"><\/i><\/button>\n\t\t\t<span>Skal jeg betale told?<\/span>\n\t\t<\/a>\n\t\t<div id=\"accordion-1556141217-content\" class=\"accordion-inner\" aria-labelledby=\"accordion-1556141217-label\">\n\t\t\t\n<div>\n<div>Ikke p\u00e5kr\u00e6vet indtil videre, undtagen i Canada og Danmark.<\/div>\n<\/div>\n\t\t<\/div>\n\t<\/div>\n\t\n\t<div id=\"accordion-604744444\" class=\"accordion-item\">\n\t\t<a id=\"accordion-604744444-label\" class=\"accordion-title plain\" href=\"#accordion-item-what-is-the-estimated-shipping-time?\" aria-expanded=\"false\" aria-controls=\"accordion-604744444-content\">\n\t\t\t<button class=\"toggle\" aria-label=\"Sl\u00e5 til\/fra\"><i class=\"icon-angle-down\" aria-hidden=\"true\"><\/i><\/button>\n\t\t\t<span>Hvad er den ansl\u00e5ede leveringstid?<\/span>\n\t\t<\/a>\n\t\t<div id=\"accordion-604744444-content\" class=\"accordion-inner\" aria-labelledby=\"accordion-604744444-label\">\n\t\t\t\n<div>\n<div>Afh\u00e6ngigt af produktet er lagertiden 1-5 dage, og leveringstiden er 7-15 dage.<\/div>\n<\/div>\n\t\t<\/div>\n\t<\/div>\n\t\n<\/div>\n\t<div id=\"text-17698007\" class=\"text\">\n\t\t\n<div>\n<h3>Sikkerhed<\/h3>\n<\/div>\n\t\t\n<style>\n#text-17698007 {\n  font-size: 1.3rem;\n  line-height: 0.75;\n}\n<\/style>\n\t<\/div>\n\t\n<div class=\"accordion\">\n\t<div id=\"accordion-3089204571\" class=\"accordion-item\">\n\t\t<a id=\"accordion-3089204571-label\" class=\"accordion-title plain\" href=\"#accordion-item-how-is-website-security-ensured?\" aria-expanded=\"false\" aria-controls=\"accordion-3089204571-content\">\n\t\t\t<button class=\"toggle\" aria-label=\"Sl\u00e5 til\/fra\"><i class=\"icon-angle-down\" aria-hidden=\"true\"><\/i><\/button>\n\t\t\t<span>Hvordan sikres hjemmesidens sikkerhed?<\/span>\n\t\t<\/a>\n\t\t<div id=\"accordion-3089204571-content\" class=\"accordion-inner\" aria-labelledby=\"accordion-3089204571-label\">\n\t\t\t\n<div>\n<div>Vi anvender flere lag af sikkerhedsforanstaltninger for at beskytte dine data og transaktioner, herunder datakryptering, firewalls og regelm\u00e6ssige sikkerhedsrevisioner.<\/div>\n<\/div>\n\t\t<\/div>\n\t<\/div>\n\t\n\t<div id=\"accordion-946395882\" class=\"accordion-item\">\n\t\t<a id=\"accordion-946395882-label\" class=\"accordion-title plain\" href=\"#accordion-item-how-is-my-personal-information-safeguarded?\" aria-expanded=\"false\" aria-controls=\"accordion-946395882-content\">\n\t\t\t<button class=\"toggle\" aria-label=\"Sl\u00e5 til\/fra\"><i class=\"icon-angle-down\" aria-hidden=\"true\"><\/i><\/button>\n\t\t\t<span>Hvordan beskyttes mine personlige oplysninger?<\/span>\n\t\t<\/a>\n\t\t<div id=\"accordion-946395882-content\" class=\"accordion-inner\" aria-labelledby=\"accordion-946395882-label\">\n\t\t\t\n<div>\n<div>Vi overholder n\u00f8je vores privatlivspolitik og s\u00e6lger eller deler ikke dine personlige oplysninger. Dine oplysninger bruges udelukkende til ordrebehandling og til at yde kundesupport.<\/div>\n<\/div>\n\t\t<\/div>\n\t<\/div>\n\t\n\t<div id=\"accordion-2245143245\" class=\"accordion-item\">\n\t\t<a id=\"accordion-2245143245-label\" class=\"accordion-title plain\" href=\"#accordion-item-is-payment-information-secure?\" aria-expanded=\"false\" aria-controls=\"accordion-2245143245-content\">\n\t\t\t<button class=\"toggle\" aria-label=\"Sl\u00e5 til\/fra\"><i class=\"icon-angle-down\" aria-hidden=\"true\"><\/i><\/button>\n\t\t\t<span>Er betalingsoplysningerne sikre?<\/span>\n\t\t<\/a>\n\t\t<div id=\"accordion-2245143245-content\" class=\"accordion-inner\" aria-labelledby=\"accordion-2245143245-label\">\n\t\t\t\n<div>\n<div>Vi bruger et sikkert betalingsbehandlingssystem, der overholder PCI-standarderne, for at sikre dine betalingsoplysninger.<\/div>\n<\/div>\n\t\t<\/div>\n\t<\/div>\n\t\n\t<div id=\"accordion-2462120914\" class=\"accordion-item\">\n\t\t<a id=\"accordion-2462120914-label\" class=\"accordion-title plain\" href=\"#accordion-item-how-can-i-create-a-strong-password?\" aria-expanded=\"false\" aria-controls=\"accordion-2462120914-content\">\n\t\t\t<button class=\"toggle\" aria-label=\"Sl\u00e5 til\/fra\"><i class=\"icon-angle-down\" aria-hidden=\"true\"><\/i><\/button>\n\t\t\t<span>Hvordan kan jeg lave en st\u00e6rk adgangskode?<\/span>\n\t\t<\/a>\n\t\t<div id=\"accordion-2462120914-content\" class=\"accordion-inner\" aria-labelledby=\"accordion-2462120914-label\">\n\t\t\t\n<div>\n<div>En st\u00e6rk adgangskode best\u00e5r af en kombination af bogstaver, tal og specialtegn, og man skal undg\u00e5 oplysninger, der er lette at g\u00e6tte, som f.eks. f\u00f8dselsdage. At \u00e6ndre din adgangskode regelm\u00e6ssigt er ogs\u00e5 en m\u00e5de at forbedre sikkerheden p\u00e5.<\/div>\n<\/div>\n\t\t<\/div>\n\t<\/div>\n\t\n\t<div id=\"accordion-2582953360\" class=\"accordion-item\">\n\t\t<a id=\"accordion-2582953360-label\" class=\"accordion-title plain\" href=\"#accordion-item-how-can-i-verify-the-authenticity-of-the-website?\" aria-expanded=\"false\" aria-controls=\"accordion-2582953360-content\">\n\t\t\t<button class=\"toggle\" aria-label=\"Sl\u00e5 til\/fra\"><i class=\"icon-angle-down\" aria-hidden=\"true\"><\/i><\/button>\n\t\t\t<span>Hvordan kan jeg bekr\u00e6fte hjemmesidens \u00e6gthed?<\/span>\n\t\t<\/a>\n\t\t<div id=\"accordion-2582953360-content\" class=\"accordion-inner\" aria-labelledby=\"accordion-2582953360-label\">\n\t\t\t\n<div>\n<div>Tjek hjemmesidens URL for at sikre, at den matcher den officielle hjemmeside. Se ogs\u00e5 efter SSL-certifikatet, som b\u00f8r indikere, at webstedet er sikkert.<\/div>\n<\/div>\n\t\t<\/div>\n\t<\/div>\n\t\n\t<div id=\"accordion-1460466832\" class=\"accordion-item\">\n\t\t<a id=\"accordion-1460466832-label\" class=\"accordion-title plain\" href=\"#accordion-item-how-do-i-report-suspicious-activity?\" aria-expanded=\"false\" aria-controls=\"accordion-1460466832-content\">\n\t\t\t<button class=\"toggle\" aria-label=\"Sl\u00e5 til\/fra\"><i class=\"icon-angle-down\" aria-hidden=\"true\"><\/i><\/button>\n\t\t\t<span>Hvordan rapporterer jeg mist\u00e6nkelig aktivitet?<\/span>\n\t\t<\/a>\n\t\t<div id=\"accordion-1460466832-content\" class=\"accordion-inner\" aria-labelledby=\"accordion-1460466832-label\">\n\t\t\t\n<div>\n<div>Hvis du oplever mist\u00e6nkelig aktivitet eller sikkerhedsproblemer, bedes du straks kontakte vores kundesupport. Vi vil unders\u00f8ge sagen og tr\u00e6ffe de n\u00f8dvendige foranstaltninger.<\/div>\n<\/div>\n\t\t<\/div>\n\t<\/div>\n\t\n\t<div id=\"accordion-3933700903\" class=\"accordion-item\">\n\t\t<a id=\"accordion-3933700903-label\" class=\"accordion-title plain\" href=\"#accordion-item-are-there-anti-phishing-measures-in-place?\" aria-expanded=\"false\" aria-controls=\"accordion-3933700903-content\">\n\t\t\t<button class=\"toggle\" aria-label=\"Sl\u00e5 til\/fra\"><i class=\"icon-angle-down\" aria-hidden=\"true\"><\/i><\/button>\n\t\t\t<span>Er der anti-phishing-foranstaltninger p\u00e5 plads?<\/span>\n\t\t<\/a>\n\t\t<div id=\"accordion-3933700903-content\" class=\"accordion-inner\" aria-labelledby=\"accordion-3933700903-label\">\n\t\t\t\n<div>\n<div>Ja, vi har implementeret anti-phishing-foranstaltninger for at hj\u00e6lpe med at forhindre svigagtige aktiviteter p\u00e5 ondsindede websteder og e-mails.<\/div>\n<\/div>\n\t\t<\/div>\n\t<\/div>\n\t\n<\/div>\n\t<div id=\"text-3554374845\" class=\"text\">\n\t\t\n<div>\n<h3>Returneringer<\/h3>\n<\/div>\n\t\t\n<style>\n#text-3554374845 {\n  font-size: 1.3rem;\n  line-height: 0.75;\n}\n<\/style>\n\t<\/div>\n\t\n<div class=\"accordion\">\n\t<div id=\"accordion-3846724205\" class=\"accordion-item\">\n\t\t<a id=\"accordion-3846724205-label\" class=\"accordion-title plain\" href=\"#accordion-item-i-would-like-to-change-my-ordered-items.-what-should-i-do?\" aria-expanded=\"false\" aria-controls=\"accordion-3846724205-content\">\n\t\t\t<button class=\"toggle\" aria-label=\"Sl\u00e5 til\/fra\"><i class=\"icon-angle-down\" aria-hidden=\"true\"><\/i><\/button>\n\t\t\t<span>Jeg vil gerne \u00e6ndre mine bestilte varer. Hvad skal jeg g\u00f8re?<\/span>\n\t\t<\/a>\n\t\t<div id=\"accordion-3846724205-content\" class=\"accordion-inner\" aria-labelledby=\"accordion-3846724205-label\">\n\t\t\t\n<div>\n<div>Du kan \u00e6ndre din ordre senest kl. 23.00 (PDT -7 GMT) samme dag, som ordren blev afgivet. Kontakt os p\u00e5 support@aiviouvapes.com for at anmode om \u00e6ndringer.<\/div>\n<\/div>\n\t\t<\/div>\n\t<\/div>\n\t\n\t<div id=\"accordion-899736269\" class=\"accordion-item\">\n\t\t<a id=\"accordion-899736269-label\" class=\"accordion-title plain\" href=\"#accordion-item-how-do-i-return-a-product?\" aria-expanded=\"false\" aria-controls=\"accordion-899736269-content\">\n\t\t\t<button class=\"toggle\" aria-label=\"Sl\u00e5 til\/fra\"><i class=\"icon-angle-down\" aria-hidden=\"true\"><\/i><\/button>\n\t\t\t<span>Hvordan returnerer jeg et produkt?<\/span>\n\t\t<\/a>\n\t\t<div id=\"accordion-899736269-content\" class=\"accordion-inner\" aria-labelledby=\"accordion-899736269-label\">\n\t\t\t\n<p>Vi har 15 dages returret, s\u00e5 du kan anmode om at returnere din vare inden for 15 dage efter, at du har modtaget den.<\/p>\n<p>For at v\u00e6re berettiget til returnering skal din vare v\u00e6re i samme stand, som da du modtog den, ubrugt eller ubrugt, med m\u00e6rker og i den originale emballage. Du skal ogs\u00e5 bruge kvitteringen eller k\u00f8bsbeviset.<\/p>\n<p>For at starte en returnering skal du kontakte os p\u00e5 support@aiviouvapes.com. Hvis din returnering accepteres, vil vi give dig en returforsendelsesetiket og instruktioner om, hvordan og hvor du skal sende din pakke. Varer, der sendes tilbage til os uden forudg\u00e5ende anmodning om returnering, vil ikke blive accepteret.<\/p>\n<p>Du er velkommen til at kontakte os p\u00e5 support@aiviouvapes.com, hvis du har sp\u00f8rgsm\u00e5l om returnering.<\/p>\n\t\t<\/div>\n\t<\/div>\n\t\n<\/div>\n<div class=\"row align-middle\"  id=\"row-1365266581\">\n\n\t<div id=\"col-1590533900\" class=\"col small-12 large-12\"  >\n\t\t\t\t<div class=\"col-inner text-center\"  >\n\t\t\t\n\t\t\t\n<a href=\"https:\/\/aiviouvapes.com\/da\/shop\/\" class=\"button primary is-shade is-larger box-shadow-4 box-shadow-5-hover\" style=\"border-radius:10px;\">\n\t\t<span>K\u00f8b nu<\/span>\n\t<\/a>\n\n\t\t<\/div>\n\t\t\t\t\n<style>\n#col-1590533900 > .col-inner {\n  padding: 20px 0px 0px 0px;\n}\n<\/style>\n\t<\/div>\n\n\t\n<\/div>","protected":false},"excerpt":{"rendered":"","protected":false},"author":1,"featured_media":0,"parent":0,"menu_order":0,"comment_status":"closed","ping_status":"closed","template":"","meta":{"footnotes":""},"class_list":["post-9090","page","type-page","status-publish","hentry"],"jetpack_sharing_enabled":true,"_links":{"self":[{"href":"https:\/\/aiviouvapes.com\/da\/wp-json\/wp\/v2\/pages\/9090","targetHints":{"allow":["GET"]}}],"collection":[{"href":"https:\/\/aiviouvapes.com\/da\/wp-json\/wp\/v2\/pages"}],"about":[{"href":"https:\/\/aiviouvapes.com\/da\/wp-json\/wp\/v2\/types\/page"}],"author":[{"embeddable":true,"href":"https:\/\/aiviouvapes.com\/da\/wp-json\/wp\/v2\/users\/1"}],"replies":[{"embeddable":true,"href":"https:\/\/aiviouvapes.com\/da\/wp-json\/wp\/v2\/comments?post=9090"}],"version-history":[{"count":0,"href":"https:\/\/aiviouvapes.com\/da\/wp-json\/wp\/v2\/pages\/9090\/revisions"}],"wp:attachment":[{"href":"https:\/\/aiviouvapes.com\/da\/wp-json\/wp\/v2\/media?parent=9090"}],"curies":[{"name":"wp","href":"https:\/\/api.w.org\/{rel}","templated":true}]}}