{"id":5173,"date":"2024-08-21T10:42:43","date_gmt":"2024-08-21T10:42:43","guid":{"rendered":"https:\/\/aiviouvapes.com\/?page_id=5173"},"modified":"2026-02-02T10:25:50","modified_gmt":"2026-02-02T02:25:50","slug":"coupons-offer","status":"publish","type":"page","link":"https:\/\/aiviouvapes.com\/da\/coupons-offer\/","title":{"rendered":"Kuponer og tilbud"},"content":{"rendered":"<div class=\"row\"  id=\"row-1614657091\">\n\n\t<div id=\"col-1599262467\" class=\"col medium-6 small-12 large-6\"  >\n\t\t\t\t<div class=\"col-inner text-center\"  >\n\t\t\t\n\t\t\t\n\t<div id=\"text-2731704462\" class=\"text\">\n\t\t\n<h2>2026 Eksklusiv kuponkode tilg\u00e6ngelig!<\/h2>\n<p>Log ind p\u00e5 din konto og g\u00e5 til kuponkodesiden for at l\u00e5se op for din personlige rabat og begynde at spare i dag.<\/p>\n\t\t\n<style>\n#text-2731704462 {\n  text-align: center;\n}\n<\/style>\n\t<\/div>\n\t\n<a href=\"https:\/\/aiviouvapes.com\/da\/my-account\/smart-coupons\/\" class=\"button primary box-shadow-3 box-shadow-1-hover\" >\n\t\t<span>Se kuponer<\/span>\n\t<\/a>\n\n\t\t<\/div>\n\t\t\t\t\t<\/div>\n\n\t\n\n\t<div id=\"col-511019235\" class=\"col medium-6 small-12 large-6\"  >\n\t\t\t\t<div class=\"col-inner text-center\"  >\n\t\t\t\n\t\t\t\n<div id=\"text-3360396666\" class=\"text\">\n<h2 style=\"text-align: left;\">Engangs-vape-kuponer og -tilbud fra AIVIOU VAPES<\/h2>\n<\/div>\n<p style=\"text-align: left;\">Velkommen til aiviouvapes.com, din ultimative online destination for engangs vape-produkter i topkvalitet. Oplev vores omfattende samling af anerkendte m\u00e6rker, herunder Doloda, Elf Box, Bang King, Al Fakher Vape, Vapeme, Waspe, RandM Tornado, Bang Box og meget mere. S\u00f8rg for at tjekke vores hjemmeside ofte for eksklusive tilbud og specialtilbud, s\u00e5 vi sikrer, at vores enest\u00e5ende vape-produkter forbliver tilg\u00e6ngelige for alle.<\/p>\n<p style=\"text-align: left;\">Vi er professionelle engrosdistribut\u00f8rer af engangsvape. Vores fortjenstmargen er minimal, og vi g\u00f8r en stor indsats ved at tilbyde rabatkuponer og satser p\u00e5 et langsigtet og stabilt partnerskab med vores kunder.<\/p>\n<a href=\"https:\/\/aiviouvapes.com\/da\/shop\/\" class=\"button primary box-shadow-3 box-shadow-1-hover\" >\n\t\t<span>Bestil nu<\/span>\n\t<\/a>\n\n\t\t<\/div>\n\t\t\t\t\t<\/div>\n\n\t\n<\/div>\n\t<div id=\"gap-1269378446\" class=\"gap-element clearfix\" style=\"display:block; height:auto;\">\n\t\t\n<style>\n#gap-1269378446 {\n  padding-top: 30px;\n}\n<\/style>\n\t<\/div>\n\t\n<div class=\"container section-title-container\" ><h3 class=\"section-title section-title-normal\"><b aria-hidden=\"true\"><\/b><span class=\"section-title-main\" >Bibliotek med affiliate-kuponer (til offentlig brug)<\/span><b aria-hidden=\"true\"><\/b><\/h3><\/div>\n<table style=\"width:100%; border-collapse:collapse; font-family:Arial, sans-serif; text-align:left; border:1px solid #ddd;\">\n<thead style=\"background:#f7f7f7;\">\n<tr>\n<th style=\"padding:10px; border:1px solid #ddd;\">\ud83c\udf9f\ufe0f Kuponkode<\/th>\n<th style=\"padding:10px; border:1px solid #ddd;\">\ud83d\udcb0 Rabat<\/th>\n<th style=\"padding:10px; border:1px solid #ddd;\">\ud83d\uded2 Minimumsordre<\/th>\n<th style=\"padding:10px; border:1px solid #ddd;\">\ud83d\udcc5 Gyldig indtil<\/th>\n<th style=\"padding:10px; border:1px solid #ddd;\">\ud83e\udded Beskrivelse<\/th>\n<th style=\"padding:10px; border:1px solid #ddd;\">\ud83d\udce2 Foresl\u00e5et annoncelinje<\/th>\n<\/tr>\n<\/thead>\n<tbody>\n<tr>\n<td style=\"padding:10px; border:1px solid #ddd;\"><b>BULKSAVE300<\/b><\/td>\n<td style=\"padding:10px; border:1px solid #ddd;\">2% OFF<\/td>\n<td style=\"padding:10px; border:1px solid #ddd;\">\u20ac300+<\/td>\n<td style=\"padding:10px; border:1px solid #ddd;\">31. december 2026<\/td>\n<td style=\"padding:10px; border:1px solid #ddd;\">Spar stort, n\u00e5r du bestiller for over 300 euro!<\/td>\n<td style=\"padding:10px; border:1px solid #ddd;\">\ud83d\udcb8 Brug smart, spar mere! F\u00e5 <b>2% OFF<\/b> ordrer over 300 euro.<\/td>\n<\/tr>\n<tr>\n<td style=\"padding:10px; border:1px solid #ddd;\"><b>BULKSAVE<\/b><\/td>\n<td style=\"padding:10px; border:1px solid #ddd;\">3% OFF<\/td>\n<td style=\"padding:10px; border:1px solid #ddd;\">\u20ac500+<\/td>\n<td style=\"padding:10px; border:1px solid #ddd;\">31. december 2026<\/td>\n<td style=\"padding:10px; border:1px solid #ddd;\">Nyd st\u00f8rre besparelser p\u00e5 ordrer over \u20ac500!<\/td>\n<td style=\"padding:10px; border:1px solid #ddd;\">\ud83d\ude9b Store ordrer = store bel\u00f8nninger! <b>3% OFF<\/b> over 500 euro.<\/td>\n<\/tr>\n<tr>\n<td style=\"padding:10px; border:1px solid #ddd;\"><b>BULKSAVE1500<\/b><\/td>\n<td style=\"padding:10px; border:1px solid #ddd;\">3.01% OFF<\/td>\n<td style=\"padding:10px; border:1px solid #ddd;\">\u20ac1500+<\/td>\n<td style=\"padding:10px; border:1px solid #ddd;\">31. december 2026<\/td>\n<td style=\"padding:10px; border:1px solid #ddd;\">S\u00e6rlig rabat til k\u00f8bere af store m\u00e6ngder.<\/td>\n<td style=\"padding:10px; border:1px solid #ddd;\">\ud83c\udff7\ufe0f Mega Saver! Brug \u20ac1500+ og f\u00e5 <b>3.01% OFF<\/b>.<\/td>\n<\/tr>\n<tr>\n<td style=\"padding:10px; border:1px solid #ddd;\"><b>NOV2026<\/b><\/td>\n<td style=\"padding:10px; border:1px solid #ddd;\">\u20ac5 RABAT<\/td>\n<td style=\"padding:10px; border:1px solid #ddd;\">\u20ac90+<\/td>\n<td style=\"padding:10px; border:1px solid #ddd;\">30. november 2026<\/td>\n<td style=\"padding:10px; border:1px solid #ddd;\">\ud83c\udf41 November-tilbud - 5 \u20ac rabat p\u00e5 din indk\u00f8bskurv!<\/td>\n<td style=\"padding:10px; border:1px solid #ddd;\">\ud83c\udf42 Spar \u20ac5 med det samme med <b>NOV2026<\/b> hele november!<\/td>\n<\/tr>\n<tr>\n<td style=\"padding:10px; border:1px solid #ddd;\"><b>BlackFriday<\/b><\/td>\n<td style=\"padding:10px; border:1px solid #ddd;\">\u20ac10 RABAT<\/td>\n<td style=\"padding:10px; border:1px solid #ddd;\">\u20ac90+<\/td>\n<td style=\"padding:10px; border:1px solid #ddd;\">27. november 2026<\/td>\n<td style=\"padding:10px; border:1px solid #ddd;\">Black Friday-specialbesparelser p\u00e5 kvalificerede ordrer.<\/td>\n<td style=\"padding:10px; border:1px solid #ddd;\">\ud83d\udda4 Black Friday-stj\u00e6l: F\u00e5 <b>\u20ac10 RABAT<\/b> n\u00e5r du bruger \u20ac90+!<\/td>\n<\/tr>\n<tr>\n<td style=\"padding:10px; border:1px solid #ddd;\"><b>CyberMonday<\/b><\/td>\n<td style=\"padding:10px; border:1px solid #ddd;\">\u20ac10 RABAT<\/td>\n<td style=\"padding:10px; border:1px solid #ddd;\">\u20ac90+<\/td>\n<td style=\"padding:10px; border:1px solid #ddd;\">30. november 2026<\/td>\n<td style=\"padding:10px; border:1px solid #ddd;\">Cyber Monday-udvidelse - ekstra tid til at spare!<\/td>\n<td style=\"padding:10px; border:1px solid #ddd;\">\ud83d\udcbb Klik, l\u00e6g i kurv, gem: <b>\u20ac10 RABAT<\/b> ordrer p\u00e5 \u20ac90+!<\/td>\n<\/tr>\n<tr>\n<td style=\"padding:10px; border:1px solid #ddd;\"><b>ChristmasDay<\/b><\/td>\n<td style=\"padding:10px; border:1px solid #ddd;\">\u20ac10 RABAT<\/td>\n<td style=\"padding:10px; border:1px solid #ddd;\">\u20ac90+<\/td>\n<td style=\"padding:10px; border:1px solid #ddd;\">26. december 2026<\/td>\n<td style=\"padding:10px; border:1px solid #ddd;\">Festlige besparelser til juleshoppere.<\/td>\n<td style=\"padding:10px; border:1px solid #ddd;\">\ud83c\udf84 Pak ud <b>\u20ac10 RABAT<\/b> p\u00e5 \u20ac90+ denne jul!<\/td>\n<\/tr>\n<tr>\n<td style=\"padding:10px; border:1px solid #ddd;\"><b>BoxingDay<\/b><\/td>\n<td style=\"padding:10px; border:1px solid #ddd;\">\u20ac10 RABAT<\/td>\n<td style=\"padding:10px; border:1px solid #ddd;\">\u20ac90+<\/td>\n<td style=\"padding:10px; border:1px solid #ddd;\">27. december 2026<\/td>\n<td style=\"padding:10px; border:1px solid #ddd;\">Boxing Day-tilbud p\u00e5 kvalificerede kurve.<\/td>\n<td style=\"padding:10px; border:1px solid #ddd;\">\ud83c\udf81 Day-After Deal: <b>\u20ac10 RABAT<\/b> n\u00e5r du bruger \u20ac90+.<\/td>\n<\/tr>\n<tr>\n<td style=\"padding:10px; border:1px solid #ddd;\"><b>NewYearDay<\/b><\/td>\n<td style=\"padding:10px; border:1px solid #ddd;\">\u20ac10 RABAT<\/td>\n<td style=\"padding:10px; border:1px solid #ddd;\">\u20ac90+<\/td>\n<td style=\"padding:10px; border:1px solid #ddd;\">2. januar 2027<\/td>\n<td style=\"padding:10px; border:1px solid #ddd;\">Ring det nye \u00e5r ind med \u00f8jeblikkelige besparelser.<\/td>\n<td style=\"padding:10px; border:1px solid #ddd;\">\ud83c\udf86 Nyt \u00e5r, nye besparelser: <b>\u20ac10 RABAT<\/b> \u20ac90+!<\/td>\n<\/tr>\n<p><!-- 2026 Monthly Coupons --><\/p>\n<tr>\n<td style=\"padding:10px; border:1px solid #ddd;\"><b>FEB2026<\/b><\/td>\n<td style=\"padding:10px; border:1px solid #ddd;\">\u20ac5 RABAT<\/td>\n<td style=\"padding:10px; border:1px solid #ddd;\">\u20ac90+<\/td>\n<td style=\"padding:10px; border:1px solid #ddd;\">28. februar 2026<\/td>\n<td style=\"padding:10px; border:1px solid #ddd;\">Februar-aftale - nemme besparelser.<\/td>\n<td style=\"padding:10px; border:1px solid #ddd;\">\u2764\ufe0f Elsker prisen! <b>\u20ac5 RABAT<\/b> med FEB2026.<\/td>\n<\/tr>\n<tr>\n<td style=\"padding:10px; border:1px solid #ddd;\"><b>MAR2026<\/b><\/td>\n<td style=\"padding:10px; border:1px solid #ddd;\">\u20ac5 RABAT<\/td>\n<td style=\"padding:10px; border:1px solid #ddd;\">\u20ac90+<\/td>\n<td style=\"padding:10px; border:1px solid #ddd;\">31. marts 2026<\/td>\n<td style=\"padding:10px; border:1px solid #ddd;\">Besparelser i marts gjort enkelt.<\/td>\n<td style=\"padding:10px; border:1px solid #ddd;\">\ud83c\udf31 For\u00e5rsstart: <b>\u20ac5 RABAT<\/b> med MAR2026.<\/td>\n<\/tr>\n<tr>\n<td style=\"padding:10px; border:1px solid #ddd;\"><b>APR2026<\/b><\/td>\n<td style=\"padding:10px; border:1px solid #ddd;\">\u20ac5 RABAT<\/td>\n<td style=\"padding:10px; border:1px solid #ddd;\">\u20ac90+<\/td>\n<td style=\"padding:10px; border:1px solid #ddd;\">30. april 2026<\/td>\n<td style=\"padding:10px; border:1px solid #ddd;\">Bonus p\u00e5 indk\u00f8bskurven i april.<\/td>\n<td style=\"padding:10px; border:1px solid #ddd;\">\ud83c\udf38 Friske tilbud: <b>\u20ac5 RABAT<\/b> APR2026.<\/td>\n<\/tr>\n<tr>\n<td style=\"padding:10px; border:1px solid #ddd;\"><b>MAY2026<\/b><\/td>\n<td style=\"padding:10px; border:1px solid #ddd;\">\u20ac5 RABAT<\/td>\n<td style=\"padding:10px; border:1px solid #ddd;\">\u20ac90+<\/td>\n<td style=\"padding:10px; border:1px solid #ddd;\">31. maj 2026<\/td>\n<td style=\"padding:10px; border:1px solid #ddd;\">S\u00e6rlige besparelser i maj.<\/td>\n<td style=\"padding:10px; border:1px solid #ddd;\">\ud83c\udf3c Store besparelser med <b>MAY2026<\/b>.<\/td>\n<\/tr>\n<tr>\n<td style=\"padding:10px; border:1px solid #ddd;\"><b>JUN2026<\/b><\/td>\n<td style=\"padding:10px; border:1px solid #ddd;\">\u20ac5 RABAT<\/td>\n<td style=\"padding:10px; border:1px solid #ddd;\">\u20ac90+<\/td>\n<td style=\"padding:10px; border:1px solid #ddd;\">30. juni 2026<\/td>\n<td style=\"padding:10px; border:1px solid #ddd;\">Bonus ved checkout i juni.<\/td>\n<td style=\"padding:10px; border:1px solid #ddd;\">\u2600\ufe0f Sommerbesparelse: <b>\u20ac5 RABAT<\/b> JUN2026.<\/td>\n<\/tr>\n<tr>\n<td style=\"padding:10px; border:1px solid #ddd;\"><b>JUL2026<\/b><\/td>\n<td style=\"padding:10px; border:1px solid #ddd;\">\u20ac5 RABAT<\/td>\n<td style=\"padding:10px; border:1px solid #ddd;\">\u20ac90+<\/td>\n<td style=\"padding:10px; border:1px solid #ddd;\">31. juli 2026<\/td>\n<td style=\"padding:10px; border:1px solid #ddd;\">Juli m\u00e5neds bedste tilbud.<\/td>\n<td style=\"padding:10px; border:1px solid #ddd;\">\ud83d\udd25 Varm opsparingen med JUL2026.<\/td>\n<\/tr>\n<tr>\n<td style=\"padding:10px; border:1px solid #ddd;\"><b>AUG2026<\/b><\/td>\n<td style=\"padding:10px; border:1px solid #ddd;\">\u20ac5 RABAT<\/td>\n<td style=\"padding:10px; border:1px solid #ddd;\">\u20ac90+<\/td>\n<td style=\"padding:10px; border:1px solid #ddd;\">31. august 2026<\/td>\n<td style=\"padding:10px; border:1px solid #ddd;\">Nem rabat i august.<\/td>\n<td style=\"padding:10px; border:1px solid #ddd;\">\ud83c\udf1e Gem med et enkelt klik: AUG2026.<\/td>\n<\/tr>\n<tr>\n<td style=\"padding:10px; border:1px solid #ddd;\"><b>SEP2026<\/b><\/td>\n<td style=\"padding:10px; border:1px solid #ddd;\">\u20ac5 RABAT<\/td>\n<td style=\"padding:10px; border:1px solid #ddd;\">\u20ac90+<\/td>\n<td style=\"padding:10px; border:1px solid #ddd;\">30. september 2026<\/td>\n<td style=\"padding:10px; border:1px solid #ddd;\">September-bonus.<\/td>\n<td style=\"padding:10px; border:1px solid #ddd;\">\ud83c\udf41 Efter\u00e5rsbesparelser med SEP2026.<\/td>\n<\/tr>\n<tr>\n<td style=\"padding:10px; border:1px solid #ddd;\"><b>OCT2026<\/b><\/td>\n<td style=\"padding:10px; border:1px solid #ddd;\">\u20ac5 RABAT<\/td>\n<td style=\"padding:10px; border:1px solid #ddd;\">\u20ac90+<\/td>\n<td style=\"padding:10px; border:1px solid #ddd;\">31. oktober 2026<\/td>\n<td style=\"padding:10px; border:1px solid #ddd;\">En godbid i oktober.<\/td>\n<td style=\"padding:10px; border:1px solid #ddd;\">\ud83c\udf83 Uhyggeligt godt tilbud: OCT2026.<\/td>\n<\/tr>\n<tr>\n<td style=\"padding:10px; border:1px solid #ddd;\"><b>DEC2026<\/b><\/td>\n<td style=\"padding:10px; border:1px solid #ddd;\">\u20ac5 RABAT<\/td>\n<td style=\"padding:10px; border:1px solid #ddd;\">\u20ac90+<\/td>\n<td style=\"padding:10px; border:1px solid #ddd;\">31. december 2026<\/td>\n<td style=\"padding:10px; border:1px solid #ddd;\">\u00c5rsafslutningsbonus i december.<\/td>\n<td style=\"padding:10px; border:1px solid #ddd;\">\ud83c\udf84 Afslut st\u00e6rkt: <b>\u20ac5 RABAT<\/b> DEC2026.<\/td>\n<\/tr>\n<\/tbody>\n<\/table>\n\t<div id=\"gap-1396974037\" class=\"gap-element clearfix\" style=\"display:block; height:auto;\">\n\t\t\n<style>\n#gap-1396974037 {\n  padding-top: 30px;\n}\n<\/style>\n\t<\/div>\n\t\n<div class=\"container section-title-container\" ><h3 class=\"section-title section-title-normal\"><b aria-hidden=\"true\"><\/b><span class=\"section-title-main\" >Tjen med AIVIOU Vapes<\/span><b aria-hidden=\"true\"><\/b><\/h3><\/div>\n<p>Bliv en del af et af de hurtigst voksende vape-m\u00e6rker, og begynd at tjene penge <strong>15%<\/strong> provision p\u00e5 hvert salg! AIVIOU Vapes tilbyder et f\u00f8rsteklasses udvalg af bedst s\u00e6lgende engangs-dampere, e-v\u00e6sker og tilbeh\u00f8r, som kunderne elsker - hvilket g\u00f8r det super nemt for affiliates at vinde provision. Med stors\u00e6lgende produkter, h\u00f8je konverteringsrater og nye kampagner hver m\u00e5ned betyder et samarbejde med AIVIOU Vapes, at din indtjening hurtigt kan stige. \ud83d\udca8<\/p>\n<p><strong>\ud83d\udc49 Tilmeld dig i dag, og begynd at tjene penge med AIVIOU Vapes - hvor smag m\u00f8der profit!<\/strong><\/p>\n<a href=\"https:\/\/ui.awin.com\/express-signup\/us\/awin\/121568\/d01af3da-9031-45f4-bc25-92d66ffdc756?t=VVP9UbjOfvjddyNyvkNBB71Pni2G_dqZqpIZPRdRWII\" target=\"_blank\" class=\"button primary\" rel=\"noopener\">\n\t\t<span>Bliv medlem af Aiviou Vapes Affiliate<\/span>\n\t<\/a>","protected":false},"excerpt":{"rendered":"<p>\ud83c\udf9f\ufe0f Coupon Code \ud83d\udcb0 Discount \ud83d\uded2 Minimum Order \ud83d\udcc5 Valid Until \ud83e\udded Description \ud83d\udce2 Suggested Ad Line BULKSAVE300 2% OFF \u20ac300+ Dec 31, 2026 Save big when you order over \u20ac300! \ud83d\udcb8 Spend Smart, Save More! Get 2% OFF orders above \u20ac300. BULKSAVE 3% OFF \u20ac500+ Dec 31, 2026 Enjoy bigger savings for orders over [&#8230;]\n","protected":false},"author":1,"featured_media":0,"parent":0,"menu_order":0,"comment_status":"closed","ping_status":"closed","template":"page-blank-title-center.php","meta":{"footnotes":""},"class_list":["post-5173","page","type-page","status-publish","hentry"],"jetpack_sharing_enabled":true,"_links":{"self":[{"href":"https:\/\/aiviouvapes.com\/da\/wp-json\/wp\/v2\/pages\/5173","targetHints":{"allow":["GET"]}}],"collection":[{"href":"https:\/\/aiviouvapes.com\/da\/wp-json\/wp\/v2\/pages"}],"about":[{"href":"https:\/\/aiviouvapes.com\/da\/wp-json\/wp\/v2\/types\/page"}],"author":[{"embeddable":true,"href":"https:\/\/aiviouvapes.com\/da\/wp-json\/wp\/v2\/users\/1"}],"replies":[{"embeddable":true,"href":"https:\/\/aiviouvapes.com\/da\/wp-json\/wp\/v2\/comments?post=5173"}],"version-history":[{"count":8,"href":"https:\/\/aiviouvapes.com\/da\/wp-json\/wp\/v2\/pages\/5173\/revisions"}],"predecessor-version":[{"id":105685,"href":"https:\/\/aiviouvapes.com\/da\/wp-json\/wp\/v2\/pages\/5173\/revisions\/105685"}],"wp:attachment":[{"href":"https:\/\/aiviouvapes.com\/da\/wp-json\/wp\/v2\/media?parent=5173"}],"curies":[{"name":"wp","href":"https:\/\/api.w.org\/{rel}","templated":true}]}}