{"id":4558,"date":"2024-08-21T10:35:58","date_gmt":"2024-08-21T10:35:58","guid":{"rendered":"https:\/\/aiviouvapes.com\/?page_id=4558"},"modified":"2024-11-29T02:58:48","modified_gmt":"2024-11-28T18:58:48","slug":"payment-method","status":"publish","type":"page","link":"https:\/\/aiviouvapes.com\/da\/payment-method\/","title":{"rendered":"Betalingsmetode"},"content":{"rendered":"<div class=\"row\"  id=\"row-926257541\">\n\n\t<div id=\"col-1280296046\" class=\"col medium-6 small-12 large-6\"  >\n\t\t\t\t<div class=\"col-inner\"  >\n\t\t\t\n\t\t\t\n<p>Velkommen til <strong>AiviouVape<\/strong> \u2013 din betroede globale destination for engangsvapeprodukter i topkvalitet. Med verdensomsp\u00e6ndende forsendelse er vi forpligtet til at betjene kunder over hele kloden.<\/p>\n<p><strong>Hos AiviouVape prioriterer vi bekvemmelighed og sikkerhed for at forbedre din shoppingrejse. Vi tilbyder en r\u00e6kke betalingsmuligheder for at opfylde dine behov:<\/strong><\/p>\n<p>1. **PayPal**: Nyd sikre og nemme betalinger med PayPal p\u00e5 vores platform. <strong>(20% MOMS)<\/strong><\/p>\n<p>2. **Kreditkort**: Vi accepterer alle st\u00f8rre kreditkort, hvilket sikrer en ligetil og p\u00e5lidelig betalingsoplevelse. <strong>(20% MOMS)<\/strong><\/p>\n<p>3. **Bankoverf\u00f8rsel**: For dem, der foretr\u00e6kker traditionelle metoder, underst\u00f8tter vi bankoverf\u00f8rsler som en sikker mulighed. <strong>(INGEN MOMS)<\/strong><\/p>\n<p>4. **Kryptovaluta**: Omfavn moderne finansiering med vores betalingsmulighed for cryptocurrency. <strong>(INGEN MOMS)<\/strong><\/p>\n<p>5. **Wise Transfer**: Drag fordel af omkostningseffektive og effektive betalinger ved hj\u00e6lp af Wise Transfer. <strong>(INGEN MOMS)<\/strong><\/p>\n<p>Hvis du har sp\u00f8rgsm\u00e5l eller specifikke betalingsanmodninger, bedes du kontakte vores kundeserviceteam. Vi er her for at sikre din oplevelse med <strong>AiviouVape<\/strong> er glat, sikker og tilfredsstillende.<\/p>\n<p><strong>Tak fordi du stoler p\u00e5 AiviouVape som din kilde til kvalitets engangsvapeprodukter.<\/strong><\/p>\n\t\t<\/div>\n\t\t\t\t\t<\/div>\n\n\t\n\n\t<div id=\"col-157400182\" class=\"col medium-6 small-12 large-6\"  >\n\t\t\t\t<div class=\"col-inner\"  >\n\t\t\t\n\t\t\t\n\t<div class=\"img has-hover x md-x lg-x y md-y lg-y\" id=\"image_591957971\">\n\t\t\t\t\t\t\t\t<div class=\"img-inner dark\" >\n\t\t\t<img loading=\"lazy\" decoding=\"async\" width=\"1020\" height=\"797\" src=\"https:\/\/i0.wp.com\/aiviouvapes.com\/wp-content\/uploads\/2024\/08\/%E5%AE%A3%E4%BC%A0%E5%9B%BE2-2.jpg?fit=1020%2C797&amp;ssl=1\" class=\"attachment-large size-large\" alt=\"Betalingsmetode\" title=\"\">\t\t\t\t\t\t\n\t\t\t\t\t<\/div>\n\t\t\t\t\t\t\t\t\n<style>\n#image_591957971 {\n  width: 100%;\n}\n<\/style>\n\t<\/div>\n\t\n\t\t<\/div>\n\t\t\t\t\t<\/div>\n\n\t\n<\/div>\n<div class=\"row align-middle\"  id=\"row-1914317342\">\n\n\t<div id=\"col-791278746\" class=\"col small-12 large-12\"  >\n\t\t\t\t<div class=\"col-inner text-center\"  >\n\t\t\t\n\t\t\t\n<a href=\"https:\/\/aiviouvapes.com\/da\/shop\/\" class=\"button primary is-shade is-larger box-shadow-4 box-shadow-5-hover\" style=\"border-radius:10px;\">\n\t\t<span>K\u00f8b nu<\/span>\n\t<\/a>\n\n\t\t<\/div>\n\t\t\t\t\n<style>\n#col-791278746 > .col-inner {\n  padding: 20px 0px 0px 0px;\n}\n<\/style>\n\t<\/div>\n\n\t\n<\/div>","protected":false},"excerpt":{"rendered":"","protected":false},"author":1,"featured_media":0,"parent":0,"menu_order":0,"comment_status":"closed","ping_status":"closed","template":"page-blank-title-center.php","meta":{"footnotes":""},"class_list":["post-4558","page","type-page","status-publish","hentry"],"jetpack_sharing_enabled":true,"_links":{"self":[{"href":"https:\/\/aiviouvapes.com\/da\/wp-json\/wp\/v2\/pages\/4558","targetHints":{"allow":["GET"]}}],"collection":[{"href":"https:\/\/aiviouvapes.com\/da\/wp-json\/wp\/v2\/pages"}],"about":[{"href":"https:\/\/aiviouvapes.com\/da\/wp-json\/wp\/v2\/types\/page"}],"author":[{"embeddable":true,"href":"https:\/\/aiviouvapes.com\/da\/wp-json\/wp\/v2\/users\/1"}],"replies":[{"embeddable":true,"href":"https:\/\/aiviouvapes.com\/da\/wp-json\/wp\/v2\/comments?post=4558"}],"version-history":[{"count":0,"href":"https:\/\/aiviouvapes.com\/da\/wp-json\/wp\/v2\/pages\/4558\/revisions"}],"wp:attachment":[{"href":"https:\/\/aiviouvapes.com\/da\/wp-json\/wp\/v2\/media?parent=4558"}],"curies":[{"name":"wp","href":"https:\/\/api.w.org\/{rel}","templated":true}]}}