{"id":3,"date":"2024-08-08T04:38:08","date_gmt":"2024-08-08T04:38:08","guid":{"rendered":"https:\/\/aiviouvapes.com\/?page_id=3"},"modified":"2024-11-19T21:37:05","modified_gmt":"2024-11-19T13:37:05","slug":"privacy-policy","status":"publish","type":"page","link":"https:\/\/aiviouvapes.com\/da\/privacy-policy\/","title":{"rendered":"Politik for beskyttelse af personlige oplysninger"},"content":{"rendered":"<p>Hos AiviouVape prioriterer vi beskyttelsen og fortroligheden af dine personlige oplysninger. Denne privatlivspolitik beskriver, hvordan vi indsamler, bruger og beskytter de oplysninger, du giver, n\u00e5r du bruger vores hjemmeside.<\/p>\n<p><strong>Indsamling af information<\/strong><\/p>\n<p>N\u00e5r du bes\u00f8ger vores hjemmeside, kan vi indsamle f\u00f8lgende typer oplysninger: - Personlige oplysninger s\u00e5som dit navn, din e-mailadresse og dine kontaktoplysninger, som du oplyser, n\u00e5r du foretager et k\u00f8b eller kontakter os. - Oplysninger om din browseradf\u00e6rd og enhed, indsamlet via cookies og lignende teknologier. - Alle andre oplysninger, du v\u00e6lger at dele med os.<\/p>\n<p><strong>Brug af information<\/strong><\/p>\n<p>Vi bruger de oplysninger, vi indsamler, til f\u00f8lgende form\u00e5l: - Behandling og opfyldelse af ordrer, du afgiver p\u00e5 vores websted. - Kommunikation med dig vedr\u00f8rende dine ordrer, foresp\u00f8rgsler og kampagner. - Forbedring af vores websted og tjenester baseret p\u00e5 dine interaktioner og feedback. - Sikring af vores hjemmeside og forebyggelse af svigagtige aktiviteter.<\/p>\n<p><strong>Deling af information<\/strong><\/p>\n<p>Vi s\u00e6lger eller videregiver ikke dine personlige oplysninger til tredjeparter uden dit samtykke, undtagen n\u00e5r det er n\u00f8dvendigt for at opfylde dine anmodninger, f.eks. med forsendelsespartnere eller som kr\u00e6vet ved lov.<\/p>\n<p><strong>Datasikkerhed<\/strong><\/p>\n<p>Vi anvender forskellige sikkerhedsforanstaltninger for at beskytte dine oplysninger, herunder kryptering, SSL-teknologi (Secure Socket Layer) og rutinem\u00e6ssige sikkerhedsvurderinger.<\/p>\n<p><strong>Dine rettigheder<\/strong><\/p>\n<p>Du har til enhver tid ret til at f\u00e5 adgang til, opdatere eller slette dine personlige oplysninger. Du kan ogs\u00e5 frav\u00e6lge at modtage markedsf\u00f8ringskommunikation fra os.<\/p>\n<p><strong>Politiske opdateringer<\/strong><\/p>\n<p>Vi kan revidere denne privatlivspolitik med j\u00e6vne mellemrum for at afspejle \u00e6ndringer i vores praksis eller juridiske krav. Vi anbefaler, at du gennemg\u00e5r denne politik regelm\u00e6ssigt. Ved at bruge vores hjemmeside accepterer du de vilk\u00e5r, der er beskrevet i denne privatlivspolitik. Hvis du har sp\u00f8rgsm\u00e5l eller bekymringer om vores praksis for beskyttelse af personlige oplysninger, bedes du kontakte os p\u00e5 support@aiviouvape.com. Tak, fordi du valgte AiviouVape til dine behov for elektroniske engangscigaretter (Vape).<\/p>\n<div class=\"row align-middle\"  id=\"row-1430803807\"> \n\t<div id=\"col-553584452\" class=\"col small-12 large-12\"  >\n\t\t\t\t<div class=\"col-inner text-center\"  >\n\t\t\t\n\t\t\t <a href=\"https:\/\/aiviouvapes.com\/da\/shop\/\" class=\"button primary is-shade is-larger box-shadow-4 box-shadow-5-hover\" style=\"border-radius:10px;\">\n\t\t<span>K\u00f8b nu<\/span>\n\t<\/a>\n \t\t<\/div>\n\t\t\t\t\n<style>\n#col-553584452 > .col-inner {\n  padding: 20px 0px 0px 0px;\n}\n<\/style>\n\t<\/div>\n\n\t <\/div>","protected":false},"excerpt":{"rendered":"<p>At\u00a0AiviouVape, we prioritize the protection and confidentiality of your personal information. This Privacy Policy describes how we collect, use, and safeguard the information you provide while using our website. Information Collection When you visit our website, we may collect the following types of information: \u2013 Personal information such as your name, email address, and contact [&#8230;]\n","protected":false},"author":1,"featured_media":0,"parent":0,"menu_order":0,"comment_status":"closed","ping_status":"closed","template":"page-blank-title-center.php","meta":{"footnotes":""},"class_list":["post-3","page","type-page","status-publish","hentry"],"jetpack_sharing_enabled":true,"_links":{"self":[{"href":"https:\/\/aiviouvapes.com\/da\/wp-json\/wp\/v2\/pages\/3","targetHints":{"allow":["GET"]}}],"collection":[{"href":"https:\/\/aiviouvapes.com\/da\/wp-json\/wp\/v2\/pages"}],"about":[{"href":"https:\/\/aiviouvapes.com\/da\/wp-json\/wp\/v2\/types\/page"}],"author":[{"embeddable":true,"href":"https:\/\/aiviouvapes.com\/da\/wp-json\/wp\/v2\/users\/1"}],"replies":[{"embeddable":true,"href":"https:\/\/aiviouvapes.com\/da\/wp-json\/wp\/v2\/comments?post=3"}],"version-history":[{"count":0,"href":"https:\/\/aiviouvapes.com\/da\/wp-json\/wp\/v2\/pages\/3\/revisions"}],"wp:attachment":[{"href":"https:\/\/aiviouvapes.com\/da\/wp-json\/wp\/v2\/media?parent=3"}],"curies":[{"name":"wp","href":"https:\/\/api.w.org\/{rel}","templated":true}]}}