{"id":10,"date":"2024-08-12T12:49:21","date_gmt":"2024-08-12T12:49:21","guid":{"rendered":"https:\/\/aiviouvapes.com\/?page_id=10"},"modified":"2024-12-26T09:53:11","modified_gmt":"2024-12-26T01:53:11","slug":"refund_returns","status":"publish","type":"page","link":"https:\/\/aiviouvapes.com\/da\/refund_returns\/","title":{"rendered":"Politik for tilbagebetaling og returnering"},"content":{"rendered":"<h2 class=\"wp-block-heading\">AiviouVapes tilbagebetalingspolitik<\/h2>\r\n<p><strong>7 dages returret<\/strong><\/p>\r\n<p>Vi hos AiviouVape er glade for at kunne tilbyde en 7-dages returret. Det betyder, at du fra den dag, du modtager din vare, har syv dage til at igangs\u00e6tte en returanmodning, hvis du er utilfreds med dit k\u00f8b.<\/p>\r\n<p><strong>Returneringsberettigelse<\/strong><\/p>\r\n<p>For at kvalificere sig til returnering skal din vare forblive i den stand, den blev modtaget - ubrugt, med m\u00e6rker p\u00e5sat og i dens originale emballage. S\u00f8rg for, at du har kvitteringen eller k\u00f8bsbeviset for at lette returneringsprocessen.<\/p>\r\n<p><strong>S\u00e5dan starter du en retur<\/strong><\/p>\r\n<p>Hvis du gerne vil starte en returnering, skal du kontakte os p\u00e5 support@aiviouvape.com. N\u00e5r din returnering er godkendt, giver vi en forudbetalt returforsendelsesetiket og instruktioner om, hvordan du sender din pakke. Returneringer sendt uden forudg\u00e5ende tilladelse vil ikke blive accepteret, s\u00e5 kontakt os venligst f\u00f8rst.<\/p>\r\n<p><strong>Indberetning af skader og problemer<\/strong><\/p>\r\n<p>Vi opfordrer dig til at unders\u00f8ge din ordre, s\u00e5 snart den ankommer. Hvis du opdager, at din vare er beskadiget, defekt eller forkert, bedes du kontakte os med det samme, s\u00e5 vi hurtigt kan l\u00f8se problemet.<\/p>\r\n<p><strong>Varer, der ikke kan returneres<\/strong><\/p>\r\n<p>Visse produkter er ikke berettigede til returnering, herunder letford\u00e6rvelige varer, specialfremstillede varer, personlig plejeartikler, farlige materialer og brandfarlige v\u00e6sker eller gasser. Hvis du er usikker p\u00e5, om en bestemt vare er berettiget, bedes du kontakte os for at f\u00e5 en afklaring.<\/p>\r\n<p><strong>Udvekslingsproces<\/strong><\/p>\r\n<p>Ved ombytning anbefaler vi at returnere den originale vare f\u00f8rst. N\u00e5r returneringen er godkendt, kan du afgive en separat ordre p\u00e5 den nye vare for at sikre hurtig behandling.<\/p>\r\n<p><strong>14-dages fortrydelsesperiode for EU-kunder<\/strong><\/p>\r\n<p>For kunder i EU tilbyder vi en 14-dages fortrydelsesperiode. Det betyder, at du kan annullere eller returnere din ordre inden for 14 dage efter at have modtaget den uden at angive en grund. Varerne skal v\u00e6re i deres originale stand, ubrugte, med m\u00e6rker p\u00e5sat og i deres originale emballage. Der kr\u00e6ves ogs\u00e5 en kvittering eller k\u00f8bsbevis.<\/p>\r\n<p><strong>Refusionsproces<\/strong><\/p>\r\n<p>N\u00e5r vi har modtaget og inspiceret din returnering, vil vi informere dig om status for refusionsgodkendelse. Hvis det godkendes, behandler vi tilbagebetalingen til din oprindelige betalingsmetode inden for 10 hverdage. Bem\u00e6rk venligst, at din bank eller kreditkortudbyder muligvis har brug for yderligere tid til at gennemf\u00f8re refusionen. Hvis du ikke har modtaget din refusion inden for 15 hverdage efter godkendelsen, bedes du kontakte os p\u00e5 support@aiviouvape.com.<\/p>\r\n<p><strong>Tak fordi du valgte AiviouVape. Din tilfredshed er fortsat vores h\u00f8jeste prioritet.<\/strong><\/p>\r\n\r\n<div class=\"row align-middle\"  id=\"row-1901217828\"> \n\t<div id=\"col-1674553535\" class=\"col small-12 large-12\"  >\n\t\t\t\t<div class=\"col-inner text-center\"  >\n\t\t\t\n\t\t\t <a href=\"https:\/\/aiviouvapes.com\/da\/shop\/\" class=\"button primary is-shade is-larger box-shadow-4 box-shadow-5-hover\" style=\"border-radius:10px;\">\n\t\t<span>K\u00f8b nu<\/span>\n\t<\/a>\n \t\t<\/div>\n\t\t\t\t\n<style>\n#col-1674553535 > .col-inner {\n  padding: 20px 0px 0px 0px;\n}\n<\/style>\n\t<\/div>\n\n\t <\/div>","protected":false},"excerpt":{"rendered":"<p>AiviouVape Refund Policy 7-Day Return Policy We at AiviouVape are pleased to offer a 7-day return policy. This means that from the day you receive your item, you have seven days to initiate a return request if you are unsatisfied with your purchase. Return Eligibility To qualify for a return, your item must remain in [&#8230;]\n","protected":false},"author":1,"featured_media":0,"parent":0,"menu_order":0,"comment_status":"closed","ping_status":"closed","template":"page-blank-title-center.php","meta":{"footnotes":""},"class_list":["post-10","page","type-page","status-publish","hentry"],"jetpack_sharing_enabled":true,"_links":{"self":[{"href":"https:\/\/aiviouvapes.com\/da\/wp-json\/wp\/v2\/pages\/10","targetHints":{"allow":["GET"]}}],"collection":[{"href":"https:\/\/aiviouvapes.com\/da\/wp-json\/wp\/v2\/pages"}],"about":[{"href":"https:\/\/aiviouvapes.com\/da\/wp-json\/wp\/v2\/types\/page"}],"author":[{"embeddable":true,"href":"https:\/\/aiviouvapes.com\/da\/wp-json\/wp\/v2\/users\/1"}],"replies":[{"embeddable":true,"href":"https:\/\/aiviouvapes.com\/da\/wp-json\/wp\/v2\/comments?post=10"}],"version-history":[{"count":0,"href":"https:\/\/aiviouvapes.com\/da\/wp-json\/wp\/v2\/pages\/10\/revisions"}],"wp:attachment":[{"href":"https:\/\/aiviouvapes.com\/da\/wp-json\/wp\/v2\/media?parent=10"}],"curies":[{"name":"wp","href":"https:\/\/api.w.org\/{rel}","templated":true}]}}