{"id":96838,"date":"2025-12-30T14:56:43","date_gmt":"2025-12-30T06:56:43","guid":{"rendered":"https:\/\/aiviouvapes.com\/?post_type=product&#038;p=96838"},"modified":"2026-03-07T11:30:34","modified_gmt":"2026-03-07T03:30:34","slug":"poco-sc30000","status":"publish","type":"product","link":"https:\/\/aiviouvapes.com\/cs\/product\/poco-sc30000\/","title":{"rendered":"POCO SC30000 | 30000 \u0161luk\u016f, 30 ml, vysokokapacitn\u00ed, dob\u00edjec\u00ed, jednor\u00e1zov\u00e1 vape na jedno pou\u017eit\u00ed"},"content":{"rendered":"<h2>POCO SC30000 jednor\u00e1zov\u00fd vape v prodeji<\/h2>\n<p>Jednor\u00e1zov\u00fd vaporiz\u00e9r POCO SC30000 je ur\u010den pro vapery, kte\u0159\u00ed cht\u011bj\u00ed <strong>maxim\u00e1ln\u00ed po\u010det pot\u00e1hnut\u00ed, bohat\u00e1 chu\u0165 a spolehliv\u00fd v\u00fdkon<\/strong>. S a\u017e <strong>30 000 \u0161luk\u016f<\/strong> a <strong>velk\u00e1 kapacita e-kapaliny 30 ml<\/strong>, Toto za\u0159\u00edzen\u00ed je ide\u00e1ln\u00ed jak pro n\u00e1ro\u010dn\u00e9 u\u017eivatele, tak pro obchody s elektronick\u00fdmi cigaretami, kter\u00e9 hledaj\u00ed produkt s vysokou popt\u00e1vkou.<br \/>\nP\u0159\u00edm\u00e1 p\u0159eprava z <strong>M\u00edstn\u00ed sklad EU<\/strong>, zaji\u0161\u0165uje rychl\u00e9 doru\u010den\u00ed (3\u20135 pracovn\u00edch dn\u016f) do v\u011bt\u0161iny zem\u00ed EU.<\/p>\n<h3>Pro\u010d zvolit POCO SC30000?<\/h3>\n<ul>\n<li>\ud83d\udd25 A\u017e 30 000 pot\u00e1hnut\u00ed pro mimo\u0159\u00e1dn\u011b dlouhou dobu pou\u017e\u00edv\u00e1n\u00ed<\/li>\n<li>\ud83d\udca7 Velk\u00e1 n\u00e1dr\u017eka na e-kapalinu o objemu 30 ml pro m\u00e9n\u011b \u010dast\u00e9 v\u00fdm\u011bny<\/li>\n<li>\ud83d\udd0b Dob\u00edjec\u00ed baterie pro pln\u00e9 vyu\u017eit\u00ed e-kapaliny<\/li>\n<li>\ud83c\udf08 15 obl\u00edben\u00fdch p\u0159\u00edchut\u00ed, kter\u00e9 uspokoj\u00ed r\u016fzn\u00e9 chu\u0165ov\u00e9 preference<\/li>\n<li>\ud83d\udc41\ufe0f Viditeln\u00fd design e-kapaliny pro snadnou kontrolu hladiny<\/li>\n<li>\ud83d\udce6 Balen\u00ed vhodn\u00e9 pro velkoobchodn\u00ed prodejny a distributory elektronick\u00fdch cigaret<\/li>\n<li>\ud83d\ude9a Dod\u00e1n\u00ed ze skladu v EU s rychlou dodac\u00ed lh\u016ftou 3\u20135 dn\u00ed<\/li>\n<\/ul>\n<h3>POCO SC30000 Specifikace<\/h3>\n<table>\n<tbody>\n<tr>\n<td>Model<\/td>\n<td>POCO SC30000<\/td>\n<\/tr>\n<tr>\n<td>Po\u010det puf\u016f<\/td>\n<td>A\u017e 30000 puff\u016f<\/td>\n<\/tr>\n<tr>\n<td>Kapacita e-kapaliny<\/td>\n<td>30 ml<\/td>\n<\/tr>\n<tr>\n<td>S\u00edla nikotinu<\/td>\n<td>5%<\/td>\n<\/tr>\n<tr>\n<td>Baterie<\/td>\n<td>Dob\u00edjec\u00ed<\/td>\n<\/tr>\n<tr>\n<td>P\u0159\u00edchut\u011b<\/td>\n<td>15 dostupn\u00fdch mo\u017enost\u00ed<\/td>\n<\/tr>\n<tr>\n<td>Velikost<\/td>\n<td>23,3 \u00d7 131,3 mm<\/td>\n<\/tr>\n<tr>\n<td>Podpora OEM<\/td>\n<td>Ano<\/td>\n<\/tr>\n<tr>\n<td>Balen\u00ed<\/td>\n<td>1 ks\/balen\u00ed, 10 ks\/prezenta\u010dn\u00ed krabi\u010dka<\/td>\n<\/tr>\n<\/tbody>\n<\/table>\n<h3>POCO SC30K Dostupn\u00e9 p\u0159\u00edchut\u011b \ud83c\udf53\ud83c\udf49\ud83c\udf4d<\/h3>\n<ul>\n<li><strong>Aloe Grape<\/strong> \u2013 Jemn\u00e9 hrozny s osv\u011b\u017euj\u00edc\u00edm aloe vera v dochuti<\/li>\n<li><strong>Jahodov\u00fd meloun<\/strong> \u2013 Sladk\u00e1 a \u0161\u0165avnat\u00e1 letn\u00ed sm\u011bs<\/li>\n<li><strong>Kysel\u00e9 jablko<\/strong> \u2013 Kysel\u00e1 jablka s k\u0159upavou konzistenc\u00ed<\/li>\n<li><strong>Trojit\u00fd meloun<\/strong> \u2013 Sm\u011bs melounov\u00fdch p\u0159\u00edchut\u00ed, chladiv\u00e1 a osv\u011b\u017euj\u00edc\u00ed<\/li>\n<li><strong>Ananasov\u00fd kokos<\/strong> \u2013 Tropick\u00e1 a kr\u00e9mov\u00e1 ostrovn\u00ed chu\u0165<\/li>\n<li><strong>Jahoda malina kiwi<\/strong> \u2013 Vyv\u00e1\u017een\u00e1 sm\u011bs sladk\u00fdch a kysel\u00fdch plod\u016f<\/li>\n<li><strong>Sv\u011b\u017e\u00ed M\u00e1ta<\/strong> \u2013 \u010cist\u00e1, ledov\u00e1 a osv\u011b\u017euj\u00edc\u00ed<\/li>\n<li><strong>Bor\u016fvka malina citron<\/strong> \u2013 Sladkost lesn\u00edch plod\u016f s citrusovou p\u0159\u00edchut\u00ed<\/li>\n<li><strong>Cherry Cola<\/strong> \u2013 Klasick\u00e1 p\u0159\u00edchu\u0165 inspirovan\u00e1 sodou<\/li>\n<li><strong>Ban\u00e1nov\u00e9 ml\u00e9ko<\/strong> \u2013 Jemn\u00fd a kr\u00e9mov\u00fd dezertn\u00ed vape<\/li>\n<li><strong>Melounov\u00e1 \u017ev\u00fdka\u010dka<\/strong> \u2013 Sladk\u00e1 cukrov\u00e1 vodn\u00ed melounov\u00e1 p\u0159\u00edchu\u0165<\/li>\n<li><strong>Vi\u0161\u0148ov\u00e1 broskvov\u00e1 limon\u00e1da<\/strong> \u2013 Ovocn\u00e1 limon\u00e1dov\u00e1 sm\u011bs<\/li>\n<li><strong>Bor\u016fvkov\u00fd dra\u010d\u00ed ovoce<\/strong> \u2013 Exotick\u00e1 ovocn\u00e1 sm\u011bs<\/li>\n<li><strong>Black Ice Dragon Fruit Strawberry<\/strong> \u2013 Ledov\u00e1 ovocn\u00e1 exploze<\/li>\n<li><strong>Jahoda malina t\u0159e\u0161e\u0148<\/strong> \u2013 Trojn\u00e1sobn\u00e1 sladkost lesn\u00edch plod\u016f<\/li>\n<\/ul>\n<h3>Ide\u00e1ln\u00ed pro u\u017eivatele a velkoobchodn\u00ed odb\u011bratele<\/h3>\n<p>POCO SC30000 je vynikaj\u00edc\u00ed volbou pro <strong>t\u011b\u017ec\u00ed vap\u00e9\u0159i<\/strong> kte\u0159\u00ed cht\u011bj\u00ed dlouhodob\u00fd v\u00fdkon, <strong>lovci chut\u00ed<\/strong> kte\u0159\u00ed miluj\u00ed rozmanitost a <strong>obchody s elektronick\u00fdmi cigaretami nebo distributo\u0159i<\/strong> hled\u00e1te spolehliv\u00fd jednor\u00e1zov\u00fd vaporiz\u00e9r ve velk\u00e9m balen\u00ed. Ka\u017ed\u00e1 \u0161ar\u017ee obsahuje <strong>10 kus\u016f stejn\u00e9 p\u0159\u00edchut\u011b<\/strong>, co\u017e usnad\u0148uje a zefektiv\u0148uje spr\u00e1vu z\u00e1sob pro velkoobchodn\u00ed distribuci.<\/p>\n<h3>POCO SC30000 \u010casto kladen\u00e9 ot\u00e1zky \u2753<\/h3>\n<ul>\n<li><strong>Kolik za\u0159\u00edzen\u00ed je obsa\u017eeno v jedn\u00e9 sad\u011b?<\/strong><br \/>\nJedna sada obsahuje 10 kus\u016f stejn\u00e9 p\u0159\u00edchut\u011b a stejn\u00e9 barvy.<\/li>\n<li><strong>Mohu m\u00edchat p\u0159\u00edchut\u011b v jedn\u00e9 d\u00e1vce?<\/strong><br \/>\nNe. V jedn\u00e9 sad\u011b lze vybrat pouze jednu p\u0159\u00edchu\u0165. Objedn\u00e1n\u00edm v\u00edce sad si m\u016f\u017eete vybrat v\u00edce p\u0159\u00edchut\u00ed.<\/li>\n<li><strong>Kter\u00e9 zem\u011b podporuj\u00ed zas\u00edl\u00e1n\u00ed zbo\u017e\u00ed ze sklad\u016f EU?<\/strong><br \/>\nBezplatn\u00e1 nebo rychl\u00e1 doprava je k dispozici do v\u011bt\u0161iny zem\u00ed EU, v\u010detn\u011b N\u011bmecka, Francie, It\u00e1lie, \u0160pan\u011blska, Nizozemska, Polska, \u0160v\u00e9dska a dal\u0161\u00edch.<\/li>\n<li><strong>Jak dlouh\u00e1 je dodac\u00ed lh\u016fta?<\/strong><br \/>\nDoprava z m\u00edstn\u00edho skladu v EU trv\u00e1 p\u0159ibli\u017en\u011b 3\u20135 pracovn\u00edch dn\u016f.<\/li>\n<li><strong>Je podporov\u00e1no OEM nebo branding?<\/strong><br \/>\nAno, slu\u017eby OEM jsou k dispozici pro hromadn\u00e9 a velkoobchodn\u00ed objedn\u00e1vky.<\/li>\n<\/ul>","protected":false},"excerpt":{"rendered":"<p>U\u017eijte si dlouhotrvaj\u00edc\u00ed vapov\u00e1n\u00ed s jednor\u00e1zov\u00fdm vaporiz\u00e9rem POCO SC30000 \u26a1 30 000 pot\u00e1hnut\u00ed, 30 ml e-liquidu, dob\u00edjec\u00ed design a rychl\u00e9 dod\u00e1n\u00ed ze skladu v EU pro maloobchodn\u00edky a velkoobchodn\u00edky.<\/p>","protected":false},"featured_media":96844,"comment_status":"open","ping_status":"closed","template":"","meta":[],"product_brand":[232],"product_cat":[36,131],"product_tag":[482,481,483,331,484],"class_list":{"0":"post-96838","1":"product","2":"type-product","3":"status-publish","4":"has-post-thumbnail","6":"product_brand-poco","7":"product_cat-poco","8":"product_cat-30000-puffs-disposable-vape","9":"product_tag-30000-puffs-vape","10":"product_tag-disposable-vape-bulk","11":"product_tag-eu-warehouse-vape","12":"product_tag-rechargeable-disposable-vape","13":"product_tag-wholesale-vape-pen","15":"first","16":"instock","17":"shipping-taxable","18":"purchasable","19":"product-type-variable","20":"has-default-attributes"},"jetpack_sharing_enabled":true,"tiered_pricing_type":"fixed","tiered_pricing_fixed_rules":{"100":8.42999999999999971578290569595992565155029296875,"200":8.28999999999999914734871708787977695465087890625,"500":7.78000000000000024868995751603506505489349365234375},"tiered_pricing_product_settings":{"layout":"default","base_unit_name":{"singular":null,"plural":null},"default_variation":null},"tiered_pricing_minimum_quantity":50,"tiered_pricing_roles_data":[],"tiered_pricing_percentage_rules":[],"tiered_pricing_maximum_quantity":null,"tiered_pricing_quantity_step":"10","_links":{"self":[{"href":"https:\/\/aiviouvapes.com\/cs\/wp-json\/wp\/v2\/product\/96838","targetHints":{"allow":["GET"]}}],"collection":[{"href":"https:\/\/aiviouvapes.com\/cs\/wp-json\/wp\/v2\/product"}],"about":[{"href":"https:\/\/aiviouvapes.com\/cs\/wp-json\/wp\/v2\/types\/product"}],"replies":[{"embeddable":true,"href":"https:\/\/aiviouvapes.com\/cs\/wp-json\/wp\/v2\/comments?post=96838"}],"wp:featuredmedia":[{"embeddable":true,"href":"https:\/\/aiviouvapes.com\/cs\/wp-json\/wp\/v2\/media\/96844"}],"wp:attachment":[{"href":"https:\/\/aiviouvapes.com\/cs\/wp-json\/wp\/v2\/media?parent=96838"}],"wp:term":[{"taxonomy":"product_brand","embeddable":true,"href":"https:\/\/aiviouvapes.com\/cs\/wp-json\/wp\/v2\/product_brand?post=96838"},{"taxonomy":"product_cat","embeddable":true,"href":"https:\/\/aiviouvapes.com\/cs\/wp-json\/wp\/v2\/product_cat?post=96838"},{"taxonomy":"product_tag","embeddable":true,"href":"https:\/\/aiviouvapes.com\/cs\/wp-json\/wp\/v2\/product_tag?post=96838"}],"curies":[{"name":"wp","href":"https:\/\/api.w.org\/{rel}","templated":true}]}}