{"id":96754,"date":"2025-12-30T15:04:39","date_gmt":"2025-12-30T07:04:39","guid":{"rendered":"https:\/\/aiviouvapes.com\/?post_type=product&#038;p=96754"},"modified":"2026-03-17T10:08:57","modified_gmt":"2026-03-17T02:08:57","slug":"bang-king-triple-100k","status":"publish","type":"product","link":"https:\/\/aiviouvapes.com\/cs\/product\/bang-king-triple-100k\/","title":{"rendered":"Bang King Triple 100K | 3 v 1 100000 \u0161luk\u016f, trojit\u00e1 p\u0159\u00edchu\u0165, dob\u00edjec\u00ed, dlouhotrvaj\u00edc\u00ed jednor\u00e1zov\u00fd vape"},"content":{"rendered":"<p><strong>Bang King Triple 100 000 pot\u00e1hnut\u00ed jednor\u00e1zov\u00fd vape<\/strong> je ur\u010den pro vapery, kte\u0159\u00ed cht\u011bj\u00ed v\u00edce v\u00fdkonu, v\u00edce chuti a v\u011bt\u0161\u00ed hodnotu. D\u00edky t\u0159em vestav\u011bn\u00fdm n\u00e1dr\u017ek\u00e1m na p\u0159\u00edchut\u011b, oto\u010dn\u00e9mu voli\u010di p\u0159\u00edchut\u00ed a extr\u00e9mn\u011b vysok\u00e9mu po\u010dtu pot\u00e1hnut\u00ed nab\u00edz\u00ed tento pr\u00e9miov\u00fd jednor\u00e1zov\u00fd produkt flexibiln\u00ed a vzru\u0161uj\u00edc\u00ed z\u00e1\u017eitek z vapov\u00e1n\u00ed jak pro maloobchodn\u00ed z\u00e1kazn\u00edky, tak pro velkoobchodn\u00ed odb\u011bratele.<\/p>\n<h2>Pro\u010d zvolit Bang King Triple 100K?<\/h2>\n<ul>\n<li>\ud83d\udca8 A\u017e <strong>100 000 pot\u00e1hnut\u00ed<\/strong> pro extra dlouh\u00e9 pou\u017e\u00edv\u00e1n\u00ed<\/li>\n<li>\ud83c\udfa1 <strong>3-v-1 syst\u00e9m rotuj\u00edc\u00edch p\u0159\u00edchut\u00ed<\/strong> \u2013 kdykoli m\u016f\u017eete zm\u011bnit p\u0159\u00edchu\u0165<\/li>\n<li>\ud83c\udf6c <strong>C\u00edvky s trojit\u00fdmi oky<\/strong> pro jemnou p\u00e1ru a v\u00fdraznou chu\u0165<\/li>\n<li>\ud83d\udd0b <strong>Nab\u00edjec\u00ed baterie s kapacitou 650 mAh<\/strong> pro stabiln\u00ed v\u00fdkon po cel\u00fd den<\/li>\n<li>\u26a1 <strong>Rychl\u00e9 nab\u00edjen\u00ed typu C<\/strong> pro rychl\u00e9 a snadn\u00e9 dob\u00edjen\u00ed<\/li>\n<li>\ud83e\uddc3 <strong>Kapacita e-kapaliny 54 ml<\/strong> (3 \u00d7 18 ml n\u00e1dr\u017eky)<\/li>\n<li>\ud83d\udce6 Ide\u00e1ln\u00ed pro <strong>obchody s elektronick\u00fdmi cigaretami, distributo\u0159i a velkoobchodn\u00ed objedn\u00e1vky<\/strong><\/li>\n<\/ul>\n<h2>Bang King Triple 100K Specifikace<\/h2>\n<table>\n<tbody>\n<tr>\n<td>Po\u010det puf\u016f<\/td>\n<td>A\u017e 100 000 pot\u00e1hnut\u00ed<\/td>\n<\/tr>\n<tr>\n<td>Kapacita e-kapaliny<\/td>\n<td>54 ml (3 \u00d7 18 ml)<\/td>\n<\/tr>\n<tr>\n<td>S\u00edla nikotinu<\/td>\n<td>2% \/ 3% \/ 5%<\/td>\n<\/tr>\n<tr>\n<td>Kapacita baterie<\/td>\n<td>Dob\u00edjec\u00ed baterie 650 mAh<\/td>\n<\/tr>\n<tr>\n<td>Typ c\u00edvky<\/td>\n<td>Trojit\u00e9 c\u00edvky s odporem 1,0 \u03a9<\/td>\n<\/tr>\n<tr>\n<td>Nab\u00edjec\u00ed port<\/td>\n<td>Rychl\u00e9 nab\u00edjen\u00ed typu C<\/td>\n<\/tr>\n<tr>\n<td>Syst\u00e9m p\u0159\u00edchut\u00ed<\/td>\n<td>3-v-1 oto\u010dn\u00fd voli\u010d p\u0159\u00edchut\u00ed<\/td>\n<\/tr>\n<tr>\n<td>Mo\u017enosti p\u0159\u00edchut\u00ed<\/td>\n<td>10 sm\u011bs\u00ed se t\u0159emi p\u0159\u00edchut\u011bmi<\/td>\n<\/tr>\n<tr>\n<td>Balen\u00ed<\/td>\n<td>10 kus\u016f v jedn\u00e9 krabi\u010dce<\/td>\n<\/tr>\n<\/tbody>\n<\/table>\n<h2>Bang King Triple 100K Mo\u017enosti p\u0159\u00edchut\u00ed<\/h2>\n<ul>\n<li>\ud83c\udf49 Meloun + Red Bull + Jahoda Kiwi \u2013 sladk\u00e9, energick\u00e9 a ovocn\u00e9<\/li>\n<li>\ud83c\udf4b Citronov\u00e1 limetka + jahodov\u00e1 vodn\u00ed meloun + bor\u016fvkov\u00fd led \u2013 sv\u011b\u017e\u00ed s ledov\u00fdm z\u00e1v\u011brem<\/li>\n<li>\ud83c\udf53 Jahoda-ban\u00e1n + malina-meloun + citron-limetka \u2013 kr\u00e9mov\u00e1 a pikantn\u00ed sm\u011bs<\/li>\n<li>\ud83e\udd6d Jahoda, kiwi + kysel\u00e9 mango, ananas + Red Bull \u2013 v\u00fdrazn\u00fd tropick\u00fd pun\u010d<\/li>\n<li>\ud83c\udf34 Tropick\u00e9 ovoce + jahodov\u00e1 vodn\u00ed meloun + citronov\u00e1 broskev \u2013 jemn\u00e1 a \u0161\u0165avnat\u00e1 sm\u011bs<\/li>\n<li>\ud83c\udf4d Ananasov\u00fd kokos + jahodov\u00fd ban\u00e1n + modr\u00e1 malina \u2013 sladkost v ostrovn\u00edm stylu<\/li>\n<li>\ud83c\udf52 Jahoda, malina + trojit\u00fd meloun + kysel\u00e9 mango, ananas \u2013 bohat\u00e9 ovocn\u00e9 vrstvy<\/li>\n<li>\ud83c\udf51 Malina a meloun + mango a broskev + jahoda a kiwi \u2013 vyv\u00e1\u017een\u00e1 ovocn\u00e1 sm\u011bs<\/li>\n<li>\ud83e\udd64 Jahodov\u00e1 vanilkov\u00e1 cola + bor\u016fvka malina + citron limetka \u2013 sladk\u00e1 soda<\/li>\n<li>\ud83c\udf66 Meloun + jahodov\u00e1 zmrzlina + trojit\u00fd meloun \u2013 kr\u00e9mov\u00e1 a osv\u011b\u017euj\u00edc\u00ed<\/li>\n<\/ul>\n<h2>Pro koho je ur\u010den Bang King Triple 100K?<\/h2>\n<p>Jednor\u00e1zov\u00fd vaporiz\u00e9r Bang King Triple 100K je ide\u00e1ln\u00ed pro <strong>n\u00e1ro\u010dn\u00ed u\u017eivatel\u00e9<\/strong> kte\u0159\u00ed cht\u011bj\u00ed dlouhodob\u00fd v\u00fdkon, <strong>lovci chut\u00ed<\/strong> kte\u0159\u00ed r\u00e1di m\u011bn\u00ed chut\u011b a <strong>vape obchody<\/strong> hled\u00e1te pr\u00e9miov\u00fd produkt s vysokou popt\u00e1vkou. Je tak\u00e9 vynikaj\u00edc\u00ed volbou pro <strong>velkoobchodn\u00ed distribuce<\/strong> d\u00edky siln\u00e9 zna\u010dce, velkoobjemov\u00e9mu balen\u00ed a \u0161irok\u00e9 \u0161k\u00e1le p\u0159\u00edchut\u00ed.<\/p>\n<h2>Bang King Triple 100K \u010casto kladen\u00e9 ot\u00e1zky<\/h2>\n<p><strong>Ot\u00e1zka: Mohu b\u011bhem vapov\u00e1n\u00ed m\u011bnit p\u0159\u00edchut\u011b?<\/strong><br \/>\nAno \ud83d\udc4d Sta\u010d\u00ed oto\u010dit n\u00e1ustek a m\u016f\u017eete si vybrat ze t\u0159\u00ed vestav\u011bn\u00fdch p\u0159\u00edchut\u00ed.<\/p>\n<p><strong>Ot\u00e1zka: Lze za\u0159\u00edzen\u00ed dob\u00edjet?<\/strong><br \/>\nAno \ud83d\udd0b Je vybaven dob\u00edjec\u00ed bateri\u00ed s kapacitou 650 mAh a podporuje rychl\u00e9 nab\u00edjen\u00ed p\u0159es konektor typu C.<\/p>\n<p><strong>Ot\u00e1zka: Je to vhodn\u00e9 pro za\u010d\u00e1te\u010dn\u00edky?<\/strong><br \/>\nRozhodn\u011b \ud83d\ude0a D\u00edky n\u011bkolika r\u016fzn\u00fdm obsah\u016fm nikotinu si jej mohou u\u017e\u00edt jak nov\u00ed, tak zku\u0161en\u00ed u\u017eivatel\u00e9.<\/p>\n<p><strong>Ot\u00e1zka: Je tento produkt vhodn\u00fd pro velkoobchod?<\/strong><br \/>\nAno \ud83d\udce6 Ka\u017ed\u00e1 vystavovac\u00ed krabi\u010dka obsahuje 10 kus\u016f, co\u017e je ide\u00e1ln\u00ed pro maloobchodn\u00edky a distributory.<\/p>\n<p><strong>Bang King Triple 100 000 pot\u00e1hnut\u00ed jednor\u00e1zov\u00fd vape<\/strong> poskytuje v\u00fdkon, rozmanitost chut\u00ed a pr\u00e9miovou kvalitu v jednom za\u0159\u00edzen\u00ed \ud83d\ude80 Chytr\u00e1 volba pro modern\u00ed vapery a profesion\u00e1ln\u00ed vapovac\u00ed podniky.<\/p>","protected":false},"excerpt":{"rendered":"<p>U\u017eijte si 100 000 pot\u00e1hnut\u00ed s jednor\u00e1zov\u00fdm vaporiz\u00e9rem Bang King Triple 100K \ud83d\udd25 Nab\u00edz\u00ed 3 v 1 rotuj\u00edc\u00ed p\u0159\u00edchut\u011b, dob\u00edjec\u00ed baterii a bohatou chu\u0165 d\u00edky s\u00ed\u0165ov\u00e9 c\u00edvce pro dlouhodob\u00e9 uspokojen\u00ed.<\/p>","protected":false},"featured_media":96763,"comment_status":"open","ping_status":"closed","template":"","meta":[],"product_brand":[239],"product_cat":[37,336],"product_tag":[479,480,456,331,466],"class_list":{"0":"post-96754","1":"product","2":"type-product","3":"status-publish","4":"has-post-thumbnail","6":"product_brand-bang","7":"product_cat-bang","8":"product_cat-100k-puffs-disposable-vape","9":"product_tag-100k-puffs-vape","10":"product_tag-bulk-vape-wholesale","11":"product_tag-disposable-vape","12":"product_tag-rechargeable-disposable-vape","13":"product_tag-triple-flavor-disposable-vape","15":"first","16":"instock","17":"shipping-taxable","18":"purchasable","19":"product-type-variable","20":"has-default-attributes"},"jetpack_sharing_enabled":true,"tiered_pricing_type":"fixed","tiered_pricing_fixed_rules":{"30":8.1699999999999999289457264239899814128875732421875,"50":6.61000000000000031974423109204508364200592041015625,"100":6.089999999999999857891452847979962825775146484375,"200":5.70000000000000017763568394002504646778106689453125,"400":5.12000000000000010658141036401502788066864013671875},"tiered_pricing_product_settings":{"layout":"default","base_unit_name":{"singular":null,"plural":null},"default_variation":null},"tiered_pricing_minimum_quantity":10,"tiered_pricing_roles_data":[],"tiered_pricing_percentage_rules":[],"tiered_pricing_maximum_quantity":null,"tiered_pricing_quantity_step":"10","_links":{"self":[{"href":"https:\/\/aiviouvapes.com\/cs\/wp-json\/wp\/v2\/product\/96754","targetHints":{"allow":["GET"]}}],"collection":[{"href":"https:\/\/aiviouvapes.com\/cs\/wp-json\/wp\/v2\/product"}],"about":[{"href":"https:\/\/aiviouvapes.com\/cs\/wp-json\/wp\/v2\/types\/product"}],"replies":[{"embeddable":true,"href":"https:\/\/aiviouvapes.com\/cs\/wp-json\/wp\/v2\/comments?post=96754"}],"wp:featuredmedia":[{"embeddable":true,"href":"https:\/\/aiviouvapes.com\/cs\/wp-json\/wp\/v2\/media\/96763"}],"wp:attachment":[{"href":"https:\/\/aiviouvapes.com\/cs\/wp-json\/wp\/v2\/media?parent=96754"}],"wp:term":[{"taxonomy":"product_brand","embeddable":true,"href":"https:\/\/aiviouvapes.com\/cs\/wp-json\/wp\/v2\/product_brand?post=96754"},{"taxonomy":"product_cat","embeddable":true,"href":"https:\/\/aiviouvapes.com\/cs\/wp-json\/wp\/v2\/product_cat?post=96754"},{"taxonomy":"product_tag","embeddable":true,"href":"https:\/\/aiviouvapes.com\/cs\/wp-json\/wp\/v2\/product_tag?post=96754"}],"curies":[{"name":"wp","href":"https:\/\/api.w.org\/{rel}","templated":true}]}}