{"id":96631,"date":"2025-12-30T15:17:47","date_gmt":"2025-12-30T07:17:47","guid":{"rendered":"https:\/\/aiviouvapes.com\/?post_type=product&#038;p=96631"},"modified":"2026-03-04T12:06:18","modified_gmt":"2026-03-04T04:06:18","slug":"okso-70k","status":"publish","type":"product","link":"https:\/\/aiviouvapes.com\/cs\/product\/okso-70k\/","title":{"rendered":"OKSO 70K | 3 v 1, 70 000 pot\u00e1hnut\u00ed, trojit\u00e1 s\u00ed\u0165ka, jemn\u00fd n\u00e1dech, velkoobjemov\u00e1 jednor\u00e1zov\u00e1 elektronick\u00e1 cigareta"},"content":{"rendered":"<p>Jednor\u00e1zov\u00fd vaporiz\u00e9r OKSO 3 v 1 s kapacitou 70 000 pot\u00e1hnut\u00ed kombinuje obrovskou kapacitu, chytr\u00fd design a rozmanitost chut\u00ed v jednom v\u00fdkonn\u00e9m za\u0159\u00edzen\u00ed. Nam\u00edsto no\u0161en\u00ed n\u011bkolika vaporiz\u00e9r\u016f si u\u017eivatel\u00e9 mohou vychutnat t\u0159i chu\u0165ov\u00e9 profily v jedin\u00e9m za\u0159\u00edzen\u00ed. D\u00edky celkov\u00e9 kapacit\u011b 48 ml e-liquidu, dob\u00edjec\u00ed baterii a pokro\u010dil\u00e9 trojit\u00e9 s\u00ed\u0165ov\u00e9 c\u00edvce je ka\u017ed\u00e9 pot\u00e1hnut\u00ed hladk\u00e9 a uspokojiv\u00e9 od za\u010d\u00e1tku do konce.<\/p>\n<h2>Pro\u010d si vybrat OKSO 3 v 1 70K?<\/h2>\n<ul>\n<li>\ud83d\udd04 Syst\u00e9m 3 chut\u00ed v 1 \u2013 oto\u010den\u00edm m\u016f\u017eete kdykoli zm\u011bnit chu\u0165<\/li>\n<li>\ud83d\udca8 A\u017e 70 000 pot\u00e1hnut\u00ed pro dlouhodob\u00e9 pou\u017e\u00edv\u00e1n\u00ed a lep\u0161\u00ed hodnotu<\/li>\n<li>\ud83d\udd25 Technologie trojit\u00e9 s\u00ed\u0165ov\u00e9 c\u00edvky pro \u010dist\u0161\u00ed a jemn\u011bj\u0161\u00ed potahy<\/li>\n<li>\ud83e\uddea Celkem 48 ml e-kapaliny (3 \u00d7 16 ml n\u00e1dr\u017eky) v jednom za\u0159\u00edzen\u00ed<\/li>\n<li>\ud83d\udd0b Dob\u00edjec\u00ed baterie 650 mAh s rychl\u00fdm nab\u00edjen\u00edm typu C<\/li>\n<li>\ud83d\udcca Inteligentn\u00ed LED displej zobrazuje stav baterie a vyu\u017eit\u00ed<\/li>\n<li>\ud83d\udce6 Ide\u00e1ln\u00ed pro obchody s elektronick\u00fdmi cigaretami, distributory a velkoobchodn\u00ed odb\u011bratele<\/li>\n<\/ul>\n<h3>OKSO 70K Specifikace<\/h3>\n<table>\n<tbody>\n<tr>\n<td>Po\u010det puf\u016f<\/td>\n<td>A\u017e 70 000 pot\u00e1hnut\u00ed<\/td>\n<\/tr>\n<tr>\n<td>Syst\u00e9m p\u0159\u00edchut\u00ed<\/td>\n<td>3 v 1 p\u0159ep\u00ednateln\u00e9 p\u0159\u00edchut\u011b<\/td>\n<\/tr>\n<tr>\n<td>Typ c\u00edvky<\/td>\n<td>Trojit\u00e1 s\u00ed\u0165ov\u00e1 c\u00edvka<\/td>\n<\/tr>\n<tr>\n<td>Kapacita e-liquidu<\/td>\n<td>Celkem 48 ml (16 ml \u00d7 3 n\u00e1dr\u017eky)<\/td>\n<\/tr>\n<tr>\n<td>Baterie<\/td>\n<td>650mAh dob\u00edjec\u00ed<\/td>\n<\/tr>\n<tr>\n<td>Nab\u00edjen\u00ed<\/td>\n<td>Rychl\u00e9 nab\u00edjen\u00ed typu C<\/td>\n<\/tr>\n<tr>\n<td>S\u00edla nikotinu<\/td>\n<td>0% \/ 2% \/ 3% \/ 5%<\/td>\n<\/tr>\n<tr>\n<td>Displej<\/td>\n<td>Chytr\u00e1 LED obrazovka<\/td>\n<\/tr>\n<\/tbody>\n<\/table>\n<h3>OKSO 70K Mo\u017enosti p\u0159\u00edchut\u00ed\ud83c\udf53\ud83c\udf49\u2744\ufe0f<\/h3>\n<p><b>Trio bobul\u00ed a jablek:<\/b> Bor\u016fvka-malina | Sm\u011bs lesn\u00edch plod\u016f | Jablko-broskve \u2013 sladk\u00e1, vyv\u00e1\u017een\u00e1 a jemn\u00e1 chu\u0165.<\/p>\n<p><b>Chladic\u00ed ovocn\u00e1 sm\u011bs:<\/b> Watermelon Ice | Mr. Blue | Zelen\u00e9 hrozny a meloun \u2013 osv\u011b\u017euj\u00edc\u00ed a ledov\u011b chladiv\u00e1 chu\u0165 s ovocnou hloubkou.<\/p>\n<p><b>Exotick\u00e1 f\u00faze:<\/b> Jahodov\u00e1 zmrzlina | Jungle Juice | Dragon Melon \u2013 tropick\u00e9 vrstvy s osv\u011b\u017euj\u00edc\u00edm z\u00e1v\u011brem.<\/p>\n<p><b>Kolekce Deep Purple:<\/b> Hroznov\u00e9 ledov\u00e9 | \u010cern\u00fd ryb\u00edzov\u00e9 ledov\u00e9 | Bobulov\u00e9 d\u017eemy \u2013 bohat\u00e9, tmav\u00e9 a v\u00fdrazn\u00e9 chut\u011b.<\/p>\n<p><b>V\u00fdb\u011br Crimson:<\/b> Cherry Ice | Two Apple | Strawberry Raspberry Cherry Ice \u2013 ostr\u00e1, ovocn\u00e1 a komplexn\u00ed.<\/p>\n<p><b>Cukr\u00e1\u0159sk\u00e1 sm\u011bs:<\/b> \u0160\u0165avnat\u00e1 broskev | T\u0159e\u0161\u0148ov\u00e1 cola | T\u0159e\u0161\u0148ov\u00e9 m\u011bkk\u00e9 bonb\u00f3ny \u2013 sladk\u00e9 a nostalgick\u00e9 bonb\u00f3ny.<\/p>\n<p><b>Tropick\u00fd pun\u010d:<\/b> Jahoda-kiwi | Melounov\u00e1 \u017ev\u00fdka\u010dka | Trojit\u00e9 mango s ledem \u2013 \u0161\u0165avnat\u00e1 a hrav\u00e1 tropick\u00e1 sm\u011bs.<\/p>\n<p><b>Ostrovn\u00ed mix:<\/b> Kiwi, maracuja, guava | Cola Ice | Maracuja, mango Ice \u2013 pikantn\u00ed, \u0161umiv\u00e1 a osv\u011b\u017euj\u00edc\u00ed.<\/p>\n<p><b>Letn\u00ed osv\u011b\u017een\u00ed:<\/b> Ananasov\u00e1 ledov\u00e1 t\u0159\u00ed\u0161\u0165 | Jahodov\u00e1 vodn\u00ed meloun | Jahodov\u00e1 hroznov\u00e1 \u2013 jasn\u00e9 a slune\u010dn\u00e9 ovocn\u00e9 sm\u011bsi.<\/p>\n<p><b>Edice Citrus &amp; Mint:<\/b> \u010cerstv\u00e1 m\u00e1ta | Citronov\u00e1 limetka | Vodn\u00ed meloun Mojito \u2013 \u010dist\u00e1, sv\u011b\u017e\u00ed a pikantn\u00ed dochu\u0165.<\/p>\n<h3>Ide\u00e1ln\u00ed pro n\u00e1ro\u010dn\u00e9 u\u017eivatele a velkoobchodn\u00ed odb\u011bratele<\/h3>\n<p>Jednor\u00e1zov\u00fd vaporiz\u00e9r OKSO 3 v 1 70K je ur\u010den pro n\u00e1ru\u017eiv\u00e9 u\u017eivatele, kte\u0159\u00ed po\u017eaduj\u00ed dlouhodob\u00fd v\u00fdkon a rozmanitost p\u0159\u00edchut\u00ed bez nutnosti neust\u00e1l\u00e9 v\u00fdm\u011bny. Milovn\u00edci p\u0159\u00edchut\u00ed ocen\u00ed mo\u017enost okam\u017eit\u00e9ho p\u0159ep\u00edn\u00e1n\u00ed chut\u00ed, zat\u00edmco prodejny vaporiz\u00e9r\u016f a velkoobchodn\u00edci t\u011b\u017e\u00ed z opakovan\u00e9 popt\u00e1vky, vysok\u00e9ho po\u010dtu pot\u00e1hnut\u00ed a atraktivn\u00edho vzhledu na reg\u00e1lech. Jedno za\u0159\u00edzen\u00ed nahrazuje n\u011bkolik jednor\u00e1zov\u00fdch produkt\u016f, co\u017e z n\u011bj \u010din\u00ed chytrou volbu pro hromadn\u00fd prodej a distribuci.<\/p>\n<h3>OKSO 70K \u010casto kladen\u00e9 ot\u00e1zky<\/h3>\n<p><b>Ot\u00e1zka: Jak mohu p\u0159ep\u00ednat mezi 3 p\u0159\u00edchut\u011bmi?<\/b><br \/>\nOdpov\u011b\u010f: Jednodu\u0161e oto\u010dte horn\u00ed \u010d\u00e1st za\u0159\u00edzen\u00ed a vyberte jinou n\u00e1dr\u017eku. Ka\u017ed\u00e1 p\u0159\u00edchu\u0165 m\u00e1 svou vlastn\u00ed c\u00edvku, d\u00edky \u010demu\u017e jsou chut\u011b \u010dist\u00e9 a odd\u011blen\u00e9 \ud83d\udd04.<\/p>\n<p><b>Ot\u00e1zka: Vydr\u017e\u00ed baterie v\u0161ech 70 000 pot\u00e1hnut\u00ed?<\/b><br \/>\nOdpov\u011b\u010f: Baterie je dob\u00edjec\u00ed. M\u016f\u017eete ji dob\u00edjet n\u011bkolikr\u00e1t, dokud se nespot\u0159ebuje v\u0161ech 48 ml e-kapaliny \ud83d\udd0b.<\/p>\n<p><b>Ot\u00e1zka: Je to vhodn\u00e9 pro obchody s elektronick\u00fdmi cigaretami?<\/b><br \/>\nOdpov\u011b\u010f: Ano. D\u00edky designu 3 v 1, vysok\u00e9mu po\u010dtu nafouknut\u00ed a pr\u00e9miov\u00fdm funkc\u00edm je velmi atraktivn\u00ed pro maloobchodn\u00ed i velkoobchodn\u00ed z\u00e1kazn\u00edky.<\/p>\n<p><b>Ot\u00e1zka: Je tento produkt origin\u00e1ln\u00ed?<\/b><br \/>\nOdpov\u011b\u010f: Ano. V\u0161echny jednor\u00e1zov\u00e9 elektronick\u00e9 cigarety OKSO poch\u00e1zej\u00ed p\u0159\u00edmo od v\u00fdrobce a jsou ov\u011b\u0159eny z hlediska pravosti.<\/p>\n<p><b>Jste p\u0159ipraveni vylep\u0161it sv\u00e9 z\u00e1soby?<\/b><br \/>\nVyberte si jednor\u00e1zov\u00fd vaporiz\u00e9r OKSO 3 v 1 s 70 000 pot\u00e1hnut\u00edmi a nab\u00eddn\u011bte sv\u00fdm z\u00e1kazn\u00edk\u016fm v\u00edce chut\u00ed, v\u011bt\u0161\u00ed hodnotu a v\u011bt\u0161\u00ed spokojenost \ud83d\udcbc\ud83d\udd25<\/p>\n<p><img data-recalc-dims=\"1\" loading=\"lazy\" decoding=\"async\" class=\"alignnone size-full wp-image-96686\" src=\"https:\/\/i0.wp.com\/aiviouvapes.com\/wp-content\/uploads\/2025\/12\/OKSO-70K-11.jpg?resize=1000%2C1000&#038;ssl=1\" alt=\"OKSO 70K\" width=\"1000\" height=\"1000\" title=\"\" srcset=\"https:\/\/i0.wp.com\/aiviouvapes.com\/wp-content\/uploads\/2025\/12\/OKSO-70K-11.jpg?w=1000&amp;ssl=1 1000w, https:\/\/i0.wp.com\/aiviouvapes.com\/wp-content\/uploads\/2025\/12\/OKSO-70K-11.jpg?resize=300%2C300&amp;ssl=1 300w, https:\/\/i0.wp.com\/aiviouvapes.com\/wp-content\/uploads\/2025\/12\/OKSO-70K-11.jpg?resize=150%2C150&amp;ssl=1 150w, https:\/\/i0.wp.com\/aiviouvapes.com\/wp-content\/uploads\/2025\/12\/OKSO-70K-11.jpg?resize=768%2C768&amp;ssl=1 768w, https:\/\/i0.wp.com\/aiviouvapes.com\/wp-content\/uploads\/2025\/12\/OKSO-70K-11.jpg?resize=12%2C12&amp;ssl=1 12w, https:\/\/i0.wp.com\/aiviouvapes.com\/wp-content\/uploads\/2025\/12\/OKSO-70K-11.jpg?resize=400%2C400&amp;ssl=1 400w, https:\/\/i0.wp.com\/aiviouvapes.com\/wp-content\/uploads\/2025\/12\/OKSO-70K-11.jpg?resize=800%2C800&amp;ssl=1 800w, https:\/\/i0.wp.com\/aiviouvapes.com\/wp-content\/uploads\/2025\/12\/OKSO-70K-11.jpg?resize=100%2C100&amp;ssl=1 100w\" sizes=\"auto, (max-width: 1000px) 100vw, 1000px\" \/><\/p>","protected":false},"excerpt":{"rendered":"<p>Jednor\u00e1zov\u00fd vaporiz\u00e9r OKSO 3 v 1 70K poskytuje a\u017e 70 000 jemn\u00fdch pot\u00e1hnut\u00ed d\u00edky trojit\u00e9 s\u00ed\u0165ov\u00e9 c\u00edvce a 3 p\u0159ep\u00ednateln\u00fdm p\u0159\u00edchut\u00edm v jednom za\u0159\u00edzen\u00ed \ud83d\udd04\ud83d\udca8 Ide\u00e1ln\u00ed pro velkoobchod, hromadn\u00fd n\u00e1kup a n\u00e1ru\u017eiv\u00e9 u\u017eivatele.<\/p>","protected":false},"featured_media":96680,"comment_status":"open","ping_status":"closed","template":"","meta":[],"product_brand":[244],"product_cat":[243,336,242],"product_tag":[439,469,463,456,470],"class_list":{"0":"post-96631","1":"product","2":"type-product","3":"status-publish","4":"has-post-thumbnail","6":"product_brand-okso","7":"product_cat-okso","8":"product_cat-100k-puffs-disposable-vape","9":"product_cat-60000-puffs-disposable-vape","10":"product_tag-3-in-1-disposable-vape","11":"product_tag-70000-puffs-vape","12":"product_tag-bulk-disposable-vape-wholesale","13":"product_tag-disposable-vape","14":"product_tag-triple-mesh-coil-vape","16":"first","17":"instock","18":"shipping-taxable","19":"purchasable","20":"product-type-variable","21":"has-default-attributes"},"jetpack_sharing_enabled":true,"tiered_pricing_type":"fixed","tiered_pricing_fixed_rules":{"30":9.589999999999999857891452847979962825775146484375,"50":8.03999999999999914734871708787977695465087890625,"100":7.519999999999999573674358543939888477325439453125,"200":7.12999999999999989341858963598497211933135986328125,"400":6.3499999999999996447286321199499070644378662109375},"tiered_pricing_product_settings":{"layout":"default","base_unit_name":{"singular":null,"plural":null},"default_variation":null},"tiered_pricing_minimum_quantity":10,"tiered_pricing_roles_data":[],"tiered_pricing_percentage_rules":[],"tiered_pricing_maximum_quantity":null,"tiered_pricing_quantity_step":"10","_links":{"self":[{"href":"https:\/\/aiviouvapes.com\/cs\/wp-json\/wp\/v2\/product\/96631","targetHints":{"allow":["GET"]}}],"collection":[{"href":"https:\/\/aiviouvapes.com\/cs\/wp-json\/wp\/v2\/product"}],"about":[{"href":"https:\/\/aiviouvapes.com\/cs\/wp-json\/wp\/v2\/types\/product"}],"replies":[{"embeddable":true,"href":"https:\/\/aiviouvapes.com\/cs\/wp-json\/wp\/v2\/comments?post=96631"}],"wp:featuredmedia":[{"embeddable":true,"href":"https:\/\/aiviouvapes.com\/cs\/wp-json\/wp\/v2\/media\/96680"}],"wp:attachment":[{"href":"https:\/\/aiviouvapes.com\/cs\/wp-json\/wp\/v2\/media?parent=96631"}],"wp:term":[{"taxonomy":"product_brand","embeddable":true,"href":"https:\/\/aiviouvapes.com\/cs\/wp-json\/wp\/v2\/product_brand?post=96631"},{"taxonomy":"product_cat","embeddable":true,"href":"https:\/\/aiviouvapes.com\/cs\/wp-json\/wp\/v2\/product_cat?post=96631"},{"taxonomy":"product_tag","embeddable":true,"href":"https:\/\/aiviouvapes.com\/cs\/wp-json\/wp\/v2\/product_tag?post=96631"}],"curies":[{"name":"wp","href":"https:\/\/api.w.org\/{rel}","templated":true}]}}