{"id":94480,"date":"2025-12-27T15:47:32","date_gmt":"2025-12-27T07:47:32","guid":{"rendered":"https:\/\/aiviouvapes.com\/?post_type=product&#038;p=94480"},"modified":"2026-03-17T23:49:10","modified_gmt":"2026-03-17T15:49:10","slug":"mrvi-becoming-100k","status":"publish","type":"product","link":"https:\/\/aiviouvapes.com\/cs\/product\/mrvi-becoming-100k\/","title":{"rendered":"MRVI BECOMING 100K | 5 v 1, 100 000 pot\u00e1hnut\u00ed, dotykov\u00fd displej, jednor\u00e1zov\u00fd vape"},"content":{"rendered":"<p><strong>MRVI BECOMING 100K<\/strong> je nov\u00e1 generace velkokapacitn\u00edch jednor\u00e1zov\u00fdch vaporiz\u00e9r\u016f, ur\u010den\u00fdch pro u\u017eivatele, kte\u0159\u00ed cht\u011bj\u00ed <strong>maxim\u00e1ln\u00ed po\u010det pot\u00e1hnut\u00ed, siln\u00e1 chu\u0165 a inteligentn\u00ed ovl\u00e1d\u00e1n\u00ed<\/strong>.<br \/>\nD\u00edky pokro\u010dil\u00e9 dotykov\u00e9 obrazovce, du\u00e1ln\u00ed s\u00ed\u0165ov\u00e9 c\u00edvce a syst\u00e9mu 5 v 1 pro v\u00fdb\u011br p\u0159\u00edchut\u00ed nab\u00edz\u00ed toto za\u0159\u00edzen\u00ed pr\u00e9miov\u00fd z\u00e1\u017eitek a z\u00e1rove\u0148 z\u016fst\u00e1v\u00e1 jednoduch\u00e9 na pou\u017e\u00edv\u00e1n\u00ed.<br \/>\nJe to vynikaj\u00edc\u00ed volba jak pro maloobchodn\u00ed z\u00e1kazn\u00edky, tak pro B2B odb\u011bratele, jako jsou obchody s elektronick\u00fdmi cigaretami, distributo\u0159i a velkoobchodn\u00edci.<\/p>\n<h2>Pro\u010d zvolit MRVI BECOMING 100K?<\/h2>\n<ul>\n<li>\ud83d\udd25 <strong>A\u017e 100 000 pot\u00e1hnut\u00ed<\/strong> pro mimo\u0159\u00e1dn\u011b dlouh\u00e9 pou\u017e\u00edv\u00e1n\u00ed<\/li>\n<li>\ud83c\udf53 <strong>Syst\u00e9m p\u0159\u00edchut\u00ed 5 v 1<\/strong> \u2013 p\u0159ep\u00edn\u00e1n\u00ed p\u0159\u00edchut\u00ed v jednom za\u0159\u00edzen\u00ed<\/li>\n<li>\ud83d\udcf1 <strong>Chytr\u00fd dotykov\u00fd displej<\/strong> s displejem pro e-kapalinu a v\u00fdkon<\/li>\n<li>\ud83d\udd12 <strong>Ochrana d\u011btskou pojistkou<\/strong> pro bezpe\u010dn\u011bj\u0161\u00ed pou\u017e\u00edv\u00e1n\u00ed<\/li>\n<li>\u26a1 <strong>Dvojit\u00e1 s\u00ed\u0165ov\u00e1 c\u00edvka<\/strong> pro bohat\u0161\u00ed chu\u0165 a v\u011bt\u0161\u00ed obl\u00e1\u010dky<\/li>\n<li>\ud83d\udd0b <strong>Nab\u00edjec\u00ed baterie s kapacitou 650 mAh<\/strong> s rychl\u00fdm nab\u00edjen\u00edm typu C<\/li>\n<li>\ud83c\udf9b <strong>Re\u017eimy ECO PLUS a PRO MAX<\/strong> p\u0159izp\u016fsobit v\u00fdkon<\/li>\n<li>\ud83d\udcbc <strong>Ide\u00e1ln\u00ed pro velkoobchod a hromadn\u00e9 n\u00e1kupy<\/strong> balen\u00ed<\/li>\n<\/ul>\n<h2>MRVI BECOMING 100K Specifikace<\/h2>\n<table>\n<tbody>\n<tr>\n<td><strong>Po\u010det puf\u016f<\/strong><\/td>\n<td>A\u017e 100 000 pot\u00e1hnut\u00ed<\/td>\n<\/tr>\n<tr>\n<td><strong>Kapacita e-kapaliny<\/strong><\/td>\n<td>75 ml<\/td>\n<\/tr>\n<tr>\n<td><strong>Kapacita baterie<\/strong><\/td>\n<td>650mAh (dob\u00edjec\u00ed)<\/td>\n<\/tr>\n<tr>\n<td><strong>S\u00edla nikotinu<\/strong><\/td>\n<td>5%<\/td>\n<\/tr>\n<tr>\n<td><strong>Typ c\u00edvky<\/strong><\/td>\n<td>Dual Mesh C\u00edvka<\/td>\n<\/tr>\n<tr>\n<td><strong>Nab\u00edjec\u00ed port<\/strong><\/td>\n<td>Typ C<\/td>\n<\/tr>\n<tr>\n<td><strong>Displej<\/strong><\/td>\n<td>Dotykov\u00fd displej s indik\u00e1torem hladiny e-kapaliny a v\u00fdkonu<\/td>\n<\/tr>\n<tr>\n<td><strong>Re\u017eimy nap\u00e1jen\u00ed<\/strong><\/td>\n<td>ECO PLUS \/ PRO MAX<\/td>\n<\/tr>\n<tr>\n<td><strong>Bal\u00ed\u010dek<\/strong><\/td>\n<td>1 ks v krabici, 10 ks v prodejn\u00ed krabici<\/td>\n<\/tr>\n<\/tbody>\n<\/table>\n<h2>MRVI BECOMING 100K Dostupn\u00e9 p\u0159\u00edchut\u011b<\/h2>\n<p><strong>Sada p\u0159\u00edchut\u00ed 1:<\/strong><br \/>\nBlueberry Burst \u2013 sladk\u00e1 a \u0161\u0165avnat\u00e1 chu\u0165 lesn\u00edch plod\u016f \ud83c\udf47<br \/>\nLush Ice \u2013 meloun s ledovou sv\u011b\u017eest\u00ed \u2744\ufe0f\ud83c\udf49<br \/>\nM\u00e1tov\u00fd meloun \u2013 sv\u011b\u017e\u00ed m\u00e1ta sm\u00edchan\u00e1 se zral\u00fdm melounem \ud83c\udf3f\ud83c\udf48<br \/>\nMixed Fruits \u2013 jemn\u00fd ovocn\u00fd koktejl \ud83e\udd6d\ud83c\udf53<br \/>\nTropical Mango \u2013 bohat\u00e1 a exotick\u00e1 p\u0159\u00edchu\u0165 manga \ud83e\udd6d<\/p>\n<p><strong>Sada p\u0159\u00edchut\u00ed 2:<\/strong><br \/>\nBlueberry Ice \u2013 ledov\u00e9 bor\u016fvkov\u00e9 osv\u011b\u017een\u00ed \u2744\ufe0f<br \/>\nCola Ice \u2013 perliv\u00e1 cola s osv\u011b\u017euj\u00edc\u00edm dozvukem \ud83e\udd64<br \/>\nTmav\u00e9 hrozny \u2013 hlubok\u00e1 a v\u00fdrazn\u00e1 chu\u0165 hrozn\u016f \ud83c\udf47<br \/>\nDouble Apple \u2013 klasick\u00e1 sm\u011bs sladk\u00fdch jablek \ud83c\udf4e\ud83c\udf4f<br \/>\nZelen\u00e1 fazole \u2013 jedine\u010dn\u00e1 a jemn\u00e1 chu\u0165 fazol\u00ed \ud83c\udf31<\/p>\n<p><strong>Sada p\u0159\u00edchut\u00ed 3:<\/strong><br \/>\nBlue Razz Ice \u2013 ostr\u00e1 modr\u00e1 malinov\u00e1 chladivost \ud83d\udc99\u2744\ufe0f<br \/>\nCitrus Storm \u2013 v\u00fdrazn\u00e1 citrusov\u00e1 exploze \ud83c\udf4a<br \/>\n\u0160\u0165avnat\u00e1 broskev \u2013 m\u011bkk\u00e1 a sladk\u00e1 broskev \ud83c\udf51<br \/>\nR\u016f\u017eov\u00e1 limon\u00e1da \u2013 sladkokysel\u00e1 rovnov\u00e1ha \ud83c\udf4b<br \/>\nRainbow Candy \u2013 barevn\u00e1 sladkost bonb\u00f3n\u016f \ud83c\udf6c<\/p>\n<p><strong>Sada p\u0159\u00edchut\u00ed 4:<\/strong><br \/>\nBanana Ice \u2013 kr\u00e9mov\u00fd ban\u00e1n s ledem \ud83c\udf4c\u2744\ufe0f<br \/>\nBor\u016fvka a meloun \u2013 ovocn\u00e1 a osv\u011b\u017euj\u00edc\u00ed kombinace \ud83c\udf49\ud83c\udf47<br \/>\nRed Bull \u2013 klasick\u00e1 chu\u0165 energetick\u00e9ho n\u00e1poje \u26a1<br \/>\nJahodov\u00e1 zmrzlina \u2013 \u010derstv\u00e9 jahody s ledem \ud83c\udf53\u2744\ufe0f<br \/>\nJahoda a meloun \u2013 sladk\u00e1 letn\u00ed sm\u011bs \ud83c\udf53\ud83c\udf49<\/p>\n<p><strong>Sada p\u0159\u00edchut\u00ed 5:<\/strong><br \/>\nCherry Cola \u2013 limon\u00e1da s p\u0159\u00edchut\u00ed t\u0159e\u0161\u0148ov\u00e9 coly \ud83c\udf52\ud83e\udd64<br \/>\nLemon Lime \u2013 ostr\u00e1 a osv\u011b\u017euj\u00edc\u00ed citrusov\u00e1 p\u0159\u00edchu\u0165 \ud83c\udf4b<br \/>\nAnanasov\u00fd led \u2013 tropick\u00fd ananasov\u00fd chlad \ud83c\udf4d\u2744\ufe0f<br \/>\nJahoda a hroznov\u00e9 v\u00edno \u2013 jemn\u00e1 ovocn\u00e1 kombinace \ud83c\udf53\ud83c\udf47<br \/>\nJahoda a kiwi \u2013 sladk\u00e1 a pikantn\u00ed sm\u011bs \ud83e\udd5d<\/p>\n<h2>Jak pou\u017e\u00edvat MRVI BECOMING 100K<\/h2>\n<ul>\n<li>Stiskn\u011bte a podr\u017ete spodn\u00ed tla\u010d\u00edtko po dobu 5 sekund, aby se za\u0159\u00edzen\u00ed zapnulo.<\/li>\n<li>Klepn\u011bte t\u0159ikr\u00e1t na dotykovou obrazovku, abyste odemkli ochranu v pohotovostn\u00edm re\u017eimu.<\/li>\n<li>Jedn\u00edm dotykem p\u0159epnete re\u017eimy nap\u00e1jen\u00ed (ECO PLUS \/ PRO MAX)<\/li>\n<li>Dlouh\u00fdm stisknut\u00edm obrazovky 5kr\u00e1t vypnete displej a u\u0161et\u0159\u00edte energii.<\/li>\n<\/ul>\n<h2>\u010cASTO KLADEN\u00c9 DOTAZY<\/h2>\n<p><strong>Ot\u00e1zka: Lze tento p\u0159\u00edstroj znovu naplnit?<\/strong><br \/>\nOdpov\u011b\u010f: Ne. Jedn\u00e1 se o jednor\u00e1zov\u00fd vaporiz\u00e9r s velkou p\u0159edpln\u011bnou kapacitou 75 ml e-kapaliny.<\/p>\n<p><strong>Ot\u00e1zka: Mohu za\u0159\u00edzen\u00ed dob\u00edjet?<\/strong><br \/>\nOdpov\u011b\u010f: Ano. Je vybaven nab\u00edjec\u00edm portem typu C pro snadn\u00e9 dob\u00edjen\u00ed.<\/p>\n<p><strong>Ot\u00e1zka: Je vhodn\u00fd pro za\u010d\u00e1te\u010dn\u00edky?<\/strong><br \/>\nOdpov\u011b\u010f: Ano. Jednoduch\u00e9 dotykov\u00e9 ovl\u00e1d\u00e1n\u00ed je vhodn\u00e9 pro za\u010d\u00e1te\u010dn\u00edky, zat\u00edmco pokro\u010dil\u00e9 re\u017eimy uspokoj\u00ed zku\u0161en\u00e9 u\u017eivatele.<\/p>\n<p><strong>Ot\u00e1zka: Je tento produkt vhodn\u00fd pro velkoobchod?<\/strong><br \/>\nOdpov\u011b\u010f: Rozhodn\u011b ano. Vysok\u00fd po\u010det pot\u00e1hnut\u00ed, obl\u00edben\u00e9 p\u0159\u00edchut\u011b a balen\u00ed v krabi\u010dce s pr\u016fhledn\u00fdm v\u00edkem z n\u011bj d\u011blaj\u00ed ide\u00e1ln\u00ed produkt pro obchody s elektronick\u00fdmi cigaretami a distributory.<\/p>\n<p>&nbsp;<\/p>\n<p><strong>MRVI BECOMING 100K jednor\u00e1zov\u00fd vaporiz\u00e9r<\/strong> je ur\u010den pro n\u00e1ro\u010dn\u00e9 u\u017eivatele, milovn\u00edky chut\u00ed a profesion\u00e1ln\u00ed prodejce elektronick\u00fdch cigaret.<br \/>\nD\u00edky sv\u00e9 obrovsk\u00e9 kapacit\u011b, inteligentn\u00edmu dotykov\u00e9mu displeji a syst\u00e9mu v\u00edce p\u0159\u00edchut\u00ed poskytuje dlouhodob\u00fd v\u00fdkon a silnou p\u0159ita\u017elivost pro maloobchod.<br \/>\nIde\u00e1ln\u00ed pro prodejny elektronick\u00fdch cigaret, velkoodb\u011bratele a velkoobchodn\u00ed distribuci, kte\u0159\u00ed hledaj\u00ed pr\u00e9miov\u00e9 jednor\u00e1zov\u00e9 za\u0159\u00edzen\u00ed s vysok\u00fdm v\u00fdkonem \ud83d\udca8\ud83d\udce6<\/p>\n<p>V\u00edtejte, m\u016f\u017eete zad\u00e1vat objedn\u00e1vky!<\/p>","protected":false},"excerpt":{"rendered":"<p>Za\u017eijte ultra dlouh\u00e9 vapov\u00e1n\u00ed s jednor\u00e1zov\u00fdm vaporiz\u00e9rem MRVI BECOMING 100K. 5 chut\u00ed v jednom, chytr\u00fd dotykov\u00fd displej a obrovsk\u00fdch 100 000 pot\u00e1hnut\u00ed \u2013 vyrobeno pro n\u00e1ru\u017eiv\u00e9 u\u017eivatele a velkoobchodn\u00ed dod\u00e1vky \ud83d\ude80<\/p>","protected":false},"featured_media":94483,"comment_status":"open","ping_status":"closed","template":"","meta":[],"product_brand":[229],"product_cat":[33,336],"product_tag":[447,446,448,450,449],"class_list":{"0":"post-94480","1":"product","2":"type-product","3":"status-publish","4":"has-post-thumbnail","6":"product_brand-mrvi","7":"product_cat-mrvi","8":"product_cat-100k-puffs-disposable-vape","9":"product_tag-100000-puffs-vape-wholesale","10":"product_tag-100k-disposable-vape","11":"product_tag-5-in-1-flavor-disposable-vape","12":"product_tag-high-puff-disposable-vape-for-distributors","13":"product_tag-touch-screen-disposable-vape-device","15":"first","16":"instock","17":"shipping-taxable","18":"purchasable","19":"product-type-variable","20":"has-default-attributes"},"jetpack_sharing_enabled":true,"tiered_pricing_type":"fixed","tiered_pricing_fixed_rules":{"100":8.42999999999999971578290569595992565155029296875,"200":8.03999999999999914734871708787977695465087890625,"400":7.2599999999999997868371792719699442386627197265625},"tiered_pricing_product_settings":{"layout":"default","base_unit_name":{"singular":null,"plural":null},"default_variation":null},"tiered_pricing_minimum_quantity":50,"tiered_pricing_roles_data":[],"tiered_pricing_percentage_rules":[],"tiered_pricing_maximum_quantity":null,"tiered_pricing_quantity_step":"10","_links":{"self":[{"href":"https:\/\/aiviouvapes.com\/cs\/wp-json\/wp\/v2\/product\/94480","targetHints":{"allow":["GET"]}}],"collection":[{"href":"https:\/\/aiviouvapes.com\/cs\/wp-json\/wp\/v2\/product"}],"about":[{"href":"https:\/\/aiviouvapes.com\/cs\/wp-json\/wp\/v2\/types\/product"}],"replies":[{"embeddable":true,"href":"https:\/\/aiviouvapes.com\/cs\/wp-json\/wp\/v2\/comments?post=94480"}],"wp:featuredmedia":[{"embeddable":true,"href":"https:\/\/aiviouvapes.com\/cs\/wp-json\/wp\/v2\/media\/94483"}],"wp:attachment":[{"href":"https:\/\/aiviouvapes.com\/cs\/wp-json\/wp\/v2\/media?parent=94480"}],"wp:term":[{"taxonomy":"product_brand","embeddable":true,"href":"https:\/\/aiviouvapes.com\/cs\/wp-json\/wp\/v2\/product_brand?post=94480"},{"taxonomy":"product_cat","embeddable":true,"href":"https:\/\/aiviouvapes.com\/cs\/wp-json\/wp\/v2\/product_cat?post=94480"},{"taxonomy":"product_tag","embeddable":true,"href":"https:\/\/aiviouvapes.com\/cs\/wp-json\/wp\/v2\/product_tag?post=94480"}],"curies":[{"name":"wp","href":"https:\/\/api.w.org\/{rel}","templated":true}]}}