{"id":91105,"date":"2025-12-08T23:17:17","date_gmt":"2025-12-08T15:17:17","guid":{"rendered":"https:\/\/aiviouvapes.com\/?post_type=product&#038;p=91105"},"modified":"2026-03-17T11:24:22","modified_gmt":"2026-03-17T03:24:22","slug":"bang-leader-85k","status":"publish","type":"product","link":"https:\/\/aiviouvapes.com\/cs\/product\/bang-leader-85k\/","title":{"rendered":"Bang Leader 85K | Trojit\u00e1 p\u0159\u00edchu\u0165 3 v 1, 85000 \u0161luk\u016f, 70 ml, jednor\u00e1zov\u00fd vape ve velk\u00e9m balen\u00ed"},"content":{"rendered":"<p>P\u0159edstavujeme <strong>Bang Leader 85 000 pot\u00e1hnut\u00ed<\/strong>, revolu\u010dn\u00ed jednor\u00e1zov\u00fd vaporiz\u00e9r ur\u010den\u00fd pro ty, kte\u0159\u00ed po\u017eaduj\u00ed v\u00edce. Nejedn\u00e1 se pouze o standardn\u00ed vaporiz\u00e9r, ale o v\u00fdkonn\u00fd p\u0159\u00edstroj s vysokou kapacitou, kter\u00fd je navr\u017een pro dlouhou \u017eivotnost a spokojenost. S ohromuj\u00edc\u00edm <strong>70 ml z\u00e1sobn\u00edk na e-kapalinu<\/strong> a robustn\u00ed <strong>Dob\u00edjec\u00ed baterie 850 mAh<\/strong>, Toto za\u0159\u00edzen\u00ed v\u00e1m zajist\u00ed, \u017ee budete tr\u00e1vit v\u00edce \u010dasu vapov\u00e1n\u00edm a m\u00e9n\u011b \u010dasu starost\u00ed o to, \u017ee v\u00e1m dojde n\u00e1pl\u0148. \ud83d\udd0b\u2728<\/p>\n<p>V\u00fdraznou vlastnost\u00ed je inovativn\u00ed <strong>Syst\u00e9m 3 v 1 pro chu\u0165<\/strong>. Nud\u00ed v\u00e1s st\u00e1le stejn\u00e1 chu\u0165? Sta\u010d\u00ed zm\u011bnit nastaven\u00ed a m\u016f\u017eete si vychutnat t\u0159i r\u016fzn\u00e9 pr\u00e9miov\u00e9 p\u0159\u00edchut\u011b v jedin\u00e9m za\u0159\u00edzen\u00ed! Vyrobeno s <strong>1,0\u03a9 s\u00ed\u0165ov\u00e1 c\u00edvka<\/strong>, poskytuje konzistentn\u00ed, jemnou a bohatou p\u00e1ru od prvn\u00edho pot\u00e1hnut\u00ed a\u017e po posledn\u00ed. Ide\u00e1ln\u00ed pro <strong>majitel\u00e9 obchod\u016f s elektronick\u00fdmi cigaretami<\/strong> hled\u00e1te-li nejprod\u00e1van\u011bj\u0161\u00ed zbo\u017e\u00ed nebo jste-li n\u00e1ru\u017eiv\u00fdm ku\u0159\u00e1kem a hled\u00e1te v\u00fdhodnou koupi. \ud83c\udfc6\ud83d\udce6<\/p>\n<h3>\ud83c\udf1f Pro\u010d si vybrat Bang Leader 85000?<\/h3>\n<ul>\n<li><strong>\ud83d\udd04 Technologie 3 v 1 pro chu\u0165:<\/strong> Vychutnejte si t\u0159i r\u016fzn\u00e9 p\u0159\u00edchut\u011b v jednom kompaktn\u00edm za\u0159\u00edzen\u00ed. P\u0159ep\u00ednejte podle sv\u00e9 n\u00e1lady!<\/li>\n<li><strong>\ud83d\udca7 Obrovsk\u00e1 kapacita 70 ml:<\/strong> Jedna z nejv\u011bt\u0161\u00edch kapacit na trhu, podporuj\u00edc\u00ed neuv\u011b\u0159iteln\u00fdch 85 000 pot\u00e1hnut\u00ed.<\/li>\n<li><strong>\u26a1 Dob\u00edjec\u00ed typ C:<\/strong> Rychl\u00e9 nab\u00edjen\u00ed p\u0159es port typu C zaji\u0161\u0165uje, \u017ee va\u0161e 850mAh baterie je v\u017edy p\u0159ipravena k pou\u017eit\u00ed.<\/li>\n<li><strong>\u2601\ufe0f Pokro\u010dil\u00e1 s\u00ed\u0165ov\u00e1 c\u00edvka:<\/strong> C\u00edvka s odporem 1,0 \u03a9 zaru\u010duje \u010dist\u0161\u00ed chu\u0165 a hust\u0161\u00ed oblaky p\u00e1ry.<\/li>\n<li><strong>\ud83c\udf9a\ufe0f Flexibiln\u00ed mo\u017enosti nikotinu:<\/strong> K dispozici v proveden\u00edch 0%, 2%, 3% a 5%, aby vyhovovaly preferenc\u00edm ka\u017ed\u00e9ho z\u00e1kazn\u00edka.<\/li>\n<\/ul>\n<h3>\ud83d\udcca Bang Leader 85K Specifikace<\/h3>\n<table>\n<thead>\n<tr>\n<th align=\"left\">Funkce<\/th>\n<th align=\"left\">Podrobnosti<\/th>\n<\/tr>\n<\/thead>\n<tbody>\n<tr>\n<td><strong>Po\u010det puf\u016f<\/strong><\/td>\n<td>A\u017e 85 000 pot\u00e1hnut\u00ed<\/td>\n<\/tr>\n<tr>\n<td><strong>Kapacita e-kapaliny<\/strong><\/td>\n<td>70 ml<\/td>\n<\/tr>\n<tr>\n<td><strong>Syst\u00e9m p\u0159\u00edchut\u00ed<\/strong><\/td>\n<td>3 v 1 trojit\u00fd p\u0159ep\u00edna\u010d chut\u00ed<\/td>\n<\/tr>\n<tr>\n<td><strong>Baterie<\/strong><\/td>\n<td>850 mAh (dob\u00edjec\u00ed)<\/td>\n<\/tr>\n<tr>\n<td><strong>Nab\u00edjen\u00ed<\/strong><\/td>\n<td>Port typu C<\/td>\n<\/tr>\n<tr>\n<td><strong>C\u00edvka<\/strong><\/td>\n<td>1,0\u03a9 s\u00ed\u0165ov\u00e1 c\u00edvka<\/td>\n<\/tr>\n<tr>\n<td><strong>S\u00edla nikotinu<\/strong><\/td>\n<td>0% (0 mg), 2% (20 mg), 3% (30 mg), 5% (50 mg)<\/td>\n<\/tr>\n<\/tbody>\n<\/table>\n<h3>\ud83c\udf6d Bang Leader 85K kombinac\u00ed p\u0159\u00edchut\u00ed (3 p\u0159\u00edchut\u011b na za\u0159\u00edzen\u00ed)<\/h3>\n<p>Ka\u017ed\u00e9 za\u0159\u00edzen\u00ed Bang Leader je vybaveno trojic\u00ed l\u00e1kav\u00fdch p\u0159\u00edchut\u00ed. Vyberte si svou obl\u00edbenou kombinaci:<\/p>\n<ul>\n<li>\ud83c\udf4c <strong>Sm\u011bs 1:<\/strong> Ban\u00e1nov\u00e1 zmrzlina \/ Jahodov\u00e1 vodn\u00ed meloun \/ Medv\u011bd\u00ed gumov\u00e9 bonb\u00f3ny<\/li>\n<li>\ud83d\udc09 <strong>Sm\u011bs 2:<\/strong> \u010cern\u00fd drak led \/ Marshmallow \/ Letn\u00ed sen<\/li>\n<li>\ud83e\uded0 <strong>Sm\u011bs 3:<\/strong> Bor\u016fvkov\u00fd led \/ Modr\u00e1 malina \/ Vo\u0148av\u00e1 hru\u0161ka<\/li>\n<li>\ud83c\udf4d <strong>Sm\u011bs 4:<\/strong> T\u0159e\u0161e\u0148-brusinka \/ Broskve-mango \/ Ananas<\/li>\n<li>\ud83e\udd64 <strong>Sm\u011bs 5:<\/strong> Coke Ice \/ Jablko-broskev \/ R\u016f\u017eov\u00e1 limon\u00e1da<\/li>\n<li>\ud83e\udd5d <strong>Sm\u011bs 6:<\/strong> Hroznov\u00e9 v\u00edno \/ Jahoda a kiwi \/ Maracuja a guava<\/li>\n<li>\ud83d\udc9c <strong>Sm\u011bs 7:<\/strong> L\u00e1ska 666 \/ Bor\u016fvka Malina \/ Vimto<\/li>\n<li>\ud83c\udf79 <strong>Mix 8:<\/strong> Sm\u011bs ovoce \/ Mojito broskve \/ Bor\u016fvky a maliny<\/li>\n<li>\ud83c\udf53 <strong>Mix 9:<\/strong> Ananasov\u00fd led \/ Jahodov\u00fd Red Bull \/ Sm\u011bs lesn\u00edch plod\u016f<\/li>\n<li>\ud83c\udf4e <strong>Mix 10:<\/strong> \u010cerven\u00e9 jablko s ledem \/ Malina s melounem \/ Aloe s hroznov\u00fdm v\u00ednem<\/li>\n<li>\ud83c\udf66 <strong>Mix 11:<\/strong> Red Bull \/ Bor\u016fvka a meloun \/ Jahodov\u00e1 zmrzlina<\/li>\n<li>\ud83c\udf4a <strong>Mix 12:<\/strong> Jahodov\u00e1 zmrzlina \/ Citronov\u00e1 pomeran\u010dov\u00e1 \/ Melounov\u00e1 \u017ev\u00fdka\u010dka<\/li>\n<li>\ud83c\udf4c <strong>Mix 13:<\/strong> Jahoda-malina \/ \u010cern\u00fd ryb\u00edz \/ Jahoda-ban\u00e1n<\/li>\n<li>\ud83c\udf52 <strong>Mix 14:<\/strong> Jahodov\u00e1 vodn\u00ed meloun \/ T\u0159e\u0161\u0148ov\u00e1 cola \/ Jahodov\u00e1 smetana<\/li>\n<li>\ud83e\udd6d <strong>Mix 15:<\/strong> Melounov\u00e1 zmrzlina \/ Mango-broskvov\u00e1 zmrzlina \/ Pomeran\u010dov\u00e1 limon\u00e1da<\/li>\n<\/ul>\n<p><strong>Bang Leader 85 000 pot\u00e1hnut\u00ed<\/strong> stanovuje nov\u00fd standard pro jednor\u00e1zov\u00e9 elektronick\u00e9 cigarety. Je ide\u00e1ln\u00ed pro <strong>n\u00e1ro\u010dn\u00ed u\u017eivatel\u00e9<\/strong> kte\u0159\u00ed cht\u011bj\u00ed pohodl\u00ed bez kompromis\u016f a <strong>lovci chut\u00ed<\/strong> kte\u0159\u00ed miluj\u00ed rozmanitost. Pro <strong>maloobchodn\u00edci a velkoobchodn\u00edci<\/strong>, Toto vysoce v\u00fdkonn\u00e9 za\u0159\u00edzen\u00ed s v\u00edce p\u0159\u00edchut\u011bmi je nezbytnou polo\u017ekou, kter\u00e1 p\u0159itahuje z\u00e1kazn\u00edky hledaj\u00edc\u00ed nejlep\u0161\u00ed hodnotu a nejnov\u011bj\u0161\u00ed technologie. Vylep\u0161ete sv\u016fj sortiment je\u0161t\u011b dnes! \ud83d\ude80\ud83d\uded2<\/p>\n<h3>\u2753 \u010casto kladen\u00e9 ot\u00e1zky (FAQ)<\/h3>\n<p><strong>Ot\u00e1zka: Jak mohu p\u0159ep\u00ednat p\u0159\u00edchut\u011b na za\u0159\u00edzen\u00ed Bang Leader 85K?<\/strong><br \/>\nOdpov\u011b\u010f: Za\u0159\u00edzen\u00ed je vybaveno jednoduch\u00fdm p\u0159ep\u00ednac\u00edm mechanismem, kter\u00fd umo\u017e\u0148uje p\u0159ep\u00ednat mezi t\u0159emi samostatn\u00fdmi n\u00e1dr\u017ekami na kapalinu uvnit\u0159. \ud83d\udd00<\/p>\n<p><strong>Ot\u00e1zka: Je baterie dob\u00edjec\u00ed?<\/strong><br \/>\nOdpov\u011b\u010f: Ano! Je vybaven bateri\u00ed s kapacitou 850 mAh, kterou lze snadno dob\u00edt pomoc\u00ed standardn\u00edho nab\u00edjec\u00edho kabelu typu C. \ud83d\udd0c<\/p>\n<p><strong>Ot\u00e1zka: Je tento produkt vhodn\u00fd pro velkoobchodn\u00ed distribuci?<\/strong><br \/>\nOdpov\u011b\u010f: Rozhodn\u011b ano. Jedine\u010dn\u00e1 vlastnost 3 v 1 a vysok\u00fd po\u010det pot\u00e1hnut\u00ed z n\u011bj \u010din\u00ed velmi atraktivn\u00ed produkt pro B2B odb\u011bratele a prodejny elektronick\u00fdch cigaret. \ud83c\udfed<\/p>\n<p><strong>Ot\u00e1zka: Jak dlouho vydr\u017e\u00ed 85 000 pot\u00e1hnut\u00ed?<\/strong><br \/>\nOdpov\u011b\u010f: S 70 ml tekutiny vydr\u017e\u00ed toto za\u0159\u00edzen\u00ed n\u011bkolik t\u00fddn\u016f v z\u00e1vislosti na va\u0161ich zvyklostech, co\u017e ho \u010din\u00ed mimo\u0159\u00e1dn\u011b n\u00e1kladov\u011b efektivn\u00edm. \ud83d\uddd3\ufe0f<\/p>","protected":false},"excerpt":{"rendered":"<p>Obrovsk\u00fdch 85 000 pot\u00e1hnut\u00ed, p\u0159ep\u00edn\u00e1n\u00ed chut\u00ed 3 v 1 a kapacita 70 ml! Bang Leader 85K je dokonal\u00fd dob\u00edjec\u00ed vaporiz\u00e9r s dlouhou v\u00fddr\u017e\u00ed pro velkoobchodn\u00edky a milovn\u00edky chut\u00ed. \ud83c\udf2c\ufe0f\ud83d\udca8<\/p>","protected":false},"featured_media":91116,"comment_status":"open","ping_status":"closed","template":"","meta":[],"product_brand":[239],"product_cat":[336,242,37],"product_tag":[443,444,442,445,433],"class_list":{"0":"post-91105","1":"product","2":"type-product","3":"status-publish","4":"has-post-thumbnail","6":"product_brand-bang","7":"product_cat-100k-puffs-disposable-vape","8":"product_cat-60000-puffs-disposable-vape","9":"product_cat-bang","10":"product_tag-3-in-1-flavor-vape","11":"product_tag-85000-puffs-disposable","12":"product_tag-bang-leader-85000-puffs","13":"product_tag-bang-vape-wholesale","14":"product_tag-rechargeable-vape","16":"first","17":"instock","18":"shipping-taxable","19":"purchasable","20":"product-type-variable","21":"has-default-attributes"},"jetpack_sharing_enabled":true,"tiered_pricing_type":"fixed","tiered_pricing_fixed_rules":{"30":9.07000000000000028421709430404007434844970703125,"50":7.519999999999999573674358543939888477325439453125,"100":7,"200":6.61000000000000031974423109204508364200592041015625,"400":5.8300000000000000710542735760100185871124267578125},"tiered_pricing_product_settings":{"layout":"default","base_unit_name":{"singular":null,"plural":null},"default_variation":null},"tiered_pricing_minimum_quantity":10,"tiered_pricing_roles_data":[],"tiered_pricing_percentage_rules":[],"tiered_pricing_maximum_quantity":null,"tiered_pricing_quantity_step":"10","_links":{"self":[{"href":"https:\/\/aiviouvapes.com\/cs\/wp-json\/wp\/v2\/product\/91105","targetHints":{"allow":["GET"]}}],"collection":[{"href":"https:\/\/aiviouvapes.com\/cs\/wp-json\/wp\/v2\/product"}],"about":[{"href":"https:\/\/aiviouvapes.com\/cs\/wp-json\/wp\/v2\/types\/product"}],"replies":[{"embeddable":true,"href":"https:\/\/aiviouvapes.com\/cs\/wp-json\/wp\/v2\/comments?post=91105"}],"wp:featuredmedia":[{"embeddable":true,"href":"https:\/\/aiviouvapes.com\/cs\/wp-json\/wp\/v2\/media\/91116"}],"wp:attachment":[{"href":"https:\/\/aiviouvapes.com\/cs\/wp-json\/wp\/v2\/media?parent=91105"}],"wp:term":[{"taxonomy":"product_brand","embeddable":true,"href":"https:\/\/aiviouvapes.com\/cs\/wp-json\/wp\/v2\/product_brand?post=91105"},{"taxonomy":"product_cat","embeddable":true,"href":"https:\/\/aiviouvapes.com\/cs\/wp-json\/wp\/v2\/product_cat?post=91105"},{"taxonomy":"product_tag","embeddable":true,"href":"https:\/\/aiviouvapes.com\/cs\/wp-json\/wp\/v2\/product_tag?post=91105"}],"curies":[{"name":"wp","href":"https:\/\/api.w.org\/{rel}","templated":true}]}}