{"id":91088,"date":"2025-12-08T23:36:54","date_gmt":"2025-12-08T15:36:54","guid":{"rendered":"https:\/\/aiviouvapes.com\/?post_type=product&#038;p=91088"},"modified":"2026-03-17T11:23:41","modified_gmt":"2026-03-17T03:23:41","slug":"bang-leader-50k","status":"publish","type":"product","link":"https:\/\/aiviouvapes.com\/cs\/product\/bang-leader-50k\/","title":{"rendered":"Bang Leader 50K | dual pod system 50000 puffs, 40ml, vysokokapacitn\u00ed, jednor\u00e1zov\u00fd vape"},"content":{"rendered":"<p>\ud83c\udf1f <strong>Bang Leader 50000 pot\u00e1hnut\u00ed jednor\u00e1zov\u00fd vape<\/strong> je v\u00fdkonn\u00e9 za\u0159\u00edzen\u00ed ur\u010den\u00e9 pro ty, kte\u0159\u00ed po\u017eaduj\u00ed v\u00edce. Na rozd\u00edl od standardn\u00edch jednor\u00e1zov\u00fdch za\u0159\u00edzen\u00ed se tato sada vyzna\u010duje inovativn\u00edm <strong>Du\u00e1ln\u00ed syst\u00e9m pod\u016f<\/strong> dr\u017eet ohromuj\u00edc\u00ed <strong>40 ml e-kapaliny (20 ml + 20 ml)<\/strong>. A\u0165 u\u017e jste maloobchodn\u00ed prodejna elektronick\u00fdch cigaret hledaj\u00edc\u00ed nej\u017ehav\u011bj\u0161\u00ed novinky na trhu, nebo vap\u00e9r unaven\u00fd z neust\u00e1l\u00e9ho doj\u00ed\u017ed\u011bn\u00ed n\u00e1pln\u00ed, Bang Leader v\u00e1m nab\u00eddne bezkonkuren\u010dn\u00ed v\u00fdkon.<\/p>\n<p>D\u00edky robustn\u00ed dob\u00edjec\u00ed baterii s kapacitou 650 mAh a nastaviteln\u00fdm obsahem nikotinu (0% a\u017e 5%) uspokoj\u00ed v\u0161echny preference. P\u0159ep\u00ednejte mezi p\u0159\u00edchut\u011bmi, u\u017e\u00edvejte si mohutn\u00e9 oblaky a vyzkou\u0161ejte pohodl\u00ed za\u0159\u00edzen\u00ed, kter\u00e9 opravdu vydr\u017e\u00ed. \ud83d\udd25<\/p>\n<h2>Pro\u010d si vybrat Bang Leader 50000 pot\u00e1hnut\u00ed? \ud83c\udfc6<\/h2>\n<ul>\n<li><strong>\ud83e\udd2f Obrovsk\u00e1 kapacita 50 000 pot\u00e1hnut\u00ed:<\/strong> Jedno z nejd\u00e9le vydr\u017e\u00ed za\u0159\u00edzen\u00ed na trhu, kter\u00e9 sni\u017euje pot\u0159ebu \u010dast\u00fdch v\u00fdm\u011bn. Ide\u00e1ln\u00ed pro cestov\u00e1n\u00ed nebo dlouhodob\u00e9 pou\u017e\u00edv\u00e1n\u00ed.<\/li>\n<li><strong>\ud83d\udd04 Inovativn\u00ed technologie Dual Pod:<\/strong> Pro\u010d se spokojit s jednou n\u00e1dr\u017ekou? Toto za\u0159\u00edzen\u00ed je dod\u00e1v\u00e1no se dv\u011bma 20ml pody, co\u017e celkem p\u0159edstavuje 40 ml pr\u00e9miov\u00e9ho e-liquidu. To zaru\u010duje \u010derstvou chu\u0165 od prvn\u00edho pot\u00e1hnut\u00ed a\u017e po pades\u00e1titis\u00edc\u00ed.<\/li>\n<li><strong>\ud83d\udd0b Spolehliv\u00e9 a dob\u00edjec\u00ed:<\/strong> Vybaveno bateri\u00ed s kapacitou 650 mAh a podporou nab\u00edjen\u00ed typu C (kabel nen\u00ed sou\u010d\u00e1st\u00ed balen\u00ed), tak\u017ee m\u00e1te jistotu, \u017ee budete moci vapovat a\u017e do posledn\u00ed kapky e-liquidu.<\/li>\n<li><strong>\ud83c\udf9a\ufe0f P\u0159izp\u016fsoben\u00e1 s\u00edla nikotinu:<\/strong> K dispozici v proveden\u00edch 0%, 2%, 3% a 5%. A\u0165 u\u017e se sna\u017e\u00edte zbavit z\u00e1vislosti na nikotinu nebo hled\u00e1te siln\u00fd z\u00e1\u017eitek, m\u00e1me pro v\u00e1s tu spr\u00e1vnou \u00farove\u0148.<\/li>\n<li><strong>\ud83d\udcbc Nejlep\u0161\u00ed pro velkoobchod a hromadn\u00e9 n\u00e1kupy:<\/strong> Vysok\u00fd po\u010det pot\u00e1hnut\u00ed znamen\u00e1 vy\u0161\u0161\u00ed hodnotu. Tento produkt je \u0161pi\u010dkovou volbou pro distributory a maloobchodn\u00edky, kte\u0159\u00ed cht\u011bj\u00ed zv\u00fd\u0161it sv\u00e9 ziskov\u00e9 mar\u017ee pomoc\u00ed produktu s vysokou popt\u00e1vkou.<\/li>\n<\/ul>\n<h2>Bang Leader 50K Specifikace \ud83d\udcca<\/h2>\n<table>\n<thead>\n<tr>\n<th>Funkce<\/th>\n<th>Podrobnosti<\/th>\n<\/tr>\n<\/thead>\n<tbody>\n<tr>\n<td><strong>Po\u010det puf\u016f<\/strong><\/td>\n<td>A\u017e 50 000 puf\u016f<\/td>\n<\/tr>\n<tr>\n<td><strong>Kapacita e-kapaliny<\/strong><\/td>\n<td>Celkem 40 ml (dva 20ml z\u00e1sobn\u00edky)<\/td>\n<\/tr>\n<tr>\n<td><strong>Kapacita baterie<\/strong><\/td>\n<td>650mAh (dob\u00edjec\u00ed)<\/td>\n<\/tr>\n<tr>\n<td><strong>S\u00edla nikotinu<\/strong><\/td>\n<td>0%, 2%, 3%, 5% Mo\u017enosti<\/td>\n<\/tr>\n<tr>\n<td><strong>Nab\u00edjec\u00ed port<\/strong><\/td>\n<td>USB typu C<\/td>\n<\/tr>\n<tr>\n<td><strong>Typ c\u00edvky<\/strong><\/td>\n<td>Pokro\u010dil\u00e1 s\u00ed\u0165ov\u00e1 c\u00edvka pro \u010distou chu\u0165<\/td>\n<\/tr>\n<tr>\n<td><strong>Proud\u011bn\u00ed vzduchu<\/strong><\/td>\n<td>Nastaviteln\u00e9 pro MTL nebo RDL<\/td>\n<\/tr>\n<\/tbody>\n<\/table>\n<h2>Bang Leader 50K V\u00fdb\u011br p\u0159\u00edchut\u00ed \ud83c\udf47\ud83c\udf49<\/h2>\n<p>Bang Leader 50K nen\u00ed jen o velikosti, ale tak\u00e9 o chuti! Ka\u017ed\u00e9 za\u0159\u00edzen\u00ed nab\u00edz\u00ed vzru\u0161uj\u00edc\u00ed z\u00e1\u017eitek dvou chut\u00ed nebo komplexn\u00edch sm\u011bs\u00ed. Zde jsou nejprod\u00e1van\u011bj\u0161\u00ed kombinace:<\/p>\n<ul>\n<li><strong>\ud83c\udf53\ud83c\udf52 Jahodov\u00e1 malinov\u00e1 t\u0159e\u0161\u0148ov\u00e1 zmrzlina a t\u0159e\u0161n\u011b:<\/strong> V\u00fdbuch bobul\u00ed s chladiv\u00fdm ledov\u00fdm z\u00e1v\u011brem, dopln\u011bn\u00fd klasick\u00fdm sladk\u00fdm t\u0159e\u0161\u0148ov\u00fdm pun\u010dem.<\/li>\n<li><strong>\ud83c\udf49\ud83d\udc02 Meloun Jahoda &amp; Meloun Redbull:<\/strong> Letn\u00ed ovoce se snoub\u00ed s osv\u011b\u017euj\u00edc\u00edm n\u00e1pojem.<\/li>\n<li><strong>\ud83c\udf47 \u010cern\u00e9 hrozny a zelen\u00e9 hrozny:<\/strong> Kone\u010dn\u00e1 bitva hrozn\u016f \u2013 hlubok\u00e1, bohat\u00e1 sladkost proti sv\u011b\u017e\u00ed, kyselou \u010derstvost\u00ed.<\/li>\n<li><strong>\ud83c\udf4f\ud83e\udd5d Jablko, hru\u0161ka, kiwi, maracuja a guava:<\/strong> Na jedn\u00e9 stran\u011b sv\u011b\u017e\u00ed ovocn\u00fd sad a na druh\u00e9 tropick\u00fd r\u00e1j.<\/li>\n<li><strong>\ud83c\udf4d\ud83c\udf4b Kysel\u00e1 ananasov\u00e1 limon\u00e1da a citronovo-limetkov\u00fd Redbull:<\/strong> Pikantn\u00ed, citrusov\u00e1 a ide\u00e1ln\u00ed pro ty, kte\u0159\u00ed miluj\u00ed kyselou chu\u0165.<\/li>\n<li><strong>\ud83c\udf4c\ud83e\udd6d Ban\u00e1nov\u00e1 zmrzlina a jahodov\u00e9 mango:<\/strong> Kr\u00e9mov\u00e1 ban\u00e1nov\u00e1 poleva v kombinaci s jemn\u00fdm tropick\u00fdm ovocn\u00fdm smoothie.<\/li>\n<li><strong>\ud83e\uded0 Bor\u016fvka Sour Malina a bor\u016fvka:<\/strong> Dvojit\u00e1 d\u00e1vka bor\u016fvek s kyselou malinovou p\u0159\u00edchut\u00ed.<\/li>\n<li><strong>\ud83e\udd64\ud83c\udf4b T\u0159e\u0161\u0148ov\u00e1 cola a r\u016f\u017eov\u00e1 limon\u00e1da:<\/strong> Fizzy soda shop vibes s osv\u011b\u017euj\u00edc\u00ed limon\u00e1dou.<\/li>\n<li><strong>\ud83c\udf79 Bor\u016fvkov\u00e1 malinov\u00e1 limon\u00e1da a jahodov\u00e1 malinov\u00e1 t\u0159e\u0161\u0148ov\u00e1 zmrzlina:<\/strong> Komplexn\u00ed sm\u011bs bobul\u00ed a citrus\u016f pro sofistikovan\u00e9 chu\u0165ov\u00e9 bu\u0148ky.<\/li>\n<li><strong>\ud83c\udf53\ud83e\udd5d Jahoda, kiwi a jahodov\u00e1 zmrzlina:<\/strong> Klasick\u00e1 dvojice obohacen\u00e1 o chladivou jahodovou chu\u0165.<\/li>\n<li><strong>\ud83c\udf4d\ud83e\uddca Ananas, maracuja a ananasov\u00e1 zmrzlina:<\/strong> \u010cist\u00e9 exotick\u00e9 zlato, kter\u00e9 nab\u00edz\u00ed jak sladk\u00e9 t\u00f3ny marakuji, tak osv\u011b\u017euj\u00edc\u00ed ledov\u00fd ananas.<\/li>\n<li><strong>\ud83c\udf78 Limetkov\u00fd malinov\u00fd mojito a t\u0159e\u0161\u0148ov\u00fd malinov\u00fd limetkov\u00fd:<\/strong> Koktejl inspirovan\u00e1 sm\u011bs, kter\u00e1 je pikantn\u00ed, m\u00e1tov\u00e1 a sladk\u00e1.<\/li>\n<li><strong>\ud83c\udfb2 N\u00e1hodn\u00e9 p\u0159\u00edchut\u011b:<\/strong> Nem\u016f\u017eete se rozhodnout? Vyberte si tuto mo\u017enost pro rychl\u00e9 doru\u010den\u00ed a z\u00e1bavn\u00e9 p\u0159ekvapen\u00ed!<\/li>\n<\/ul>\n<h2>Pro koho je tento produkt ur\u010den? \ud83c\udfaf<\/h2>\n<p>The <strong>Bang Leader 50 000 pot\u00e1hnut\u00ed<\/strong> je dokonal\u00fdm \u0159e\u0161en\u00edm pro <strong>n\u00e1ro\u010dn\u00ed u\u017eivatel\u00e9<\/strong> kte\u0159\u00ed jsou unaveni t\u00edm, \u017ee jejich elektronick\u00e9 cigarety p\u0159estanou fungovat za dva dny. Je navr\u017een pro <strong>lovci chut\u00ed<\/strong> kte\u0159\u00ed cht\u011bj\u00ed rozmanitost, ani\u017e by museli nosit v\u00edce za\u0159\u00edzen\u00ed.<\/p>\n<p><strong>Pro B2B kupuj\u00edc\u00ed a obchody s elektronick\u00fdmi cigaretami:<\/strong> Jedn\u00e1 se o drah\u00fd produkt, kter\u00fd miz\u00ed z reg\u00e1l\u016f jako na b\u011b\u017e\u00edc\u00edm p\u00e1su. Jeho jedine\u010dn\u00e1 prodejn\u00ed v\u00fdhoda (50 000 pot\u00e1hnut\u00ed + dvojit\u00e9 n\u00e1pln\u011b) z n\u011bj d\u011bl\u00e1 snadno prodejn\u00fd produkt ve srovn\u00e1n\u00ed se standardn\u00edmi jednor\u00e1zov\u00fdmi v\u00fdrobky. Nakupte si nyn\u00ed z\u00e1soby pro velkoobchodn\u00ed distribuci a nab\u00eddn\u011bte sv\u00fdm z\u00e1kazn\u00edk\u016fm nejlep\u0161\u00ed pom\u011br ceny a po\u010dtu pot\u00e1hnut\u00ed na trhu! \ud83d\udce6\ud83d\ude9b<\/p>\n<h2>\u010casto kladen\u00e9 ot\u00e1zky (FAQ) \u2753<\/h2>\n<h3>1. Jak funguj\u00ed du\u00e1ln\u00ed pody?<\/h3>\n<p>Za\u0159\u00edzen\u00ed obsahuje dv\u011b samostatn\u00e9 20ml n\u00e1dr\u017eky v jedn\u00e9 jednotce. To umo\u017e\u0148uje obrovskou celkovou kapacitu 40 ml, co\u017e zaji\u0161\u0165uje, \u017ee za\u0159\u00edzen\u00ed vydr\u017e\u00ed v\u00fdrazn\u011b d\u00e9le ne\u017e standardn\u00ed vaporiz\u00e9ry s jednou n\u00e1dr\u017ekou.<\/p>\n<h3>2. Je Bang Leader 50000 dob\u00edjec\u00ed?<\/h3>\n<p>Ano! Aby za\u0159\u00edzen\u00ed zvl\u00e1dlo obrovsk\u00fd po\u010det 50 000 pot\u00e1hnut\u00ed, je vybaveno bateri\u00ed s kapacitou 650 mAh, kterou lze dob\u00edjet p\u0159es USB port typu C (kabel se obvykle prod\u00e1v\u00e1 samostatn\u011b), tak\u017ee nikdy neztrat\u00edte ani kapku energie.<\/p>\n<h3>3. Jak\u00e1 je pro m\u011b nejvhodn\u011bj\u0161\u00ed s\u00edla nikotinu?<\/h3>\n<p>Pokud se sna\u017e\u00edte zcela p\u0159estat s nikotinem, vyberte si <strong>0%<\/strong> mo\u017enost. Pro m\u00edrn\u00fd \u00fa\u010dinek zvolte <strong>2%<\/strong>. Siln\u00ed ku\u0159\u00e1ci obvykle preferuj\u00ed <strong>5%<\/strong> pro maxim\u00e1ln\u00ed spokojenost.<\/p>\n<h3>4. Nab\u00edz\u00edte velkoobchodn\u00ed ceny?<\/h3>\n<p>Ano! Specializujeme se na hromadn\u00e9 objedn\u00e1vky pro prodejny elektronick\u00fdch cigaret a distributory. Vyberte si hromadn\u00e9 mo\u017enosti nebo kontaktujte n\u00e1\u0161 prodejn\u00ed t\u00fdm a z\u00edskejte v\u00fdhodn\u00e9 ceny pro velk\u00e9 objedn\u00e1vky.<\/p>","protected":false},"excerpt":{"rendered":"<p>Vyu\u017eijte s\u00edlu 50 000 pot\u00e1hnut\u00ed s Bang Leader. D\u00edky velk\u00e9mu syst\u00e9mu dvou pod\u016f o objemu 40 ml a dob\u00edjec\u00ed baterii o kapacit\u011b 650 mAh je to ide\u00e1ln\u00ed volba pro velkoobchodn\u00edky s elektronick\u00fdmi cigaretami a n\u00e1ru\u017eiv\u00e9 u\u017eivatele, kte\u0159\u00ed hledaj\u00ed dlouhou \u017eivotnost a rozmanitost chut\u00ed. \ud83d\ude80\ud83d\udca8<\/p>","protected":false},"featured_media":91098,"comment_status":"open","ping_status":"closed","template":"","meta":[],"product_brand":[239],"product_cat":[219,242,37],"product_tag":[436,435,434,437,433],"class_list":{"0":"post-91088","1":"product","2":"type-product","3":"status-publish","4":"has-post-thumbnail","6":"product_brand-bang","7":"product_cat-40000-puffs-disposable-vape","8":"product_cat-60000-puffs-disposable-vape","9":"product_cat-bang","10":"product_tag-50000-puffs-vape","11":"product_tag-bang-leader-50000","12":"product_tag-bang-vape","13":"product_tag-dual-pod-disposable","14":"product_tag-rechargeable-vape","16":"first","17":"instock","18":"shipping-taxable","19":"purchasable","20":"product-type-variable","21":"has-default-attributes"},"jetpack_sharing_enabled":true,"tiered_pricing_type":"fixed","tiered_pricing_fixed_rules":{"30":8.5600000000000004973799150320701301097869873046875,"50":7,"100":6.480000000000000426325641456060111522674560546875,"200":6.089999999999999857891452847979962825775146484375,"400":5.5099999999999997868371792719699442386627197265625},"tiered_pricing_product_settings":{"layout":"default","base_unit_name":{"singular":null,"plural":null},"default_variation":null},"tiered_pricing_minimum_quantity":10,"tiered_pricing_roles_data":[],"tiered_pricing_percentage_rules":[],"tiered_pricing_maximum_quantity":null,"tiered_pricing_quantity_step":"10","_links":{"self":[{"href":"https:\/\/aiviouvapes.com\/cs\/wp-json\/wp\/v2\/product\/91088","targetHints":{"allow":["GET"]}}],"collection":[{"href":"https:\/\/aiviouvapes.com\/cs\/wp-json\/wp\/v2\/product"}],"about":[{"href":"https:\/\/aiviouvapes.com\/cs\/wp-json\/wp\/v2\/types\/product"}],"replies":[{"embeddable":true,"href":"https:\/\/aiviouvapes.com\/cs\/wp-json\/wp\/v2\/comments?post=91088"}],"wp:featuredmedia":[{"embeddable":true,"href":"https:\/\/aiviouvapes.com\/cs\/wp-json\/wp\/v2\/media\/91098"}],"wp:attachment":[{"href":"https:\/\/aiviouvapes.com\/cs\/wp-json\/wp\/v2\/media?parent=91088"}],"wp:term":[{"taxonomy":"product_brand","embeddable":true,"href":"https:\/\/aiviouvapes.com\/cs\/wp-json\/wp\/v2\/product_brand?post=91088"},{"taxonomy":"product_cat","embeddable":true,"href":"https:\/\/aiviouvapes.com\/cs\/wp-json\/wp\/v2\/product_cat?post=91088"},{"taxonomy":"product_tag","embeddable":true,"href":"https:\/\/aiviouvapes.com\/cs\/wp-json\/wp\/v2\/product_tag?post=91088"}],"curies":[{"name":"wp","href":"https:\/\/api.w.org\/{rel}","templated":true}]}}